{"id":144,"date":"2022-06-24T21:33:03","date_gmt":"2022-06-24T19:33:03","guid":{"rendered":"http:\/\/kocke-237.de\/udb\/?page_id=144"},"modified":"2022-08-03T21:23:43","modified_gmt":"2022-08-03T19:23:43","slug":"accueil","status":"publish","type":"page","link":"http:\/\/kocke-237.de\/udb\/","title":{"rendered":"Developement de Baham"},"content":{"rendered":"\n<p style=\"text-align: center\" id=\"lg\"><img decoding=\"async\" src=\"http:\/\/kocke-237.de\/udb\/wp-content\/uploads\/sites\/8\/2022\/06\/logo.png\" alt=\"Logo\"><\/p>\n        <p style=\"text-align: center;font-size: 9px\">Autorisation 012\/RDA\/F\/F.38S\/ASC du 15 mai 2019 de la Pr\u00e9fecture de Baham<\/p>\n        <div class=\"contact\">\n            <p style=\"text-align: center;font-size: 10px\">\n                <b class=\"taille\">SMS<\/b>, <b class=\"taille\">WhatsApp<\/b>, ou <b class=\"taille\">Telegram<\/b>, via\n                    <b class=\"taille\">+237 6 7757 7994<\/b> ou <b class=\"taille\">+237 6 9608 9819<\/b> ;\n                    <b><a href=\"https:\/\/kocke-237.de\/udb\/nous-contacter\/\" style=\"font-size: 15px;color: white\">par mail<\/a><\/b>.\n            <\/p>\n        <\/div>\n\n        <section class=\"section1pageacceil\">\n            <div class=\"formation\">\n                <p style=\"text-align: center;font-size: 20px;font-weight: bold\">Formation de \u00ab\u00a0UDB\u00a0\u00bb<\/p>\n                <p>\n                    <ul>\n                        <li>\n                            Consid\u00e9rant que le d\u00e9veloppement est une affaire qui exige la participation de toutes les couches de la population ;\n                        <\/li>\n                        <li>\n                            Appr\u00e9ciant \u00e0 sa juste valeur la contribution du Cercle International pour la Promotion de la Cr\u00e9ation \n                            (<a href=\"https:\/\/cipcre.org\/\">CIPCRE<\/a>) au d\u00e9veloppement de Baham depuis de nombreuses ann\u00e9es ;\n                        <\/li>\n                        <li>\n                            Soucieux de diss\u00e9miner les pratiques de d\u00e9veloppement et d\u2019amplifier les messages de justice et de paix de cette organisation dans Baham ;\n                        <\/li>\n                        <li>Respectueux des dispositions des Statuts et R\u00e8glement Int\u00e9rieur de leur Association,<\/li>\n                    <\/ul>\n                <\/p>\n\n                <p>\n                    Les Personnes relais du Point Focal du <a href=\"https:\/\/cipcre.org\/\"> CIPCRE<\/a> \u00e0 Baham, r\u00e9unies en Assembl\u00e9e G\u00e9n\u00e9rale le 30 avril 2019, \n                    ont cr\u00e9\u00e9 \u00e0 Bahiala une association avec pour but de r\u00e9fl\u00e9chir et d\u2019agir pour le d\u00e9veloppement du groupement Baham. \n                    L\u2019association a pour nom Union pour le D\u00e9veloppement de Baham, en abr\u00e9g\u00e9 UDB. Elle est r\u00e9gie par la loi 90\/53 du 19 \n                    d\u00e9cembre 1990 r\u00e9glementant les libert\u00e9s d\u2019association au Cameroun. L\u2019UDB a pour slogan Mfah Bouh Bouh Hom. Elle est \n                    une association apolitique \u00e0 but non lucratif.\n                <\/p>\n            <\/div>\n\n            <div class=\"communication\">\n                <p style=\"text-align: center;font-size: 20px;font-weight: bold\">Communication avec \u00ab\u00a0UDB\u00a0\u00bb<\/p>\n                <p>\n                    UDB reste disponible aux adresses de l\u2019ent\u00eate du pr\u00e9sent support.\n                <\/p>\n            <\/div>\n            <p style=\"text-align: center;font-size: 9px\">UDB-Pros&rsquo;1<\/p>\n        <div class=\"click\">\n            <p style=\"font-size: 12px\">\n                Par clic sur chacun des ic\u00f4nes ci-dessous, de noms parlants, on arrive \u00e0 plus d\u2019informations ; ainsi qu\u2019\u00e0 certaines prouesses de <a href=\"https:\/\/kocke-237.de\/les-mekam-tabiegaing\/jkmt6-202109160654\/\" style=\"color: white\">Jean KOUAM Mekam Tabiegaing 6.<\/a>\n            <\/p>\n        <\/div>\n        <\/section>\n\n        <div class=\"autressites\"> \n            <p><a href=\"http:\/\/kocke-237.de\/\"><img decoding=\"async\" loading=\"lazy\" src=\"http:\/\/kocke-237.de\/udb\/wp-content\/uploads\/sites\/8\/2022\/06\/KOCKE.png\" alt=\"Site de la Dynastie KOCKE\" height=\"80\" width=\"150\"><\/a><\/p>\n            <p><a href=\"http:\/\/kocke-237.de\/les-mekam-tabiegaing\/\"><img decoding=\"async\" loading=\"lazy\" src=\"http:\/\/kocke-237.de\/udb\/wp-content\/uploads\/sites\/8\/2022\/06\/LMT.png\" alt=\"Site de LMT\" height=\"80\" width=\"150\"><\/a><\/p>\n            <p><a href=\"http:\/\/kocke-237.de\/concertation\/\"><img decoding=\"async\" loading=\"lazy\" src=\"http:\/\/kocke-237.de\/udb\/wp-content\/uploads\/sites\/8\/2022\/06\/CT.png\" alt=\"Site de CONCERTATION\" height=\"80\" width=\"150\"><\/a><\/p>\n            <p><a href=\"http:\/\/kocke-237.de\/trait-union\/\"><img decoding=\"async\" loading=\"lazy\" src=\"http:\/\/kocke-237.de\/udb\/wp-content\/uploads\/sites\/8\/2022\/06\/TU.jpg\" alt=\"Site de TRAIT D'UNION\" height=\"80\" width=\"150\"><\/a><\/p>\n            \n        <\/div>\n","protected":false},"excerpt":{"rendered":"<p>Autorisation 012\/RDA\/F\/F.38S\/ASC du 15 mai 2019 de la Pr\u00e9fecture de Baham SMS, WhatsApp, ou Telegram, via +237 6 7757 7994 ou +237 6 9608 9819 ; par mail. Formation de \u00ab\u00a0UDB\u00a0\u00bb Consid\u00e9rant que le d\u00e9veloppement est une affaire qui exige la participation de toutes les couches de la population ; Appr\u00e9ciant \u00e0 sa juste valeur la contribution du Cercle International pour la Promotion de la Cr\u00e9ation (CIPCRE) au d\u00e9veloppement de Baham depuis de nombreuses ann\u00e9es ; Soucieux de diss\u00e9miner les pratiques de d\u00e9veloppement et d\u2019amplifier les messages de justice et de paix de cette organisation dans Baham ; Respectueux des &hellip; <\/p>\n","protected":false},"author":4,"featured_media":0,"parent":0,"menu_order":0,"comment_status":"closed","ping_status":"closed","template":"","meta":{"_kadence_starter_templates_imported_post":false,"footnotes":""},"_links":{"self":[{"href":"http:\/\/kocke-237.de\/udb\/wp-json\/wp\/v2\/pages\/144"}],"collection":[{"href":"http:\/\/kocke-237.de\/udb\/wp-json\/wp\/v2\/pages"}],"about":[{"href":"http:\/\/kocke-237.de\/udb\/wp-json\/wp\/v2\/types\/page"}],"author":[{"embeddable":true,"href":"http:\/\/kocke-237.de\/udb\/wp-json\/wp\/v2\/users\/4"}],"replies":[{"embeddable":true,"href":"http:\/\/kocke-237.de\/udb\/wp-json\/wp\/v2\/comments?post=144"}],"version-history":[{"count":10,"href":"http:\/\/kocke-237.de\/udb\/wp-json\/wp\/v2\/pages\/144\/revisions"}],"predecessor-version":[{"id":171,"href":"http:\/\/kocke-237.de\/udb\/wp-json\/wp\/v2\/pages\/144\/revisions\/171"}],"wp:attachment":[{"href":"http:\/\/kocke-237.de\/udb\/wp-json\/wp\/v2\/media?parent=144"}],"curies":[{"name":"wp","href":"https:\/\/api.w.org\/{rel}","templated":true}]}}