{"id":82,"date":"2021-10-21T21:22:20","date_gmt":"2021-10-21T19:22:20","guid":{"rendered":"http:\/\/kocke-237.de\/udb\/?page_id=82"},"modified":"2021-11-04T20:01:51","modified_gmt":"2021-11-04T19:01:51","slug":"michel-simo","status":"publish","type":"page","link":"http:\/\/kocke-237.de\/udb\/michel-simo\/","title":{"rendered":"Michel SIMO"},"content":{"rendered":"\n<div class=\"wp-block-media-text alignwide is-stacked-on-mobile\" style=\"grid-template-columns:29% auto\"><figure class=\"wp-block-media-text__media\"><img decoding=\"async\" loading=\"lazy\" width=\"184\" height=\"233\" src=\"http:\/\/kocke-237.de\/udb\/wp-content\/uploads\/sites\/8\/2021\/10\/Michelle-simo-1.png\" alt=\"\" class=\"wp-image-83 size-full\" \/><\/figure><div class=\"wp-block-media-text__content\">\n<p class=\"has-large-font-size\"><strong>SIMO KOYUE MICHEL<\/strong>           Pseudo : <strong>CRIOS<\/strong><\/p>\n\n\n\n<figure class=\"wp-block-table\"><table><tbody><tr><td>Fils de MOHOUA FOTSO \u00e0 HIALA-HOM<br>R\u00e9sidence permanente : DOUALA ; r\u00e9sidence temporaire : Hiala-Hom<br>Plus connu sous le nom de \u00ab&nbsp;<strong>Ma\u00eetre<\/strong>&nbsp;\u00bb&nbsp; diminutif de Ma\u00eetre SIMO<br><br>Phone et Whatsapp : 677 60 08 09<br>E-mail : simkomi333@yahoo.com <\/td><\/tr><\/tbody><\/table><\/figure>\n<\/div><\/div>\n\n\n\n<figure class=\"wp-block-table alignfull\"><table><tbody><tr><td class=\"has-text-align-center\" data-align=\"center\"><strong>PLAN &nbsp;ASSOCIATIF&nbsp; (BAHAM)<\/strong><\/td><\/tr><tr><td class=\"has-text-align-center\" data-align=\"center\"><br>Membre actif de la famille Hiala-Hom de Douala (FHHD), et commissaire aux comptes de cette association<br><br>Membre de la communaut\u00e9 Baham de Douala (CBD), sous couvert de la famille Hiala-Hom de Douala<br>  <br>Concepteur de la maquette ayant servi \u00e0 r\u00e9aliser la tenue de c\u00e9r\u00e9monie de ladite association (Mars 1998)<\/td><\/tr><tr><td class=\"has-text-align-center\" data-align=\"center\"><img decoding=\"async\" loading=\"lazy\" width=\"357\" height=\"162\" class=\"wp-image-110\" style=\"width: 600px\" src=\"http:\/\/kocke-237.de\/udb\/wp-content\/uploads\/sites\/8\/2021\/10\/Michelle-simo-2.png\" alt=\"\" srcset=\"http:\/\/kocke-237.de\/udb\/wp-content\/uploads\/sites\/8\/2021\/10\/Michelle-simo-2.png 357w, http:\/\/kocke-237.de\/udb\/wp-content\/uploads\/sites\/8\/2021\/10\/Michelle-simo-2-300x136.png 300w\" sizes=\"(max-width: 357px) 100vw, 357px\" \/><\/td><\/tr><\/tbody><\/table><\/figure>\n\n\n\n<figure class=\"wp-block-table aligncenter\"><table><tbody><tr><td class=\"has-text-align-center\" data-align=\"center\"><strong>PLAN PROFESSIONNEL <\/strong><\/td><\/tr><\/tbody><\/table><\/figure>\n\n\n\n<figure class=\"wp-block-image alignfull size-large\"><img decoding=\"async\" loading=\"lazy\" width=\"712\" height=\"467\" src=\"http:\/\/kocke-237.de\/udb\/wp-content\/uploads\/sites\/8\/2021\/10\/Michelle-simo.png\" alt=\"\" class=\"wp-image-107\" srcset=\"http:\/\/kocke-237.de\/udb\/wp-content\/uploads\/sites\/8\/2021\/10\/Michelle-simo.png 712w, http:\/\/kocke-237.de\/udb\/wp-content\/uploads\/sites\/8\/2021\/10\/Michelle-simo-300x197.png 300w\" sizes=\"(max-width: 712px) 100vw, 712px\" \/><\/figure>\n\n\n\n<figure class=\"wp-block-table alignfull\"><table><tbody><tr><td class=\"has-text-align-center\" data-align=\"center\"><em>CONSTRUCTIONS M\u00c9TALLIQUES &#8211; TUYAUTERIES INDUSTRIELLES &#8211; ASSURANCE ET CONTR\u00d4LE QUALIT\u00c9<br>FORMATION \/ RECYCLAGE DU PERSONNEL TECHNIQUE &#8211; OFF-SHORE &#8211; ONSHORE<\/em><\/td><\/tr><\/tbody><\/table><\/figure>\n\n\n\n<div class=\"wp-block-group alignwide\"><div class=\"wp-block-group__inner-container is-layout-flow wp-block-group-is-layout-flow\">\n<figure class=\"wp-block-table alignwide\"><table><tbody><tr><td class=\"has-text-align-left\" data-align=\"left\">                                                                                            <strong>PLAN LINGUISTIQUE<\/strong><\/td><\/tr><tr><td class=\"has-text-align-left\" data-align=\"left\">Baham (Ghom\u00e0hom) : Parl\u00e9, non \u00e9crit<br>Fran\u00e7ais : Parl\u00e9 et \u00e9crit<br>Anglais : Can speak, read and write (parl\u00e9 et \u00e9crit)<br>Chinois (Hanyu) : En cours de formation (HSK 2) <\/td><\/tr><\/tbody><\/table><\/figure>\n<\/div><\/div>\n\n\n\n<figure class=\"wp-block-table alignwide\"><table><tbody><tr><td class=\"has-text-align-left\" data-align=\"left\">                                                                                                  <strong>PLAN SPORTIF<\/strong><\/td><\/tr><tr><td class=\"has-text-align-left\" data-align=\"left\">Enseignant des Arts Martiaux et du Fitness (CN 6e DUAN, titre hi\u00e9rarchique chinois : Jin Hu)<br>Vice-pr\u00e9sident de la FEDERATION CAMEROUNAISE DE KUNG-FU WUSHU ET DISCIPLINES ASSIMILEES (FECAKUWUDA)<br>Fondateur du CERCLE DES ARTS MARTIAUX<\/td><\/tr><tr><td class=\"has-text-align-left\" data-align=\"left\"><img decoding=\"async\" loading=\"lazy\" width=\"636\" height=\"54\" class=\"wp-image-97\" style=\"width: 750px\" src=\"http:\/\/kocke-237.de\/udb\/wp-content\/uploads\/sites\/8\/2021\/10\/Michelle-simo-14.png\" alt=\"\" srcset=\"http:\/\/kocke-237.de\/udb\/wp-content\/uploads\/sites\/8\/2021\/10\/Michelle-simo-14.png 636w, http:\/\/kocke-237.de\/udb\/wp-content\/uploads\/sites\/8\/2021\/10\/Michelle-simo-14-300x25.png 300w\" sizes=\"(max-width: 636px) 100vw, 636px\" \/><\/td><\/tr><\/tbody><\/table><\/figure>\n\n\n\n<figure class=\"wp-block-table alignfull\"><table><tbody><tr><td>                                                                              <strong>PLANS ARTISTIQUE ET CULTUREL<\/strong><\/td><\/tr><tr><td>Nom d\u2019artiste : SIMKOMI<br>Int\u00e9r\u00eat prononc\u00e9 pour les arts et les cultures du monde : artiste dessinateur\/plasticien, \u00e9crivain.<br>Pr\u00f4ne la sauvegarde, la promotion et la vulgarisation des valeurs traditionnelles et culturelles<\/td><\/tr><tr><td><strong>Bibliographie :<\/strong><br><br>Le Proc\u00e8s (histoire v\u00e9cue)<br>Recueil de Po\u00e8mes<br>Histoire d\u2019une Vie (roman autobiographique partiel)<br>Dans la Gueule du Loup (histoire v\u00e9cue)<br>Journal d\u2019un Amour trahi (\u0153uvre sentimentale bas\u00e9e sur des faits de soci\u00e9t\u00e9)<br>Ce que je crois (essais philosophiques)<br>R\u00e8glement International des Comp\u00e9titions Techniques de Kung-Fu (traduit de l\u2019anglais)<br>R\u00e8glement International des Comp\u00e9titions Combats de Kung-Fu (traduit de l\u2019anglais)<br>G\u00e9n\u00e9alogie des Mohoua FOTSO (historique familial)<br>Commissaire Lali (roman policier, en cours de r\u00e9daction)<br>Quelques essais et recherches en cours<\/td><\/tr><tr><td>                              <img decoding=\"async\" loading=\"lazy\" width=\"482\" height=\"202\" class=\"wp-image-116\" style=\"width: 700px\" src=\"http:\/\/kocke-237.de\/udb\/wp-content\/uploads\/sites\/8\/2021\/10\/Michelle-simo-3.png\" alt=\"\" srcset=\"http:\/\/kocke-237.de\/udb\/wp-content\/uploads\/sites\/8\/2021\/10\/Michelle-simo-3.png 482w, http:\/\/kocke-237.de\/udb\/wp-content\/uploads\/sites\/8\/2021\/10\/Michelle-simo-3-300x126.png 300w\" sizes=\"(max-width: 482px) 100vw, 482px\" \/><\/td><\/tr><\/tbody><\/table><\/figure>\n\n\n\n<figure class=\"wp-block-table alignfull\"><table><tbody><tr><td>                                                                                                      <strong>PLAN SOCIAL<\/strong><\/td><\/tr><tr><td>Pour une soci\u00e9t\u00e9 o\u00f9 il fait bon vivre !<br>Pour une soci\u00e9t\u00e9 o\u00f9 la morale, le respect mutuel, le respect de la loi et des institutions, la justice, ainsi que l\u2019\u00e9galit\u00e9 de tous sont des valeurs palpables et in\u00e9luctables. En un mot, pour la valorisation de l\u2019\u00e9thique.<br>Pour une soci\u00e9t\u00e9 participative o\u00f9 chacun met sa pierre \u00e0 l\u2019\u00e9difice, pour le bonheur de tous. Pour une soci\u00e9t\u00e9 o\u00f9 chacun se sent interpell\u00e9 en tant que maillon essentiel et non indispensable. Pour une soci\u00e9t\u00e9 dans laquelle le patrimoine commun est consid\u00e9r\u00e9 par chacun, comme propri\u00e9t\u00e9 individuelle \u00e0 prot\u00e9ger.<br>Pour une soci\u00e9t\u00e9 o\u00f9 personne ne fait de son bonheur personnel une priorit\u00e9, au d\u00e9triment de celui de l\u2019autre<\/td><\/tr><\/tbody><\/table><\/figure>\n\n\n\n<figure class=\"wp-block-table alignfull\"><table><tbody><tr><td>                                                                                                     <strong>PROJECTIONS<\/strong><\/td><\/tr><tr><td>\u0152uvrer de fa\u00e7on participative pour l\u2019essor de Baham en g\u00e9n\u00e9ral et de Hiala en particulier. Encourager toute initiative communautaire allant dans le sens du d\u00e9veloppement.<br>Effectuer des recherches sur les ressources de Baham en g\u00e9n\u00e9ral et de Hiala en particulier<br>Rechercher des partenaires capables d\u2019investir \u00e0 Baham en g\u00e9n\u00e9ral.<br>Travailler pour la promotion et la vulgarisation du tourisme \u00e0 Baham.<br>A court terme, investir \u00e0 Baham d\u00e8s que possible.<\/td><\/tr><\/tbody><\/table><\/figure>\n\n\n\n<figure class=\"wp-block-table alignfull\"><table><tbody><tr><td>                                                                                              <strong>PRINCIPES<\/strong><\/td><\/tr><tr><td>Se fixer des objectifs et \u0153uvrer pour leur r\u00e9alisation<br>Chercher sa voie et la suivre<br>Conna\u00eetre et respecter ses limites<br>Ne jamais remettre \u00e0 plus tard ce qui peut \u00eatre fait tout de suite<br>Chaque jour, avancer d\u2019un cran : faire aujourd\u2019hui plus qu\u2019hier et moins que demain<br>Puiser dans la source intarissable des capacit\u00e9s inn\u00e9es individuelles<br>Eloigner de son entourage toute id\u00e9e ou personne n\u00e9gative ; rester toujours positif<br>Tant que l\u2019on ne nuit \u00e0 personne en posant un actif positif, alors ne point h\u00e9siter<br>Ne pas se soucier du dilatoire et des moqueries, les transcender plut\u00f4t<br>Se remettre en cause tr\u00e8s souvent (introspection)<\/td><\/tr><\/tbody><\/table><\/figure>\n\n\n\n<figure class=\"wp-block-table alignfull\"><table><tbody><tr><td>                                                                              <strong>DISTINCTIONS HONORIFIQUES<\/strong><\/td><\/tr><tr><td>M\u00e9dailles d\u2019Honneur de Travail en : <strong>ARGENT &#8211; VERMEIL &#8211; OR<\/strong><\/td><\/tr><\/tbody><\/table><\/figure>\n\n\n\n<figure class=\"wp-block-image alignfull size-large\"><img decoding=\"async\" loading=\"lazy\" width=\"419\" height=\"85\" src=\"http:\/\/kocke-237.de\/udb\/wp-content\/uploads\/sites\/8\/2021\/10\/Michelle-simo-18.png\" alt=\"\" class=\"wp-image-102\" srcset=\"http:\/\/kocke-237.de\/udb\/wp-content\/uploads\/sites\/8\/2021\/10\/Michelle-simo-18.png 419w, http:\/\/kocke-237.de\/udb\/wp-content\/uploads\/sites\/8\/2021\/10\/Michelle-simo-18-300x61.png 300w\" sizes=\"(max-width: 419px) 100vw, 419px\" \/><\/figure>\n","protected":false},"excerpt":{"rendered":"<p>SIMO KOYUE MICHEL Pseudo : CRIOS Fils de MOHOUA FOTSO \u00e0 HIALA-HOMR\u00e9sidence permanente : DOUALA ; r\u00e9sidence temporaire : Hiala-HomPlus connu sous le nom de \u00ab&nbsp;Ma\u00eetre&nbsp;\u00bb&nbsp; diminutif de Ma\u00eetre SIMO Phone et Whatsapp : 677 60 08 09E-mail : simkomi333@yahoo.com PLAN &nbsp;ASSOCIATIF&nbsp; (BAHAM) Membre actif de la famille Hiala-Hom de Douala (FHHD), et commissaire aux comptes de cette association Membre de la communaut\u00e9 Baham de Douala (CBD), sous couvert de la famille Hiala-Hom de Douala Concepteur de la maquette ayant servi \u00e0 r\u00e9aliser la tenue de c\u00e9r\u00e9monie de ladite association (Mars 1998) PLAN PROFESSIONNEL CONSTRUCTIONS M\u00c9TALLIQUES &#8211; TUYAUTERIES INDUSTRIELLES &#8211; &hellip; <\/p>\n","protected":false},"author":4,"featured_media":0,"parent":0,"menu_order":0,"comment_status":"closed","ping_status":"closed","template":"","meta":{"_kadence_starter_templates_imported_post":false,"footnotes":""},"_links":{"self":[{"href":"http:\/\/kocke-237.de\/udb\/wp-json\/wp\/v2\/pages\/82"}],"collection":[{"href":"http:\/\/kocke-237.de\/udb\/wp-json\/wp\/v2\/pages"}],"about":[{"href":"http:\/\/kocke-237.de\/udb\/wp-json\/wp\/v2\/types\/page"}],"author":[{"embeddable":true,"href":"http:\/\/kocke-237.de\/udb\/wp-json\/wp\/v2\/users\/4"}],"replies":[{"embeddable":true,"href":"http:\/\/kocke-237.de\/udb\/wp-json\/wp\/v2\/comments?post=82"}],"version-history":[{"count":12,"href":"http:\/\/kocke-237.de\/udb\/wp-json\/wp\/v2\/pages\/82\/revisions"}],"predecessor-version":[{"id":122,"href":"http:\/\/kocke-237.de\/udb\/wp-json\/wp\/v2\/pages\/82\/revisions\/122"}],"wp:attachment":[{"href":"http:\/\/kocke-237.de\/udb\/wp-json\/wp\/v2\/media?parent=82"}],"curies":[{"name":"wp","href":"https:\/\/api.w.org\/{rel}","templated":true}]}}