{"id":334,"date":"2023-08-20T22:21:54","date_gmt":"2023-08-20T20:21:54","guid":{"rendered":"https:\/\/kocke-237.de\/concertation\/?page_id=334"},"modified":"2023-08-20T22:34:23","modified_gmt":"2023-08-20T20:34:23","slug":"proposition","status":"publish","type":"page","link":"https:\/\/kocke-237.de\/concertation\/proposition\/","title":{"rendered":""},"content":{"rendered":"\n<div id=\"proposition\" style=\"border-radius: 20px;background-color: #DAEEF3\">\n    <p style=\"text-align: center;font-weight: bold\">Proposition de CONCERTATION<\/p>\n    <p id=\"propositionp1\">\n        <a style=\"color: #0070C0\" href=\"https:\/\/kocke-237.de\/concertation\/#lg\">CONCERTATION<\/a> propose une nouvelle forme de famille qui n\u2019encourage pas l\u2019h\u00e9g\u00e9monie d\u2019un genre sur l\u2019autre ; elle classe ses membres en deux groupes : les majeurs, et les mineurs. \n        Elle perfectionne le syst\u00e8me <a style=\"color: #0070C0\" href=\"https:\/\/kocke-237.de\/les-mekam-tabiegaing\/jkmt6-202109160654\/#cosmopolitisme\">cosmopolite<\/a> pour aplanir les obstacles :\n    <\/p>\n    <p>\n        <ol>\n            <li id=\"propositionp1.1\"><b>De la socialisation.<\/b> La formation en son sein est un devoir du membre qui lui conf\u00e8re le droit \u00e0 l\u2019emploi ;<\/li>\n            <li id=\"propositionp1.2\"><b>Du ch\u00f4mage.<\/b> Elle s\u2019int\u00e9resse \u00e0 toutes les activit\u00e9s de production de biens et\/ou services ;<\/li>\n            <li id=\"propositionp1.3\"><b>De l\u2019h\u00e9g\u00e9monie du genre.<\/b> Elle observe les libert\u00e9s individuelles et l\u2019\u00e9galit\u00e9 des genres ;<\/li>\n            <li id=\"propositionp1.4\">\n               <b> De la procr\u00e9ation.<\/b> Des libert\u00e9s individuelles, celle de l\u2019enfant qui \u00e9chappe ainsi \u00e0 l\u2019appropriation de ses \n                g\u00e9niteurs pour devenir celui de la personne morale constitu\u00e9e de tous les membres ;\n            <\/li>\n            <li id=\"propositionp1.5\">\n               <b> De l\u2019observation de la <a style=\"color: #0070C0\" href=\"https:\/\/www.google.com\/search?q=charte+des+droits+de+l%27enfant&amp;oq=charte+des+droits+de+l%27enfant&amp;gs_lcrp=EgZjaHJvbWUyBggAEEUYOdIBCTUxMDU1ajBqNKgCALACAA&amp;client=ms-android-transsion-tecno-rev1&amp;sourceid=chrome-mobile&amp;ie=UTF-8\">charte des droits de l\u2019enfant<\/a>.<\/b> L\u2019enfant d\u00e9sormais celui de la personne morale, a plus de personnes qui \n                s\u2019occupent de son devenir : dans ce contexte, ses droits ne peuvent qu\u2019\u00eatre mieux observ\u00e9s ;\n            <\/li>\n            <li id=\"propositionp1.6\">\n               <b> Du respect des <a style=\"color: #0070C0\" href=\"https:\/\/www.google.com\/search?q=droits+de+l%27homme+d%C3%A9finition&amp;oq=droits&amp;gs_lcrp=EgZjaHJvbWUqBwgCEAAYgAQyBggAEEUYOTIHCAEQABiABDIHCAIQABiABDIHCAMQABiABDIHCAQQABiABDIHCAUQABiABDIHCAYQABiABDIHCAcQABiABDIHCAgQABiABDIHCAkQABiABDIHCAoQABiABDIHCAsQABiABDIHCAwQABiABDIHCA0QABiABDIHCA4QABiABNIBCTEwNjIzajFqOagCALACAA&amp;client=ms-android-transsion-tecno-rev1&amp;sourceid=chrome-mobile&amp;ie=UTF-8\">droits de l\u2019Homme<\/a>.<\/b> Tout ce qui pr\u00e9c\u00e8de (1 \u00e0 5), pr\u00e9pare l\u2019Homme au respect des <a style=\"color: #0070C0\" href=\"https:\/\/www.google.com\/search?q=droits&amp;oq=droits&amp;gs_lcrp=EgZjaHJvbWUyBggAEEUYOTIGCAEQRRg7MgcIAhAAGI8CMgcIAxAAGI8C0gEJMjY2MDNqMGo0qAIAsAIA&amp;client=ms-android-transsion-tecno-rev1&amp;sourceid=chrome-mobile&amp;ie=UTF-8\">droits<\/a> aussi bien pour autrui que pour lui-m\u00eame.\n            <\/li>\n        <\/ol>\n    <\/p>\n<\/div>\n\n    <div style=\"text-align: center\">\n        <a href=\"https:\/\/kocke-237.de\/concertation\/#bouton\"><img decoding=\"async\" src=\"http:\/\/kocke-237.de\/concertation\/wp-content\/uploads\/sites\/6\/2023\/08\/icons-retour.png\" alt=\"\"><\/a>\n    <\/div>\n","protected":false},"excerpt":{"rendered":"<p>Proposition de CONCERTATION CONCERTATION propose une nouvelle forme de famille qui n\u2019encourage pas l\u2019h\u00e9g\u00e9monie d\u2019un genre sur l\u2019autre ; elle classe ses membres en deux groupes : les majeurs, et les mineurs. Elle perfectionne le syst\u00e8me cosmopolite pour aplanir les obstacles : De la socialisation. La formation en son sein est un devoir du membre qui lui conf\u00e8re le droit \u00e0 l\u2019emploi ; Du ch\u00f4mage. Elle s\u2019int\u00e9resse \u00e0 toutes les activit\u00e9s de production de biens et\/ou services ; De l\u2019h\u00e9g\u00e9monie du genre. Elle observe les libert\u00e9s individuelles et l\u2019\u00e9galit\u00e9 des genres ; De la procr\u00e9ation. Des libert\u00e9s individuelles, celle de &hellip; <\/p>\n","protected":false},"author":4,"featured_media":0,"parent":0,"menu_order":0,"comment_status":"closed","ping_status":"closed","template":"","meta":{"_kadence_starter_templates_imported_post":false,"footnotes":""},"_links":{"self":[{"href":"https:\/\/kocke-237.de\/concertation\/wp-json\/wp\/v2\/pages\/334"}],"collection":[{"href":"https:\/\/kocke-237.de\/concertation\/wp-json\/wp\/v2\/pages"}],"about":[{"href":"https:\/\/kocke-237.de\/concertation\/wp-json\/wp\/v2\/types\/page"}],"author":[{"embeddable":true,"href":"https:\/\/kocke-237.de\/concertation\/wp-json\/wp\/v2\/users\/4"}],"replies":[{"embeddable":true,"href":"https:\/\/kocke-237.de\/concertation\/wp-json\/wp\/v2\/comments?post=334"}],"version-history":[{"count":5,"href":"https:\/\/kocke-237.de\/concertation\/wp-json\/wp\/v2\/pages\/334\/revisions"}],"predecessor-version":[{"id":340,"href":"https:\/\/kocke-237.de\/concertation\/wp-json\/wp\/v2\/pages\/334\/revisions\/340"}],"wp:attachment":[{"href":"https:\/\/kocke-237.de\/concertation\/wp-json\/wp\/v2\/media?parent=334"}],"curies":[{"name":"wp","href":"https:\/\/api.w.org\/{rel}","templated":true}]}}