{"id":351,"date":"2023-08-21T06:43:46","date_gmt":"2023-08-21T04:43:46","guid":{"rendered":"https:\/\/kocke-237.de\/concertation\/?page_id=351"},"modified":"2023-08-21T17:57:15","modified_gmt":"2023-08-21T15:57:15","slug":"vivre","status":"publish","type":"page","link":"https:\/\/kocke-237.de\/concertation\/vivre\/","title":{"rendered":""},"content":{"rendered":"\n<div id=\"vivre\" style=\"border-radius: 20px;background-color: #F2DBDB\">\n    <p style=\"text-align: center;font-weight: bold\">Vivre ensemble en CONCERTATION<\/p>\n    <p id=\"vivrep1\">\n        Cart\u00e9sienne, scientiste, logique, et loyale, <a style=\"color: #0070C0\" href=\"https:\/\/kocke-237.de\/concertation\/#lg\">CONCERTATION<\/a> se veut une \n        organisation universelle : sans consid\u00e9ration g\u00e9ographique et sans aucune discrimination. Ses lignes de conduite \n        (m\u0153urs) sont \u00e0 chaque fois bien d\u00e9finies <a style=\"color: #0070C0\" href=\"https:\/\/kocke-237.de\/les-mekam-tabiegaing\/tds\/#tds\">dans les supports<\/a> en vigueur (statuts, r\u00e8glements, et contrats). Tout en elle \n        est \u00e9tabli en \u00e9vitant la haine et la passion : avec probit\u00e9, libert\u00e9, s\u00e9curit\u00e9, et assurance pour tous ; chacun \u00e0 sa \n        valeur d\u00e9fendable par des formules logiques : <a style=\"color: #0070C0\" href=\"https:\/\/www.google.com\/search?q=imbroglio+def&amp;oq=imbr&amp;aqs=chrome.1.69i57j0l4.14840j0j4&amp;client=ms-android-transsion-tecno-rev1&amp;sourceid=chrome-mobile&amp;ie=UTF-8\">Non \u00e0 l\u2019imbroglio<\/a>.\n    <\/p> \n    <p id=\"vivrep2\">\n        Sous deux formes <a style=\"color: #0070C0\" href=\"https:\/\/kocke-237.de\/concertation\/#lg\">CONCERTATION<\/a> se mat\u00e9rialise : r\u00e9union, \u00e0 la fr\u00e9quence qui convient aux <a style=\"color: #0070C0\" href=\"https:\/\/kocke-237.de\/concertation\/membre\/#membre\">membres<\/a> ; rapport journal, \n        qui doit \u00eatre disponible dans un meilleur d\u00e9lai.\n    <\/p>\n<\/div>\n<div style=\"text-align: center\">\n    <a href=\"https:\/\/kocke-237.de\/concertation\/#bouton\"><img decoding=\"async\" src=\"http:\/\/kocke-237.de\/concertation\/wp-content\/uploads\/sites\/6\/2023\/08\/icons-retour.png\" alt=\"\"><\/a>\n<\/div>\n","protected":false},"excerpt":{"rendered":"<p>Vivre ensemble en CONCERTATION Cart\u00e9sienne, scientiste, logique, et loyale, CONCERTATION se veut une organisation universelle : sans consid\u00e9ration g\u00e9ographique et sans aucune discrimination. Ses lignes de conduite (m\u0153urs) sont \u00e0 chaque fois bien d\u00e9finies dans les supports en vigueur (statuts, r\u00e8glements, et contrats). Tout en elle est \u00e9tabli en \u00e9vitant la haine et la passion : avec probit\u00e9, libert\u00e9, s\u00e9curit\u00e9, et assurance pour tous ; chacun \u00e0 sa valeur d\u00e9fendable par des formules logiques : Non \u00e0 l\u2019imbroglio. Sous deux formes CONCERTATION se mat\u00e9rialise : r\u00e9union, \u00e0 la fr\u00e9quence qui convient aux membres ; rapport journal, qui doit \u00eatre disponible &hellip; <\/p>\n","protected":false},"author":4,"featured_media":0,"parent":0,"menu_order":0,"comment_status":"closed","ping_status":"closed","template":"","meta":{"_kadence_starter_templates_imported_post":false,"footnotes":""},"_links":{"self":[{"href":"https:\/\/kocke-237.de\/concertation\/wp-json\/wp\/v2\/pages\/351"}],"collection":[{"href":"https:\/\/kocke-237.de\/concertation\/wp-json\/wp\/v2\/pages"}],"about":[{"href":"https:\/\/kocke-237.de\/concertation\/wp-json\/wp\/v2\/types\/page"}],"author":[{"embeddable":true,"href":"https:\/\/kocke-237.de\/concertation\/wp-json\/wp\/v2\/users\/4"}],"replies":[{"embeddable":true,"href":"https:\/\/kocke-237.de\/concertation\/wp-json\/wp\/v2\/comments?post=351"}],"version-history":[{"count":3,"href":"https:\/\/kocke-237.de\/concertation\/wp-json\/wp\/v2\/pages\/351\/revisions"}],"predecessor-version":[{"id":391,"href":"https:\/\/kocke-237.de\/concertation\/wp-json\/wp\/v2\/pages\/351\/revisions\/391"}],"wp:attachment":[{"href":"https:\/\/kocke-237.de\/concertation\/wp-json\/wp\/v2\/media?parent=351"}],"curies":[{"name":"wp","href":"https:\/\/api.w.org\/{rel}","templated":true}]}}