{"id":355,"date":"2023-08-21T06:46:54","date_gmt":"2023-08-21T04:46:54","guid":{"rendered":"https:\/\/kocke-237.de\/concertation\/?page_id=355"},"modified":"2023-08-21T06:52:36","modified_gmt":"2023-08-21T04:52:36","slug":"recherche","status":"publish","type":"page","link":"https:\/\/kocke-237.de\/concertation\/recherche\/","title":{"rendered":""},"content":{"rendered":"\n<div id=\"recherche\" style=\"border-radius: 20px;background-color: #DAEEF3\">\n    <p style=\"text-align: center;font-weight: bold\">Recherche d\u2019un consensus par CONCERTATION<\/p>\n    <p id=\"recherchep1\">\n        Travaillant dans la transparence, la d\u00e9mocratie, et sur support, en <a style=\"color: #0070C0\" href=\"https:\/\/kocke-237.de\/concertation\/#lg\">CONCERTATION<\/a> rien n\u2019est tabou. \n        C\u2019est ainsi qu\u2019elle invite chacun \u00e0 jouir de son droit de consulter ses supports ; convenir avec elle \n        que les deux \u00e9videntes r\u00e9ciproques de ce principe de fonctionnement tiennent :\n    <\/p>\n    <p>\n        <ol>\n            <li id=\"recherchep1.1\"><a style=\"color: #0070C0\" href=\"https:\/\/kocke-237.de\/concertation\/#lg\">Elle<\/a> ne consid\u00e8re que <a style=\"color: #0070C0\" href=\"https:\/\/kocke-237.de\/les-mekam-tabiegaing\/tds\/#tds\">ce qui est fix\u00e9 sur support<\/a> ;<\/li>\n            <li id=\"recherchep1.2\">Ne pas <a style=\"color: #0070C0\" href=\"https:\/\/kocke-237.de\/concertation\/#lg\">lui<\/a> en vouloir de partager un <a style=\"color: #0070C0\" href=\"https:\/\/kocke-237.de\/les-mekam-tabiegaing\/tds\/#p1\">support<\/a> mis \u00e0 sa disposition.<\/li>\n        <\/ol>\n    <\/p>\n    <p id=\"recherchep2\">\n        Toute d\u00e9cision prise pour plusieurs, dans l\u2019entendement de <a style=\"color: #0070C0\" href=\"https:\/\/kocke-237.de\/concertation\/#lg\">CONCERTATION<\/a> doit conna\u00eetre l\u2019implication \n        des concern\u00e9s mieux, se pr\u00eater \u00e0 la critique de tous, curieux compris. Dans la recherche d\u2019un consensus en son sein, \n        <a style=\"color: #0070C0\" href=\"https:\/\/kocke-237.de\/les-mekam-tabiegaing\/tds\/#tds\">le sujet est pos\u00e9 sur support<\/a> et mis \u00e0 la disposition de tout le monde ; les discussions se font \u00e0 partir \n        des <a style=\"color: #0070C0\" href=\"https:\/\/kocke-237.de\/les-mekam-tabiegaing\/tds\/#p1\">supports<\/a> o\u00f9 les observations sont fix\u00e9es et d\u2019o\u00f9 elles sont restitu\u00e9es lors de d\u00e9bats. Chaque d\u00e9bat \n        conna\u00eet un rapport journal mis \u00e0 la disposition de tout le monde.\n    <\/p>\n    <\/div>\n<div style=\"text-align: center\">\n    <a href=\"https:\/\/kocke-237.de\/concertation\/#bouton\"><img decoding=\"async\" src=\"http:\/\/kocke-237.de\/concertation\/wp-content\/uploads\/sites\/6\/2023\/08\/icons-retour.png\" alt=\"\"><\/a>\n<\/div>\n","protected":false},"excerpt":{"rendered":"<p>Recherche d\u2019un consensus par CONCERTATION Travaillant dans la transparence, la d\u00e9mocratie, et sur support, en CONCERTATION rien n\u2019est tabou. C\u2019est ainsi qu\u2019elle invite chacun \u00e0 jouir de son droit de consulter ses supports ; convenir avec elle que les deux \u00e9videntes r\u00e9ciproques de ce principe de fonctionnement tiennent : Elle ne consid\u00e8re que ce qui est fix\u00e9 sur support ; Ne pas lui en vouloir de partager un support mis \u00e0 sa disposition. Toute d\u00e9cision prise pour plusieurs, dans l\u2019entendement de CONCERTATION doit conna\u00eetre l\u2019implication des concern\u00e9s mieux, se pr\u00eater \u00e0 la critique de tous, curieux compris. Dans la recherche &hellip; <\/p>\n","protected":false},"author":4,"featured_media":0,"parent":0,"menu_order":0,"comment_status":"closed","ping_status":"closed","template":"","meta":{"_kadence_starter_templates_imported_post":false,"footnotes":""},"_links":{"self":[{"href":"https:\/\/kocke-237.de\/concertation\/wp-json\/wp\/v2\/pages\/355"}],"collection":[{"href":"https:\/\/kocke-237.de\/concertation\/wp-json\/wp\/v2\/pages"}],"about":[{"href":"https:\/\/kocke-237.de\/concertation\/wp-json\/wp\/v2\/types\/page"}],"author":[{"embeddable":true,"href":"https:\/\/kocke-237.de\/concertation\/wp-json\/wp\/v2\/users\/4"}],"replies":[{"embeddable":true,"href":"https:\/\/kocke-237.de\/concertation\/wp-json\/wp\/v2\/comments?post=355"}],"version-history":[{"count":2,"href":"https:\/\/kocke-237.de\/concertation\/wp-json\/wp\/v2\/pages\/355\/revisions"}],"predecessor-version":[{"id":357,"href":"https:\/\/kocke-237.de\/concertation\/wp-json\/wp\/v2\/pages\/355\/revisions\/357"}],"wp:attachment":[{"href":"https:\/\/kocke-237.de\/concertation\/wp-json\/wp\/v2\/media?parent=355"}],"curies":[{"name":"wp","href":"https:\/\/api.w.org\/{rel}","templated":true}]}}