{"id":359,"date":"2023-08-21T06:48:04","date_gmt":"2023-08-21T04:48:04","guid":{"rendered":"https:\/\/kocke-237.de\/concertation\/?page_id=359"},"modified":"2023-09-10T15:05:08","modified_gmt":"2023-09-10T13:05:08","slug":"structure","status":"publish","type":"page","link":"https:\/\/kocke-237.de\/concertation\/structure\/","title":{"rendered":""},"content":{"rendered":"\n<div id=\"structure\" class=\"structure\" style=\"border-radius: 20px;background-color: #F2DBDB\">\n    <p style=\"text-align: center;font-weight: bold\">Structure de CONCERTATION<\/p>\n    <p id=\"structurep1\">\n        Le pays d\u2019origine de <a style=\"color: #0070C0\" href=\"https:\/\/kocke-237.de\/concertation\/#lg\">CONCERTATION<\/a> est le Cameroun o\u00f9, la forme de personnalit\u00e9 \n        juridique la mieux adapt\u00e9e \u00e0 elle est celle r\u00e9gie par le <a style=\"color: #0070C0\" href=\"https:\/\/kocke-237.de\/concertation\/decret\">D\u00e9cret n\u00b0 77 \/ 495 \/ du 07 d\u00e9cembre 1977<\/a> fixant \n        les conditions de cr\u00e9ation et de fonctionnement des \u0153uvres sociales. De la derni\u00e8re tentative d\u2019\u00e9tablir \n        CONCERTATION, le 07 mars 2006 cette derni\u00e8re a d\u00e9pos\u00e9 aupr\u00e8s du Minist\u00e8re des Affaires Sociales un dossier de demande \n        d\u2019autorisation d\u2019ouverture en tant qu\u2019\u0153uvre sociale. <a style=\"color: #0070C0\" href=\"https:\/\/kocke-237.de\/concertation\/structure_img\/#structureimg\">Ce sch\u00e9ma<\/a> pr\u00e9sente la structure de CONCERTATION.\n    <\/p>\n    \n<div style=\"text-align: center\">\n    <a href=\"https:\/\/kocke-237.de\/concertation\/#bouton\"><img decoding=\"async\" src=\"http:\/\/kocke-237.de\/concertation\/wp-content\/uploads\/sites\/6\/2023\/08\/icons-retour.png\" alt=\"\"><\/a>\n<\/div>\n","protected":false},"excerpt":{"rendered":"<p>Structure de CONCERTATION Le pays d\u2019origine de CONCERTATION est le Cameroun o\u00f9, la forme de personnalit\u00e9 juridique la mieux adapt\u00e9e \u00e0 elle est celle r\u00e9gie par le D\u00e9cret n\u00b0 77 \/ 495 \/ du 07 d\u00e9cembre 1977 fixant les conditions de cr\u00e9ation et de fonctionnement des \u0153uvres sociales. De la derni\u00e8re tentative d\u2019\u00e9tablir CONCERTATION, le 07 mars 2006 cette derni\u00e8re a d\u00e9pos\u00e9 aupr\u00e8s du Minist\u00e8re des Affaires Sociales un dossier de demande d\u2019autorisation d\u2019ouverture en tant qu\u2019\u0153uvre sociale. Ce sch\u00e9ma pr\u00e9sente la structure de CONCERTATION.<\/p>\n","protected":false},"author":4,"featured_media":0,"parent":0,"menu_order":0,"comment_status":"closed","ping_status":"closed","template":"","meta":{"_kadence_starter_templates_imported_post":false,"footnotes":""},"_links":{"self":[{"href":"https:\/\/kocke-237.de\/concertation\/wp-json\/wp\/v2\/pages\/359"}],"collection":[{"href":"https:\/\/kocke-237.de\/concertation\/wp-json\/wp\/v2\/pages"}],"about":[{"href":"https:\/\/kocke-237.de\/concertation\/wp-json\/wp\/v2\/types\/page"}],"author":[{"embeddable":true,"href":"https:\/\/kocke-237.de\/concertation\/wp-json\/wp\/v2\/users\/4"}],"replies":[{"embeddable":true,"href":"https:\/\/kocke-237.de\/concertation\/wp-json\/wp\/v2\/comments?post=359"}],"version-history":[{"count":4,"href":"https:\/\/kocke-237.de\/concertation\/wp-json\/wp\/v2\/pages\/359\/revisions"}],"predecessor-version":[{"id":423,"href":"https:\/\/kocke-237.de\/concertation\/wp-json\/wp\/v2\/pages\/359\/revisions\/423"}],"wp:attachment":[{"href":"https:\/\/kocke-237.de\/concertation\/wp-json\/wp\/v2\/media?parent=359"}],"curies":[{"name":"wp","href":"https:\/\/api.w.org\/{rel}","templated":true}]}}