{"id":363,"date":"2023-08-21T06:49:52","date_gmt":"2023-08-21T04:49:52","guid":{"rendered":"https:\/\/kocke-237.de\/concertation\/?page_id=363"},"modified":"2023-08-21T17:58:17","modified_gmt":"2023-08-21T15:58:17","slug":"substance","status":"publish","type":"page","link":"https:\/\/kocke-237.de\/concertation\/substance\/","title":{"rendered":""},"content":{"rendered":"\n<div id=\"substance\" style=\"border-radius: 20px;background-color: #F2DBDB\">\n    <p style=\"text-align: center;font-weight: bold\">Substance de CONCERTATION<\/p>\n    <p id=\"substancep1\">\n        La substance de ce que pr\u00e9conise <a style=\"color: #0070C0\" href=\"https:\/\/kocke-237.de\/concertation\/#lg\">CONCERTATION<\/a> est qu\u2019en son sein mat\u00e9rialis\u00e9 par les circonscriptions \n        ou <a style=\"color: #0070C0\" href=\"https:\/\/kocke-237.de\/concertation\/proposition\/#propositionp1\">nouvelles formes de familles<\/a>, la formation est un devoir et, le travail est un droit. La circonscription \n        est dite de l\u2019ensemble des <a style=\"color: #0070C0\" href=\"https:\/\/kocke-237.de\/concertation\/membre\/#membre\">membres<\/a> de CONCERTATION en un espace g\u00e9ographique tel quartier ; village. Au sein de \n        CONCERTATION, l\u2019\u00e9galit\u00e9 des genres, et les libert\u00e9s individuelles sont observ\u00e9es. La garde de l\u2019enfant y est \n        confi\u00e9e \u00e0 la personne morale de la circonscription.\n    <\/p>\n    <p id=\"substancep2\">\n        Dans une <a style=\"color: #0070C0\" href=\"https:\/\/kocke-237.de\/concertation\/proposition\/#propositionp1\">circonscription<\/a> il n\u2019y a pas de diff\u00e9rence dans le traitement d\u2019autochtone et d\u2019allog\u00e8ne ; c\u2019est \n        ce que chaque adh\u00e9rent vaut qu\u2019il m\u00e9rite. Transparence et d\u00e9mocratie y sont pr\u00f4n\u00e9es et v\u00e9rifi\u00e9es par la \n        validation au vote \u00e0 la majorit\u00e9, et d\u00e8s 65 % de m\u00e9contents, les termes de la tierce opposition sont honor\u00e9s.\n    <\/p>\n    <p id=\"substancep3\">\n        Enfin projet social de masse, son <a style=\"color: #0070C0\" href=\"https:\/\/kocke-237.de\/les-mekam-tabiegaing\/jkmt6-202109160654\/#texte.p6\">Promoteur<\/a> est convaincu que tout ce qu\u2019il a d\u00e9j\u00e0 pr\u00e9conis\u00e9 et\/ou \n        pr\u00e9conisera, ne sera que modeste contribution <a style=\"color: #0070C0\" href=\"https:\/\/kocke-237.de\/concertation\/membre\/#membre\">d\u2019un membre<\/a> qu\u2019il est. C\u2019est ainsi qu\u2019il lance un appel \n        en direction de toutes les bonnes volont\u00e9s pour le rayonnement de cette \u0153uvre sociale qu\u2019est <a style=\"color: #0070C0\" href=\"https:\/\/kocke-237.de\/concertation\/#lg\">CONCERTATION<\/a>.\n    <\/p>\n<\/div>\n<div style=\"text-align: center\">\n    <a href=\"https:\/\/kocke-237.de\/concertation\/#bouton\"><img decoding=\"async\" src=\"http:\/\/kocke-237.de\/concertation\/wp-content\/uploads\/sites\/6\/2023\/08\/icons-retour.png\" alt=\"\"><\/a>\n<\/div>\n","protected":false},"excerpt":{"rendered":"<p>Substance de CONCERTATION La substance de ce que pr\u00e9conise CONCERTATION est qu\u2019en son sein mat\u00e9rialis\u00e9 par les circonscriptions ou nouvelles formes de familles, la formation est un devoir et, le travail est un droit. La circonscription est dite de l\u2019ensemble des membres de CONCERTATION en un espace g\u00e9ographique tel quartier ; village. Au sein de CONCERTATION, l\u2019\u00e9galit\u00e9 des genres, et les libert\u00e9s individuelles sont observ\u00e9es. La garde de l\u2019enfant y est confi\u00e9e \u00e0 la personne morale de la circonscription. Dans une circonscription il n\u2019y a pas de diff\u00e9rence dans le traitement d\u2019autochtone et d\u2019allog\u00e8ne ; c\u2019est ce que chaque adh\u00e9rent &hellip; <\/p>\n","protected":false},"author":4,"featured_media":0,"parent":0,"menu_order":0,"comment_status":"closed","ping_status":"closed","template":"","meta":{"_kadence_starter_templates_imported_post":false,"footnotes":""},"_links":{"self":[{"href":"https:\/\/kocke-237.de\/concertation\/wp-json\/wp\/v2\/pages\/363"}],"collection":[{"href":"https:\/\/kocke-237.de\/concertation\/wp-json\/wp\/v2\/pages"}],"about":[{"href":"https:\/\/kocke-237.de\/concertation\/wp-json\/wp\/v2\/types\/page"}],"author":[{"embeddable":true,"href":"https:\/\/kocke-237.de\/concertation\/wp-json\/wp\/v2\/users\/4"}],"replies":[{"embeddable":true,"href":"https:\/\/kocke-237.de\/concertation\/wp-json\/wp\/v2\/comments?post=363"}],"version-history":[{"count":4,"href":"https:\/\/kocke-237.de\/concertation\/wp-json\/wp\/v2\/pages\/363\/revisions"}],"predecessor-version":[{"id":392,"href":"https:\/\/kocke-237.de\/concertation\/wp-json\/wp\/v2\/pages\/363\/revisions\/392"}],"wp:attachment":[{"href":"https:\/\/kocke-237.de\/concertation\/wp-json\/wp\/v2\/media?parent=363"}],"curies":[{"name":"wp","href":"https:\/\/api.w.org\/{rel}","templated":true}]}}