{"id":371,"date":"2023-08-21T07:06:41","date_gmt":"2023-08-21T05:06:41","guid":{"rendered":"https:\/\/kocke-237.de\/concertation\/?page_id=371"},"modified":"2023-08-21T18:00:20","modified_gmt":"2023-08-21T16:00:20","slug":"methodologie","status":"publish","type":"page","link":"https:\/\/kocke-237.de\/concertation\/methodologie\/","title":{"rendered":""},"content":{"rendered":"\n<div id=\"methodologie\" style=\"border-radius: 20px;background-color: #F2DBDB\">\n    <p style=\"text-align: center;font-weight: bold\">M\u00e9thodologie de travail en CONCERTATION<\/p> \n    <p id=\"methodologiep1\">\n        Tout part d\u2019une circonscription ou quartier. Les probl\u00e8mes des uns n\u2019\u00e9tant pas les m\u00eames que ceux des autres, \n        dans le cadre d\u2019une <a style=\"color: #0070C0\" href=\"https:\/\/kocke-237.de\/concertation\/substance\/#substancep1\">circonscription<\/a> ou quartier, <a style=\"color: #0070C0\" href=\"https:\/\/kocke-237.de\/concertation\/#lg\">CONCERTATION<\/a> regroupe ses membres en classes d\u2019\u00e2ge et de genre, en vue \n        d\u2019analyser les probl\u00e8mes sp\u00e9cifiques inh\u00e9rents \u00e0 chaque classe et, d\u2019y apporter des solutions. Les d\u00e9bats sont men\u00e9s en \n        assembl\u00e9e g\u00e9n\u00e9rale qui regroupe toutes les classes de la circonscription.\n    <\/p>\n    <p id=\"methodologiep2\">\n        Les m\u00e9thodes d\u2019intervention individuelles, de groupes, ou communautaires, sont utilis\u00e9es \u00e0 chaque fois que la n\u00e9cessit\u00e9 s\u2019impose.\n    <\/p>\n    <p id=\"methodologiep3\">\n        Au sein de <a style=\"color: #0070C0\" href=\"https:\/\/kocke-237.de\/concertation\/#lg\">CONCERTATION<\/a>, la formation est un devoir et le travail un droit. L\u2019\u00e9galit\u00e9 des genres et les libert\u00e9s individuelles sont observ\u00e9es. \n        CONCERTATION n\u2019encourage pas l\u2019h\u00e9g\u00e9monie d\u2019un genre sur l\u2019autre ; elle classe ses membres en deux groupes \u00e0 savoir majeurs et mineurs.\n    <\/p>\n    <p id=\"methodologiep4\">\n        S\u2019il est \u00e9vident que la recherche du progr\u00e8s dans le monde en d\u00e9veloppement au sens plus large a pour objectif d\u2019am\u00e9liorer la qualit\u00e9 de vie des \n        populations d\u00e9favoris\u00e9es, il n\u2019en demeure pas moins vrai que cette am\u00e9lioration n\u2019est possible qu\u2019en suivant simultan\u00e9ment deux voies parall\u00e8les : \n        les r\u00e9formes \u00e9conomiques afin d\u2019assurer la stabilit\u00e9 et un environnement propice \u00e0 la croissance d\u2019une part et l\u2019investissement en ressources humaines \n        dans les domaines de l\u2019\u00e9ducation, de la sant\u00e9, de l\u2019alimentation, et du planning familial d\u2019autre part. C\u2019est justement sur ces deux fronts que <a style=\"color: #0070C0\" href=\"https:\/\/kocke-237.de\/concertation\/#lg\">CONCERTATION<\/a> veut avancer.\n    <\/p>\n    <p id=\"methodologiep5\">\n        Projet de masse, <a style=\"color: #0070C0\" href=\"https:\/\/kocke-237.de\/concertation\/#lg\">CONCERTATION<\/a> fait en permanence la sensibilisation des populations pour que celles-ci rejoignent ses rangs afin qu\u2019ensemble et solidairement elles contribuent \n        au d\u00e9veloppement en g\u00e9n\u00e9ral : de tous et de chacun en particulier.\n    <\/p>\n<\/div>\n<div style=\"text-align: center\">\n    <a href=\"https:\/\/kocke-237.de\/concertation\/#bouton\"><img decoding=\"async\" src=\"http:\/\/kocke-237.de\/concertation\/wp-content\/uploads\/sites\/6\/2023\/08\/icons-retour.png\" alt=\"\"><\/a>\n<\/div>\n","protected":false},"excerpt":{"rendered":"<p>M\u00e9thodologie de travail en CONCERTATION Tout part d\u2019une circonscription ou quartier. Les probl\u00e8mes des uns n\u2019\u00e9tant pas les m\u00eames que ceux des autres, dans le cadre d\u2019une circonscription ou quartier, CONCERTATION regroupe ses membres en classes d\u2019\u00e2ge et de genre, en vue d\u2019analyser les probl\u00e8mes sp\u00e9cifiques inh\u00e9rents \u00e0 chaque classe et, d\u2019y apporter des solutions. Les d\u00e9bats sont men\u00e9s en assembl\u00e9e g\u00e9n\u00e9rale qui regroupe toutes les classes de la circonscription. Les m\u00e9thodes d\u2019intervention individuelles, de groupes, ou communautaires, sont utilis\u00e9es \u00e0 chaque fois que la n\u00e9cessit\u00e9 s\u2019impose. Au sein de CONCERTATION, la formation est un devoir et le travail un &hellip; <\/p>\n","protected":false},"author":4,"featured_media":0,"parent":0,"menu_order":0,"comment_status":"closed","ping_status":"closed","template":"","meta":{"_kadence_starter_templates_imported_post":false,"footnotes":""},"_links":{"self":[{"href":"https:\/\/kocke-237.de\/concertation\/wp-json\/wp\/v2\/pages\/371"}],"collection":[{"href":"https:\/\/kocke-237.de\/concertation\/wp-json\/wp\/v2\/pages"}],"about":[{"href":"https:\/\/kocke-237.de\/concertation\/wp-json\/wp\/v2\/types\/page"}],"author":[{"embeddable":true,"href":"https:\/\/kocke-237.de\/concertation\/wp-json\/wp\/v2\/users\/4"}],"replies":[{"embeddable":true,"href":"https:\/\/kocke-237.de\/concertation\/wp-json\/wp\/v2\/comments?post=371"}],"version-history":[{"count":3,"href":"https:\/\/kocke-237.de\/concertation\/wp-json\/wp\/v2\/pages\/371\/revisions"}],"predecessor-version":[{"id":393,"href":"https:\/\/kocke-237.de\/concertation\/wp-json\/wp\/v2\/pages\/371\/revisions\/393"}],"wp:attachment":[{"href":"https:\/\/kocke-237.de\/concertation\/wp-json\/wp\/v2\/media?parent=371"}],"curies":[{"name":"wp","href":"https:\/\/api.w.org\/{rel}","templated":true}]}}