{"id":375,"date":"2023-08-21T07:07:41","date_gmt":"2023-08-21T05:07:41","guid":{"rendered":"https:\/\/kocke-237.de\/concertation\/?page_id=375"},"modified":"2023-08-21T18:03:58","modified_gmt":"2023-08-21T16:03:58","slug":"membre","status":"publish","type":"page","link":"https:\/\/kocke-237.de\/concertation\/membre\/","title":{"rendered":""},"content":{"rendered":"\n<div id=\"membre\" style=\"border-radius: 20px;background-color: #DAEEF3\">\n    <p style=\"text-align: center;font-weight: bold\">Membre de CONCERTATION<\/p>\n    <p id=\"membrep1\">\n        Peut \u00eatre membre, toute personne physique ou morale capable de coop\u00e9rer pour atteindre l\u2019objectif de l\u2019\u0153uvre. La personne qui d\u00e9sire devenir membre de <a style=\"color: #0070C0\" href=\"https:\/\/kocke-237.de\/concertation\/#lg\">CONCERTATION<\/a> doit \n        <a style=\"color: #0070C0\" href=\"https:\/\/kocke-237.de\/concertation\/insription\/#inscription\">s\u2019inscrire<\/a> en une <a style=\"color: #0070C0\" href=\"https:\/\/kocke-237.de\/concertation\/substance\/#substancep1\">circonscription<\/a>, dans une ou plusieurs des typologies de membres de l\u2019\u0153uvre :\n    <\/p>\n    <p>\n        <ul>\n            <li id=\"membrep1.1\">AF Adultes du genre F\u00e9minin ;<\/li>\n            <li id=\"membrep1.2\">AM Adultes du genre Masculin ;<\/li>\n            <li id=\"membrep1.3\">MF Mineures du genre F\u00e9minin ;<\/li>\n            <li id=\"membrep1.4\">MM Mineures du genre Masculin ;<\/li>\n            <li id=\"membrep1.5\">PA Personnes Ag\u00e9es ;<\/li>\n            <li id=\"membrep1.6\">PH Personnes Handicap\u00e9es ;<\/li>\n            <li id=\"membrep1.7\">PM Personnes Morales.<\/li>\n        <\/ul>\n    <\/p>\n    <p id=\"membrep2\">La personne mineure est introduite par qui prend la responsabilit\u00e9 d\u2019assurer les frais de sa garde.<\/p>\n\n<\/div>\n<div style=\"text-align: center\">\n    <a href=\"https:\/\/kocke-237.de\/concertation\/#bouton\"><img decoding=\"async\" src=\"http:\/\/kocke-237.de\/concertation\/wp-content\/uploads\/sites\/6\/2023\/08\/icons-retour.png\" alt=\"\"><\/a>\n<\/div>\n","protected":false},"excerpt":{"rendered":"<p>Membre de CONCERTATION Peut \u00eatre membre, toute personne physique ou morale capable de coop\u00e9rer pour atteindre l\u2019objectif de l\u2019\u0153uvre. La personne qui d\u00e9sire devenir membre de CONCERTATION doit s\u2019inscrire en une circonscription, dans une ou plusieurs des typologies de membres de l\u2019\u0153uvre : AF Adultes du genre F\u00e9minin ; AM Adultes du genre Masculin ; MF Mineures du genre F\u00e9minin ; MM Mineures du genre Masculin ; PA Personnes Ag\u00e9es ; PH Personnes Handicap\u00e9es ; PM Personnes Morales. La personne mineure est introduite par qui prend la responsabilit\u00e9 d\u2019assurer les frais de sa garde.<\/p>\n","protected":false},"author":4,"featured_media":0,"parent":0,"menu_order":0,"comment_status":"closed","ping_status":"closed","template":"","meta":{"_kadence_starter_templates_imported_post":false,"footnotes":""},"_links":{"self":[{"href":"https:\/\/kocke-237.de\/concertation\/wp-json\/wp\/v2\/pages\/375"}],"collection":[{"href":"https:\/\/kocke-237.de\/concertation\/wp-json\/wp\/v2\/pages"}],"about":[{"href":"https:\/\/kocke-237.de\/concertation\/wp-json\/wp\/v2\/types\/page"}],"author":[{"embeddable":true,"href":"https:\/\/kocke-237.de\/concertation\/wp-json\/wp\/v2\/users\/4"}],"replies":[{"embeddable":true,"href":"https:\/\/kocke-237.de\/concertation\/wp-json\/wp\/v2\/comments?post=375"}],"version-history":[{"count":3,"href":"https:\/\/kocke-237.de\/concertation\/wp-json\/wp\/v2\/pages\/375\/revisions"}],"predecessor-version":[{"id":394,"href":"https:\/\/kocke-237.de\/concertation\/wp-json\/wp\/v2\/pages\/375\/revisions\/394"}],"wp:attachment":[{"href":"https:\/\/kocke-237.de\/concertation\/wp-json\/wp\/v2\/media?parent=375"}],"curies":[{"name":"wp","href":"https:\/\/api.w.org\/{rel}","templated":true}]}}