{"id":380,"date":"2023-08-21T07:09:06","date_gmt":"2023-08-21T05:09:06","guid":{"rendered":"https:\/\/kocke-237.de\/concertation\/?page_id=380"},"modified":"2023-08-21T18:07:10","modified_gmt":"2023-08-21T16:07:10","slug":"insription","status":"publish","type":"page","link":"https:\/\/kocke-237.de\/concertation\/insription\/","title":{"rendered":""},"content":{"rendered":"\n<div id=\"inscription\" style=\"border-radius: 20px;background-color: #F2DBDB\">\n    <p style=\"text-align: center;font-weight: bold\">Inscription \u00e0 CONCERTATION<\/p>\n    <p id=\"inscriptionp1\">\n      <b>Territoire.<\/b> De l\u2019autonomie de la <a style=\"color: #0070C0\" href=\"https:\/\/kocke-237.de\/concertation\/substance\/#substancep1\">circonscription<\/a>, les inscriptions sont g\u00e9r\u00e9es par cette derni\u00e8re qui transmet au bureau permanent de gestion de l\u2019\u0153uvre les informations.\n    <\/p>\n    <p id=\"inscriptionp2\">\n       <b> Validit\u00e9.<\/b> Les inscriptions sont valables du 01 janvier au 31 d\u00e9cembre de l\u2019ann\u00e9e. Des d\u00e9rogations sont permises en cas de \n        lancement d\u2019une <a style=\"color: #0070C0\" href=\"https:\/\/kocke-237.de\/concertation\/substance\/#substancep1\">circonscription<\/a> et d\u2019inscriptions en cours d\u2019ann\u00e9e. Chaque ann\u00e9e du 16 au 31 d\u00e9cembre, <a style=\"color: #0070C0\" href=\"https:\/\/kocke-237.de\/concertation\/membre\/#membre\">les membres<\/a> doivent \n        renouveler leurs inscriptions : pass\u00e9 ce d\u00e9lai sans renouvellement pour un membre ce dernier ne figurera pas sur la liste \n        actualis\u00e9e de l\u2019\u0153uvre au 01 janvier. La validit\u00e9 d\u2019une carte d\u2019inscription se v\u00e9rifie aupr\u00e8s du bureau permanent de gestion \n        de l\u2019\u0153uvre.\n    <\/p>\n    <p id=\"inscriptionp3\">\n       <b> Prix.<\/b> De son autonomie, chaque <a style=\"color: #0070C0\" href=\"https:\/\/kocke-237.de\/concertation\/substance\/#substancep1\">circonscription<\/a> fixe son prix d\u2019inscription. Mais des normes standard sont \u00e0 respecter :\n    <\/p>\n    <p>\n        <ul>\n            <li id=\"inscriptionp3a\">\n                Les prix d\u2019inscription ainsi que de l\u2019attribution du march\u00e9 de r\u00e9alisation de cartes sont d\u00e9battus tous les ans entre les 01 et \n                14 d\u00e9cembre puis publi\u00e9s le 15 d\u00e9cembre sauf en cas de d\u00e9rogation de lancement ;\n            <\/li>\n            <li id=\"inscriptionp3b\">Les mineurs payeront moins que les adultes ;<\/li>\n            <li id=\"inscriptionp3c\">Du prix d\u2019une inscription, une partie est pour la r\u00e9alisation de la carte et l\u2019autre pour le soutien du fonctionnement de <a style=\"color: #0070C0\" href=\"https:\/\/kocke-237.de\/concertation\/#lg\">CONCERTATION<\/a>.<\/li>\n        <\/ul>\n    <\/p>\n    <p id=\"inscriptionp4\">\n        <b> Avantage.<\/b> Une carte d\u2019inscription valide est la preuve de qualit\u00e9 de membre de <a style=\"color: #0070C0\" href=\"https:\/\/kocke-237.de\/concertation\/#lg\">CONCERTATION<\/a>. Sur sa simple pr\u00e9sentation son titulaire b\u00e9n\u00e9ficie en \n        toute <a style=\"color: #0070C0\" href=\"https:\/\/kocke-237.de\/concertation\/substance\/#substancep1\">circonscription<\/a> des avantages de <a style=\"color: #0070C0\" href=\"https:\/\/kocke-237.de\/concertation\/membre\/#membre\">membre<\/a>.\n    <\/p>\n<\/div>\n<div style=\"text-align: center\">\n    <a href=\"https:\/\/kocke-237.de\/concertation\/#bouton\"><img decoding=\"async\" src=\"http:\/\/kocke-237.de\/concertation\/wp-content\/uploads\/sites\/6\/2023\/08\/icons-retour.png\" alt=\"\"><\/a>\n<\/div>\n","protected":false},"excerpt":{"rendered":"<p>Inscription \u00e0 CONCERTATION Territoire. De l\u2019autonomie de la circonscription, les inscriptions sont g\u00e9r\u00e9es par cette derni\u00e8re qui transmet au bureau permanent de gestion de l\u2019\u0153uvre les informations. Validit\u00e9. Les inscriptions sont valables du 01 janvier au 31 d\u00e9cembre de l\u2019ann\u00e9e. Des d\u00e9rogations sont permises en cas de lancement d\u2019une circonscription et d\u2019inscriptions en cours d\u2019ann\u00e9e. Chaque ann\u00e9e du 16 au 31 d\u00e9cembre, les membres doivent renouveler leurs inscriptions : pass\u00e9 ce d\u00e9lai sans renouvellement pour un membre ce dernier ne figurera pas sur la liste actualis\u00e9e de l\u2019\u0153uvre au 01 janvier. La validit\u00e9 d\u2019une carte d\u2019inscription se v\u00e9rifie aupr\u00e8s du &hellip; <\/p>\n","protected":false},"author":4,"featured_media":0,"parent":0,"menu_order":0,"comment_status":"closed","ping_status":"closed","template":"","meta":{"_kadence_starter_templates_imported_post":false,"footnotes":""},"_links":{"self":[{"href":"https:\/\/kocke-237.de\/concertation\/wp-json\/wp\/v2\/pages\/380"}],"collection":[{"href":"https:\/\/kocke-237.de\/concertation\/wp-json\/wp\/v2\/pages"}],"about":[{"href":"https:\/\/kocke-237.de\/concertation\/wp-json\/wp\/v2\/types\/page"}],"author":[{"embeddable":true,"href":"https:\/\/kocke-237.de\/concertation\/wp-json\/wp\/v2\/users\/4"}],"replies":[{"embeddable":true,"href":"https:\/\/kocke-237.de\/concertation\/wp-json\/wp\/v2\/comments?post=380"}],"version-history":[{"count":3,"href":"https:\/\/kocke-237.de\/concertation\/wp-json\/wp\/v2\/pages\/380\/revisions"}],"predecessor-version":[{"id":395,"href":"https:\/\/kocke-237.de\/concertation\/wp-json\/wp\/v2\/pages\/380\/revisions\/395"}],"wp:attachment":[{"href":"https:\/\/kocke-237.de\/concertation\/wp-json\/wp\/v2\/media?parent=380"}],"curies":[{"name":"wp","href":"https:\/\/api.w.org\/{rel}","templated":true}]}}