{"id":188,"date":"2021-09-16T21:06:08","date_gmt":"2021-09-16T19:06:08","guid":{"rendered":"http:\/\/kocke-237.de\/les-mekam-tabiegaing\/?page_id=188"},"modified":"2023-09-10T14:54:57","modified_gmt":"2023-09-10T12:54:57","slug":"jkmt6-202109160654","status":"publish","type":"page","link":"https:\/\/kocke-237.de\/les-mekam-tabiegaing\/jkmt6-202109160654\/","title":{"rendered":"Pr\u00e9sentation-JKMT6"},"content":{"rendered":"\n<div class=\"wp-block-columns has-text-color is-layout-flex wp-container-2 wp-block-columns-is-layout-flex\" style=\"color:#15055c\">\n<div class=\"wp-block-column is-layout-flow wp-block-column-is-layout-flow\" style=\"flex-basis:100%\">\n<section class=\"presentationjkmt6\">\n    <p id=\"P'JKMT6\" style=\"background-color: blue;font-size: 36px;font-weight: bold;text-align: center;color: #FFFF00\">\n        <i><a style=\"color: #FFFF00\" href=\"#Cv\">Jean KOUAM<\/a> <a style=\"color: #FFFF00\" href=\"https:\/\/kocke-237.de\/les-mekam-tabiegaing\/nos-textes\/#id-chap1-a1.1\">Mekam Tabiegaing 6<\/a><\/i> <br> <b style=\"background-color: blue;font-size: 10px;color: white;text-align: center\"><a style=\"color: white\" href=\"#texte.p6\">Sommaire<\/a><\/b>\n    <\/p>\n    \n    <div id=\"pratique\">\n        <p style=\"background-color: #FDE9D9;color: #00B0F0;font-weight: bold\">\n            La pratique de ses convictions, l\u2019a {<a style=\"color: #00B0F0\" href=\"https:\/\/kocke-237.de\/les-mekam-tabiegaing\/jkmt6-202109160654\/#Cv\">Jean KOUAM<\/a> <a style=\"color: #00B0F0\" href=\"https:\/\/kocke-237.de\/les-mekam-tabiegaing\/nos-textes\/#id-chap1-a1.1\">Mekam Tabiegaing<\/a> <a style=\"color: #00B0F0\" href=\"#texte.p6\">6<\/a> (<a style=\"color: #00B0F0\" href=\"https:\/\/kocke-237.de\/les-mekam-tabiegaing\/jkmt6-202109160654\/#Cv\">JK<\/a> <a style=\"color: #00B0F0\" href=\"https:\/\/kocke-237.de\/les-mekam-tabiegaing\/nos-textes\/#id-chap1-a1.1\">MT<\/a> <a style=\"color: #00B0F0\" href=\"#texte.p6\">6<\/a>)} emmen\u00e9 \u00e0 initier \n            et \u00e0 promouvoir des organisations de la soci\u00e9t\u00e9 civile, mais aussi \u00e0 forger un style de communication par clics d\u2019exemple ci-dessous :\n        <\/p>\n    <\/div>\n\n    <table align=\"center\" style=\"text-align: center;background-color: yellow\">\n        <tr>\n            <td><a style=\"color: blue\" href=\"https:\/\/kocke-237.de\/concertation\/epi\/#data.clics\">Ic\u00f4nes d\u2019assaut et autres prouesses<\/a><\/td>\n            <td><a style=\"color: blue\" href=\"https:\/\/kocke-237.de\/concertation\/epi\/#data\">Aller aux rubriques d\u2019expression data<\/a><\/td>\n        <\/tr>\n    <\/table>\n\n    <div style=\"background-color: #FDE9D9;color: #00B0F0;font-weight: bold\">\n        <p id=\"social\">\n            Epris du social, <a style=\"color: #00B0F0\" href=\"https:\/\/kocke-237.de\/les-mekam-tabiegaing\/jkmt6-202109160654\/#Cv\">Jean KOUAM<\/a> aime la transparence ; la libert\u00e9 ; et la d\u00e9mocratie, pr\u00f4nant en une politique dite \u00ab\u00a0<a style=\"color: #00B0F0\" href=\"#leitmotivp1\">Mieux socialiser<\/a>\u00ab\u00a0, le <a style=\"color: #00B0F0\" href=\"https:\/\/kocke-237.de\/les-mekam-tabiegaing\/jkmt6-202109160654\/#cosmopolitisme\">cosmopolitisme<\/a> et la \n            <a style=\"color: #00B0F0\" href=\"https:\/\/kocke-237.de\/les-mekam-tabiegaing\/jkmt6-202109160654\/#copropriete\">copropri\u00e9t\u00e9<\/a> sur <a style=\"color: #00B0F0\" href=\"https:\/\/www.google.com\/search?q=baux+emphyt\u00e9otiques&amp;oq=baux+&amp;aqs=chrome.2.69i57j0l3j46.20434j0j4&amp;client=ms-android-transsion-tecno-rev1&amp;sourceid=chrome-mobile&amp;ie=UTF-8#bsht=CgVic2hocBIECAMwAg\">baux fonciers emphyt\u00e9otiques<\/a>. Il est adepte de la <a style=\"color: #00B0F0\" href=\"https:\/\/kocke-237.de\/les-mekam-tabiegaing\/tds\/#tds\">tradition de supports<\/a>.\n        <\/p>\n        <p id=\"p4\">\n            <a style=\"color: #00B0F0\" href=\"https:\/\/kocke-237.de\/les-mekam-tabiegaing\/jkmt6-202109160654\/#Cv\">Jean KOUAM<\/a> <a style=\"color: #00B0F0\" href=\"https:\/\/kocke-237.de\/les-mekam-tabiegaing\/nos-textes\/#id-chap1-a1.1\">Mekam Tabiegaing<\/a> <a style=\"color: #00B0F0\" href=\"#texte.p6\">6<\/a>, exhorte comme plus important r\u00f4le de la vie, la tenue de toutes ses capacit\u00e9s, \u00e0 prot\u00e9ger et \u00e0 contribuer en sa plus lumineuse mani\u00e8re, aux <a style=\"color: #00B0F0\" href=\"https:\/\/www.google.com\/search?q=archives&amp;oq=arc&amp;aqs=chrome.1.69i57j35i39j0l3.4085j0j4&amp;client=ms-android-transsion-tecno-rev1&amp;sourceid=chrome-mobile&amp;ie=UTF-8\">archives<\/a>. \n            Il est convaincu que le plus grand tr\u00e9sor est une <a style=\"color: #00B0F0\" href=\"https:\/\/www.google.com\/search?q=histoire&amp;oq=histoire&amp;aqs=chrome..69i57j0l4.17547j0j7&amp;client=ms-android-transsion-tecno-rev1&amp;sourceid=chrome-mobile&amp;ie=UTF-8\">histoire<\/a> av\u00e9r\u00e9e et, qu\u2019\u00eatre louable en une <a style=\"color: #00B0F0\" href=\"https:\/\/www.google.com\/search?q=histoire&amp;oq=histoire&amp;aqs=chrome..69i57j0l4.17547j0j7&amp;client=ms-android-transsion-tecno-rev1&amp;sourceid=chrome-mobile&amp;ie=UTF-8\">histoire <\/a>est r\u00e9compens\u00e9 par <a style=\"color: #00B0F0\" href=\"https:\/\/www.google.com\/search?q=Dieu&amp;oq=Dieu&amp;aqs=chrome..69i57j0l4.12951j0j7&amp;client=ms-android-transsion-tecno-rev1&amp;sourceid=chrome-mobile&amp;ie=UTF-8\">Dieu<\/a>.\n        <\/p>\n        <p id=\"p5\">\n            Depuis 1981, dans sa <a style=\"color: #00B0F0\" href=\"https:\/\/kocke-237.de\/les-mekam-tabiegaing\/jkmt6-202109160654\/#politique\">politique d\u2019administration de \u00ab\u00a0Les Mekam Tabiegaing\u00a0\u00bb<\/a>, en tant que son <a style=\"color: #00B0F0\" href=\"#texte.p6\">sixi\u00e8me Patriarche<\/a>, <a style=\"color: #00B0F0\" href=\"https:\/\/kocke-237.de\/les-mekam-tabiegaing\/jkmt6-202109160654\/#Cv\">Jean KOUAM<\/a> a d\u00e9di\u00e9 son r\u00e8gne \u00e0 la \u00ab\u00a0Tradition de supports\u00a0\u00bb.\n        <\/p>\n    <\/div>\n\n    \n    <div style=\"background-color: #548DD4;color: white;font-weight: bold\">\n        <p id=\"idees-sur-jkmt6\">\n            Pour se faire une id\u00e9e de <a style=\"color: white\" href=\"https:\/\/kocke-237.de\/les-mekam-tabiegaing\/jkmt6-202109160654\/#Cv\">Jean KOUAM<\/a> \u00e0 partir de ses actes quotidiens, le pr\u00e9sent support \u00e9clairci sa <a style=\"color: white\" href=\"https:\/\/kocke-237.de\/les-mekam-tabiegaing\/jkmt6-202109160654\/#politique\">politique en tant que Mekam Tabiegaing 6, sur la gestion \n            de la Dynastie KOCKE dite \u00ab\u00a0Les Mekam Tabiegaing\u00a0\u00bb, en son si\u00e8ge social<\/a>.\n        <\/p>\n        <p id=\"contre-morcellements\">\n            Y ayant rencontr\u00e9 plusieurs groupes de Propri\u00e9taires foncier au <a style=\"color: white\" href=\"https:\/\/kocke-237.de\/les-mekam-tabiegaing\/#lg\">si\u00e8ge social de \u00ab\u00a0Les Mekam Tabiegaing\u00a0\u00bb<\/a>, <a style=\"color: white\" href=\"#texte.p6\">Mekam Tabiegaing 6<\/a> est contre de nouveaux <a style=\"color: white\" href=\"https:\/\/www.google.com\/search?q=morcellement+de+terrain&amp;oq=morce&amp;aqs=chrome.2.69i57j0l4.19286j0j7&amp;client=ms-android-transsion-tecno-rev1&amp;sourceid=chrome-mobile&amp;ie=UTF-8\">morcellements<\/a> et, est pour les <a style=\"color: white\" href=\"https:\/\/kocke-237.de\/les-mekam-tabiegaing\/jkmt6-202109160654\/#copropriete\">copropri\u00e9t\u00e9s<\/a> sur \n            <a style=\"color: white\" href=\"https:\/\/www.google.com\/search?q=baux+emphyt\u00e9otiques&amp;oq=baux+&amp;aqs=chrome.2.69i57j0l3j46.20434j0j4&amp;client=ms-android-transsion-tecno-rev1&amp;sourceid=chrome-mobile&amp;ie=UTF-8#bsht=CgVic2hocBIECAMwAg\">baux fonciers emphyt\u00e9otiques<\/a>.\n        <\/p>\n    <\/div>\n\n    <div style=\"background-color: yellow\" id=\"politique\">\n        <p style=\"text-align: center;color: white;font-size: 30px;background-size: auto;background-color: blue\">\n            La politique de <a style=\"color: #FFF\" href=\"https:\/\/kocke-237.de\/les-mekam-tabiegaing\/nos-textes\/#id-chap1-a1.1\">Mekam Tabiegaing<\/a> <a style=\"color: #FFF\" href=\"#texte.p6\">6<\/a>, s\u2019appuie sur deux mots : <br>\n            <\/p><p style=\"background-color: none;color: red;text-align: center;font-size: 30px;font-weight: bold\">\n                <i><a style=\"color: red\" href=\"#cosmopolitisme\">Cosmopolitisme<\/a> &amp;; <a style=\"color: red\" href=\"#copropriete\">Copropri\u00e9t\u00e9<\/a><\/i>\n            <\/p>\n        <p><\/p>\n        <div style=\"background-color: black\">\n            <p style=\"color: white\" id=\"mots-magiques\">\n                Des mots magiques, \u00ab\u00a0<a style=\"color: white\" href=\"#cosmopolitisme\">Cosmopolitisme<\/a>\u00a0\u00bb &amp;; \u00ab\u00a0<a style=\"color: white\" href=\"#copropriete\">Copropri\u00e9t\u00e9<\/a>\u00ab\u00a0, l\u2019abracadabra de <a style=\"color: #FFF\" href=\"https:\/\/kocke-237.de\/les-mekam-tabiegaing\/nos-textes\/#id-chap1-a1.1\">Mekam Tabiegaing<\/a> <a style=\"color: #FFF\" href=\"#texte.p6\">6<\/a> y entend \u00ab\u00a0Bien\u00a0\u00bb. <\/p>\n            <p id=\"bien\" style=\"color: white\"> \u00ab\u00a0<a style=\"color: white\" href=\"https:\/\/www.google.com\/search?q=bien&amp;oq=bie&amp;aqs=chrome.4.69i57j0l4.13859j0j4&amp;client=ms-android-transsion-tecno-rev1&amp;sourceid=chrome-mobile&amp;ie=UTF-8\">Bien<\/a>\u00ab\u00a0, synonyme de propri\u00e9t\u00e9 dite de tout ce qui peut \u00eatre, appartenant \u00e0 plusieurs personnes ayant pris conscience de sa gestion collective.<\/p>\n        <\/div>\n    <\/div>\n    <div>\n        <div id=\"texte.p6\" style=\"font-size: 20px;background-color: #0ef417;color: #0070C0;font-weight: bold;text-align: center\">\n            D\u2019id\u00e9es <a style=\"color: #0070C0\" href=\"https:\/\/www.google.com\/search?q=pertinent+def&amp;oq=pertinent&amp;aqs=chrome.2.69i57j0l4.83119j1j4&amp;client=ms-android-transsion-tecno-rev1&amp;sourceid=chrome-mobile&amp;ie=UTF-8\">pertinentes<\/a> et rien que d\u2019elles, <a style=\"color: #0070C0\" href=\"https:\/\/kocke-237.de\/les-mekam-tabiegaing\/nos-textes\/#reglementchap2a2.4\">envisager<\/a> <a style=\"color: #0070C0\" href=\"https:\/\/www.google.com\/search?q=tout&amp;oq=tout&amp;aqs=chrome.0.69i59j0l4.10977j1j9&amp;client=ms-android-transsion-tecno-rev1&amp;sourceid=chrome-mobile&amp;ie=UTF-8\">tout<\/a> :\n        <\/div>\n        <div style=\"font-size: 20px;background-color: red;color: yellow;font-weight: bold;text-align: center\">\n            Non \u00e0 l\u2019<a style=\"color: yellow\" href=\"https:\/\/www.google.com\/search?q=obscurantisme+def&amp;oq=obscu&amp;aqs=chrome.4.69i57j0l4.25844j0j4&amp;client=ms-android-transsion-tecno-rev1&amp;sourceid=chrome-mobile&amp;ie=UTF-8\">obscurantisme<\/a>, encore plus \u00e0 l\u2019<a style=\"color: yellow\" href=\"https:\/\/www.google.com\/search?q=imbroglio+def&amp;oq=imbr&amp;aqs=chrome.1.69i57j0l4.14840j0j4&amp;client=ms-android-transsion-tecno-rev1&amp;sourceid=chrome-mobile&amp;ie=UTF-8\">imbroglio<\/a>.\n        <\/div>      \n    <\/div>\n    <div style=\"color: #0070C0;background-color: yellow\" id=\"sommaire\">\n       <h4 style=\"text-align: center\">Sommaire sur <a style=\"color: #0070C0\" href=\"#Cv\">Jean KOUAM<\/a> <a style=\"color: #0070C0\" href=\"https:\/\/kocke-237.de\/les-mekam-tabiegaing\/nos-textes\/#id-chap1-a1.1\">Mekam Tabiegaing<\/a> <a style=\"color: #0070C0\" href=\"https:\/\/kocke-237.de\/les-mekam-tabiegaing\/nos-textes\/#id-chap1-a1.1\">6<\/a><\/h4>\n       <div>\n            <table style=\"border-spacing: 0px;border: none\" align=\"center\">\n                <tr>\n                    <td><a style=\"color: black\" href=\"https:\/\/kocke-237.de\/les-mekam-tabiegaing\/tds\/#tds\">Tradition de supports<\/a><\/td>\n                    <td><a style=\"color: black\" href=\"https:\/\/kocke-237.de\/les-mekam-tabiegaing\/mieux-socialiser\/#socialiser\">Mieux socialiser<\/a><\/td>\n                <\/tr>\n                <tr>\n                    <td><a style=\"color: black\" href=\"#pratique\">Pratique des convictions de JKMT6<\/a><\/td>\n                    <td><a style=\"color: black\" href=\"https:\/\/kocke-237.de\/les-mekam-tabiegaing\/cv\/#Cv\">Curriculum vitae de JKMT6<\/a><\/td>\n                <\/tr>\n                <tr>\n                    <td><a style=\"color: black\" href=\"#politique\">Politique de JKMT6<\/a><\/td>\n                    <td><a style=\"color: black\" href=\"https:\/\/kocke-237.de\/les-mekam-tabiegaing\/cv\/#photo\">Photo<\/a><\/td>\n                <\/tr>\n                <tr>\n                    <td><a style=\"color: black\" href=\"https:\/\/kocke-237.de\/les-mekam-tabiegaing\/leitmotiv\/#leitmotiv\">Leitmotiv de JKMT6<\/a><\/td>\n                    <td><a style=\"color: black\" href=\"https:\/\/kocke-237.de\/les-mekam-tabiegaing\/nos-textes\/#texte.p6\">Textes organiques<\/a><\/td>\n                <\/tr>\n                <tr>\n                    <td><a style=\"color: black\" href=\"https:\/\/kocke-237.de\/les-mekam-tabiegaing\/copropriete\/#copropriete\">Copropri\u00e9t\u00e9 sur baux emphyt\u00e9otiques<\/a><\/td>\n                    <td><a style=\"color: black\" href=\"https:\/\/kocke-237.de\/les-mekam-tabiegaing\/protocoles-daccords\/\">Protocoles fonciers<\/a><\/td>\n                <\/tr>\n            <\/table>\n        <\/div>\n    <\/div>\n<\/section>\n<\/div>\n<\/div>\n\n\n\n<p><\/p>\n","protected":false},"excerpt":{"rendered":"<p>Jean KOUAM Mekam Tabiegaing 6 Sommaire La pratique de ses convictions, l\u2019a {Jean KOUAM Mekam Tabiegaing 6 (JK MT 6)} emmen\u00e9 \u00e0 initier et \u00e0 promouvoir des organisations de la soci\u00e9t\u00e9 civile, mais aussi \u00e0 forger un style de communication par clics d\u2019exemple ci-dessous : Ic\u00f4nes d\u2019assaut et autres prouesses Aller aux rubriques d\u2019expression data Epris du social, Jean KOUAM aime la transparence ; la libert\u00e9 ; et la d\u00e9mocratie, pr\u00f4nant en une politique dite \u00ab\u00a0Mieux socialiser\u00ab\u00a0, le cosmopolitisme et la copropri\u00e9t\u00e9 sur baux fonciers emphyt\u00e9otiques. Il est adepte de la tradition de supports. Jean KOUAM Mekam Tabiegaing 6, exhorte &hellip; <\/p>\n","protected":false},"author":4,"featured_media":0,"parent":0,"menu_order":0,"comment_status":"closed","ping_status":"closed","template":"","meta":{"_kadence_starter_templates_imported_post":false,"footnotes":""},"_links":{"self":[{"href":"https:\/\/kocke-237.de\/les-mekam-tabiegaing\/wp-json\/wp\/v2\/pages\/188"}],"collection":[{"href":"https:\/\/kocke-237.de\/les-mekam-tabiegaing\/wp-json\/wp\/v2\/pages"}],"about":[{"href":"https:\/\/kocke-237.de\/les-mekam-tabiegaing\/wp-json\/wp\/v2\/types\/page"}],"author":[{"embeddable":true,"href":"https:\/\/kocke-237.de\/les-mekam-tabiegaing\/wp-json\/wp\/v2\/users\/4"}],"replies":[{"embeddable":true,"href":"https:\/\/kocke-237.de\/les-mekam-tabiegaing\/wp-json\/wp\/v2\/comments?post=188"}],"version-history":[{"count":77,"href":"https:\/\/kocke-237.de\/les-mekam-tabiegaing\/wp-json\/wp\/v2\/pages\/188\/revisions"}],"predecessor-version":[{"id":1004,"href":"https:\/\/kocke-237.de\/les-mekam-tabiegaing\/wp-json\/wp\/v2\/pages\/188\/revisions\/1004"}],"wp:attachment":[{"href":"https:\/\/kocke-237.de\/les-mekam-tabiegaing\/wp-json\/wp\/v2\/media?parent=188"}],"curies":[{"name":"wp","href":"https:\/\/api.w.org\/{rel}","templated":true}]}}