{"id":271,"date":"2022-06-25T19:54:28","date_gmt":"2022-06-25T17:54:28","guid":{"rendered":"http:\/\/kocke-237.de\/les-mekam-tabiegaing\/?page_id=271"},"modified":"2023-09-10T06:38:44","modified_gmt":"2023-09-10T04:38:44","slug":"accueil","status":"publish","type":"page","link":"https:\/\/kocke-237.de\/les-mekam-tabiegaing\/","title":{"rendered":"Optimisation des humains"},"content":{"rendered":"\n<section id=\"accueil\" class=\"sitelmt\" style=\"margin: auto;color: #0070C0\">\n    \n    <div id=\"bouton1\" style=\"text-align: center\">\n        <div style=\"text-align: center\">\n            <button style=\"width: 220px;border-radius: 15px;background-color: #E2EFD9;color: #0070C0;font-weight: bold\"><a style=\"color: #0070C0\" href=\"https:\/\/kocke-237.de\/les-mekam-tabiegaing\/#lg\">OSC<\/a> via <a style=\"color: #0070C0\" href=\"https:\/\/kocke-237.de\/concertation\/\">OSP<\/a><\/button>\n            <a href=\"#p1\"><button style=\"width: 150px;border-radius: 15px;background-color: #DAEEF3;color: #0070C0;font-weight: bold\">Fondement<\/button><\/a>\n            <a href=\"#p2\"><button style=\"width: 150px;border-radius: 15px;background-color: #DAEEF3;color: #0070C0;font-weight: bold\">Mission<\/button><\/a>\n        <\/div>\n        <div style=\"text-align: center\">\n            <a href=\"#contact\"><button style=\"width: 190px;border-radius: 15px;background-color: orange;color: #0070C0;font-weight: bold\">S\u2019en convaincre<\/button><\/a>\n        <\/div>\n    <\/div>\n\n    <div style=\"background-color: #85F16B;border-radius: 15px\">\n        <p id=\"p1\">\n            La Dynastie KOCKE dite \u00ab\u00a0<a style=\"color: #0070C0\" href=\"https:\/\/kocke-237.de\/les-mekam-tabiegaing\/idees-directrices\/#id-chap1-a1.2\">Les Mekam Tabiegaing<\/a>\u00ab\u00a0, est une Organisation de la Soci\u00e9t\u00e9 Civile (OSC), fond\u00e9e en 1781 sur l\u2019entendement la <a style=\"color: #0070C0\" href=\"https:\/\/kocke-237.de\/udb\/loi-90-053\/#titre\">loi r\u00e9gissant les Associations<\/a> de son pays d\u2019origine, qui a opt\u00e9 depuis 2006 d\u2019\u00eatre sous le couvert juridique de l\u2019\u0153uvre sociale d\u00e9nomm\u00e9e <a style=\"color: #0070C0\" href=\"https:\/\/kocke-237.de\/concertation\/#lg\">CONCERTATION<\/a>.\n        <\/p>\n    <\/div>\n\n    <div style=\"background-color: #85F16B;color: red;border-radius: 15px\">\n        <p id=\"p2\">\n            Se voulant <a style=\"color: red\" href=\"https:\/\/kocke-237.de\/concertation\/proposition\/#propositionp1\">nouvelle forme de famille<\/a>, la Dynastie KOCKE dite \u00ab\u00a0<a style=\"color: red\" href=\"https:\/\/kocke-237.de\/les-mekam-tabiegaing\/#lg\">Les Mekam Tabiegaing<\/a>\u00ab\u00a0, le cinqui\u00e8me pl\u00e9nipotentiaire de <a style=\"color: red\" href=\"https:\/\/kocke-237.de\/les-mekam-tabiegaing\/idees-directrices\/#id-chap2-a2.1\">KOCKE<\/a> en la personne de <a style=\"color: red\" href=\"https:\/\/kocke-237.de\/les-mekam-tabiegaing\/idees-directrices\/#id-chap1-a1.1\">Mekam Tabiegaing<\/a> <a style=\"color: red\" href=\"https:\/\/kocke-237.de\/les-mekam-tabiegaing\/jkmt6-202109160654\/#sommaire\">6<\/a>, y a le <a style=\"color: red\" href=\"https:\/\/kocke-237.de\/#gestionp1\">18 octobre 2020<\/a>, \u00e9tabli <a style=\"color: red\" href=\"https:\/\/kocke-237.de\/les-mekam-tabiegaing\/tds\/#tds\">la tradition de supports<\/a> : <a style=\"color: red\" href=\"https:\/\/kocke-237.de\/les-mekam-tabiegaing\/base-des-repertoires\/#repertoireart5\">le fonctionnement par r\u00e9f\u00e9rences av\u00e9r\u00e9es<\/a>.\n        <\/p>\n    <\/div>\n    \n    <p style=\"text-align: center\" id=\"lg\"><img decoding=\"async\" width=\"250\" src=\"http:\/\/kocke-237.de\/les-mekam-tabiegaing\/wp-content\/uploads\/sites\/5\/2021\/08\/image.png\" alt=\"Logo\"><\/p>\n    <div id=\"contact\" style=\"border-radius: 20px;background-color: orange\">\n        <p style=\"color: white;text-align: center;font-weight: bold\">\n            <a style=\"color: white\" href=\"https:\/\/kocke-237.de\/udb\/loi-90-053\/#titre\">OSC<\/a> de fait, sous <a style=\"color: white\" href=\"https:\/\/kocke-237.de\/concertation\/decret\/#decret-77\/495\">le couvert juridique<\/a> de l\u2019\u0153uvre d\u00e9nomm\u00e9e <a style=\"color: white\" href=\"https:\/\/kocke-237.de\/concertation\/#lg\">CONCERTATION<\/a>\n        <\/p>\n    <\/div>\n    \n    <div id=\"bouton\" style=\"text-align: center\">\n        <div>\n            <a href=\"#vivre-ensemble\"><button style=\"width: 200px;border-radius: 15px;background-color: #DAEEF3;color: #0070C0;font-weight: bold;font-size: 18px\">Vivre-ensemble<\/button><\/a>\n            <a href=\"https:\/\/kocke-237.de\/les-mekam-tabiegaing\/democratie\/#democratie\"><button style=\"width: 175px;border-radius: 15px;background-color: #FDE9D9;color: #0070C0;font-weight: bold;font-size: 18px\">D\u00e9mocratie<\/button><\/a>\n            <a href=\"https:\/\/kocke-237.de\/les-mekam-tabiegaing\/genese\/#genese\"><button style=\"width: 175px;border-radius: 15px;background-color: #DAEEF3;color: #0070C0;font-weight: bold;font-size: 18px\">Gen\u00e8se<\/button><\/a>\n        <\/div>\n        <div>\n            <a href=\"https:\/\/kocke-237.de\/les-mekam-tabiegaing\/attachaement\/#attachement\"><button style=\"width: 175pxpx;border-radius: 15px;background-color:#FDE9D9;color: #0070C0;font-weight: bold;font-size: 18px\">Attachements<\/button><\/a>\n            <a href=\"https:\/\/kocke-237.de\/les-mekam-tabiegaing\/objectif\/#objectif\"><button style=\"width: 175px;border-radius: 15px;background-color: #DAEEF3;color: #0070C0;font-weight: bold;font-size: 18px\">Objectif<\/button><\/a>\n            <a href=\"https:\/\/kocke-237.de\/les-mekam-tabiegaing\/intervention\/#intervention\"><button style=\"width: 175px;border-radius: 15px;background-color: #FDE9D9;color: #0070C0;font-weight: bold;font-size: 18px\">Intervention<\/button><\/a>\n        <\/div>\n    <\/div>\n\n    <div style=\"text-align: center\">\n        <a style=\"color: yellow\" href=\"https:\/\/kocke-237.de\/#lg\"><button style=\"background-color: blue;color: yellow;font-weight: bold;width: 200px;border-radius: 15px;font-size: 20px\">Domicile l\u00e9gal<\/button><\/a>\n        <a style=\"color: yellow\" href=\"https:\/\/kocke-237.de\/deploiement\/\"><button style=\"background-color: blue;color: yellow;font-weight: bold;width: 200px;border-radius: 15px;font-size: 20px\">D\u00e9ploiement<\/button><\/a>\n        <a style=\"color: yellow\" href=\"https:\/\/kocke-237.de\/les-mekam-tabiegaing\/disponibilite\/#disponibilitep1\"><button style=\"background-color: blue;color: yellow;font-weight: bold;width: 200px;border-radius: 15px;font-size: 20px\">T\u00e9l\u00e9coms<\/button><\/a>\n    <\/div>\n\n    <section class=\"section1pageacceuil\" style=\"color: #0070C0\">\n\n        <div id=\"vivre-ensemble\" style=\"background-color: #DAEEF3;border-radius: 20px\">\n            <h3 style=\"font-size: 20px;text-align: center;font-weight: bold\">Vivre-ensemble<\/h3>\n            <p id=\"vivre-ensemblep1\">\n                Pour son <a style=\"color: #0070C0\" href=\"https:\/\/kocke-237.de\/les-mekam-tabiegaing\/objectif\/#objectif\">objectif<\/a>, la Dynastie KOCKE dite \u00ab\u00a0Les Mekam Tabiegaing\u00a0\u00bb, en tant qu\u2019<a style=\"color: #0070C0\" href=\"https:\/\/kocke-237.de\/udb\/loi-90-053\/#titre\">Organisation de la Soci\u00e9t\u00e9 Civile (OSC)<\/a>, donne tout ce qu\u2019elle peut, <a style=\"color: #0070C0\" href=\"https:\/\/kocke-237.de\/les-mekam-tabiegaing\/jkmt6-202109160654\/#cosmopolitisme\">pour rassembler les Hommes<\/a> \u00e0 la promotion perp\u00e9tuelle du d\u00e9veloppement : s\u2019accepter sans discrimination ; formation pour tous ; et, travail pour tous.\n            <\/p>\n        <\/div>\n<\/section>\n<div style=\"text-align: center\">\n    <a href=\"#bouton\"><img decoding=\"async\" src=\"http:\/\/kocke-237.de\/concertation\/wp-content\/uploads\/sites\/6\/2023\/08\/icons-haut.png\" alt=\"\"><\/a>\n<\/div>\n","protected":false},"excerpt":{"rendered":"<p>OSC via OSP Fondement Mission S\u2019en convaincre La Dynastie KOCKE dite \u00ab\u00a0Les Mekam Tabiegaing\u00ab\u00a0, est une Organisation de la Soci\u00e9t\u00e9 Civile (OSC), fond\u00e9e en 1781 sur l\u2019entendement la loi r\u00e9gissant les Associations de son pays d\u2019origine, qui a opt\u00e9 depuis 2006 d\u2019\u00eatre sous le couvert juridique de l\u2019\u0153uvre sociale d\u00e9nomm\u00e9e CONCERTATION. Se voulant nouvelle forme de famille, la Dynastie KOCKE dite \u00ab\u00a0Les Mekam Tabiegaing\u00ab\u00a0, le cinqui\u00e8me pl\u00e9nipotentiaire de KOCKE en la personne de Mekam Tabiegaing 6, y a le 18 octobre 2020, \u00e9tabli la tradition de supports : le fonctionnement par r\u00e9f\u00e9rences av\u00e9r\u00e9es. OSC de fait, sous le couvert juridique &hellip; <\/p>\n","protected":false},"author":4,"featured_media":0,"parent":0,"menu_order":0,"comment_status":"closed","ping_status":"closed","template":"","meta":{"_kadence_starter_templates_imported_post":false,"footnotes":""},"_links":{"self":[{"href":"https:\/\/kocke-237.de\/les-mekam-tabiegaing\/wp-json\/wp\/v2\/pages\/271"}],"collection":[{"href":"https:\/\/kocke-237.de\/les-mekam-tabiegaing\/wp-json\/wp\/v2\/pages"}],"about":[{"href":"https:\/\/kocke-237.de\/les-mekam-tabiegaing\/wp-json\/wp\/v2\/types\/page"}],"author":[{"embeddable":true,"href":"https:\/\/kocke-237.de\/les-mekam-tabiegaing\/wp-json\/wp\/v2\/users\/4"}],"replies":[{"embeddable":true,"href":"https:\/\/kocke-237.de\/les-mekam-tabiegaing\/wp-json\/wp\/v2\/comments?post=271"}],"version-history":[{"count":96,"href":"https:\/\/kocke-237.de\/les-mekam-tabiegaing\/wp-json\/wp\/v2\/pages\/271\/revisions"}],"predecessor-version":[{"id":1002,"href":"https:\/\/kocke-237.de\/les-mekam-tabiegaing\/wp-json\/wp\/v2\/pages\/271\/revisions\/1002"}],"wp:attachment":[{"href":"https:\/\/kocke-237.de\/les-mekam-tabiegaing\/wp-json\/wp\/v2\/media?parent=271"}],"curies":[{"name":"wp","href":"https:\/\/api.w.org\/{rel}","templated":true}]}}