{"id":367,"date":"2022-07-10T19:09:34","date_gmt":"2022-07-10T17:09:34","guid":{"rendered":"https:\/\/kocke-237.de\/les-mekam-tabiegaing\/?page_id=367"},"modified":"2023-09-10T15:45:38","modified_gmt":"2023-09-10T13:45:38","slug":"nos-textes","status":"publish","type":"page","link":"https:\/\/kocke-237.de\/les-mekam-tabiegaing\/nos-textes\/","title":{"rendered":"Textes organiques"},"content":{"rendered":"\n<section>\n    \n    <div style=\"text-align: center\">\n        <div id=\"bouton\">\n            <a href=\"#texte.p1\"><button style=\"width: 250px;border-radius: 15px;background-color: #FDE9D9;color: #0070C0;font-weight: bold;font-size: 17px\">Administration<\/button><\/a>\n            <a href=\"#texte.p2\"><button style=\"width: 250px;border-radius: 15px;background-color: #DAEEF3;color: #0070C0;font-weight: bold;font-size: 17px\">Validation<\/button><\/a>\n        <\/div>\n        <div>\n            <a href=\"#texte.p3\"><button style=\"width: 250px;border-radius: 15px;background-color: #DAEEF3;color: #0070C0;font-weight: bold;font-size: 17px\">Clics<\/button><\/a>\n            <a href=\"#texte.p4\"><button style=\"width: 250px;border-radius: 15px;background-color: #FDE9D9;color: #0070C0;font-weight: bold;font-size: 17px\">Publication<\/button><\/a>\n        <\/div>\n        <div>\n            <a href=\"#texte.p5\"><button style=\"width: 300px;border-radius: 15px;background-color: #FDE9D9;color: #0070C0;font-weight: bold;font-size: 16px\">Attachements et communication<\/button><\/a>\n            <a href=\"#texte.p6\"><button style=\"width: 250px;border-radius: 15px;background-color: #DAEEF3;color: #0070C0;font-weight: bold;font-size: 17px\">Textes organiques<\/button><\/a>\n        <\/div>\n    <\/div>\n\n    <div>\n        <div style=\"background-color: #FDE9D9;border-radius: 15px\" id=\"texte.p1\">\n            Dans <a style=\"color: black\" href=\"https:\/\/kocke-237.de\/les-mekam-tabiegaing\/jkmt6-202109160654\/#politique\">sa politique d\u2019administration<\/a> de la <a style=\"color: black\" href=\"https:\/\/kocke-237.de\/#lg\">Dynastie KOCKE<\/a> dite \u00ab\u00a0<a style=\"color: black\" href=\"https:\/\/kocke-237.de\/les-mekam-tabiegaing\/#lg\">Les Mekam Tabiegaing<\/a>\u00ab\u00a0, en tant que sixi\u00e8me Patriarche, \n            <a style=\"color: black\" href=\"https:\/\/kocke-237.de\/les-mekam-tabiegaing\/cv\/#Cv\">Jean KOUAM<\/a> <a style=\"color: black\" href=\"https:\/\/kocke-237.de\/les-mekam-tabiegaing\/idees-directrices\/#id-chap1-a1.1\">Mekam Tabiegaing<\/a> <a style=\"color: black\" href=\"#texte.p6\">6<\/a> a d\u00e9di\u00e9 \n            son r\u00e8gne \u00e0 la \u00ab\u00a0<a style=\"color: black\" href=\"https:\/\/kocke-237.de\/les-mekam-tabiegaing\/tds\/#tds\">Tradition de supports<\/a>\u00ab\u00a0. Pr\u00f4nant en une <a style=\"color: black\" href=\"https:\/\/kocke-237.de\/les-mekam-tabiegaing\/leitmotiv\/#leitmotiv\">politique dite \u00ab\u00a0Mieux socialiser\u00a0\u00bb<\/a>, le <a style=\"color: black\" href=\"https:\/\/kocke-237.de\/les-mekam-tabiegaing\/mieux-socialiser\/#cosmopolitisme\">cosmopolitisme<\/a> et la <a style=\"color: black\" href=\"https:\/\/kocke-237.de\/les-mekam-tabiegaing\/copropriete\/#copropriete\">copropri\u00e9t\u00e9<\/a> sur <a style=\"color: black\" href=\"https:\/\/www.google.com\/search?q=baux+emphyt\u00e9otiques&amp;oq=baux+&amp;aqs=chrome.2.69i57j0l3j46.20434j0j4&amp;client=ms-android-transsion-tecno-rev1&amp;sourceid=chrome-mobile&amp;ie=UTF-8#bsht=CgVic2hocBIECAMwAg\">baux fonciers emphyt\u00e9otiques<\/a>. Epris du social, il aime la transparence ; la libert\u00e9 ; et la d\u00e9mocratie.\n        <\/div>\n        <div style=\"background-color: #DAEEF3;border-radius: 15px\" id=\"texte.p2\">\n            Juillet 1981 \u2013 octobre 2020, il a fallu sans rel\u00e2che, laborieusement r\u00e9diger les r\u00e9f\u00e9rences pour <a style=\"color: black\" href=\"#texte.p6\">les textes organiques<\/a>. Apr\u00e8s quarante ann\u00e9es de solo, l\u2019ann\u00e9e 2020 a combl\u00e9 d\u2019apports de trois remarquables jeunes,\n            <a style=\"color: black\" href=\"https:\/\/kocke-237.de\/les-mekam-tabiegaing\/cv\/#Cv\">Jean KOUAM<\/a> <a style=\"color: black\" href=\"https:\/\/kocke-237.de\/les-mekam-tabiegaing\/idees-directrices\/#id-chap1-a1.1\">Mekam Tabiegaing<\/a> <a style=\"color: black\" href=\"#texte.p6\">6<\/a> initiateur du projet, de doter \u00ab\u00a0<a style=\"color: black\" href=\"https:\/\/kocke-237.de\/les-mekam-tabiegaing\/#lg\">Les Mekam Tabiegaing\u00a0\u00bb (LMT)<\/a> d\u2019<a style=\"color: black\" href=\"https:\/\/www.google.com\/search?q=archives&amp;oq=arc&amp;aqs=chrome.1.69i57j35i39j0l3.4085j0j4&amp;client=ms-android-transsion-tecno-rev1&amp;sourceid=chrome-mobile&amp;ie=UTF-8\">archives<\/a> pluri aliment\u00e9es. <b>Pour cela, m\u00e9ritent le merci tout plein, Joseph D\u00e9sir\u00e9 KOUAM DJONKO ; Mme ATEBA \n            Lucienne MAKUISSI ; et, Isidore P\u00e9ricl\u00e8s NDEFFO MOTING.<\/b>\n        <\/div>\n        <div style=\"background-color: #FDE9D9;border-radius: 15px\" id=\"texte.p3\">\n            Dans <a style=\"color: black\" href=\"https:\/\/kocke-237.de\/les-mekam-tabiegaing\/jkmt6-202109160654\/#texte.p6\">son enthousiasme<\/a> aux <a style=\"color: black\" href=\"https:\/\/www.google.com\/search?q=clic&amp;oq=cli&amp;aqs=chrome.0.69i59l2j69i57j46j0.3770j0j4&amp;client=ms-android-transsion-tecno-rev1&amp;sourceid=chrome-mobile&amp;ie=UTF-8\">clics<\/a> pour rendre disponibles de grandes quantit\u00e9s de r\u00e9f\u00e9rences, depuis quelques ann\u00e9es, Valery Clinsaure KAMDEM KENMEGNE et Raydiv TOUKAM KOUAM pr\u00eatent main-forte \u00e0 <a style=\"color: black\" href=\"https:\/\/kocke-237.de\/les-mekam-tabiegaing\/cv\/#Cv\">Jean KOUAM<\/a> <a style=\"color: black\" href=\"https:\/\/kocke-237.de\/les-mekam-tabiegaing\/idees-directrices\/#id-chap1-a1.1\">Mekam Tabiegaing<\/a> <a style=\"color: black\" href=\"#texte.p6\">6<\/a>. Le travail de ce trio, est de plus en plus remarquable au sein de \u00ab\u00a0<a style=\"color: black\" href=\"https:\/\/kocke-237.de\/les-mekam-tabiegaing\/#lg\">Les Mekam Tabiegaing<\/a>\u00ab\u00a0, qu\u2019il est normal que <b>Valery Clinsaure KAMDEM KENMEGNE<\/b> et <b>Raydiv TOUKAM KOUAM<\/b> <a style=\"color: black\" href=\"#texte.p2\">soient aussi honor\u00e9s que ceux qui ont contribu\u00e9s<\/a> pour <a style=\"color: black\" href=\"https:\/\/kocke-237.de\/les-mekam-tabiegaing\/tds\/#tds\">la tradition de supports<\/a>. Alors, bravo \u00e0 tous ces h\u00e9ros, et que puissent d\u2019autres, suivre leurs exemples pour l\u2019essor de <a style=\"color: black\" href=\"https:\/\/kocke-237.de\/#lg\">KOCKE<\/a>.\n        <\/div>\n        <div style=\"background-color: #DAEEF3;border-radius: 15px\" id=\"texte.p4\">\n            <a style=\"color: black\" href=\"#texte.p6\">Les textes organiques de LMT<\/a>, publi\u00e9s \u00e0 l\u2019intention de toute <a style=\"color: black\" href=\"https:\/\/kocke-237.de\/concertation\/#lg\">Entit\u00e9 d\u00e9sireuse d\u2019une famille de vivre-ensemble harmonieux<\/a>, doivent \u00eatre r\u00e9guli\u00e8rement exploit\u00e9s par tout le monde, pour s\u2019approprier chacune, de la quintessence de chacune de ses <a style=\"color: black\" href=\"https:\/\/kocke-237.de\/les-mekam-tabiegaing\/chapitre-ii-interventions-ou-publications\/#reglementchap2\">r\u00e9f\u00e9rences<\/a>.\n        <\/div>\n    <\/div>\n\n\n    <div id=\"texte.p5\" style=\"color: #0070C0\">\n        <div style=\"text-align: center;border-radius: 15px\">\n            <a href=\"https:\/\/kocke-237.de\/les-mekam-tabiegaing\/attachaement\/#attachement\"><button style=\"border-radius: 15px;background-color: #33EF25;color: blue;font-weight: bold;font-size: 17px\">Attachements et communication, au quotidien.<\/button><\/a>\n        <\/div> \n        <div style=\"text-align: center\">\n            <a href=\"https:\/\/kocke-237.de\/concertation\/epi\/#data.clics\"><button style=\"border-radius: 15px;background-color: yellow;color: #0070C0;font-weight: bold;font-size: 14px\">Ic\u00f4nes d\u2019assaut et autres prouesses<\/button><\/a>\n            <a href=\"https:\/\/kocke-237.de\/concertation\/epi\/#data\"><button style=\"border-radius: 15px;background-color: yellow;color: #0070C0;font-weight: bold;font-size: 14px\">Aller aux rubriques d\u2019expression data<\/button><\/a>\n        <\/div>\n    <\/div>\n\n    <div style=\"text-align: center\">\n        <a href=\"https:\/\/kocke-237.de\/les-mekam-tabiegaing\/#lg\"><img decoding=\"async\" width=\"400\" src=\"http:\/\/kocke-237.de\/les-mekam-tabiegaing\/wp-content\/uploads\/sites\/5\/2022\/07\/LMT-e1657030946266.png\" alt=\"Logo LMT\"><\/a>\n    <\/div>\n\n    <div style=\"background-color: orange;color: white;text-align: center;font-weight: bold;font-size: 12px;border-radius: 15px\">\n        <p>Textes de l\u2019<a style=\"color: white\" href=\"https:\/\/kocke-237.de\/udb\/loi-90-053\/#titre\">OSC<\/a> <a style=\"color: white\" href=\"https:\/\/kocke-237.de\/les-mekam-tabiegaing\/#lg\">Les Mekam Tabiegaing<\/a>, de <a style=\"color: white\" href=\"https:\/\/kocke-237.de\/concertation\/decret\/#decret-77\/495\">couverture juridique<\/a> via <a style=\"color: white\" href=\"https:\/\/kocke-237.de\/concertation\/#lg\">CONCERTATION<\/a><\/p>\n    <\/div>\n\n    <div id=\"texte.p6\" style=\"font-size: 20px;background-color: #0ef417;color: #0070C0;font-weight: bold;text-align: center\">\n        D\u2019id\u00e9es <a style=\"color: #0070C0\" href=\"https:\/\/www.google.com\/search?q=pertinent+def&amp;oq=pertinent&amp;aqs=chrome.2.69i57j0l4.83119j1j4&amp;client=ms-android-transsion-tecno-rev1&amp;sourceid=chrome-mobile&amp;ie=UTF-8\">pertinentes<\/a> et rien que d\u2019elles, <a style=\"color: #0070C0\" href=\"#reglementchap2a2.4\">envisager<\/a> <a style=\"color: #0070C0\" href=\"https:\/\/www.google.com\/search?q=tout&amp;oq=tout&amp;aqs=chrome.0.69i59j0l4.10977j1j9&amp;client=ms-android-transsion-tecno-rev1&amp;sourceid=chrome-mobile&amp;ie=UTF-8\">tout<\/a> :\n    <\/div>\n    <div style=\"font-size: 20px;background-color: red;color: yellow;font-weight: bold;text-align: center\">\n        Non \u00e0 l\u2019<a style=\"color: yellow\" href=\"https:\/\/www.google.com\/search?q=obscurantisme+def&amp;oq=obscu&amp;aqs=chrome.4.69i57j0l4.25844j0j4&amp;client=ms-android-transsion-tecno-rev1&amp;sourceid=chrome-mobile&amp;ie=UTF-8\">obscurantisme<\/a>, encore plus \u00e0 l\u2019<a style=\"color: yellow\" href=\"https:\/\/www.google.com\/search?q=imbroglio+def&amp;oq=imbr&amp;aqs=chrome.1.69i57j0l4.14840j0j4&amp;client=ms-android-transsion-tecno-rev1&amp;sourceid=chrome-mobile&amp;ie=UTF-8\">imbroglio<\/a>.\n    <\/div>\n\n    <div id=\"sommaire\">\n        <div style=\"background-color: yellow;color: #0070C0\">\n            <h4 style=\"text-align: center\">Sommaire des <a style=\"color: #0070C0\" href=\"#preambulep3\">textes<\/a> <a style=\"color: #0070C0\" href=\"#texte.p2\">organiques<\/a> de \u00ab\u00a0<a style=\"color: #0070C0\" href=\"#preambulep2\">Les Mekam Tabiegaing<\/a>\u00ab\u00a0<\/h4>\n        <\/div>\n        <table style=\"color: #0070C0\" align=\"center\">\n            <tr>\n                <td style=\"background-color: #DAEEF3\"><a href=\"#preambulep1\">Pr\u00e9ambule<\/a><\/td>\n                <td style=\"background-color: #FDE9D9\"><a href=\"https:\/\/kocke-237.de\/les-mekam-tabiegaing\/organigramme-2\/#organigrame\">Organigramme<\/a><\/td>\n            <\/tr>\n            <tr>\n                <td style=\"background-color: #FDE9D9\"><a href=\"https:\/\/kocke-237.de\/les-mekam-tabiegaing\/charte\/#charte\">Charte de communication<\/a><\/td>\n                <td style=\"background-color: #DAEEF3\"><a href=\"https:\/\/kocke-237.de\/les-mekam-tabiegaing\/smt\/#semaine\">Semaines annuelles (SA)<\/a><\/td>\n            <\/tr>\n            <tr>\n                <td style=\"background-color: #DAEEF3\"><a href=\"https:\/\/kocke-237.de\/les-mekam-tabiegaing\/base-des-repertoires\/#repertoire\">R\u00e9pertoires d\u00e9mographiques<\/a><\/td>\n                <td style=\"background-color: #FDE9D9\"><a href=\"https:\/\/kocke-237.de\/les-mekam-tabiegaing\/calendriers\/#calendrier.p\">Calendrier SA<\/a><\/td>\n            <\/tr>\n            <tr>\n                <td style=\"background-color: #FDE9D9\"><a href=\"https:\/\/kocke-237.de\/les-mekam-tabiegaing\/idees-directrices\/#ideesdirectrices\">Id\u00e9es directrices<\/a><\/td>\n                <td style=\"background-color: #DAEEF3\"><a href=\"https:\/\/kocke-237.de\/les-mekam-tabiegaing\/reglement\/#reglement\">R\u00e8glement g\u00e9n\u00e9ral<\/a><\/td>\n            <\/tr>\n            <tr>\n                <td style=\"background-color: #DAEEF3\"><a href=\"https:\/\/kocke-237.de\/les-mekam-tabiegaing\/idees-directrices\/#generalites\">G\u00e9n\u00e9ralit\u00e9s sur la Dynastie<\/a><\/td>\n                <td style=\"background-color: #FDE9D9\"> <a href=\"https:\/\/kocke-237.de\/concertation\/epi\/#data\">Data<\/a><\/td>\n            <\/tr>\n        <\/table>\n    <\/div>\n\n    <div style=\"background-color: #FDE9D9;color: #0070C0\" id=\"preambule\">\n        <p style=\"text-align: center;font-size: 20px;font-weight: bold\">Pr\u00e9ambule<\/p>\n        <p id=\"preambulep1\">\n            Tout pouvoir vient de <a style=\"color: #0070C0\" href=\"https:\/\/www.google.com\/search?q=Dieu&amp;oq=Dieu&amp;aqs=chrome..69i57j0l4.12951j0j7&amp;client=ms-android-transsion-tecno-rev1&amp;sourceid=chrome-mobile&amp;ie=UTF-8\">Dieu<\/a>, et est transmis de g\u00e9n\u00e9rations en g\u00e9n\u00e9rations \u00e0 travers des hommes et des femmes dont les souffrances et les sacrifices font de nous ce que nous sommes.\n        <\/p>\n        <p id=\"preambulep2\">\n            Depuis 1781, la <b><a style=\"color: #0070C0\" href=\"https:\/\/kocke-237.de\/#lg\">Dynastie KOCKE<\/a><\/b> dite \u00ab\u00a0<a style=\"color: #0070C0\" href=\"https:\/\/kocke-237.de\/les-mekam-tabiegaing\/#lg\">Les Mekam Tabiegaing<\/a>\u00ab\u00a0, en d\u00e9pit des tumultes inh\u00e9rents \u00e0 toute existence humaine, r\u00e9siste \u00e0 l\u2019usure du temps. Il est donc primordial que chaque \u00ab parent \u00bb cultive chez ses enfants, la fiert\u00e9 de ses origines, le respect des ain\u00e9s, la culture de sa filiation, afin que se p\u00e9rennise la lign\u00e9e de <b><a style=\"color: #0070C0\" href=\"https:\/\/kocke-237.de\/les-mekam-tabiegaing\/idees-directrices\/#id-chap2-a2.1\">KOCKE<\/a> <a style=\"color: #0070C0\" href=\"https:\/\/kocke-237.de\/les-mekam-tabiegaing\/idees-directrices\/#id-chap1\"><\/b>(Mekam I)<\/a>, <b>BUCHE<\/b> (Mekam II), <b>BIEGAING<\/b> (Mekam III), <b>DJOKO<\/b> (Mekam IV), <b>KOUAM DJOKO<\/b> (Mekam V) et <b><a style=\"color: #0070C0\" href=\"https:\/\/kocke-237.de\/les-mekam-tabiegaing\/cv\/#Cv\">Jean KOUAM<\/a><\/b> (<a style=\"color: #0070C0\" href=\"https:\/\/kocke-237.de\/les-mekam-tabiegaing\/idees-directrices\/#id-chap1-a1.1\">Mekam<\/a> <a style=\"color: #0070C0\" href=\"https:\/\/kocke-237.de\/les-mekam-tabiegaing\/jkmt6-202109160654\/#texte.p6\">VI<\/a>) en fonction.\n        <\/p>\n        <p id=\"preambulep3\">\n            Une personne morale ne peut se d\u00e9rober de la <a style=\"color: #0070C0\" href=\"https:\/\/www.google.com\/search?q=conjoncture&amp;oq=clnj&amp;aqs=chrome.4.69i57j0l4.13069j0j4&amp;client=ms-android-transsion-tecno-rev1&amp;sourceid=chrome-mobile&amp;ie=UTF-8\">conjoncture<\/a> : \u00e9tude de l\u2019\u00e9volution prochaine des \u00e9v\u00e8nements (<a style=\"color: #0070C0\" href=\"https:\/\/www.google.com\/search?q=economie&amp;oq=econo&amp;aqs=chrome.0.0j69i57j0l3.26469j0j4&amp;client=ms-android-transsion-tecno-rev1&amp;sourceid=chrome-mobile&amp;ie=UTF-8\">\u00e9conomie<\/a>, <a style=\"color: #0070C0\" href=\"https:\/\/www.google.com\/search?q=soci%C3%A9t%C3%A9&amp;oq=soci&amp;aqs=chrome.3.69i57j0l4.6884j0j4&amp;client=ms-android-transsion-tecno-rev1&amp;sourceid=chrome-mobile&amp;ie=UTF-8\">soci\u00e9t\u00e9<\/a>, <a style=\"color: #0070C0\" href=\"https:\/\/www.google.com\/search?q=politique&amp;oq=poli&amp;aqs=chrome.1.69i57j0l3j69i60.3998j0j4&amp;client=ms-android-transsion-tecno-rev1&amp;sourceid=chrome-mobile&amp;ie=UTF-8\">politique<\/a>, et <a style=\"color: #0070C0\" href=\"https:\/\/www.google.com\/search?q=d%C3%A9mographie&amp;oq=demogr&amp;aqs=chrome.1.69i57j0l4.10081j1j4&amp;client=ms-android-transsion-tecno-rev1&amp;sourceid=chrome-mobile&amp;ie=UTF-8\">d\u00e9mographie<\/a>). Pour mieux s\u2019\u00e9panouir, chaque personne morale doit tenir \u00e0 jour des donn\u00e9es sur sa <a style=\"color: #0070C0\" href=\"https:\/\/www.google.com\/search?q=conjoncture&amp;oq=clnj&amp;aqs=chrome.4.69i57j0l4.13069j0j4&amp;client=ms-android-transsion-tecno-rev1&amp;sourceid=chrome-mobile&amp;ie=UTF-8\">conjoncture<\/a> et disposer d\u2019un syst\u00e8me d\u2019analyse de ses \u00e9l\u00e9ments.\n        <\/p>\n    <\/div>\n\n    \n<\/section>\n<div style=\"text-align: center\">\n    <a href=\"#sommaire\"><img decoding=\"async\" src=\"http:\/\/kocke-237.de\/concertation\/wp-content\/uploads\/sites\/6\/2023\/08\/icons-haut.png\" alt=\"\"><\/a>\n<\/div>\n","protected":false},"excerpt":{"rendered":"<p>Administration Validation Clics Publication Attachements et communication Textes organiques Dans sa politique d\u2019administration de la Dynastie KOCKE dite \u00ab\u00a0Les Mekam Tabiegaing\u00ab\u00a0, en tant que sixi\u00e8me Patriarche, Jean KOUAM Mekam Tabiegaing 6 a d\u00e9di\u00e9 son r\u00e8gne \u00e0 la \u00ab\u00a0Tradition de supports\u00ab\u00a0. Pr\u00f4nant en une politique dite \u00ab\u00a0Mieux socialiser\u00a0\u00bb, le cosmopolitisme et la copropri\u00e9t\u00e9 sur baux fonciers emphyt\u00e9otiques. Epris du social, il aime la transparence ; la libert\u00e9 ; et la d\u00e9mocratie. Juillet 1981 \u2013 octobre 2020, il a fallu sans rel\u00e2che, laborieusement r\u00e9diger les r\u00e9f\u00e9rences pour les textes organiques. Apr\u00e8s quarante ann\u00e9es de solo, l\u2019ann\u00e9e 2020 a combl\u00e9 d\u2019apports de trois &hellip; <\/p>\n","protected":false},"author":4,"featured_media":0,"parent":0,"menu_order":0,"comment_status":"closed","ping_status":"closed","template":"","meta":{"_kadence_starter_templates_imported_post":false,"footnotes":""},"_links":{"self":[{"href":"https:\/\/kocke-237.de\/les-mekam-tabiegaing\/wp-json\/wp\/v2\/pages\/367"}],"collection":[{"href":"https:\/\/kocke-237.de\/les-mekam-tabiegaing\/wp-json\/wp\/v2\/pages"}],"about":[{"href":"https:\/\/kocke-237.de\/les-mekam-tabiegaing\/wp-json\/wp\/v2\/types\/page"}],"author":[{"embeddable":true,"href":"https:\/\/kocke-237.de\/les-mekam-tabiegaing\/wp-json\/wp\/v2\/users\/4"}],"replies":[{"embeddable":true,"href":"https:\/\/kocke-237.de\/les-mekam-tabiegaing\/wp-json\/wp\/v2\/comments?post=367"}],"version-history":[{"count":93,"href":"https:\/\/kocke-237.de\/les-mekam-tabiegaing\/wp-json\/wp\/v2\/pages\/367\/revisions"}],"predecessor-version":[{"id":1010,"href":"https:\/\/kocke-237.de\/les-mekam-tabiegaing\/wp-json\/wp\/v2\/pages\/367\/revisions\/1010"}],"wp:attachment":[{"href":"https:\/\/kocke-237.de\/les-mekam-tabiegaing\/wp-json\/wp\/v2\/media?parent=367"}],"curies":[{"name":"wp","href":"https:\/\/api.w.org\/{rel}","templated":true}]}}