{"id":434,"date":"2023-03-28T17:15:37","date_gmt":"2023-03-28T15:15:37","guid":{"rendered":"https:\/\/kocke-237.de\/les-mekam-tabiegaing\/?page_id=434"},"modified":"2023-03-28T18:00:31","modified_gmt":"2023-03-28T16:00:31","slug":"charte-de-la-communication-en-les-metou","status":"publish","type":"page","link":"https:\/\/kocke-237.de\/les-mekam-tabiegaing\/charte-de-la-communication-en-les-metou\/","title":{"rendered":"Charte de la communication en Les Metou"},"content":{"rendered":"\n<title>Les Metou<\/title>\n        \n        \n        \n        \n        \n    \n\n    \n        <section id=\"tete\" style=\"margin-top: 10px\">\n            \n<p style=\"text-align: center\">\n<a href=\"https:\/\/kocke-237.de\/#lg\"><img decoding=\"async\" src=\"http:\/\/kocke-237.de\/les-mekam-tabiegaing\/wp-content\/uploads\/sites\/5\/2023\/03\/KOCKE-L.png\" alt=\"KOCKE\" width=\"100\"><\/a>\n<a href=\"https:\/\/kocke-237.de\/les-mekam-tabiegaing\/#lg\"><img decoding=\"async\" src=\"http:\/\/kocke-237.de\/les-mekam-tabiegaing\/wp-content\/uploads\/sites\/5\/2023\/03\/LMT-L.png\" alt=\"LMT\" width=\"100\"><\/a>\n<a href=\"https:\/\/kocke-237.de\/concertation\/#lg\"><img decoding=\"async\" src=\"http:\/\/kocke-237.de\/les-mekam-tabiegaing\/wp-content\/uploads\/sites\/5\/2023\/03\/CONCERTATION-L.png\" alt=\"CONCERTATION\" width=\"100\"><\/a>\n<a href=\"https:\/\/kocke-237.de\/trait-union\/#lg\"><img decoding=\"async\" src=\"http:\/\/kocke-237.de\/les-mekam-tabiegaing\/wp-content\/uploads\/sites\/5\/2023\/03\/TU-L.png\" alt=\"TRAIT D'UNION\" width=\"100\"><\/a>\n<a href=\"https:\/\/kocke-237.de\/udb\/#lg\"><img decoding=\"async\" src=\"http:\/\/kocke-237.de\/les-mekam-tabiegaing\/wp-content\/uploads\/sites\/5\/2023\/03\/UDB-L.png\" alt=\"UDB\" width=\"100\"><\/a>\n<a href=\"https:\/\/kocke-237.de\/rc-hp\/\"><img decoding=\"async\" src=\"http:\/\/kocke-237.de\/les-mekam-tabiegaing\/wp-content\/uploads\/sites\/5\/2023\/03\/RCHP-L.png\" alt=\"RC HP\" width=\"100\"><\/a>\n<\/p>\n            <div class=\"container\">\n                <p style=\"font-weight: bold\">Par clic sur chacun des ic\u00f4nes ci-dessus, de noms parlants, on arrive \u00e0 plus d\u2019informations ; ainsi qu\u2019\u00e0 certaines prouesses de <a href=\"https:\/\/kocke-237.de\/les-mekam-tabiegaing\/jkmt6-202109160654\/#pratique\">Jean KOUAM Mekam Tabiegaing 6<\/a>. De m\u00eame, pour les emplacements sur le web rendus cliquables ci-dessous.<\/p>\n                <p>\n                    <a href=\"https:\/\/kocke-237.de\/les-mekam-tabiegaing\/\">\u00ab\u00a0Les Mekam Tabiegaing\u00a0\u00bb<\/a> ses \n                    <a href=\"https:\/\/kocke-237.de\/les-mekam-tabiegaing\/nos-textes\/\">\u00ab\u00a0Textes organiques\u00a0\u00bb<\/a> et \n                    <a href=\"https:\/\/kocke-237.de\/les-mekam-tabiegaing\/protocoles-daccords\/\">\u00ab\u00a0Protocoles fonciers\u00a0\u00bb<\/a> ; son \n                    <a href=\"https:\/\/chat.whatsapp.com\/6sA2wS6mDIDIVMAXKXN53h\">\u00ab\u00a0Forum whatsapp\u00a0\u00bb<\/a> ; \n                    <a href=\"https:\/\/kocke-237.de\/les-mekam-tabiegaing\/nos-textes\/#semaine\">\u00ab\u00a0Semaines annuelles<\/a> et \n                    <a href=\"https:\/\/kocke-237.de\/les-mekam-tabiegaing\/nos-textes\/#calendrier\">ses dates\u00a0\u00bb<\/a> \u2026.\n                <\/p>\n            <\/div>\n            <div class=\"container text-center\" style=\"background-color: blue\">\n                <p style=\"color: yellow;font-size: 36px;font-weight: bold\">\n                    Les Metou, une Entit\u00e9 de <br> \u00ab\u00a0Les Mekam Tabiegaing\u00a0\u00bb <br> <b style=\"color: white;font-size: 14px\">Charte de la communication par Jean KOUAM Mekam Tabiegaing 6<\/b>\n                    <br> <b style=\"color: yellow;font-size: 9px\">LesMetou-3a-\u2026<\/b>\n                <\/p>\n            <\/div>\n            <div style=\"background-color: #D9E2F3\" class=\"container\">\n                <p style=\"font-size: 12px\">\n                    LesMetou-3a-\u2026 = Descendance de METOU, Pionni\u00e8re de la lign\u00e9e maternelle d\u2019o\u00f9 \u00e9mane via KAMGO ; WOKAM ; DEMGNE ; CHEBOU ; la m\u00e8re de Lucienne MAGUIA nomm\u00e9e Tapita (Tapia) DEMGNE ain\u00e9e de Anne WOKAM et de Jos\u00e9phine KOUAM. Par \u00ab\u00a03\u00a0\u00bb, le sujet qui est celui de la charte de la communication ; par \u00ab\u00a0a\u00a0\u00bb une propos\u00e9e des possibles approches. Apr\u00e8s -\u2026, le nombre qui suit, est le num\u00e9ro de la mouture du support.\n                <\/p>\n                <p style=\"font-size: 12px\">\n                    Proposition de <a href=\"https:\/\/kocke-237.de\/les-mekam-tabiegaing\/jkmt6-202109160654\/#pratique\">Jean KOUAM Mekam Tabiegaing 6<\/a> LesMetou-3a-\u2026 est \u00e0 partir du calque 20230328 de <a href=\"https:\/\/kocke-237.de\/les-mekam-tabiegaing\/nos-textes\/#charte\">celle de \u00ab\u00a0Les Mekam Tabiegaing\u00a0\u00bb<\/a>.\n                <\/p>\n            <\/div>\n        <\/section>\n        <section id=\"intro\" class=\"container\">\n            <div style=\"background-color: #CAFE96\">\n                <p style=\"color: #0070C0;text-align: center\"><a href=\"https:\/\/kocke-237.de\/les-mekam-tabiegaing\/jkmt6-202109160654\/#pratique\"> +237 6 7757 7994<\/a> mouture propos\u00e9e en date du mardi 28 mars 2023 \u00e0 \u2026h\u2026mn<\/p>\n            <\/div>\n            <div style=\"color: #0070C0;background-color: #FFFF00\">\n                <p style=\"text-align: center\">\n                    Ch\u00e8res Toutes et chers Tous,\n                <\/p>\n                <p>\n                    Je m\u2019en vais ci-dessous, nous proposer une charte de communication. Chacun -e voudra bien contribuer \u00e0 son am\u00e9lioration, ou proposer autre chose.\n                <\/p>\n                <p>\n                    De mani\u00e8re implicite, la charte ci-dessous nous interpelle \u00e0 se r\u00e9f\u00e9rer \u00e0 nos textes organiques, pour bien d\u2019aspects desquelles, histoire de \u00ab\u00a0Les Metou\u00a0\u00bb ; l\u2019Assembl\u00e9e g\u00e9n\u00e9rale des Membres ; notre Doyenne ; les possibilit\u00e9s de groupes restreints ; \u2026. Bref, qu\u2019une personne morale telle \u00ab\u00a0Les Metou\u00a0\u00bb ne peut se d\u00e9rober de la conjoncture : \u00e9tude de l\u2019\u00e9volution prochaine des \u00e9v\u00e8nements (\u00e9conomie, soci\u00e9t\u00e9, politique, et d\u00e9mographie). Qu\u2019en fait, pour mieux s\u2019\u00e9panouir, chaque personne morale doit tenir \u00e0 jour des donn\u00e9es sur sa conjoncture et disposer d\u2019un syst\u00e8me d\u2019analyse de ses \u00e9l\u00e9ments.\n                <\/p>\n            <\/div>\n        <\/section>\n        <section id=\"corps\" class=\"container\" style=\"color: #0070C0\">\n            <div id=\"charte\" style=\"text-align: center;background-color: #45DF3D;border: 4px solid black\">\n                <h2 style=\"color: white\">Charte de la communication en \u00ab\u00a0Les Metou\u00a0\u00bb 20230328<\/h2>\n            <\/div><br>\n            <div id=\"titre1\">\n                <h3 style=\"text-align: center\"><u>TITRE 1 :<\/u> Forme, objet et dur\u00e9e<\/h3>\n            <\/div><br>\n            <div id=\"article1\">\n                <div style=\"font-weight: bold\">Article 1 : forme<\/div><br>\n                <div id=\"article1.1\">\n                    1-\tOutil de communication de \u00ab\u00a0Les Metou\u00a0\u00bb, le forum t\u00e9l\u00e9matique intitul\u00e9 \u00ab\u00a0Les Metou\u00a0\u00bb, est la propri\u00e9t\u00e9 indivise et, strictement \u00e0 parts \u00e9gales de ses Membres : droit lourd de la r\u00e9ciproque logique de partage \u00e0 parts \u00e9gales de son fonctionnement.\n                <\/div>\n                <div id=\"article1.2\">\n                    2-\t\u00ab\u00a0Les Metou\u00a0\u00bb se veut m\u00e9dia populaire d\u2019administration de \u00ab\u00a0Les Metou\u00a0\u00bb : au sujet de leur d\u00e9veloppement social ; local ; et culturel.\n                <\/div>\n            <\/div><br>\n            <div id=\"article2\">\n                <div style=\"font-weight: bold\">Article 2 : objet<\/div><br>\n                <div id=\"article2.1\">\n                    1-\tCr\u00e9er un cadre de concertation entre les composantes de \u00ab\u00a0Les Metou\u00a0\u00bb.\n                <\/div>\n                <div id=\"article2.2\">\n                    2-\tLes probl\u00e9matiques relatives au d\u00e9veloppement social ; local ; et culturel constituent autant de sujet d\u2019\u00e9changes indispensables pour la croissance de \u00ab\u00a0Les Metou\u00a0\u00bb.\n                <\/div>\n                <div id=\"article2.3\">\n                    3-\tCommuniquer ou manifester ses pens\u00e9es ou ses sentiments ; surtout, on y donne ses opinions. Il y vaut mieux, \u00e9viter les copier-coller et autres id\u00e9es transf\u00e9r\u00e9es, sans commentaires.\n                <\/div>\n            <\/div><br>\n            <div id=\"article3\">\n                <div style=\"font-weight: bold\">Article 3 : dur\u00e9e<\/div><br>\n                <div>\n                    La dur\u00e9e du forum \u00ab\u00a0Les Metou\u00a0\u00bb est illimit\u00e9e.\n                <\/div>\n            <\/div><br>\n            <div id=\"titre2\">\n                <h3 style=\"text-align: center\"><u>TITRE 2 :<\/u> Apports<\/h3>\n            <\/div><br>\n            <div id=\"article4\">\n                <div style=\"font-weight: bold\">Article 4 : apports<\/div><br>\n                <div id=\"article4.1\">\n                    1-\tLes apports \u00e9crits, audio, images, ou vid\u00e9os, relevant exclusivement de l\u2019<b>Article 2<\/b>, <b>Alin\u00e9a 2<\/b>, constituent les apports attendus des Membres du forum \u00ab\u00a0Les Metou\u00a0\u00bb, <b>Alin\u00e9a<\/b> davantage \u00e9tay\u00e9 en celui <b>3<\/b> du pr\u00e9sent <b>Article<\/b>.\n                <\/div>\n                <div id=\"article4.2\">\n                    2-\tToutes autres publications en contradiction avec les attentes du forum engagent la responsabilit\u00e9 individuelle du Membre l\u2019ayant partag\u00e9.\n                <\/div>\n                <div id=\"article4.3\">\n                    3-\tTout sujet (certes strictement devant concerner exclusivement le d\u00e9veloppement social ; local ; et culturel, de \u00ab\u00a0Les Metou\u00a0\u00bb) exprim\u00e9, n\u2019est que d\u2019un Membre ou groupe de Membres bien connu(s) qui par logique devient mod\u00e9rateur principal dudit sujet : r\u00e9pondant aux diverses sollicitations y relatives. Le moment venu, le Porteur du sujet doit donner une conclusion du fait d\u2019\u00eatre le mieux plac\u00e9 \u00e0 savoir si l\u2019objectif vis\u00e9 au d\u00e9part, est atteint ou pas.\n                <\/div>\n                <div id=\"article4.4\">\n                    4-\tL\u2019absence de publication ne saurait constituer une infraction, au vu du pouvoir d\u2019achat de chacun.\n                <\/div>\n                <div id=\"article4.5\">\n                    5-\tToutes les d\u00e9cisions issues des apports dans le forum \u00ab\u00a0Les Metou\u00a0\u00bb prennent un caract\u00e8re d\u00e9finitif uniquement lors des validations en Assembl\u00e9e G\u00e9n\u00e9rale annuelle de \u00ab\u00a0Les Metou\u00a0\u00bb.\n                <\/div>\n                <div id=\"article4.6\">\n                    6-\tForts des m\u00eames droits et devoirs, les Membres du forum \u00ab\u00a0Les Metou\u00a0\u00bb, se valent : en dehors de la pertinence en id\u00e9es, personne n\u2019a de le\u00e7ons \u00e0 donner \u00e0 une autre.\n                <\/div>\n            <\/div><br>\n            <div id=\"titre3\">\n                <h3 style=\"text-align: center\"><u>TITRE 3 :<\/u> G\u00e9rance<\/h3>\n            <\/div><br>\n            <div id=\"article5\">\n                <div style=\"font-weight: bold\">Article 5 : nomination des g\u00e9rants<\/div><br>\n                <div id=\"article5.1\">\n                    1-\tLe g\u00e9rant est par excroissance de la r\u00e9alit\u00e9 familiale, la Doyenne de \u00ab\u00a0Les Metou\u00a0\u00bb.\n                <\/div>\n                <div id=\"article5.2\">\n                    2-\tElle peut g\u00e9rer seule le forum comme administratrice, ou d\u00e9signer des coadministrateurs \u00e0 sa convenance.\n                <\/div>\n                <div id=\"article5.3\">\n                    3-\tLe forum \u00ab\u00a0Les Metou\u00a0\u00bb ne prend en compte que les adresses donn\u00e9es par leurs titulaires respectifs qui par ce fait, acceptent de se faire recenser.\n                <\/div>\n            <\/div><br>\n            <div id=\"article6\">\n                <div style=\"font-weight: bold\">Article 6 : pouvoirs de la G\u00e9rante<\/div><br>\n                <div>\n                    L\u2019<b>Alin\u00e9a 1<\/b> de l\u2019<b><\/b>Article 1 ; les <b>Alin\u00e9as 3<\/b> et <b>6<\/b> de l\u2019<b>Article 4<\/b> ; et l\u2019<b>Article 7<\/b>, d\u00e9crivent l\u2019administration du forum \u00ab\u00a0Les Metou\u00a0\u00bb, r\u00e9duisant les pouvoir de sa G\u00e9rante \u00e0 leurs ob\u00e9issances.\n                <\/div>\n            <\/div><br>\n            <div id=\"article7\">\n                <div style=\"font-weight: bold\">Article 7 : conservation des fichiers<\/div><br>\n                <div id=\"article7.1\">\n                    1-\tLes Membres du forum \u00ab\u00a0Les Metou\u00a0\u00bb, ont la responsabilit\u00e9 partag\u00e9e de la conservation par chaque Membre \u00e0 son niveau, d\u2019archives.\n                <\/div>\n                <div id=\"article7.2\">\n                    2-\tToute r\u00e9f\u00e9rence qui a eu \u00e0 \u00eatre publi\u00e9e, est sens\u00e9e se trouver en archives de chaque Membre :  question de rendre ais\u00e9, tout renvoi \u00e0 ladite r\u00e9f\u00e9rence. Pr\u00e9ciser ici, que parlant de r\u00e9f\u00e9rence, il s\u2019agit d\u2019un contenu fix\u00e9 sur support et, qu\u2019une r\u00e9f\u00e9rence est caract\u00e9ris\u00e9e par son contexte ; son moment (ann\u00e9e ; mois ; jour ; heure) de publication ; et, l\u2019Entit\u00e9 qui la produite. Cette derni\u00e8re qui doit avoir son num\u00e9ro de t\u00e9l\u00e9coms indiqu\u00e9, la rendant du coup joignable \u00e0 souhait.\n                <\/div>\n            <\/div><br>\n            <div id=\"titre4\">\n                <h3 style=\"text-align: center\"><u>TITRE 4 :<\/u> D\u00e9cisions collectives<\/h3>\n            <\/div><br>\n            <div id=\"article8\">\n                <div><b>Article 8 : <\/b>La volont\u00e9 des membres du forum \u00ab\u00a0Les Metou\u00a0\u00bb s\u2019exprime par des d\u00e9cisions collectives qui, sous r\u00e9serve d\u2019adoption en Assembl\u00e9e G\u00e9n\u00e9rale, obligent, m\u00eame absents, dissidents ou incapables.<\/div><br>\n            <\/div><br>\n            <div id=\"article9\">\n                <div style=\"font-weight: bold\">Article 9 : forme, quorum, majorit\u00e9<\/div><br>\n                <div id=\"article9.1\">\n                    1-\tLes d\u00e9cisions collectives sont prises, soit en assembl\u00e9e, soit par consultation \u00e9crite des Membres dans le forum.\n                <\/div>\n                <div id=\"article9.2\">\n                    2-\tToutefois, les d\u00e9cisions collectives concernant un nombre restreint de membres peuvent \u00eatre prises dans des forums restreints, proposable en tant que d\u2019une Entit\u00e9 morale.\n                <\/div>\n            <\/div><br>\n            <div id=\"article10\">\n                <div style=\"font-weight: bold\">Article 10 : d\u00e9cisions prises<\/div><br>\n                <div id=\"article10.1\">\n                    1-\tSeule l\u2019Assembl\u00e9e G\u00e9n\u00e9rale est souveraine.\n                <\/div>\n                <div id=\"article10.2\">\n                    2-\tLes propositions retenues par au moins trois Membres sont provisoirement adopt\u00e9es, \u00e0 moins qu\u2019un autre Membre fasse objection : cela ouvrira de fait un d\u00e9bat qui pourra \u00eatre tranch\u00e9 au pire des cas en assembl\u00e9e g\u00e9n\u00e9rale physique. En cas d\u2019\u00e9galit\u00e9 de voix, celle de la Doyenne compte double.\n                <\/div>\n                <div id=\"article10.3\">\n                    3-\tLe fait de quitter librement le forum n\u2019enl\u00e8ve aucunement la qualit\u00e9 de membre de \u00ab\u00a0Les Metou\u00a0\u00bb.\n                <\/div>\n            <\/div><br>\n            <div id=\"article11\">\n                <div style=\"font-weight: bold\">Article 11 : mises \u00e0 jour<\/div><br>\n                <div>\n                    Sans pr\u00e9avis et \u00e0 tout moment, les moutures de l\u2019actuel support, peuvent \u00eatre mises \u00e0 jour ; par la suite de chaque fois, la nouvelle mouture doit \u00eatre publi\u00e9e.\n                <\/div>\n            <\/div><br>\n            <div style=\"margin-bottom: 400px\">\n                <p style=\"text-align: center;font-size: 14px\"><a href=\"https:\/\/kocke-237.de\/les-mekam-tabiegaing\/jkmt6-202109160654\/#pratique\">Jean KOUAM Mekam Tabiegaing 6<\/a><\/p>\n            <\/div>\n        <\/section>\n","protected":false},"excerpt":{"rendered":"<p>Les Metou Par clic sur chacun des ic\u00f4nes ci-dessus, de noms parlants, on arrive \u00e0 plus d\u2019informations ; ainsi qu\u2019\u00e0 certaines prouesses de Jean KOUAM Mekam Tabiegaing 6. De m\u00eame, pour les emplacements sur le web rendus cliquables ci-dessous. \u00ab\u00a0Les Mekam Tabiegaing\u00a0\u00bb ses \u00ab\u00a0Textes organiques\u00a0\u00bb et \u00ab\u00a0Protocoles fonciers\u00a0\u00bb ; son \u00ab\u00a0Forum whatsapp\u00a0\u00bb ; \u00ab\u00a0Semaines annuelles et ses dates\u00a0\u00bb \u2026. Les Metou, une Entit\u00e9 de \u00ab\u00a0Les Mekam Tabiegaing\u00a0\u00bb Charte de la communication par Jean KOUAM Mekam Tabiegaing 6 LesMetou-3a-\u2026 LesMetou-3a-\u2026 = Descendance de METOU, Pionni\u00e8re de la lign\u00e9e maternelle d\u2019o\u00f9 \u00e9mane via KAMGO ; WOKAM ; DEMGNE ; CHEBOU ; la &hellip; <\/p>\n","protected":false},"author":4,"featured_media":0,"parent":0,"menu_order":0,"comment_status":"closed","ping_status":"closed","template":"","meta":{"_kadence_starter_templates_imported_post":false,"footnotes":""},"_links":{"self":[{"href":"https:\/\/kocke-237.de\/les-mekam-tabiegaing\/wp-json\/wp\/v2\/pages\/434"}],"collection":[{"href":"https:\/\/kocke-237.de\/les-mekam-tabiegaing\/wp-json\/wp\/v2\/pages"}],"about":[{"href":"https:\/\/kocke-237.de\/les-mekam-tabiegaing\/wp-json\/wp\/v2\/types\/page"}],"author":[{"embeddable":true,"href":"https:\/\/kocke-237.de\/les-mekam-tabiegaing\/wp-json\/wp\/v2\/users\/4"}],"replies":[{"embeddable":true,"href":"https:\/\/kocke-237.de\/les-mekam-tabiegaing\/wp-json\/wp\/v2\/comments?post=434"}],"version-history":[{"count":9,"href":"https:\/\/kocke-237.de\/les-mekam-tabiegaing\/wp-json\/wp\/v2\/pages\/434\/revisions"}],"predecessor-version":[{"id":454,"href":"https:\/\/kocke-237.de\/les-mekam-tabiegaing\/wp-json\/wp\/v2\/pages\/434\/revisions\/454"}],"wp:attachment":[{"href":"https:\/\/kocke-237.de\/les-mekam-tabiegaing\/wp-json\/wp\/v2\/media?parent=434"}],"curies":[{"name":"wp","href":"https:\/\/api.w.org\/{rel}","templated":true}]}}