{"id":473,"date":"2023-04-02T21:32:03","date_gmt":"2023-04-02T19:32:03","guid":{"rendered":"https:\/\/kocke-237.de\/les-mekam-tabiegaing\/?page_id=473"},"modified":"2023-09-10T15:02:44","modified_gmt":"2023-09-10T13:02:44","slug":"tds","status":"publish","type":"page","link":"https:\/\/kocke-237.de\/les-mekam-tabiegaing\/tds\/","title":{"rendered":"\u00c9changes d&rsquo;id\u00e9es"},"content":{"rendered":"\n<section id=\"tete\" style=\"margin-top: 10px\">\n    <div id=\"tds\" style=\"text-align: center;background-color: #0070C0\">\n        <h2 style=\"color: yellow;font-weight: bold\">Tradition de supports par <br> \u00ab\u00a0Mekam Tabiegaing 6 (<a style=\"color: yellow\" href=\"https:\/\/kocke-237.de\/les-mekam-tabiegaing\/cv\/#Cv\"> JK<\/a> <a style=\"color: yellow\" href=\"https:\/\/kocke-237.de\/les-mekam-tabiegaing\/idees-directrices\/#id-chap1-a1.1\"> MT<\/a> <a style=\"color: yellow\" href=\"https:\/\/kocke-237.de\/les-mekam-tabiegaing\/jkmt6-202109160654\/#texte.p6\">6<\/a>)\u00a0\u00bb<\/h2>\n    <\/div>\n<\/section>\n<section id=\"corps\" class=\"container\" style=\"color: #0070C0\">\n    <div id=\"avant-propos\" style=\"background-color: yellow\">\n        <div style=\"color: red\">\n            Entendement de <a style=\"color: red\" href=\"https:\/\/kocke-237.de\/les-mekam-tabiegaing\/jkmt6-202109160654\/#sommaire\">JKMT6<\/a>, sur la tradition de supports : par <a style=\"color: red\" href=\"#p1\">opposition au verbal<\/a> \u2026, \n            le <a style=\"color: red\" href=\"#p2\">support dissipe<\/a> \u2026, y <a style=\"color: red\" href=\"#p3\">associer les TIC<\/a> \u2026, \n            <a style=\"color: red\" href=\"#p4\">d\u2019arguments et intellectuellement<\/a> \u2026, <a style=\"color: red\" href=\"#p5\">partag\u00e9e<\/a> \u2026, \n            <a style=\"color: red\" href=\"#p6\">elle comporte des avantages<\/a> \u2026, <a style=\"color: red\" href=\"#p7\">garde inform\u00e9s et donne sur quoi se r\u00e9f\u00e9rer<\/a>.\n        <\/div>\n<div id=\"texte.p6\" style=\"font-size: 20px;background-color: #0ef417;color: #0070C0;font-weight: bold;text-align: center\">\n            D\u2019id\u00e9es <a style=\"color: #0070C0\" href=\"https:\/\/www.google.com\/search?q=pertinent+def&amp;oq=pertinent&amp;aqs=chrome.2.69i57j0l4.83119j1j4&amp;client=ms-android-transsion-tecno-rev1&amp;sourceid=chrome-mobile&amp;ie=UTF-8\">pertinentes<\/a> et rien que d\u2019elles, <a style=\"color: #0070C0\" href=\"https:\/\/kocke-237.de\/les-mekam-tabiegaing\/nos-textes\/#reglementchap2a2.4\">envisager<\/a> <a style=\"color: #0070C0\" href=\"https:\/\/www.google.com\/search?q=tout&amp;oq=tout&amp;aqs=chrome.0.69i59j0l4.10977j1j9&amp;client=ms-android-transsion-tecno-rev1&amp;sourceid=chrome-mobile&amp;ie=UTF-8\">tout<\/a> :\n        <\/div>\n        <div style=\"font-size: 20px;background-color: red;color: yellow;font-weight: bold;text-align: center\">\n            Non \u00e0 l\u2019<a style=\"color: yellow\" href=\"https:\/\/www.google.com\/search?q=obscurantisme+def&amp;oq=obscu&amp;aqs=chrome.4.69i57j0l4.25844j0j4&amp;client=ms-android-transsion-tecno-rev1&amp;sourceid=chrome-mobile&amp;ie=UTF-8\">obscurantisme<\/a>, encore plus \u00e0 l\u2019<a style=\"color: yellow\" href=\"https:\/\/www.google.com\/search?q=imbroglio+def&amp;oq=imbr&amp;aqs=chrome.1.69i57j0l4.14840j0j4&amp;client=ms-android-transsion-tecno-rev1&amp;sourceid=chrome-mobile&amp;ie=UTF-8\">imbroglio<\/a>.\n        <\/div>\n\n        <p>\n            Au bout de cet entendement de <a style=\"color: #0070C0\" href=\"https:\/\/kocke-237.de\/les-mekam-tabiegaing\/jkmt6-202109160654\/#sommaire\">JKMT6<\/a>, il esp\u00e8re qu\u2019avec lui, vous partagerez ses <a style=\"color: #0070C0\" href=\"#conclusions\">conclusions<\/a>. \n            Il reste disponible aux contacts +237 6 7757 7994 et +237 6 9608 9819, donnant de son mieux, \n            corps \u00e0 son si pr\u00e9cieux <a style=\"color: #0070C0\" href=\"https:\/\/www.google.com\/search?q=slogan+d\u00e9finition&amp;oq=slogan&amp;aqs=chrome.4.69i57j0l4.20152j0j4&amp;client=ms-android-transsion-tecno-rev1&amp;sourceid=chrome-mobile&amp;ie=UTF-8\">slogan<\/a> \n            \u00ab\u00a0<b style=\"color: black\">D\u2019id\u00e9es <a style=\"color: black\" href=\"https:\/\/www.google.com\/search?q=pertinent+def&amp;oq=pertinent&amp;aqs=chrome.2.69i57j0l4.83119j1j4&amp;client=ms-android-transsion-tecno-rev1&amp;sourceid=chrome-mobile&amp;ie=UTF-8\">pertinentes<\/a> et rien que d\u2019elles, <a style=\"color: black\" href=\"https:\/\/kocke-237.de\/les-mekam-tabiegaing\/nos-textes\/#reglementchap2a2.4\">envisager<\/a> <a style=\"color: black\" href=\"https:\/\/www.google.com\/search?q=tout&amp;oq=tout&amp;aqs=chrome.0.69i59j0l4.10977j1j9&amp;client=ms-android-transsion-tecno-rev1&amp;sourceid=chrome-mobile&amp;ie=UTF-8\">tout<\/a><\/b>\u00a0\u00bb \n            suivi de \u00ab\u00a0<b style=\"color: black\">Non \u00e0 l\u2019<a style=\"color: black\" href=\"https:\/\/www.google.com\/search?q=obscurantisme+def&amp;oq=obscu&amp;aqs=chrome.4.69i57j0l4.25844j0j4&amp;client=ms-android-transsion-tecno-rev1&amp;sourceid=chrome-mobile&amp;ie=UTF-8\">obscurantisme<\/a>, encore plus \u00e0 l\u2019<a style=\"color: black\" href=\"https:\/\/www.google.com\/search?q=imbroglio+def&amp;oq=imbr&amp;aqs=chrome.1.69i57j0l4.14840j0j4&amp;client=ms-android-transsion-tecno-rev1&amp;sourceid=chrome-mobile&amp;ie=UTF-8\">imbroglio<\/a><\/b> \u00ab\u00a0.\n        <\/p>\n    <\/div>\n    <div id=\"p1\" style=\"background-color: #FFF2CC\">\n        <p>\n            Le support est ici pris par opposition au verbal, et alors dit de tout milieu mat\u00e9riel qui re\u00e7oit, v\u00e9hicule, conserve, et restitue la pens\u00e9e. Le support met \u00e0 l\u2019abri de d\u00e9formations, son contenu par rapport au verbal qui par br\u00e8ves et uniques existences sonores ou visuelles s\u2019\u00e9vanouit \u00e0 jamais. La reconstitution du verbal non fix\u00e9 sur un support, est g\u00e9n\u00e9ralement truff\u00e9e d\u2019impuret\u00e9s. Pour trancher court, un adage populaire dit que <b>\u00ab\u00a0L\u2019administration est \u00e9crite.\u00a0\u00bb<\/b>, c\u2019est-\u00e0-dire sur supports.\n        <\/p>\n    <\/div>\n    <div id=\"p2\" style=\"background-color: #D9E2F3\">\n        <p>\n            Le <a style=\"color: #0070C0\" href=\"#p1\">support<\/a> dissipe le malentendu ; \u00e9limine les proc\u00e8s d\u2019intention ; est une r\u00e9f\u00e9rence pour analyser ; lib\u00e8re son auteur qui n\u2019est pas oblig\u00e9 d\u2019\u00eatre pr\u00e9sent et le rend disponible en tout temps ainsi qu\u2019en tout lieu ; immortalise son contenu et par cons\u00e9quent son Auteur.\n        <\/p>\n    <\/div>\n    <div id=\"p3\" style=\"background-color: #FFF2CC\">\n        <p>\n            L\u2019avanc\u00e9e ainsi que la vulgarisation en technologie de l\u2019information et de la communication font que produire un <a style=\"color: #0070C0\" href=\"#p1\">support<\/a> est \u00e0 la port\u00e9e de tout le monde. Utiliser du papier et un crayon, enregistrer avec un magn\u00e9tophone, faire une photo, magn\u00e9toscoper, utiliser un ordinateur, sont \u00e0 notre port\u00e9e d\u2019o\u00f9 il ne reste plus qu\u2019\u00e0 vouloir.\n        <\/p>\n    <\/div>\n    <div id=\"p4\" style=\"background-color: #D9E2F3\">\n        <p>\n            Dans la <a style=\"color: #0070C0\" href=\"https:\/\/kocke-237.de\/les-mekam-tabiegaing\/tds\/#tds\">tradition de supports<\/a>, d\u2019arguments on s\u2019exprime et d\u2019honn\u00eatet\u00e9 intellectuelle on respecte les autres : on s\u2019instruit en instruisant.\n        <\/p>\n    <\/div>\n    <div id=\"p5\" style=\"background-color: #FFF2CC\">\n        <p>\n            Partag\u00e9e par les parties prenantes d\u2019une relation, la <a style=\"color: #0070C0\" href=\"https:\/\/kocke-237.de\/les-mekam-tabiegaing\/tds\/#tds\">tradition de supports<\/a> contribue \u00e0 son d\u00e9veloppement et rend les parties heureuses.\n        <\/p>\n     <\/div>\n     <div id=\"p6\" style=\"background-color: #D9E2F3\">\n         <p>\n            Aussi bien sur le plan individuel que collectif, la <a style=\"color: #0070C0\" href=\"https:\/\/kocke-237.de\/les-mekam-tabiegaing\/tds\/#tds\">tradition de supports<\/a> comporte plus d\u2019avantages, desquels la constitution de l\u2019<a style=\"color: #0070C0\" href=\"https:\/\/www.google.com\/search?q=histoire&amp;oq=histoire&amp;aqs=chrome..69i57j0l4.17547j0j7&amp;client=ms-android-transsion-tecno-rev1&amp;sourceid=chrome-mobile&amp;ie=UTF-8\">histoire<\/a>.\n        <\/p>\n    <\/div>\n    <div style=\"background-color: #FFF2CC\">\n        <div id=\"p7\">\n            <p>\n                Pour rester inform\u00e9s et avoir sur quoi se r\u00e9f\u00e9rer, la distribution du <a style=\"color: #0070C0\" href=\"#p1\">support<\/a> doit \u00eatre syst\u00e9matique \u00e0 tous les concern\u00e9s de son contenu. Aux r\u00e9unions physiques, la tradition de supports, a plein d\u2019avantages desquels :\n            <\/p>\n        <\/div>\n        <div style=\"margin-left: 25px\">\n        <div id=\"p7a\">\n            <p>\n                a)\tLors d\u2019une r\u00e9union la lecture du rapport de la derni\u00e8re est suppos\u00e9e consomm\u00e9e : gains en temps et en absence de conflits ;\n            <\/p>\n        <\/div>\n        <div id=\"p7b\">\n            <p>\n                b)\tEntre r\u00e9unions, chaque membre a le temps pour comprendre ou pour pr\u00e9parer et fixer sur supports ses remarques : gains en possibilit\u00e9 de s\u2019exprimer cons\u00e9quemment, en absence d\u2019\u00e9clats de voix, et en le fait de ne pas toujours \u00eatre oblig\u00e9 de marquer de sa pr\u00e9sence pour participer activement ;\n            <\/p>\n        <\/div>\n        <div id=\"p7c\">\n            <p>\n                c)\tTous les membres s\u2019expriment sans censure et, chaque membre est \u00ab \u00e9cout\u00e9 \u00bb attentivement par les autres d\u00e8s lors que les id\u00e9es sont publi\u00e9es sans d\u00e9lai ni restriction ;\n            <\/p>\n        <\/div>\n        <div id=\"p7d\">\n            <p>\n                d)\tL\u2019adage \u00ab\u00a0Qui ne dit rien consent\u00a0\u00bb inhibe les ambig\u00fcit\u00e9s du silence ;\n            <\/p>\n        <\/div>\n        <div id=\"p7e\">\n            <p>\n                e)\tLes <a style=\"color: #0070C0\" href=\"https:\/\/www.google.com\/search?q=archives&amp;oq=arc&amp;aqs=chrome.1.69i57j35i39j0l3.4085j0j4&amp;client=ms-android-transsion-tecno-rev1&amp;sourceid=chrome-mobile&amp;ie=UTF-8\">archives<\/a> sont constitu\u00e9es \u00e0 plusieurs endroits.\n            <\/p>\n        <\/div>\n<\/div><\/div><\/section>\n<section style=\"color: #0070C0\">\n\n<div id=\"conclusions\" style=\"color: white;background-color: #0070C0;text-align: center\">\n    <h2>Conclusions sur la tradition de supports, par <a style=\"color: white\" href=\"https:\/\/kocke-237.de\/les-mekam-tabiegaing\/jkmt6-202109160654\/#sommaire\">JKMT6<\/a><\/h2>\n<\/div>\n<div id=\"imposition\" style=\"background-color: #D9E2F3\">\n    <p>\n        <a style=\"color: #0070C0\" href=\"https:\/\/kocke-237.de\/les-mekam-tabiegaing\/jkmt6-202109160654\/#sommaire\">JKMT6<\/a>, en est arriv\u00e9 aux conclusions que, <a style=\"color: #0070C0\" href=\"#p1\">la tradition de supports<\/a>, a fait intrusion en milieu oral, y a fait des d\u00e9g\u00e2ts chez les obscurantistes et adeptes de l\u2019imbroglio. \n        Mais aussi que <a style=\"color: #0070C0\" href=\"#p2\">de sa lumi\u00e8re<\/a> elle inhibe <a style=\"color: #0070C0\" href=\"#p3\">progressivement<\/a>, les mensonges ainsi que les d\u00e9lations. <a style=\"color: #0070C0\" href=\"#p4\">Merci tout plein \u00e0 elle<\/a>.\n    <\/p>\n<\/div>\n<div id=\"partage\" style=\"background-color: #FFF2CC\">\n    <p>\n        <a style=\"color: #0070C0\" href=\"#p6\">Faire avec les autres<\/a> dans le <a style=\"color: #0070C0\" href=\"#p5\">partage<\/a>, permet \u00e0 toute Entit\u00e9 de <a style=\"color: #0070C0\" href=\"#p7\">rester inform\u00e9e<\/a>. \n        Que dire de l\u2019association aux r\u00e9unions physiques, la tradition de supports, c\u2019est sublime : \n        <a style=\"color: #0070C0\" href=\"#p7a\">gains en temps et en absence de conflits<\/a> ; <a style=\"color: #0070C0\" href=\"#p7b\">gains en expression idoine, \n        sans \u00e9clat de voix, et par t\u00e9l\u00e9matique<\/a> ; <a style=\"color: #0070C0\" href=\"#p7b\">gains en d\u00e9mocratie et accus\u00e9s de r\u00e9ception<\/a> ; \n        <a style=\"color: #0070C0\" href=\"#p7d\">gain en la sanction du silence<\/a> ; et, <a style=\"color: #0070C0\" href=\"#p7e\">gain en archivage<\/a>.\n    <\/p>\n<\/div>\n<div id=\"indeformable\" style=\"background-color: #D9E2F3\">\n    <p>\n        <a style=\"color: #0070C0\" href=\"https:\/\/kocke-237.de\/les-mekam-tabiegaing\/tds\/#tds\">La tradition de supports<\/a> clarifie les choses, \n        via <a style=\"color: #0070C0\" href=\"https:\/\/www.google.com\/search?q=moment&amp;oq=moment&amp;aqs=chrome..69i57j0l4.9426j0j4&amp;client=ms-android-transsion-tecno-rev1&amp;sourceid=chrome-mobile&amp;ie=UTF-8\">moments<\/a> ; \n        <a style=\"color: #0070C0\" href=\"https:\/\/www.google.com\/search?q=contexte&amp;oq=conte&amp;aqs=chrome.0.69i59j69i57j0l3.11511j0j4&amp;client=ms-android-transsion-tecno-rev1&amp;sourceid=chrome-mobile&amp;ie=UTF-8#sbfbu=1&amp;pi=contexte\">contextes<\/a> ; \n        et <a style=\"color: #0070C0\" href=\"https:\/\/www.google.com\/search?q=contenu&amp;oq=contenu&amp;aqs=chrome..69i57j0l4.26807j0j4&amp;client=ms-android-transsion-tecno-rev1&amp;sourceid=chrome-mobile&amp;ie=UTF-8\">contenus<\/a>, \n        de donn\u00e9es disponibles et av\u00e9r\u00e9es en cas de plagia mais aussi de dispute pour la paternit\u00e9 d\u2019auteur : \n        <a style=\"color: #0070C0\" href=\"https:\/\/kocke-237.de\/les-mekam-tabiegaing\/tds\/#tds\">la tradition de supports<\/a> reste \u00e0 jamais ind\u00e9formable.\n    <\/p>\n<\/div>\n\n<\/section>\n<div style=\"text-align: center;font-size: 14px\">\n    <a style=\"color: #0070C0\" href=\"https:\/\/kocke-237.de\/les-mekam-tabiegaing\/jkmt6-202109160654\/#sommaire\">Jean KOUAM Mekam Tabiegaing 6<\/a>\n<\/div>\n<div style=\"margin-bottom: 500px\"><\/div>\n","protected":false},"excerpt":{"rendered":"<p>Tradition de supports par \u00ab\u00a0Mekam Tabiegaing 6 ( JK MT 6)\u00a0\u00bb Entendement de JKMT6, sur la tradition de supports : par opposition au verbal \u2026, le support dissipe \u2026, y associer les TIC \u2026, d\u2019arguments et intellectuellement \u2026, partag\u00e9e \u2026, elle comporte des avantages \u2026, garde inform\u00e9s et donne sur quoi se r\u00e9f\u00e9rer. D\u2019id\u00e9es pertinentes et rien que d\u2019elles, envisager tout : Non \u00e0 l\u2019obscurantisme, encore plus \u00e0 l\u2019imbroglio. Au bout de cet entendement de JKMT6, il esp\u00e8re qu\u2019avec lui, vous partagerez ses conclusions. Il reste disponible aux contacts +237 6 7757 7994 et +237 6 9608 9819, donnant de &hellip; <\/p>\n","protected":false},"author":4,"featured_media":0,"parent":0,"menu_order":0,"comment_status":"closed","ping_status":"closed","template":"","meta":{"_kadence_starter_templates_imported_post":false,"footnotes":""},"_links":{"self":[{"href":"https:\/\/kocke-237.de\/les-mekam-tabiegaing\/wp-json\/wp\/v2\/pages\/473"}],"collection":[{"href":"https:\/\/kocke-237.de\/les-mekam-tabiegaing\/wp-json\/wp\/v2\/pages"}],"about":[{"href":"https:\/\/kocke-237.de\/les-mekam-tabiegaing\/wp-json\/wp\/v2\/types\/page"}],"author":[{"embeddable":true,"href":"https:\/\/kocke-237.de\/les-mekam-tabiegaing\/wp-json\/wp\/v2\/users\/4"}],"replies":[{"embeddable":true,"href":"https:\/\/kocke-237.de\/les-mekam-tabiegaing\/wp-json\/wp\/v2\/comments?post=473"}],"version-history":[{"count":36,"href":"https:\/\/kocke-237.de\/les-mekam-tabiegaing\/wp-json\/wp\/v2\/pages\/473\/revisions"}],"predecessor-version":[{"id":1007,"href":"https:\/\/kocke-237.de\/les-mekam-tabiegaing\/wp-json\/wp\/v2\/pages\/473\/revisions\/1007"}],"wp:attachment":[{"href":"https:\/\/kocke-237.de\/les-mekam-tabiegaing\/wp-json\/wp\/v2\/media?parent=473"}],"curies":[{"name":"wp","href":"https:\/\/api.w.org\/{rel}","templated":true}]}}