{"id":787,"date":"2023-08-23T18:25:29","date_gmt":"2023-08-23T16:25:29","guid":{"rendered":"https:\/\/kocke-237.de\/les-mekam-tabiegaing\/?page_id=787"},"modified":"2023-08-24T21:22:03","modified_gmt":"2023-08-24T19:22:03","slug":"genese","status":"publish","type":"page","link":"https:\/\/kocke-237.de\/les-mekam-tabiegaing\/genese\/","title":{"rendered":""},"content":{"rendered":"\n<div id=\"genese\" style=\"background-color: #DAEEF3;border-radius: 20px\">\n    <h3 style=\"font-size: 20px;text-align: center;font-weight: bold\">Gen\u00e8se de \u00ab\u00a0Les Mekam Tabiegaing\u00a0\u00bb<\/h3>\n    <p id=\"genesep1\">\n        Depuis 1781, la <b><a style=\"color: #0070C0\" href=\"https:\/\/kocke-237.de\/#lg\">Dynastie KOCKE<\/a><\/b> dite \u00ab\u00a0<a style=\"color: #0070C0\" href=\"https:\/\/kocke-237.de\/les-mekam-tabiegaing\/#lg\">Les Mekam Tabiegaing<\/a>\u00ab\u00a0, en d\u00e9pit des tumultes inh\u00e9rents \u00e0 toute existence humaine, r\u00e9siste \u00e0 l\u2019usure du temps. Il est donc primordial que chaque \u00ab parent \u00bb cultive chez ses enfants, la fiert\u00e9 de ses origines, le respect des ain\u00e9s, la culture de sa filiation, afin que se p\u00e9rennise la lign\u00e9e de <b>KOCKE<\/b> (Mekam I), <b>BUCHE<\/b> (Mekam II), <b>BIEGAING<\/b> (Mekam III), <b>DJOKO<\/b> (Mekam IV), <b>KOUAM DJOKO<\/b> (Mekam V) et <b><a style=\"color: #0070C0\" href=\"https:\/\/kocke-237.de\/les-mekam-tabiegaing\/jkmt6-202109160654\/#sommaire\">Jean KOUAM<\/a><\/b> (<a style=\"color: #0070C0\" href=\"https:\/\/kocke-237.de\/les-mekam-tabiegaing\/jkmt6-202109160654\/#politique\">Mekam VI<\/a>) en fonction.\n    <\/p>\n<\/div>\n<div style=\"text-align: center\">\n    <a href=\"https:\/\/kocke-237.de\/les-mekam-tabiegaing\/#bouton\"><img decoding=\"async\" src=\"http:\/\/kocke-237.de\/concertation\/wp-content\/uploads\/sites\/6\/2023\/08\/icons-retour.png\" alt=\"\"><\/a>\n<\/div>\n","protected":false},"excerpt":{"rendered":"<p>Gen\u00e8se de \u00ab\u00a0Les Mekam Tabiegaing\u00a0\u00bb Depuis 1781, la Dynastie KOCKE dite \u00ab\u00a0Les Mekam Tabiegaing\u00ab\u00a0, en d\u00e9pit des tumultes inh\u00e9rents \u00e0 toute existence humaine, r\u00e9siste \u00e0 l\u2019usure du temps. Il est donc primordial que chaque \u00ab parent \u00bb cultive chez ses enfants, la fiert\u00e9 de ses origines, le respect des ain\u00e9s, la culture de sa filiation, afin que se p\u00e9rennise la lign\u00e9e de KOCKE (Mekam I), BUCHE (Mekam II), BIEGAING (Mekam III), DJOKO (Mekam IV), KOUAM DJOKO (Mekam V) et Jean KOUAM (Mekam VI) en fonction.<\/p>\n","protected":false},"author":4,"featured_media":0,"parent":0,"menu_order":0,"comment_status":"closed","ping_status":"closed","template":"","meta":{"_kadence_starter_templates_imported_post":false,"footnotes":""},"_links":{"self":[{"href":"https:\/\/kocke-237.de\/les-mekam-tabiegaing\/wp-json\/wp\/v2\/pages\/787"}],"collection":[{"href":"https:\/\/kocke-237.de\/les-mekam-tabiegaing\/wp-json\/wp\/v2\/pages"}],"about":[{"href":"https:\/\/kocke-237.de\/les-mekam-tabiegaing\/wp-json\/wp\/v2\/types\/page"}],"author":[{"embeddable":true,"href":"https:\/\/kocke-237.de\/les-mekam-tabiegaing\/wp-json\/wp\/v2\/users\/4"}],"replies":[{"embeddable":true,"href":"https:\/\/kocke-237.de\/les-mekam-tabiegaing\/wp-json\/wp\/v2\/comments?post=787"}],"version-history":[{"count":3,"href":"https:\/\/kocke-237.de\/les-mekam-tabiegaing\/wp-json\/wp\/v2\/pages\/787\/revisions"}],"predecessor-version":[{"id":811,"href":"https:\/\/kocke-237.de\/les-mekam-tabiegaing\/wp-json\/wp\/v2\/pages\/787\/revisions\/811"}],"wp:attachment":[{"href":"https:\/\/kocke-237.de\/les-mekam-tabiegaing\/wp-json\/wp\/v2\/media?parent=787"}],"curies":[{"name":"wp","href":"https:\/\/api.w.org\/{rel}","templated":true}]}}