{"id":791,"date":"2023-08-23T18:29:28","date_gmt":"2023-08-23T16:29:28","guid":{"rendered":"https:\/\/kocke-237.de\/les-mekam-tabiegaing\/?page_id=791"},"modified":"2023-09-10T15:49:09","modified_gmt":"2023-09-10T13:49:09","slug":"attachaement","status":"publish","type":"page","link":"https:\/\/kocke-237.de\/les-mekam-tabiegaing\/attachaement\/","title":{"rendered":""},"content":{"rendered":"\n<div id=\"attachement\" style=\"background-color: #FDE9D9;border-radius: 20px\">\n    <h3 style=\"font-size: 20px;text-align: center;font-weight: bold\">Attachements<\/h3>\n    <p id=\"attachementp1\">\n        Les attachements et la communication au quotidien : les <a style=\"color: #0070C0\" href=\"https:\/\/kocke-237.de\/les-mekam-tabiegaing\/nos-textes\/#preambulep2\">liens sacr\u00e9s d\u2019affection ; de sympathie<\/a> ; et, d\u2019int\u00e9r\u00eat, qui unissent durablement les Entit\u00e9s de \u00ab\u00a0Les Mekam Tabiegaing\u00a0\u00bb, via <a style=\"color: #0070C0\" href=\"https:\/\/kocke-237.de\/les-mekam-tabiegaing\/nos-textes\/#texte.p3\">la tradition de supports<\/a> :\n    <\/p>\n    <table id=\"attachement-img\" align=\"center\" style=\"text-align: center\">\n        <tr style=\"color: yellow;background-color: #00B0F0;font-weight: bold\">\n            <td><a style=\"color: yellow\" href=\"https:\/\/kocke-237.de\/les-mekam-tabiegaing\/nos-textes\/#preambulep1\">Pi\u00e9t\u00e9<\/a><\/td>\n            <td><a style=\"color: yellow\" href=\"https:\/\/kocke-237.de\/les-mekam-tabiegaing\/leitmotiv\/#leitmotivp7\">Si\u00e8ge social<\/a><\/td>\n            <td><a style=\"color: yellow\" href=\"https:\/\/kocke-237.de\/les-mekam-tabiegaing\/organigramme-2\/#organigramechap1a1\">Sch\u00e9ma de gestion<\/a><\/td>\n        <\/tr>\n        <tr style=\"background-color: yellow\">\n            <td><a href=\"https:\/\/kocke-237.de\/les-mekam-tabiegaing\/chapitre-v-programme\/#art5.3.5aslmt\"><img decoding=\"async\" src=\"http:\/\/kocke-237.de\/les-mekam-tabiegaing\/wp-content\/uploads\/sites\/5\/2023\/07\/attachement1.png\" alt=\"\"><\/a><\/td>\n            <td><a href=\"https:\/\/kocke-237.de\/les-mekam-tabiegaing\/chapitre-vi-domicile\/#id-chap6\"><img decoding=\"async\" src=\"http:\/\/kocke-237.de\/les-mekam-tabiegaing\/wp-content\/uploads\/sites\/5\/2023\/07\/attachement2.png\" alt=\"\"><\/a><\/td>\n            <td><a href=\"https:\/\/kocke-237.de\/les-mekam-tabiegaing\/organigramme-2\/#organigramechap1a1-img\"><img decoding=\"async\" src=\"http:\/\/kocke-237.de\/les-mekam-tabiegaing\/wp-content\/uploads\/sites\/5\/2023\/07\/attachement3.png\" alt=\"\"><\/a><\/td>\n        <\/tr>\n        <tr style=\"background-color: #31849B;font-weight: bold\">\n            <td><a style=\"color: white\" href=\"https:\/\/kocke-237.de\/les-mekam-tabiegaing\/democratie\/#democratie\">D\u00e9mocratie<\/a><\/td>\n            <td><a style=\"color: white\" href=\"https:\/\/kocke-237.de\/les-mekam-tabiegaing\/protocoles-daccords\/\">Protocoles<\/a><\/td>\n            <td>\n                <a style=\"color: white\" href=\"https:\/\/kocke-237.de\/les-mekam-tabiegaing\/chapitre-ii-fonctionnement\/#organigramechap2\">Fonctionnement<\/a>\n            <\/td>\n        <\/tr>\n    <\/table>\n<\/div>\n<div style=\"text-align: center\">\n    <a href=\"https:\/\/kocke-237.de\/les-mekam-tabiegaing\/#bouton\"><img decoding=\"async\" src=\"http:\/\/kocke-237.de\/concertation\/wp-content\/uploads\/sites\/6\/2023\/08\/icons-retour.png\" alt=\"\"><\/a>\n<\/div>\n","protected":false},"excerpt":{"rendered":"<p>Attachements Les attachements et la communication au quotidien : les liens sacr\u00e9s d\u2019affection ; de sympathie ; et, d\u2019int\u00e9r\u00eat, qui unissent durablement les Entit\u00e9s de \u00ab\u00a0Les Mekam Tabiegaing\u00a0\u00bb, via la tradition de supports : Pi\u00e9t\u00e9 Si\u00e8ge social Sch\u00e9ma de gestion D\u00e9mocratie Protocoles Fonctionnement<\/p>\n","protected":false},"author":4,"featured_media":0,"parent":0,"menu_order":0,"comment_status":"closed","ping_status":"closed","template":"","meta":{"_kadence_starter_templates_imported_post":false,"footnotes":""},"_links":{"self":[{"href":"https:\/\/kocke-237.de\/les-mekam-tabiegaing\/wp-json\/wp\/v2\/pages\/791"}],"collection":[{"href":"https:\/\/kocke-237.de\/les-mekam-tabiegaing\/wp-json\/wp\/v2\/pages"}],"about":[{"href":"https:\/\/kocke-237.de\/les-mekam-tabiegaing\/wp-json\/wp\/v2\/types\/page"}],"author":[{"embeddable":true,"href":"https:\/\/kocke-237.de\/les-mekam-tabiegaing\/wp-json\/wp\/v2\/users\/4"}],"replies":[{"embeddable":true,"href":"https:\/\/kocke-237.de\/les-mekam-tabiegaing\/wp-json\/wp\/v2\/comments?post=791"}],"version-history":[{"count":6,"href":"https:\/\/kocke-237.de\/les-mekam-tabiegaing\/wp-json\/wp\/v2\/pages\/791\/revisions"}],"predecessor-version":[{"id":1012,"href":"https:\/\/kocke-237.de\/les-mekam-tabiegaing\/wp-json\/wp\/v2\/pages\/791\/revisions\/1012"}],"wp:attachment":[{"href":"https:\/\/kocke-237.de\/les-mekam-tabiegaing\/wp-json\/wp\/v2\/media?parent=791"}],"curies":[{"name":"wp","href":"https:\/\/api.w.org\/{rel}","templated":true}]}}