{"id":795,"date":"2023-08-23T18:30:25","date_gmt":"2023-08-23T16:30:25","guid":{"rendered":"https:\/\/kocke-237.de\/les-mekam-tabiegaing\/?page_id=795"},"modified":"2023-08-24T21:24:29","modified_gmt":"2023-08-24T19:24:29","slug":"objectif","status":"publish","type":"page","link":"https:\/\/kocke-237.de\/les-mekam-tabiegaing\/objectif\/","title":{"rendered":""},"content":{"rendered":"\n<div id=\"objectif\" style=\"background-color: #DAEEF3;border-radius: 20px\">\n    <h3 style=\"font-size: 20px;text-align: center;font-weight: bold\"><a style=\"color: #0070C0\" href=\"https:\/\/kocke-237.de\/les-mekam-tabiegaing\/nos-textes\/#sommaire\">Objectif de \u00ab\u00a0Les Mekam Tabiegaing\u00a0\u00bb<\/a><\/h3>\n    <p id=\"objectifp1\">\n        L\u2019objectif vis\u00e9 par \u00ab\u00a0<a style=\"color: #0070C0\" href=\"https:\/\/kocke-237.de\/les-mekam-tabiegaing\/#lg\">Les Mekam Tabiegaing<\/a>\u00a0\u00bb est, <a style=\"color: #0070C0\" href=\"https:\/\/kocke-237.de\/les-mekam-tabiegaing\/nos-textes\/#texte.p6\">\u00e0 travers ses textes organiques<\/a>, promouvoir la convivialit\u00e9 et le fait de se rendre utile \u00e0 l\u2019environnement par l\u2019union pour \u00eatre fort. Les conditions de l\u2019union \u00e9tant la libert\u00e9, la transparence, la d\u00e9mocratie, la tradition de supports, et, la devise Amour Justice Travail, pour une <a style=\"color: #0070C0\" href=\"https:\/\/kocke-237.de\/concertation\/#lg\">nouvelle forme de famille<\/a> de vivre-ensemble harmonieux.\n    <\/p>\n<\/div>\n<div style=\"text-align: center\">\n    <a href=\"https:\/\/kocke-237.de\/les-mekam-tabiegaing\/#bouton\"><img decoding=\"async\" src=\"http:\/\/kocke-237.de\/concertation\/wp-content\/uploads\/sites\/6\/2023\/08\/icons-retour.png\" alt=\"\"><\/a>\n<\/div>\n","protected":false},"excerpt":{"rendered":"<p>Objectif de \u00ab\u00a0Les Mekam Tabiegaing\u00a0\u00bb L\u2019objectif vis\u00e9 par \u00ab\u00a0Les Mekam Tabiegaing\u00a0\u00bb est, \u00e0 travers ses textes organiques, promouvoir la convivialit\u00e9 et le fait de se rendre utile \u00e0 l\u2019environnement par l\u2019union pour \u00eatre fort. Les conditions de l\u2019union \u00e9tant la libert\u00e9, la transparence, la d\u00e9mocratie, la tradition de supports, et, la devise Amour Justice Travail, pour une nouvelle forme de famille de vivre-ensemble harmonieux.<\/p>\n","protected":false},"author":4,"featured_media":0,"parent":0,"menu_order":0,"comment_status":"closed","ping_status":"closed","template":"","meta":{"_kadence_starter_templates_imported_post":false,"footnotes":""},"_links":{"self":[{"href":"https:\/\/kocke-237.de\/les-mekam-tabiegaing\/wp-json\/wp\/v2\/pages\/795"}],"collection":[{"href":"https:\/\/kocke-237.de\/les-mekam-tabiegaing\/wp-json\/wp\/v2\/pages"}],"about":[{"href":"https:\/\/kocke-237.de\/les-mekam-tabiegaing\/wp-json\/wp\/v2\/types\/page"}],"author":[{"embeddable":true,"href":"https:\/\/kocke-237.de\/les-mekam-tabiegaing\/wp-json\/wp\/v2\/users\/4"}],"replies":[{"embeddable":true,"href":"https:\/\/kocke-237.de\/les-mekam-tabiegaing\/wp-json\/wp\/v2\/comments?post=795"}],"version-history":[{"count":3,"href":"https:\/\/kocke-237.de\/les-mekam-tabiegaing\/wp-json\/wp\/v2\/pages\/795\/revisions"}],"predecessor-version":[{"id":813,"href":"https:\/\/kocke-237.de\/les-mekam-tabiegaing\/wp-json\/wp\/v2\/pages\/795\/revisions\/813"}],"wp:attachment":[{"href":"https:\/\/kocke-237.de\/les-mekam-tabiegaing\/wp-json\/wp\/v2\/media?parent=795"}],"curies":[{"name":"wp","href":"https:\/\/api.w.org\/{rel}","templated":true}]}}