{"id":800,"date":"2023-08-23T18:31:38","date_gmt":"2023-08-23T16:31:38","guid":{"rendered":"https:\/\/kocke-237.de\/les-mekam-tabiegaing\/?page_id=800"},"modified":"2023-08-24T21:25:14","modified_gmt":"2023-08-24T19:25:14","slug":"intervention","status":"publish","type":"page","link":"https:\/\/kocke-237.de\/les-mekam-tabiegaing\/intervention\/","title":{"rendered":""},"content":{"rendered":"\n<div id=\"intervention\" style=\"background-color: #FDE9D9;border-radius: 20px\">\n    <h3 style=\"font-size: 20px;text-align: center;font-weight: bold\">Intervention<\/h3>\n    <p id=\"interventionp1\">\n        Par une intervention, ou publication en \u00ab\u00a0<a style=\"color: #0070C0\" href=\"https:\/\/kocke-237.de\/les-mekam-tabiegaing\/#lg\">Les Mekam Tabiegaing<\/a>\u00ab\u00a0, entendre un <a style=\"color: #0070C0\" href=\"https:\/\/www.google.com\/search?q=contenu&amp;oq=contenu&amp;aqs=chrome..69i57j0l4.26807j0j4&amp;client=ms-android-transsion-tecno-rev1&amp;sourceid=chrome-mobile&amp;ie=UTF-8\">contenu<\/a> sur <a style=\"color: #0070C0\" href=\"https:\/\/kocke-237.de\/les-mekam-tabiegaing\/tds\/#p1\">support<\/a> diffus\u00e9, \u00e0 travers ses forums t\u00e9l\u00e9matiques : une <a style=\"color: #0070C0\" href=\"https:\/\/www.google.com\/search?q=reference&amp;oq=re&amp;aqs=chrome.0.69i59j69i57j69i60l2j69i61.8086j0j4&amp;client=ms-android-transsion-tecno-rev1&amp;sourceid=chrome-mobile&amp;ie=UTF-8\">r\u00e9f\u00e9rence<\/a>.\n    <\/p>\n    <p id=\"interventionp2\">\n        En \u00ab\u00a0<a style=\"color: #0070C0\" href=\"https:\/\/kocke-237.de\/les-mekam-tabiegaing\/#lg\">Les Mekam Tabiegaing<\/a>\u00ab\u00a0, \u00e0 chaque \u00e9l\u00e9ment des <a style=\"color: #0070C0\" href=\"https:\/\/kocke-237.de\/les-mekam-tabiegaing\/jkmt6-202109160654\/#membre\">composantes<\/a> ou groupe d\u2019\u00e9l\u00e9ments, <a style=\"color: #0070C0\" href=\"#charte\">la communication<\/a> est libre : aucun sujet n\u2019est tabou ni obligatoire. Les auteurs sont face pour chacun, \u00e0 sa conscience et la censure est du droit de tous : population cible ainsi que de curieux, de mani\u00e8re individuelle ou collective. C\u2019est autrement dire, <a style=\"color: #0070C0\" href=\"#reglementchap2a2.5\">libre expression responsable<\/a>.\n    <\/p>\n    <p id=\"interventionp3\">\n        Pour aussi bien jouir de paternit\u00e9 d\u2019id\u00e9e, qu\u2019assumer ses <a style=\"color: #0070C0\" href=\"#reglementchap2a2.4\">responsabilit\u00e9s d&rsquo;auteur<\/a>, l\u2019\u00e9l\u00e9ment des <a style=\"color: #0070C0\" href=\"https:\/\/kocke-237.de\/les-mekam-tabiegaing\/jkmt6-202109160654\/#membre\">composantes<\/a> ou groupe d\u2019\u00e9l\u00e9ments, qui publie doit situer de quel sujet il est question et, de s\u2019il s\u2019agit d\u2019un sujet en cours de d\u00e9bat ou, d\u2019initiation.\n    <\/p>\n    <p id=\"interventionp4\">\n        Les Membres d\u2019une discussion ou d\u2019un partage, ont la responsabilit\u00e9 partag\u00e9e de la conservation par chaque Membre \u00e0 son niveau, d\u2019<a style=\"color: #0070C0\" href=\"https:\/\/www.google.com\/search?q=archives&amp;oq=arc&amp;aqs=chrome.1.69i57j35i39j0l3.4085j0j4&amp;client=ms-android-transsion-tecno-rev1&amp;sourceid=chrome-mobile&amp;ie=UTF-8\">archives<\/a>. Ainsi, toute <a style=\"color: #0070C0\" href=\"https:\/\/www.google.com\/search?q=reference&amp;oq=re&amp;aqs=chrome.0.69i59j69i57j69i60l2j69i61.8086j0j4&amp;client=ms-android-transsion-tecno-rev1&amp;sourceid=chrome-mobile&amp;ie=UTF-8\">r\u00e9f\u00e9rence<\/a> qui a eu \u00e0 \u00eatre <a style=\"color: #0070C0\" href=\"#reglementchap2a2.1\">publi\u00e9e<\/a>, est sens\u00e9e se trouver en <a style=\"color: #0070C0\" href=\"https:\/\/www.google.com\/search?q=archives&amp;oq=arc&amp;aqs=chrome.1.69i57j35i39j0l3.4085j0j4&amp;client=ms-android-transsion-tecno-rev1&amp;sourceid=chrome-mobile&amp;ie=UTF-8\">archives<\/a> de chaque Membre : question de rendre ais\u00e9, tout <a style=\"color: #0070C0\" href=\"https:\/\/www.google.com\/search?q=renvoi&amp;oq=renv&amp;aqs=chrome.2.69i57j0l4.6277j0j4&amp;client=ms-android-transsion-tecno-rev1&amp;sourceid=chrome-mobile&amp;ie=UTF-8https:\/\/www.google.com\/search?q=renvoi&amp;oq=renv&amp;aqs=chrome.2.69i57j0l4.6277j0j4&amp;client=ms-android-transsion-tecno-rev1&amp;sourceid=chrome-mobile&amp;ie=UTF-8\">renvoi<\/a> \u00e0 ladite <a style=\"color: #0070C0\" href=\"https:\/\/www.google.com\/search?q=reference&amp;oq=re&amp;aqs=chrome.0.69i59j69i57j69i60l2j69i61.8086j0j4&amp;client=ms-android-transsion-tecno-rev1&amp;sourceid=chrome-mobile&amp;ie=UTF-8\">r\u00e9f\u00e9rence<\/a>. Pr\u00e9ciser ici, que parlant de <a style=\"color: #0070C0\" href=\"https:\/\/www.google.com\/search?q=reference&amp;oq=re&amp;aqs=chrome.0.69i59j69i57j69i60l2j69i61.8086j0j4&amp;client=ms-android-transsion-tecno-rev1&amp;sourceid=chrome-mobile&amp;ie=UTF-8\">r\u00e9f\u00e9rence<\/a>, il s\u2019agit d\u2019un <a style=\"color: #0070C0\" href=\"https:\/\/www.google.com\/search?q=contenu&amp;oq=contenu&amp;aqs=chrome..69i57j0l4.26807j0j4&amp;client=ms-android-transsion-tecno-rev1&amp;sourceid=chrome-mobile&amp;ie=UTF-8\">contenu<\/a> fix\u00e9 sur <a style=\"color: #0070C0\" href=\"https:\/\/kocke-237.de\/les-mekam-tabiegaing\/tds\/#p1\">support<\/a> et, qu\u2019une <a style=\"color: #0070C0\" href=\"https:\/\/www.google.com\/search?q=reference&amp;oq=re&amp;aqs=chrome.0.69i59j69i57j69i60l2j69i61.8086j0j4&amp;client=ms-android-transsion-tecno-rev1&amp;sourceid=chrome-mobile&amp;ie=UTF-8\">r\u00e9f\u00e9rence<\/a> est caract\u00e9ris\u00e9e par son <a style=\"color: #0070C0\" href=\"https:\/\/www.google.com\/search?q=contexte&amp;oq=conte&amp;aqs=chrome.0.69i59j69i57j0l3.11511j0j4&amp;client=ms-android-transsion-tecno-rev1&amp;sourceid=chrome-mobile&amp;ie=UTF-8#sbfbu=1&amp;pi=contexte\">contexte<\/a> ; son <a style=\"color: #0070C0\" href=\"https:\/\/www.google.com\/search?q=moment&amp;oq=moment&amp;aqs=chrome..69i57j0l4.9426j0j4&amp;client=ms-android-transsion-tecno-rev1&amp;sourceid=chrome-mobile&amp;ie=UTF-8\">moment<\/a> (ann\u00e9e ; mois ; jour ; heure) de <a style=\"color: #0070C0\" href=\"#reglementchap2a2.1\">publication<\/a> ; et, son auteur. Ce dernier qui doit avoir son num\u00e9ro de t\u00e9l\u00e9com indiqu\u00e9, le rendant du coup joignable \u00e0 souhait.\n    <\/p>\n<\/div>\n<div style=\"text-align: center\">\n    <a href=\"https:\/\/kocke-237.de\/les-mekam-tabiegaing\/#bouton\"><img decoding=\"async\" src=\"http:\/\/kocke-237.de\/concertation\/wp-content\/uploads\/sites\/6\/2023\/08\/icons-retour.png\" alt=\"\"><\/a>\n<\/div>\n","protected":false},"excerpt":{"rendered":"<p>Intervention Par une intervention, ou publication en \u00ab\u00a0Les Mekam Tabiegaing\u00ab\u00a0, entendre un contenu sur support diffus\u00e9, \u00e0 travers ses forums t\u00e9l\u00e9matiques : une r\u00e9f\u00e9rence. En \u00ab\u00a0Les Mekam Tabiegaing\u00ab\u00a0, \u00e0 chaque \u00e9l\u00e9ment des composantes ou groupe d\u2019\u00e9l\u00e9ments, la communication est libre : aucun sujet n\u2019est tabou ni obligatoire. Les auteurs sont face pour chacun, \u00e0 sa conscience et la censure est du droit de tous : population cible ainsi que de curieux, de mani\u00e8re individuelle ou collective. C\u2019est autrement dire, libre expression responsable. Pour aussi bien jouir de paternit\u00e9 d\u2019id\u00e9e, qu\u2019assumer ses responsabilit\u00e9s d&rsquo;auteur, l\u2019\u00e9l\u00e9ment des composantes ou groupe d\u2019\u00e9l\u00e9ments, qui &hellip; <\/p>\n","protected":false},"author":4,"featured_media":0,"parent":0,"menu_order":0,"comment_status":"closed","ping_status":"closed","template":"","meta":{"_kadence_starter_templates_imported_post":false,"footnotes":""},"_links":{"self":[{"href":"https:\/\/kocke-237.de\/les-mekam-tabiegaing\/wp-json\/wp\/v2\/pages\/800"}],"collection":[{"href":"https:\/\/kocke-237.de\/les-mekam-tabiegaing\/wp-json\/wp\/v2\/pages"}],"about":[{"href":"https:\/\/kocke-237.de\/les-mekam-tabiegaing\/wp-json\/wp\/v2\/types\/page"}],"author":[{"embeddable":true,"href":"https:\/\/kocke-237.de\/les-mekam-tabiegaing\/wp-json\/wp\/v2\/users\/4"}],"replies":[{"embeddable":true,"href":"https:\/\/kocke-237.de\/les-mekam-tabiegaing\/wp-json\/wp\/v2\/comments?post=800"}],"version-history":[{"count":3,"href":"https:\/\/kocke-237.de\/les-mekam-tabiegaing\/wp-json\/wp\/v2\/pages\/800\/revisions"}],"predecessor-version":[{"id":814,"href":"https:\/\/kocke-237.de\/les-mekam-tabiegaing\/wp-json\/wp\/v2\/pages\/800\/revisions\/814"}],"wp:attachment":[{"href":"https:\/\/kocke-237.de\/les-mekam-tabiegaing\/wp-json\/wp\/v2\/media?parent=800"}],"curies":[{"name":"wp","href":"https:\/\/api.w.org\/{rel}","templated":true}]}}