{"id":816,"date":"2023-08-27T05:22:08","date_gmt":"2023-08-27T03:22:08","guid":{"rendered":"https:\/\/kocke-237.de\/les-mekam-tabiegaing\/?page_id=816"},"modified":"2023-09-04T15:09:11","modified_gmt":"2023-09-04T13:09:11","slug":"charte","status":"publish","type":"page","link":"https:\/\/kocke-237.de\/les-mekam-tabiegaing\/charte\/","title":{"rendered":"CHARTE DE COMMUNICATION"},"content":{"rendered":"\n<section>\n    <div style=\"background-color: #DAEEF3;color: #0070C0\" id=\"charte\">\n        <div style=\"background-color: #8BFA78;text-align: center;border: 4px solid black\">CHARTE DE COMMUNICATION<\/div><br>\n        <div style=\"text-align: center\">\n            <div>\n                <a href=\"#chartet1\"><button style=\"width: 300px;border-radius: 15px;background-color: yellow;color: blue;font-weight: bold;font-size: 17px\">Forme, objet et d\u00e9nomination<\/button><\/a>\n                <a href=\"https:\/\/kocke-237.de\/les-mekam-tabiegaing\/titre-2\/#chartet2\"><button style=\"width: 150px;border-radius: 15px;background-color: #FDE9D9;color: blue;font-weight: bold;font-size: 17px\">Apports<\/button><\/a>\n            <\/div>\n            <div>\n                <a href=\"https:\/\/kocke-237.de\/les-mekam-tabiegaing\/titre-3-gerance\/#chartet3\"><button style=\"width: 150px;border-radius: 15px;background-color: #FDE9D9;color: blue;font-weight: bold;font-size: 17px\">G\u00e9rance<\/button><\/a>\n                <a href=\"https:\/\/kocke-237.de\/les-mekam-tabiegaing\/titre-4-decisions-collectives\/#chartet4\"><button style=\"width: 300px;border-radius: 15px;background-color: yellow;color: blue;font-weight: bold;font-size: 17px\">D\u00e9cisions collectives<\/button><\/a>\n            <\/div>\n        <\/div><br>\n        <h3 id=\"chartet1\" style=\"text-align: center\">TITRE 1 : Forme, objet et d\u00e9nomination<\/h3>\n        <h4 id=\"chartet1a1\">Article 1 : forme<\/h4>\n        <p>\n            <\/p><ol>\n                <li id=\"chartet1a1.1\">Outil de gestion de \u00ab\u00a0<a style=\"color: #0070C0\" href=\"https:\/\/kocke-237.de\/les-mekam-tabiegaing\/#lg\">Les Mekam Tabiegaing<\/a>\u00ab\u00a0, <a style=\"color: #0070C0\" href=\"https:\/\/chat.whatsapp.com\/6sA2wS6mDIDIVMAXKXN53h\">le forum t\u00e9l\u00e9matique intitul\u00e9 \u00ab\u00a0Les Mekam Tabiegaing<\/a>\u00a0\u00bb (LMT), d\u2019acc\u00e8s libre et sans protocole, est la propri\u00e9t\u00e9 indivise et, strictement \u00e0 parts \u00e9gales de ses Membres : droit lourd de la r\u00e9ciproque logique de partage \u00e0 parts \u00e9gales de son fonctionnement.<\/li>\n                <li id=\"chartet1a1.2\"><a style=\"color: #0070C0\" href=\"https:\/\/chat.whatsapp.com\/6sA2wS6mDIDIVMAXKXN53h\">LMT<\/a> se veut m\u00e9dia populaire d\u2019administration de \u00ab\u00a0<a style=\"color: #0070C0\" href=\"https:\/\/kocke-237.de\/les-mekam-tabiegaing\/#lg\">Les Mekam Tabiegaing<\/a>\u00a0\u00bb : au sujet du d\u00e9veloppement social ; local ; et culturel.<\/li>\n            <\/ol>\n        <p><\/p>\n        <h4 id=\"chartet1a2\">Article 2 : objet<\/h4>\n        <p>\n            <\/p><ol>\n                <li id=\"chartet1a2.1\">Cr\u00e9er un cadre de <a style=\"color: #0070C0\" href=\"https:\/\/www.google.com\/search?q=concertation&amp;oq=concert&amp;aqs=chrome.2.69i57j0l3j69i60.16647j1j4&amp;client=ms-android-transsion-tecno-rev1&amp;sourceid=chrome-mobile&amp;ie=UTF-8\">concertation<\/a> entre les composantes de \u00ab\u00a0<a style=\"color: #0070C0\" href=\"https:\/\/kocke-237.de\/les-mekam-tabiegaing\/#lg\">Les Mekam Tabiegaing<\/a>\u00ab\u00a0.<\/li>\n                <li id=\"chartet1a2.2\">Les probl\u00e9matiques relatives au d\u00e9veloppement social ; local ; et culturel constituent autant de sujet d\u2019\u00e9changes indispensables pour la croissance de la <b><a style=\"color: #0070C0\" href=\"https:\/\/kocke-237.de\/#lg\">Dynastie KOCKE<\/a><\/b>.<\/li>\n                <li id=\"chartet1a2.3\"><a style=\"color: #0070C0\" href=\"https:\/\/www.google.com\/search?q=communiquer&amp;oq=communiq&amp;aqs=chrome.3.69i57j0l4.28563j1j4&amp;client=ms-android-transsion-tecno-rev1&amp;sourceid=chrome-mobile&amp;ie=UTF-8\">Communiquer ou manifester ses pens\u00e9es ou ses sentiments<\/a> ; surtout, on donne ses opinions. Il vaut mieux, \u00e9viter les copier-coller et autres id\u00e9es transf\u00e9r\u00e9es, sans commentaires.<\/li>\n            <\/ol>\n        <p><\/p>\n        <h4 id=\"chartet1a3\">Article 3 : dur\u00e9e<\/h4>\n        <p>La dur\u00e9e du forum <a style=\"color: #0070C0\" href=\"https:\/\/chat.whatsapp.com\/6sA2wS6mDIDIVMAXKXN53h\">LMT<\/a> est illimit\u00e9e.<\/p>\n\n    <\/div>\n<\/section>\n<div style=\"text-align: center\">\n    <a href=\"https:\/\/kocke-237.de\/les-mekam-tabiegaing\/nos-textes\/#sommaire\"><img decoding=\"async\" src=\"http:\/\/kocke-237.de\/concertation\/wp-content\/uploads\/sites\/6\/2023\/08\/icons-retour.png\" alt=\"\"><\/a>\n<\/div>\n","protected":false},"excerpt":{"rendered":"<p>CHARTE DE COMMUNICATION Forme, objet et d\u00e9nomination Apports G\u00e9rance D\u00e9cisions collectives TITRE 1 : Forme, objet et d\u00e9nomination Article 1 : forme Outil de gestion de \u00ab\u00a0Les Mekam Tabiegaing\u00ab\u00a0, le forum t\u00e9l\u00e9matique intitul\u00e9 \u00ab\u00a0Les Mekam Tabiegaing\u00a0\u00bb (LMT), d\u2019acc\u00e8s libre et sans protocole, est la propri\u00e9t\u00e9 indivise et, strictement \u00e0 parts \u00e9gales de ses Membres : droit lourd de la r\u00e9ciproque logique de partage \u00e0 parts \u00e9gales de son fonctionnement. LMT se veut m\u00e9dia populaire d\u2019administration de \u00ab\u00a0Les Mekam Tabiegaing\u00a0\u00bb : au sujet du d\u00e9veloppement social ; local ; et culturel. Article 2 : objet Cr\u00e9er un cadre de concertation entre &hellip; <\/p>\n","protected":false},"author":4,"featured_media":0,"parent":0,"menu_order":0,"comment_status":"closed","ping_status":"closed","template":"","meta":{"_kadence_starter_templates_imported_post":false,"footnotes":""},"_links":{"self":[{"href":"https:\/\/kocke-237.de\/les-mekam-tabiegaing\/wp-json\/wp\/v2\/pages\/816"}],"collection":[{"href":"https:\/\/kocke-237.de\/les-mekam-tabiegaing\/wp-json\/wp\/v2\/pages"}],"about":[{"href":"https:\/\/kocke-237.de\/les-mekam-tabiegaing\/wp-json\/wp\/v2\/types\/page"}],"author":[{"embeddable":true,"href":"https:\/\/kocke-237.de\/les-mekam-tabiegaing\/wp-json\/wp\/v2\/users\/4"}],"replies":[{"embeddable":true,"href":"https:\/\/kocke-237.de\/les-mekam-tabiegaing\/wp-json\/wp\/v2\/comments?post=816"}],"version-history":[{"count":8,"href":"https:\/\/kocke-237.de\/les-mekam-tabiegaing\/wp-json\/wp\/v2\/pages\/816\/revisions"}],"predecessor-version":[{"id":972,"href":"https:\/\/kocke-237.de\/les-mekam-tabiegaing\/wp-json\/wp\/v2\/pages\/816\/revisions\/972"}],"wp:attachment":[{"href":"https:\/\/kocke-237.de\/les-mekam-tabiegaing\/wp-json\/wp\/v2\/media?parent=816"}],"curies":[{"name":"wp","href":"https:\/\/api.w.org\/{rel}","templated":true}]}}