{"id":829,"date":"2023-08-27T05:37:09","date_gmt":"2023-08-27T03:37:09","guid":{"rendered":"https:\/\/kocke-237.de\/les-mekam-tabiegaing\/?page_id=829"},"modified":"2023-09-04T15:31:32","modified_gmt":"2023-09-04T13:31:32","slug":"titre-3-gerance","status":"publish","type":"page","link":"https:\/\/kocke-237.de\/les-mekam-tabiegaing\/titre-3-gerance\/","title":{"rendered":"TITRE 3 : G\u00e9rance"},"content":{"rendered":"\n<section>\n    <div style=\"background-color: #DAEEF3;color: #0070C0;border-radius: 20px\">\n        <h3 id=\"chartet3\" style=\"text-align: center\">TITRE 3 : G\u00e9rance<\/h3>\n        <h4 id=\"chartet3a5\">Article 5 : nomination des g\u00e9rants<\/h4>\n        <ol>\n            <li id=\"chartet3a5.1\">Le g\u00e9rant est par excroissance de la r\u00e9alit\u00e9 familiale, le Chef de la <a style=\"color: #0070C0\" href=\"https:\/\/kocke-237.de\/#lg\">Dynastie KOCKE<\/a> en fonction.<\/li>\n            <li id=\"chartet3a5.2\">Il peut g\u00e9rer seul le forum comme administrateur, ou d\u00e9signer des coadministrateurs \u00e0 sa convenance et suivant l\u2019effectif des membres.<\/li>\n            <li id=\"chartet3a5.3\">Le forum \u201c<a style=\"color: #0070C0\" href=\"https:\/\/chat.whatsapp.com\/6sA2wS6mDIDIVMAXKXN53h\">Les Mekam Tabiegaing<\/a>\u201d ne prend en compte que les adresses donn\u00e9es par leurs titulaires respectifs qui par ce fait, acceptent de <a style=\"color: #0070C0\" href=\"https:\/\/kocke-237.de\/les-mekam-tabiegaing\/leitmotiv\/#recensement\">se faire recenser<\/a>. Pour cela, les adresses des Membres du <a style=\"color: #0070C0\" href=\"https:\/\/kocke-237.de\/les-mekam-tabiegaing\/reglement\/#reglementchap1a1.1\">BPG-MT<\/a>, sont disponibles<\/li>\n        <\/ol>\n        <h4 id=\"chartet3a6\">Article 6 : pouvoirs du g\u00e9rant<\/h4>\n        <p>\n            <b>L\u2019<a style=\"color: #0070C0\" href=\"https:\/\/kocke-237.de\/les-mekam-tabiegaing\/charte\/#chartet1a1.1\">Alin\u00e9a 1<\/b> de <b>l\u2019Article 1<\/b><\/a> ; les <a style=\"color: #0070C0\" href=\"https:\/\/kocke-237.de\/les-mekam-tabiegaing\/titre-2\/#chartet2a4.3\"><b>Alin\u00e9as 3<\/b><\/a> et <a style=\"color: #0070C0\" href=\"https:\/\/kocke-237.de\/les-mekam-tabiegaing\/titre-2\/#chartet2a4.6\"><b>6<\/b> de <b>l\u2019Article 4<\/b><\/a> ; et <b>l\u2019<a style=\"color: #0070C0\" href=\"https:\/\/kocke-237.de\/les-mekam-tabiegaing\/titre-3-gerance\/#chartet3a7\">Article 7<\/a><\/b>, d\u00e9crivent l\u2019administration du forum <a style=\"color: #0070C0\" href=\"https:\/\/chat.whatsapp.com\/6sA2wS6mDIDIVMAXKXN53h\">LMT<\/a>, r\u00e9duisant les pouvoir de son g\u00e9rant \u00e0 leurs ob\u00e9issances.\n        <\/p>\n        <h4 id=\"chartet3a7\">Article 7 : conservation des <a style=\"color: #0070C0\" href=\"https:\/\/kocke-237.de\/les-mekam-tabiegaing\/chapitre-ii-interventions-ou-publications\/#reglementchap2a2.1\">r\u00e9f\u00e9rences<\/a><\/h4>\n        <ol>\n            <li id=\"chartet3a7.1\">Les Membres d\u2019une discussion ou d\u2019un partage de <a style=\"color: #0070C0\" href=\"https:\/\/kocke-237.de\/les-mekam-tabiegaing\/tds\/#p1\">supports<\/a>, ont la responsabilit\u00e9 partag\u00e9e de la conservation par chaque Membre \u00e0 son niveau, d\u2019<a style=\"color: #0070C0\" href=\"https:\/\/www.google.com\/search?q=archives&amp;oq=arc&amp;aqs=chrome.1.69i57j35i39j0l3.4085j0j4&amp;client=ms-android-transsion-tecno-rev1&amp;sourceid=chrome-mobile&amp;ie=UTF-8\">archives<\/a>.<\/li>\n            <li id=\"chartet3a7.2\">Toute <a style=\"color: #0070C0\" href=\"https:\/\/www.google.com\/search?q=reference&amp;oq=re&amp;aqs=chrome.0.69i59j69i57j69i60l2j69i61.8086j0j4&amp;client=ms-android-transsion-tecno-rev1&amp;sourceid=chrome-mobile&amp;ie=UTF-8\">r\u00e9f\u00e9rence<\/a> qui a eu \u00e0 \u00eatre <a style=\"color: #0070C0\" href=\"https:\/\/kocke-237.de\/les-mekam-tabiegaing\/chapitre-ii-interventions-ou-publications\/#reglementchap2a2.1\">publi\u00e9e<\/a>, est sens\u00e9e se trouver en <a style=\"color: #0070C0\" href=\"https:\/\/www.google.com\/search?q=archives&amp;oq=arc&amp;aqs=chrome.1.69i57j35i39j0l3.4085j0j4&amp;client=ms-android-transsion-tecno-rev1&amp;sourceid=chrome-mobile&amp;ie=UTF-8\">archives<\/a> de chaque Membre :  question de rendre ais\u00e9, tout <a style=\"color: #0070C0\" href=\"https:\/\/www.google.com\/search?q=renvoi&amp;oq=renv&amp;aqs=chrome.2.69i57j0l4.6277j0j4&amp;client=ms-android-transsion-tecno-rev1&amp;sourceid=chrome-mobile&amp;ie=UTF-8\">renvoi<\/a> \u00e0 ladite <a style=\"color: #0070C0\" href=\"https:\/\/www.google.com\/search?q=reference&amp;oq=re&amp;aqs=chrome.0.69i59j69i57j69i60l2j69i61.8086j0j4&amp;client=ms-android-transsion-tecno-rev1&amp;sourceid=chrome-mobile&amp;ie=UTF-8\">r\u00e9f\u00e9rence<\/a>. Pr\u00e9ciser ici, que parlant de <a style=\"color: #0070C0\" href=\"https:\/\/www.google.com\/search?q=reference&amp;oq=re&amp;aqs=chrome.0.69i59j69i57j69i60l2j69i61.8086j0j4&amp;client=ms-android-transsion-tecno-rev1&amp;sourceid=chrome-mobile&amp;ie=UTF-8\">r\u00e9f\u00e9rence<\/a>, il s\u2019agit d\u2019un contenu fix\u00e9 sur <a style=\"color: #0070C0\" href=\"https:\/\/kocke-237.de\/les-mekam-tabiegaing\/tds\/#p1\">support<\/a> et, qu\u2019une <a style=\"color: #0070C0\" href=\"https:\/\/www.google.com\/search?q=reference&amp;oq=re&amp;aqs=chrome.0.69i59j69i57j69i60l2j69i61.8086j0j4&amp;client=ms-android-transsion-tecno-rev1&amp;sourceid=chrome-mobile&amp;ie=UTF-8\">r\u00e9f\u00e9rence<\/a> est caract\u00e9ris\u00e9e par son <a style=\"color: #0070C0\" href=\"https:\/\/www.google.com\/search?q=contexte&amp;oq=conte&amp;aqs=chrome.0.69i59j69i57j0l3.11511j0j4&amp;client=ms-android-transsion-tecno-rev1&amp;sourceid=chrome-mobile&amp;ie=UTF-8#sbfbu=1&amp;pi=contexte\">contexte<\/a> ; son <a style=\"color: #0070C0\" href=\"https:\/\/www.google.com\/search?q=moment&amp;oq=moment&amp;aqs=chrome..69i57j0l4.9426j0j4&amp;client=ms-android-transsion-tecno-rev1&amp;sourceid=chrome-mobile&amp;ie=UTF-8\">moment<\/a> (ann\u00e9e ; mois ; jour ; heure) de <a style=\"color: #0070C0\" href=\"https:\/\/kocke-237.de\/les-mekam-tabiegaing\/nos-textes\/#reglementchap2a2.1\">publication<\/a> ; et, son auteur. Ce dernier qui doit avoir son num\u00e9ro de t\u00e9l\u00e9com indiqu\u00e9, le rendant du coup joignable \u00e0 souhait.<\/li>\n        <\/ol>\n    <\/div>\n<\/section>\n<div style=\"text-align: center\">\n    <a href=\"https:\/\/kocke-237.de\/les-mekam-tabiegaing\/charte\/#charte\"><img decoding=\"async\" src=\"http:\/\/kocke-237.de\/concertation\/wp-content\/uploads\/sites\/6\/2023\/08\/icons-retour.png\" alt=\"\"><\/a>\n<\/div>\n","protected":false},"excerpt":{"rendered":"<p>TITRE 3 : G\u00e9rance Article 5 : nomination des g\u00e9rants Le g\u00e9rant est par excroissance de la r\u00e9alit\u00e9 familiale, le Chef de la Dynastie KOCKE en fonction. Il peut g\u00e9rer seul le forum comme administrateur, ou d\u00e9signer des coadministrateurs \u00e0 sa convenance et suivant l\u2019effectif des membres. Le forum \u201cLes Mekam Tabiegaing\u201d ne prend en compte que les adresses donn\u00e9es par leurs titulaires respectifs qui par ce fait, acceptent de se faire recenser. Pour cela, les adresses des Membres du BPG-MT, sont disponibles Article 6 : pouvoirs du g\u00e9rant L\u2019Alin\u00e9a 1 de l\u2019Article 1 ; les Alin\u00e9as 3 et 6 &hellip; <\/p>\n","protected":false},"author":4,"featured_media":0,"parent":0,"menu_order":0,"comment_status":"closed","ping_status":"closed","template":"","meta":{"_kadence_starter_templates_imported_post":false,"footnotes":""},"_links":{"self":[{"href":"https:\/\/kocke-237.de\/les-mekam-tabiegaing\/wp-json\/wp\/v2\/pages\/829"}],"collection":[{"href":"https:\/\/kocke-237.de\/les-mekam-tabiegaing\/wp-json\/wp\/v2\/pages"}],"about":[{"href":"https:\/\/kocke-237.de\/les-mekam-tabiegaing\/wp-json\/wp\/v2\/types\/page"}],"author":[{"embeddable":true,"href":"https:\/\/kocke-237.de\/les-mekam-tabiegaing\/wp-json\/wp\/v2\/users\/4"}],"replies":[{"embeddable":true,"href":"https:\/\/kocke-237.de\/les-mekam-tabiegaing\/wp-json\/wp\/v2\/comments?post=829"}],"version-history":[{"count":3,"href":"https:\/\/kocke-237.de\/les-mekam-tabiegaing\/wp-json\/wp\/v2\/pages\/829\/revisions"}],"predecessor-version":[{"id":974,"href":"https:\/\/kocke-237.de\/les-mekam-tabiegaing\/wp-json\/wp\/v2\/pages\/829\/revisions\/974"}],"wp:attachment":[{"href":"https:\/\/kocke-237.de\/les-mekam-tabiegaing\/wp-json\/wp\/v2\/media?parent=829"}],"curies":[{"name":"wp","href":"https:\/\/api.w.org\/{rel}","templated":true}]}}