{"id":833,"date":"2023-08-27T05:40:03","date_gmt":"2023-08-27T03:40:03","guid":{"rendered":"https:\/\/kocke-237.de\/les-mekam-tabiegaing\/?page_id=833"},"modified":"2023-09-04T15:50:29","modified_gmt":"2023-09-04T13:50:29","slug":"titre-4-decisions-collectives","status":"publish","type":"page","link":"https:\/\/kocke-237.de\/les-mekam-tabiegaing\/titre-4-decisions-collectives\/","title":{"rendered":"TITRE 4 : D\u00e9cisions collectives"},"content":{"rendered":"\n<section>\n    <div style=\"background-color: #DAEEF3;color: #0070C0\" id=\"charte\">\n        <h3 id=\"chartet4\" style=\"text-align: center\">TITRE 4 : D\u00e9cisions collectives<\/h3>\n        <p id=\"chartet4a8\">\n            <b>Article 8 :<\/b>\n            La <a style=\"color: #0070C0\" href=\"https:\/\/kocke-237.de\/les-mekam-tabiegaing\/titre-4-decisions-collectives\/#chartet4a10.2\">volont\u00e9 des membres<\/a> s\u2019exprime par des <a style=\"color: #0070C0\" href=\"https:\/\/kocke-237.de\/les-mekam-tabiegaing\/titre-4-decisions-collectives\/#chartet4a9.1\">d\u00e9cisions collectives<\/a> qui, <a style=\"color: #0070C0\" href=\"https:\/\/kocke-237.de\/les-mekam-tabiegaing\/titre-4-decisions-collectives\/#chartet4a10.2\">sous r\u00e9serve d\u2019adoption<\/a> en <a style=\"color: #0070C0\" href=\"https:\/\/kocke-237.de\/les-mekam-tabiegaing\/chapitre-ii-interventions-ou-publications\/#reglementchap2a2.6\">Assembl\u00e9e G\u00e9n\u00e9rale<\/a>, obligent, m\u00eame absents, dissidents ou incapables. \n        <\/p>\n\n        <h4 id=\"chartet4a9\">Article 9 : forme, quorum, majorit\u00e9<\/h4>\n        <p>\n            <ol>\n                <li id=\"chartet4a9.1\">Les <a style=\"color: #0070C0\" href=\"https:\/\/kocke-237.de\/les-mekam-tabiegaing\/titre-4-decisions-collectives\/#chartet4a8\">d\u00e9cisions collectives<\/a> sont prises, soit en assembl\u00e9e, soit par consultation via t\u00e9l\u00e9matique.<\/li>\n                <li id=\"chartet4a9.2\">Toutefois, les <a style=\"color: #0070C0\" href=\"https:\/\/kocke-237.de\/les-mekam-tabiegaing\/titre-4-decisions-collectives\/#chartet4a8\">d\u00e9cisions collectives<\/a> concernant un nombre restreint de membres peuvent \u00eatre prises dans des forums restreints tels que <b>SP-MT<\/b> (secr\u00e9tariat particulier des MT), <a style=\"color: #0070C0\" href=\"https:\/\/kocke-237.de\/les-mekam-tabiegaing\/reglement\/#reglementchap1a1.1\"><b>BPG-MT<\/b><\/a> (bureau permanent de gestion des MT), <b>BRAS-MT<\/b> (bureau restreint d\u2019analyse et de suggestion des MT) ; etc\u00e9t\u00e9ra.<\/li>\n            <\/ol>\n        <\/p>\n\n        <h4 id=\"chartet4a10\">Article 10 : d\u00e9cisions prises<\/h4>\n        <p>\n            <ol>\n                <li id=\"chartet4a10.1\">Seule l\u2019<a style=\"color: #0070C0\" href=\"https:\/\/kocke-237.de\/les-mekam-tabiegaing\/chapitre-ii-interventions-ou-publications\/#reglementchap2a2.6\">Assembl\u00e9e G\u00e9n\u00e9rale<\/a> est souveraine.<\/li>\n                <li id=\"chartet4a10.2\"><a style=\"color: #0070C0\" href=\"https:\/\/kocke-237.de\/les-mekam-tabiegaing\/titre-4-decisions-collectives\/#chartet4a8\">Les propositions retenues<\/a> par au moins trois Membres sont provisoirement adopt\u00e9es, \u00e0 moins qu\u2019un autre Membre fasse objection : cela ouvrira de fait un d\u00e9bat qui pourra \u00eatre tranch\u00e9 au pire des cas en <a style=\"color: #0070C0\" href=\"https:\/\/kocke-237.de\/les-mekam-tabiegaing\/chapitre-ii-interventions-ou-publications\/#reglementchap2a2.6\">assembl\u00e9e g\u00e9n\u00e9rale<\/a>. En cas d\u2019\u00e9galit\u00e9 de voix, celle de <a style=\"color: #0070C0\" href=\"https:\/\/kocke-237.de\/les-mekam-tabiegaing\/idees-directrices\/#id-chap1-a1.2\">Mekam Tabiegaing<\/a> compte double.<\/li>\n                <li id=\"chartet4a10.3\">Le fait de quitter librement le forum n\u2019enl\u00e8ve aucunement la qualit\u00e9 de membre de la <a style=\"color: #0070C0\" href=\"https:\/\/kocke-237.de\/#lg\"><b>Dynastie KOCKE<\/b><\/a>.<\/li>\n            <\/ol>\n        <\/p>\n\n        <h4 id=\"chartet4a11\">Article 11 : mises \u00e0 jour<\/h4>\n        <p>\n            Sans pr\u00e9avis et \u00e0 tout moment, les moutures d&rsquo;un <a style=\"color: #0070C0\" href=\"https:\/\/kocke-237.de\/les-mekam-tabiegaing\/tds\/#p1\">support<\/a>, peuvent \u00eatre mises \u00e0 jour ; par la suite de chaque fois, la nouvelle mouture doit \u00eatre <a style=\"color: #0070C0\" href=\"https:\/\/kocke-237.de\/les-mekam-tabiegaing\/tds\/#p5\">publi\u00e9e<\/a>.\n        <\/p>\n    <\/div>\n<\/section>\n<div style=\"text-align: center\">\n    <a href=\"https:\/\/kocke-237.de\/les-mekam-tabiegaing\/charte\/#charte\"><img decoding=\"async\" src=\"http:\/\/kocke-237.de\/concertation\/wp-content\/uploads\/sites\/6\/2023\/08\/icons-retour.png\" alt=\"\"><\/a>\n<\/div>\n","protected":false},"excerpt":{"rendered":"<p>TITRE 4 : D\u00e9cisions collectives Article 8 : La volont\u00e9 des membres s\u2019exprime par des d\u00e9cisions collectives qui, sous r\u00e9serve d\u2019adoption en Assembl\u00e9e G\u00e9n\u00e9rale, obligent, m\u00eame absents, dissidents ou incapables. Article 9 : forme, quorum, majorit\u00e9 Les d\u00e9cisions collectives sont prises, soit en assembl\u00e9e, soit par consultation via t\u00e9l\u00e9matique. Toutefois, les d\u00e9cisions collectives concernant un nombre restreint de membres peuvent \u00eatre prises dans des forums restreints tels que SP-MT (secr\u00e9tariat particulier des MT), BPG-MT (bureau permanent de gestion des MT), BRAS-MT (bureau restreint d\u2019analyse et de suggestion des MT) ; etc\u00e9t\u00e9ra. Article 10 : d\u00e9cisions prises Seule l\u2019Assembl\u00e9e G\u00e9n\u00e9rale est &hellip; <\/p>\n","protected":false},"author":4,"featured_media":0,"parent":0,"menu_order":0,"comment_status":"closed","ping_status":"closed","template":"","meta":{"_kadence_starter_templates_imported_post":false,"footnotes":""},"_links":{"self":[{"href":"https:\/\/kocke-237.de\/les-mekam-tabiegaing\/wp-json\/wp\/v2\/pages\/833"}],"collection":[{"href":"https:\/\/kocke-237.de\/les-mekam-tabiegaing\/wp-json\/wp\/v2\/pages"}],"about":[{"href":"https:\/\/kocke-237.de\/les-mekam-tabiegaing\/wp-json\/wp\/v2\/types\/page"}],"author":[{"embeddable":true,"href":"https:\/\/kocke-237.de\/les-mekam-tabiegaing\/wp-json\/wp\/v2\/users\/4"}],"replies":[{"embeddable":true,"href":"https:\/\/kocke-237.de\/les-mekam-tabiegaing\/wp-json\/wp\/v2\/comments?post=833"}],"version-history":[{"count":3,"href":"https:\/\/kocke-237.de\/les-mekam-tabiegaing\/wp-json\/wp\/v2\/pages\/833\/revisions"}],"predecessor-version":[{"id":975,"href":"https:\/\/kocke-237.de\/les-mekam-tabiegaing\/wp-json\/wp\/v2\/pages\/833\/revisions\/975"}],"wp:attachment":[{"href":"https:\/\/kocke-237.de\/les-mekam-tabiegaing\/wp-json\/wp\/v2\/media?parent=833"}],"curies":[{"name":"wp","href":"https:\/\/api.w.org\/{rel}","templated":true}]}}