{"id":839,"date":"2023-08-27T05:43:23","date_gmt":"2023-08-27T03:43:23","guid":{"rendered":"https:\/\/kocke-237.de\/les-mekam-tabiegaing\/?page_id=839"},"modified":"2023-09-04T16:31:52","modified_gmt":"2023-09-04T14:31:52","slug":"base-des-repertoires","status":"publish","type":"page","link":"https:\/\/kocke-237.de\/les-mekam-tabiegaing\/base-des-repertoires\/","title":{"rendered":"BASE DES REPERTOIRES"},"content":{"rendered":"\n<section>\n    <div style=\"background-color: #FDE9D9;color: #0070C0\" id=\"repertoire\">\n        <h2 style=\"text-align: center;background-color: #C2D69B;color: #0070C0;font-size: 16px;border: 4px solid black\">BASE DES REPERTOIRES EN \u00ab\u00a0<a style=\"color: #0070C0\" href=\"https:\/\/kocke-237.de\/les-mekam-tabiegaing\/#lg\">LES MEKAM TABIEGAING<\/a>\u00ab\u00a0<\/h2>\n        <h4 style=\"text-align: center\">Dispositions<\/h4>\n\n        <p id=\"repertoireart1\">\n            <b>Article 1<\/b> Le pr\u00e9sent texte portant r\u00e9pertoires d\u00e9mographiques de \u00ab\u00a0Les Mekam Tabiegaing\u00a0\u00bb est encadr\u00e9 par les TITRES 2, 3 et 4 de la <a style=\"color: #0070C0\" href=\"https:\/\/kocke-237.de\/les-mekam-tabiegaing\/charte\/#charte\">charte du forum des Mekam Tabiegaing<\/a>, traitant respectivement des <a style=\"color: #0070C0\" href=\"https:\/\/kocke-237.de\/les-mekam-tabiegaing\/titre-2\/#chartet2\">apports des Membres<\/a>, la <a style=\"color: #0070C0\" href=\"https:\/\/kocke-237.de\/les-mekam-tabiegaing\/titre-3-gerance\/#chartet3\">g\u00e9rance du forum<\/a> et les <a style=\"color: #0070C0\" href=\"https:\/\/kocke-237.de\/les-mekam-tabiegaing\/titre-4-decisions-collectives\/#chartet4\">d\u00e9cisions collectives<\/a>.\n        <\/p>\n\n        <p id=\"repertoireart2\">\n            <b>Article 2<\/b> L\u2019acc\u00e8s \u00e0 \u00ab\u00a0<a style=\"color: #0070C0\" href=\"https:\/\/kocke-237.de\/les-mekam-tabiegaing\/#lg\">Les Mekam Tabiegaing<\/a>\u00a0\u00bb est ouvert librement \u00e0 toute personne physique majeure ou morale. Du style de son \u00ab\u00a0<a style=\"color: #0070C0\" href=\"https:\/\/kocke-237.de\/les-mekam-tabiegaing\/base-des-repertoires\/#repertoireart5\">FONCTIONNEMENT PAR REFERENCES<\/a>\u00ab\u00a0, il suffit de se r\u00e9f\u00e9rer \u00e0 ses <a style=\"color: #0070C0\" href=\"https:\/\/kocke-237.de\/les-mekam-tabiegaing\/tds\/#p1\">supports<\/a>.\n        <\/p>\n\n        <p id=\"repertoireart3\">\n            <b>Article 3<\/b> \u00ab\u00a0<a style=\"color: #0070C0\" href=\"https:\/\/kocke-237.de\/les-mekam-tabiegaing\/#lg\">Les Mekam Tabiegaing<\/a>\u00a0\u00bb se veut <a style=\"color: #0070C0\" href=\"https:\/\/kocke-237.de\/concertation\/#lg\"> nouvelle forme de famille, pour le d\u00e9veloppement<\/a> social ; local ; et culturel : <a style=\"color: #0070C0\" href=\"https:\/\/kocke-237.de\/les-mekam-tabiegaing\/tds\/#tds\"><\/a> <a style=\"color: #0070C0\" href=\"https:\/\/kocke-237.de\/les-mekam-tabiegaing\/tds\/#p7c\">librement, en toute d\u00e9mocratie<\/a> et <a style=\"color: #0070C0\" href=\"https:\/\/kocke-237.de\/les-mekam-tabiegaing\/base-des-repertoires\/#repertoireart5\">transparence<\/a>, pour un objet pr\u00e9cis, <a style=\"color: #0070C0\" href=\"https:\/\/www.google.com\/search?q=communiquer&amp;oq=communiq&amp;aqs=chrome.3.69i57j0l4.28563j1j4&amp;client=ms-android-transsion-tecno-rev1&amp;sourceid=chrome-mobile&amp;ie=UTF-8\">on y communique ou manifeste ses pens\u00e9es ou ses sentiments ; surtout, on y donne ses opinions<\/a>.\n        <\/p>\n\n        <p id=\"repertoireart4\">\n            <b>Article 4<\/b> Qui int\u00e8gre \u00ab\u00a0<a style=\"color: #0070C0\" href=\"https:\/\/kocke-237.de\/les-mekam-tabiegaing\/#lg\">Les Mekam Tabiegaing<\/a>\u00ab\u00a0, doit donner les informations n\u00e9cessaires sur son identit\u00e9 et son lien d\u2019acc\u00e8s \u00e0 lui, ainsi que, des informations sur sa plus petite famille [Partenaire(s) et mineurs]. Sans \u00eatre obligatoire, un <a style=\"color: #0070C0\" href=\"https:\/\/kocke-237.de\/les-mekam-tabiegaing\/chapitre-ii-fonctionnement\/#organigramechap2a2.3.1\">matricule<\/a> au sein de \u00ab\u00a0<a style=\"color: #0070C0\" href=\"https:\/\/kocke-237.de\/les-mekam-tabiegaing\/#lg\">Les Mekam Tabiegaing<\/a>\u00ab\u00a0, est n\u00e9cessaire <a style=\"color: #0070C0\" href=\"https:\/\/kocke-237.de\/les-mekam-tabiegaing\/leitmotiv\/#membre\">pour en plus d\u2019y \u00eatre, adh\u00e9rer<\/a> \u00e0 la <a style=\"color: #0070C0\" href=\"https:\/\/kocke-237.de\/les-mekam-tabiegaing\/jkmt6-202109160654\/#politique\">politique de son Patriarche N\u00b0 6<\/a>. Toute modification de donn\u00e9es d\u2019informations doit \u00eatre sans d\u00e9lai signal\u00e9e au <a style=\"color: #0070C0\" href=\"https:\/\/kocke-237.de\/les-mekam-tabiegaing\/reglement\/#reglementchap1a1.1\">Bureau Permanent de Gestion de \u00ab\u00a0Les Mekam Tabiegaing\u00a0\u00bb (BPG-MT)<\/a>.\n        <\/p>\n\n        <p id=\"repertoireart5\">\n            <b>Article 5<\/b> De <a style=\"color: #0070C0\" href=\"https:\/\/kocke-237.de\/les-mekam-tabiegaing\/tds\/#tds\">tradition de supports<\/a>, \u00ab\u00a0<a style=\"color: #0070C0\" href=\"https:\/\/kocke-237.de\/les-mekam-tabiegaing\/#lg\">Les Mekam Tabiegaing<\/a>\u00ab\u00a0, \u00e9volue pour chaque sujet, <a style=\"color: #0070C0\" href=\"https:\/\/kocke-237.de\/les-mekam-tabiegaing\/base-des-repertoires\/#repertoireart9\">dans l\u2019entendement de la mouture la plus r\u00e9cente de ses r\u00e9f\u00e9rences fix\u00e9es sur support<\/a>.\n        <\/p>\n\n        <p id=\"repertoireart6\">\n            <b>Article 6<\/b> Les mineurs ont en g\u00e9n\u00e9rale droit \u00e0 la protection et \u00e0 tout l\u2019\u00e9gard <a style=\"color: #0070C0\" href=\"https:\/\/kocke-237.de\/les-mekam-tabiegaing\/leitmotiv\/#leitmotivp9\">de la classe principale<\/a> ; particuli\u00e8rement, les parents respectifs doivent supporter leurs charges.\n        <\/p>\n\n        <p id=\"repertoireart7\">\n            <b>Article 7<\/b> La libert\u00e9 d\u2019int\u00e9grer ou pas en tant que majeur(e), \u00ab\u00a0<a style=\"color: #0070C0\" href=\"https:\/\/kocke-237.de\/les-mekam-tabiegaing\/#lg\">Les Mekam Tabiegaing<\/a>\u00ab\u00a0, au (\u00e0 la) mineur(e) devenu(e) majeur(e), est sacr\u00e9e : lui est particuli\u00e8rement favoris\u00e9e. Personne ne devrait chercher \u00e0 l\u2019influer : observation sans contrainte, d&rsquo;aucune nature, de l\u2019<a style=\"color: #0070C0\" href=\"https:\/\/kocke-237.de\/les-mekam-tabiegaing\/base-des-repertoires\/#repertoireart2\">Article 2 ci-dessus<\/a>.\n        <\/p>\n\n        <p id=\"repertoireart8\">\n            <b>Article 8<\/b> Pertinemment, \u00ab\u00a0<a style=\"color: #0070C0\" href=\"https:\/\/kocke-237.de\/les-mekam-tabiegaing\/#lg\">Les Mekam Tabiegaing<\/a>\u00a0\u00bb est une personne morale ax\u00e9e sur <a style=\"color: #0070C0\" href=\"https:\/\/kocke-237.de\/#lg\">KOCKE<\/a> et toute sa descendance : ensemble constitu\u00e9 de plusieurs cha\u00eenes de familles \u00e9l\u00e9mentaires qui s\u2019allongent et se ramifient par descendances.\n        <\/p>\n\n        <p id=\"repertoireart9\">\n            <b>Article 9<\/b> Les dispositions en \u00ab\u00a0<a style=\"color: #0070C0\" href=\"https:\/\/kocke-237.de\/les-mekam-tabiegaing\/#lg\">Les Mekam Tabiegaing<\/a>\u00a0\u00bb ne sont aucunement fig\u00e9es : elles restent en attentes d\u2019avis, et leur <a style=\"color: #0070C0\" href=\"https:\/\/kocke-237.de\/les-mekam-tabiegaing\/tds\/#p1\">support<\/a>, sans pr\u00e9avis et \u00e0 tout moment, peut \u00eatre mis \u00e0 jour ; par la suite de chaque fois, <a style=\"color: #0070C0\" href=\"https:\/\/kocke-237.de\/les-mekam-tabiegaing\/chapitre-ii-interventions-ou-publications\/#reglementchap2a2.1\">publi\u00e9<\/a>.\n        <\/p>\n    <\/div>\n\n    <div>\n        <p id=\"repertoire-table\" style=\"text-align: center\"><img decoding=\"async\" src=\"http:\/\/kocke-237.de\/les-mekam-tabiegaing\/wp-content\/uploads\/sites\/5\/2022\/07\/Repertoire.png\" alt=\"\"><\/p>\n    <\/div>\n<\/section>\n<div style=\"text-align: center\">\n    <a href=\"https:\/\/kocke-237.de\/les-mekam-tabiegaing\/nos-textes\/#sommaire\"><img decoding=\"async\" src=\"http:\/\/kocke-237.de\/concertation\/wp-content\/uploads\/sites\/6\/2023\/08\/icons-retour.png\" alt=\"\"><\/a>\n<\/div>\n","protected":false},"excerpt":{"rendered":"<p>BASE DES REPERTOIRES EN \u00ab\u00a0LES MEKAM TABIEGAING\u00ab\u00a0 Dispositions Article 1 Le pr\u00e9sent texte portant r\u00e9pertoires d\u00e9mographiques de \u00ab\u00a0Les Mekam Tabiegaing\u00a0\u00bb est encadr\u00e9 par les TITRES 2, 3 et 4 de la charte du forum des Mekam Tabiegaing, traitant respectivement des apports des Membres, la g\u00e9rance du forum et les d\u00e9cisions collectives. Article 2 L\u2019acc\u00e8s \u00e0 \u00ab\u00a0Les Mekam Tabiegaing\u00a0\u00bb est ouvert librement \u00e0 toute personne physique majeure ou morale. Du style de son \u00ab\u00a0FONCTIONNEMENT PAR REFERENCES\u00ab\u00a0, il suffit de se r\u00e9f\u00e9rer \u00e0 ses supports. Article 3 \u00ab\u00a0Les Mekam Tabiegaing\u00a0\u00bb se veut nouvelle forme de famille, pour le d\u00e9veloppement social ; local &hellip; <\/p>\n","protected":false},"author":4,"featured_media":0,"parent":0,"menu_order":0,"comment_status":"closed","ping_status":"closed","template":"","meta":{"_kadence_starter_templates_imported_post":false,"footnotes":""},"_links":{"self":[{"href":"https:\/\/kocke-237.de\/les-mekam-tabiegaing\/wp-json\/wp\/v2\/pages\/839"}],"collection":[{"href":"https:\/\/kocke-237.de\/les-mekam-tabiegaing\/wp-json\/wp\/v2\/pages"}],"about":[{"href":"https:\/\/kocke-237.de\/les-mekam-tabiegaing\/wp-json\/wp\/v2\/types\/page"}],"author":[{"embeddable":true,"href":"https:\/\/kocke-237.de\/les-mekam-tabiegaing\/wp-json\/wp\/v2\/users\/4"}],"replies":[{"embeddable":true,"href":"https:\/\/kocke-237.de\/les-mekam-tabiegaing\/wp-json\/wp\/v2\/comments?post=839"}],"version-history":[{"count":3,"href":"https:\/\/kocke-237.de\/les-mekam-tabiegaing\/wp-json\/wp\/v2\/pages\/839\/revisions"}],"predecessor-version":[{"id":976,"href":"https:\/\/kocke-237.de\/les-mekam-tabiegaing\/wp-json\/wp\/v2\/pages\/839\/revisions\/976"}],"wp:attachment":[{"href":"https:\/\/kocke-237.de\/les-mekam-tabiegaing\/wp-json\/wp\/v2\/media?parent=839"}],"curies":[{"name":"wp","href":"https:\/\/api.w.org\/{rel}","templated":true}]}}