{"id":848,"date":"2023-08-27T09:00:07","date_gmt":"2023-08-27T07:00:07","guid":{"rendered":"https:\/\/kocke-237.de\/les-mekam-tabiegaing\/?page_id=848"},"modified":"2023-09-07T18:12:01","modified_gmt":"2023-09-07T16:12:01","slug":"chapitre-iii-objectif","status":"publish","type":"page","link":"https:\/\/kocke-237.de\/les-mekam-tabiegaing\/chapitre-iii-objectif\/","title":{"rendered":"Chapitre III : Objectif"},"content":{"rendered":"\n<section>\n    <div style=\"background-color: #DAEEF3;color: #0070C0\">\n        <h3 id=\"id-chap3\" style=\"text-align: center\">Chapitre III : Objectif<\/h3> \n        <p id=\"id-chap3-a3\">\n            <b>Article 3<\/b> L\u2019objectif vis\u00e9 par \u00ab\u00a0<a style=\"color: #0070C0\" href=\"https:\/\/kocke-237.de\/les-mekam-tabiegaing\/#lg\">Les Mekam Tabiegaing<\/a>\u00a0\u00bb est, promouvoir la convivialit\u00e9 et le fait de se rendre utile \u00e0 l\u2019environnement par l\u2019union pour \u00eatre fort. Les conditions de l\u2019union \u00e9tant la libert\u00e9, la transparence, la d\u00e9mocratie, <a style=\"color: #0070C0\" href=\"https:\/\/kocke-237.de\/les-mekam-tabiegaing\/tds\/#tds\">la tradition de supports<\/a>, et, la devise Amour Justice Travail.\n        <\/p>\n    <\/div>\n<\/section>\n<div style=\"text-align: center\">\n    <a href=\"https:\/\/kocke-237.de\/les-mekam-tabiegaing\/idees-directrices\/#generalites\"><img decoding=\"async\" src=\"http:\/\/kocke-237.de\/concertation\/wp-content\/uploads\/sites\/6\/2023\/08\/icons-retour.png\" alt=\"\"><\/a>\n<\/div>\n","protected":false},"excerpt":{"rendered":"<p>Chapitre III : Objectif Article 3 L\u2019objectif vis\u00e9 par \u00ab\u00a0Les Mekam Tabiegaing\u00a0\u00bb est, promouvoir la convivialit\u00e9 et le fait de se rendre utile \u00e0 l\u2019environnement par l\u2019union pour \u00eatre fort. Les conditions de l\u2019union \u00e9tant la libert\u00e9, la transparence, la d\u00e9mocratie, la tradition de supports, et, la devise Amour Justice Travail.<\/p>\n","protected":false},"author":4,"featured_media":0,"parent":0,"menu_order":0,"comment_status":"closed","ping_status":"closed","template":"","meta":{"_kadence_starter_templates_imported_post":false,"footnotes":""},"_links":{"self":[{"href":"https:\/\/kocke-237.de\/les-mekam-tabiegaing\/wp-json\/wp\/v2\/pages\/848"}],"collection":[{"href":"https:\/\/kocke-237.de\/les-mekam-tabiegaing\/wp-json\/wp\/v2\/pages"}],"about":[{"href":"https:\/\/kocke-237.de\/les-mekam-tabiegaing\/wp-json\/wp\/v2\/types\/page"}],"author":[{"embeddable":true,"href":"https:\/\/kocke-237.de\/les-mekam-tabiegaing\/wp-json\/wp\/v2\/users\/4"}],"replies":[{"embeddable":true,"href":"https:\/\/kocke-237.de\/les-mekam-tabiegaing\/wp-json\/wp\/v2\/comments?post=848"}],"version-history":[{"count":3,"href":"https:\/\/kocke-237.de\/les-mekam-tabiegaing\/wp-json\/wp\/v2\/pages\/848\/revisions"}],"predecessor-version":[{"id":979,"href":"https:\/\/kocke-237.de\/les-mekam-tabiegaing\/wp-json\/wp\/v2\/pages\/848\/revisions\/979"}],"wp:attachment":[{"href":"https:\/\/kocke-237.de\/les-mekam-tabiegaing\/wp-json\/wp\/v2\/media?parent=848"}],"curies":[{"name":"wp","href":"https:\/\/api.w.org\/{rel}","templated":true}]}}