{"id":861,"date":"2023-08-27T09:11:09","date_gmt":"2023-08-27T07:11:09","guid":{"rendered":"https:\/\/kocke-237.de\/les-mekam-tabiegaing\/?page_id=861"},"modified":"2023-09-07T18:25:48","modified_gmt":"2023-09-07T16:25:48","slug":"chapitre-vi-domicile","status":"publish","type":"page","link":"https:\/\/kocke-237.de\/les-mekam-tabiegaing\/chapitre-vi-domicile\/","title":{"rendered":"Chapitre VI : Domicile"},"content":{"rendered":"\n<section>\n    <div style=\"background-color: #DAEEF3;color: #0070C0\">\n        <h3 id=\"id-chap6\" style=\"text-align: center\">Chapitre VI : Domicile<\/h3> \n        <p id=\"id-chap6-a6.1\">\n            <b>Article 6.1<\/b> Le domicile l\u00e9gal (si\u00e8ge social) de \u00ab\u00a0<a style=\"color: #0070C0\" href=\"https:\/\/kocke-237.de\/les-mekam-tabiegaing\/#lg\">Les Mekam Tabiegaing<\/a>\u00a0\u00bb est \u00e0 Bahiala Baham, dans le D\u00e9partement des Hauts-Plateaux en la R\u00e9gion de l\u2019Ouest du Cameroun.\n        <\/p>\n\n        <p id=\"id-chap6-a6.2\">\n            <b>Article 6.2<\/b> Sous deux formes \u00ab\u00a0<a style=\"color: #0070C0\" href=\"https:\/\/kocke-237.de\/les-mekam-tabiegaing\/#lg\">Les Mekam Tabiegaing<\/a>\u00a0\u00bb se mat\u00e9rialise : par des r\u00e9unions physiques et <a style=\"color: #0070C0\" href=\"https:\/\/chat.whatsapp.com\/6sA2wS6mDIDIVMAXKXN53h\">t\u00e9l\u00e9matiques<\/a>.\n        <\/p>\n\n        <p id=\"id-chap6-a6.2-rq\">\n            Outre <a style=\"color: #0070C0\" href=\"https:\/\/kocke-237.de\/les-mekam-tabiegaing\/smt\/#semaine\">Semaine Mekam Tabiegaing (SMT)<\/a> qui r\u00e9unit ses <a style=\"color: #0070C0\" href=\"https:\/\/kocke-237.de\/les-mekam-tabiegaing\/leitmotiv\/#membre\">composantes<\/a> une fois l\u2019an, autant d\u2019associations que possible peuvent \u00eatre cr\u00e9\u00e9es dans le respect de <a style=\"color: #0070C0\" href=\"https:\/\/kocke-237.de\/les-mekam-tabiegaing\/nos-textes\/#charte\">la charte<\/a> de communication en \u00ab\u00a0<a style=\"color: #0070C0\" href=\"https:\/\/kocke-237.de\/les-mekam-tabiegaing\/#lg\">Les Mekam Tabiegaing<\/a>\u00ab\u00a0. \u00c0 chaque r\u00e9union, devant correspondre un rapport journal officiel. Ce dernier, dit d\u2019un rapport distribu\u00e9 (<a style=\"color: #0070C0\" href=\"https:\/\/kocke-237.de\/les-mekam-tabiegaing\/chapitre-iv-le-numerique-et-la-voie-electronique\/#reglementchap4a4.3\">de pr\u00e9f\u00e9rence par voie \u00e9lectronique<\/a>) tel un journal : il est fait par l\u2019autorit\u00e9 reconnue, et ici pris, par opposition au rapport qui reste en un exemplaire quelque part.\n        <\/p>\n    <\/div>\n<\/section>\n<div style=\"text-align: center\">\n    <a href=\"https:\/\/kocke-237.de\/les-mekam-tabiegaing\/idees-directrices\/#generalites\"><img decoding=\"async\" src=\"http:\/\/kocke-237.de\/concertation\/wp-content\/uploads\/sites\/6\/2023\/08\/icons-retour.png\" alt=\"\"><\/a>\n<\/div>\n","protected":false},"excerpt":{"rendered":"<p>Chapitre VI : Domicile Article 6.1 Le domicile l\u00e9gal (si\u00e8ge social) de \u00ab\u00a0Les Mekam Tabiegaing\u00a0\u00bb est \u00e0 Bahiala Baham, dans le D\u00e9partement des Hauts-Plateaux en la R\u00e9gion de l\u2019Ouest du Cameroun. Article 6.2 Sous deux formes \u00ab\u00a0Les Mekam Tabiegaing\u00a0\u00bb se mat\u00e9rialise : par des r\u00e9unions physiques et t\u00e9l\u00e9matiques. Outre Semaine Mekam Tabiegaing (SMT) qui r\u00e9unit ses composantes une fois l\u2019an, autant d\u2019associations que possible peuvent \u00eatre cr\u00e9\u00e9es dans le respect de la charte de communication en \u00ab\u00a0Les Mekam Tabiegaing\u00ab\u00a0. \u00c0 chaque r\u00e9union, devant correspondre un rapport journal officiel. Ce dernier, dit d\u2019un rapport distribu\u00e9 (de pr\u00e9f\u00e9rence par voie \u00e9lectronique) tel &hellip; <\/p>\n","protected":false},"author":4,"featured_media":0,"parent":0,"menu_order":0,"comment_status":"closed","ping_status":"closed","template":"","meta":{"_kadence_starter_templates_imported_post":false,"footnotes":""},"_links":{"self":[{"href":"https:\/\/kocke-237.de\/les-mekam-tabiegaing\/wp-json\/wp\/v2\/pages\/861"}],"collection":[{"href":"https:\/\/kocke-237.de\/les-mekam-tabiegaing\/wp-json\/wp\/v2\/pages"}],"about":[{"href":"https:\/\/kocke-237.de\/les-mekam-tabiegaing\/wp-json\/wp\/v2\/types\/page"}],"author":[{"embeddable":true,"href":"https:\/\/kocke-237.de\/les-mekam-tabiegaing\/wp-json\/wp\/v2\/users\/4"}],"replies":[{"embeddable":true,"href":"https:\/\/kocke-237.de\/les-mekam-tabiegaing\/wp-json\/wp\/v2\/comments?post=861"}],"version-history":[{"count":3,"href":"https:\/\/kocke-237.de\/les-mekam-tabiegaing\/wp-json\/wp\/v2\/pages\/861\/revisions"}],"predecessor-version":[{"id":982,"href":"https:\/\/kocke-237.de\/les-mekam-tabiegaing\/wp-json\/wp\/v2\/pages\/861\/revisions\/982"}],"wp:attachment":[{"href":"https:\/\/kocke-237.de\/les-mekam-tabiegaing\/wp-json\/wp\/v2\/media?parent=861"}],"curies":[{"name":"wp","href":"https:\/\/api.w.org\/{rel}","templated":true}]}}