{"id":864,"date":"2023-08-27T09:22:14","date_gmt":"2023-08-27T07:22:14","guid":{"rendered":"https:\/\/kocke-237.de\/les-mekam-tabiegaing\/?page_id=864"},"modified":"2023-09-07T18:27:20","modified_gmt":"2023-09-07T16:27:20","slug":"chapitre-vii-personnalite-juridique","status":"publish","type":"page","link":"https:\/\/kocke-237.de\/les-mekam-tabiegaing\/chapitre-vii-personnalite-juridique\/","title":{"rendered":"Chapitre VII : Personnalit\u00e9 juridique"},"content":{"rendered":"\n<section>\n    <div style=\"background-color: #DAEEF3;color: #0070C0\">\n        <h3 id=\"id-chap7\" style=\"text-align: center\">Chapitre VII : Personnalit\u00e9 juridique<\/h3>\n        <p id=\"id-chap7-a7.1\">\n            <b>Article 7.1<\/b> \u00ab\u00a0<a style=\"color: #0070C0\" href=\"https:\/\/kocke-237.de\/les-mekam-tabiegaing\/#lg\">Les Mekam Tabiegaing<\/a>\u00a0\u00bb est une personne morale sous le couvert de la personnalit\u00e9 juridique de l\u2019\u0153uvre sociale d\u00e9nomm\u00e9e <a style=\"color: #0070C0\" href=\"https:\/\/kocke-237.de\/concertation\/#lg\">CONCERTATION<\/a>.\n        <\/p>\n        \n        <p id=\"id-chap7-a7.2\">\n            <b>Article 7.2<\/b> \u00ab\u00a0<a style=\"color: #0070C0\" href=\"https:\/\/kocke-237.de\/les-mekam-tabiegaing\/#lg\">Les Mekam Tabiegaing<\/a>\u00a0\u00bb a dans <a style=\"color: #0070C0\" href=\"https:\/\/kocke-237.de\/concertation\/#lg\">CONCERTATION<\/a>, la codification 200603080730A.\n        <\/p>\n    <\/div>\n<\/section>\n<div style=\"text-align: center\">\n    <a href=\"https:\/\/kocke-237.de\/les-mekam-tabiegaing\/idees-directrices\/#generalites\"><img decoding=\"async\" src=\"http:\/\/kocke-237.de\/concertation\/wp-content\/uploads\/sites\/6\/2023\/08\/icons-retour.png\" alt=\"\"><\/a>\n<\/div>\n","protected":false},"excerpt":{"rendered":"<p>Chapitre VII : Personnalit\u00e9 juridique Article 7.1 \u00ab\u00a0Les Mekam Tabiegaing\u00a0\u00bb est une personne morale sous le couvert de la personnalit\u00e9 juridique de l\u2019\u0153uvre sociale d\u00e9nomm\u00e9e CONCERTATION. Article 7.2 \u00ab\u00a0Les Mekam Tabiegaing\u00a0\u00bb a dans CONCERTATION, la codification 200603080730A.<\/p>\n","protected":false},"author":4,"featured_media":0,"parent":0,"menu_order":0,"comment_status":"closed","ping_status":"closed","template":"","meta":{"_kadence_starter_templates_imported_post":false,"footnotes":""},"_links":{"self":[{"href":"https:\/\/kocke-237.de\/les-mekam-tabiegaing\/wp-json\/wp\/v2\/pages\/864"}],"collection":[{"href":"https:\/\/kocke-237.de\/les-mekam-tabiegaing\/wp-json\/wp\/v2\/pages"}],"about":[{"href":"https:\/\/kocke-237.de\/les-mekam-tabiegaing\/wp-json\/wp\/v2\/types\/page"}],"author":[{"embeddable":true,"href":"https:\/\/kocke-237.de\/les-mekam-tabiegaing\/wp-json\/wp\/v2\/users\/4"}],"replies":[{"embeddable":true,"href":"https:\/\/kocke-237.de\/les-mekam-tabiegaing\/wp-json\/wp\/v2\/comments?post=864"}],"version-history":[{"count":3,"href":"https:\/\/kocke-237.de\/les-mekam-tabiegaing\/wp-json\/wp\/v2\/pages\/864\/revisions"}],"predecessor-version":[{"id":983,"href":"https:\/\/kocke-237.de\/les-mekam-tabiegaing\/wp-json\/wp\/v2\/pages\/864\/revisions\/983"}],"wp:attachment":[{"href":"https:\/\/kocke-237.de\/les-mekam-tabiegaing\/wp-json\/wp\/v2\/media?parent=864"}],"curies":[{"name":"wp","href":"https:\/\/api.w.org\/{rel}","templated":true}]}}