{"id":872,"date":"2023-08-27T09:25:32","date_gmt":"2023-08-27T07:25:32","guid":{"rendered":"https:\/\/kocke-237.de\/les-mekam-tabiegaing\/?page_id=872"},"modified":"2023-09-07T18:29:51","modified_gmt":"2023-09-07T16:29:51","slug":"chapitre-ix-validite","status":"publish","type":"page","link":"https:\/\/kocke-237.de\/les-mekam-tabiegaing\/chapitre-ix-validite\/","title":{"rendered":"Chapitre IX : Validit\u00e9"},"content":{"rendered":"\n<section>\n        <div style=\"background-color: #DAEEF3;color: #0070C0\">\n        <h3 id=\"id-chap9\" style=\"text-align: center\">Chapitre IX : Validit\u00e9<\/h3>\n        <p id=\"id-chap9-a9\">\n            <b>Article 9<\/b> Les \u00e9l\u00e9ments relevant de la validit\u00e9 sont encadr\u00e9s par <a style=\"color: #0070C0\" href=\"https:\/\/kocke-237.de\/les-mekam-tabiegaing\/charte\/#charte\">la charte<\/a> de communication en \u00ab\u00a0<a style=\"color: #0070C0\" href=\"https:\/\/kocke-237.de\/les-mekam-tabiegaing\/#lg\">Les Mekam Tabiegaing<\/a>\u00ab\u00a0.\n        <\/p>\n        \n    <\/div>\n<\/section>\n<div style=\"text-align: center\">\n    <a href=\"https:\/\/kocke-237.de\/les-mekam-tabiegaing\/idees-directrices\/#generalites\"><img decoding=\"async\" src=\"http:\/\/kocke-237.de\/concertation\/wp-content\/uploads\/sites\/6\/2023\/08\/icons-retour.png\" alt=\"\"><\/a>\n<\/div>\n","protected":false},"excerpt":{"rendered":"<p>Chapitre IX : Validit\u00e9 Article 9 Les \u00e9l\u00e9ments relevant de la validit\u00e9 sont encadr\u00e9s par la charte de communication en \u00ab\u00a0Les Mekam Tabiegaing\u00ab\u00a0.<\/p>\n","protected":false},"author":4,"featured_media":0,"parent":0,"menu_order":0,"comment_status":"closed","ping_status":"closed","template":"","meta":{"_kadence_starter_templates_imported_post":false,"footnotes":""},"_links":{"self":[{"href":"https:\/\/kocke-237.de\/les-mekam-tabiegaing\/wp-json\/wp\/v2\/pages\/872"}],"collection":[{"href":"https:\/\/kocke-237.de\/les-mekam-tabiegaing\/wp-json\/wp\/v2\/pages"}],"about":[{"href":"https:\/\/kocke-237.de\/les-mekam-tabiegaing\/wp-json\/wp\/v2\/types\/page"}],"author":[{"embeddable":true,"href":"https:\/\/kocke-237.de\/les-mekam-tabiegaing\/wp-json\/wp\/v2\/users\/4"}],"replies":[{"embeddable":true,"href":"https:\/\/kocke-237.de\/les-mekam-tabiegaing\/wp-json\/wp\/v2\/comments?post=872"}],"version-history":[{"count":3,"href":"https:\/\/kocke-237.de\/les-mekam-tabiegaing\/wp-json\/wp\/v2\/pages\/872\/revisions"}],"predecessor-version":[{"id":985,"href":"https:\/\/kocke-237.de\/les-mekam-tabiegaing\/wp-json\/wp\/v2\/pages\/872\/revisions\/985"}],"wp:attachment":[{"href":"https:\/\/kocke-237.de\/les-mekam-tabiegaing\/wp-json\/wp\/v2\/media?parent=872"}],"curies":[{"name":"wp","href":"https:\/\/api.w.org\/{rel}","templated":true}]}}