{"id":880,"date":"2023-08-27T09:47:34","date_gmt":"2023-08-27T07:47:34","guid":{"rendered":"https:\/\/kocke-237.de\/les-mekam-tabiegaing\/?page_id=880"},"modified":"2023-09-08T03:54:48","modified_gmt":"2023-09-08T01:54:48","slug":"chapitre-ii-fonctionnement","status":"publish","type":"page","link":"https:\/\/kocke-237.de\/les-mekam-tabiegaing\/chapitre-ii-fonctionnement\/","title":{"rendered":"Chapitre II Fonctionnement"},"content":{"rendered":"\n<section>\n    <div style=\"background-color: #DAEEF3;color: #0070C0\">\n        <h3 id=\"organigramechap2\" style=\"text-align: center\">Chapitre II Fonctionnement<\/h3>\n        <p>\n            <a style=\"color: #0070C0\" href=\"https:\/\/kocke-237.de\/les-mekam-tabiegaing\/organigramme-2\/#organigrame\">L\u2019organigramme ci-dessus<\/a>, repr\u00e9sente les compartiments d\u2019administration qui fonctionnent, comme ci-dessous :\n        <\/p>\n\n        <p id=\"organigramechap2a2.1\">\n            <b>Article 2.1<\/b> <a style=\"color: #0070C0\" href=\"https:\/\/kocke-237.de\/les-mekam-tabiegaing\/smt\/#semaine\">Une semaine annuelle<\/a> comprenant l\u2019<a style=\"color: #0070C0\" href=\"https:\/\/kocke-237.de\/les-mekam-tabiegaing\/chapitre-ii-interventions-ou-publications\/#reglementchap2a2.6\">AG ordinaire<\/a>, est organis\u00e9e par le <a style=\"color: #0070C0\" href=\"https:\/\/kocke-237.de\/les-mekam-tabiegaing\/reglement\/#reglementchap1a1.1\">BPG-MT<\/a> pour donner \u00e0 \u00ab\u00a0<a style=\"color: #0070C0\" href=\"https:\/\/kocke-237.de\/les-mekam-tabiegaing\/#lg\">Les Mekam Tabiegaing<\/a>\u00ab\u00a0, l\u2019occasion de se conna\u00eetre, de discuter, et de valider.\n        <\/p>\n\n        <p id=\"organigramechap2a2.2\">\n            <b>Article 2.2<\/b> L\u2019<a style=\"color: #0070C0\" href=\"https:\/\/kocke-237.de\/les-mekam-tabiegaing\/chapitre-ii-interventions-ou-publications\/#reglementchap2a2.6\">AG<\/a> de \u00ab\u00a0<a style=\"color: #0070C0\" href=\"https:\/\/kocke-237.de\/les-mekam-tabiegaing\/#lg\">Les Mekam Tabiegaing<\/a>\u00ab\u00a0, est sa plus haute instance : ses validations engagent toutes les <a style=\"color: #0070C0\" href=\"https:\/\/kocke-237.de\/les-mekam-tabiegaing\/leitmotiv\/#membre\">composantes<\/a> et constituent force de loi non\u2019 ignor\u00e9e de personne.\n        <\/p>\n\n        <p id=\"organigramechap2a2.3\">\n            <b>Article 2.3<\/b> Le <a style=\"color: #0070C0\" href=\"https:\/\/kocke-237.de\/les-mekam-tabiegaing\/reglement\/#reglementchap1a1.1\">BPG-MT<\/a> g\u00e8re la <a style=\"color: #0070C0\" href=\"https:\/\/kocke-237.de\/#lg\">Dynastie KOCKE<\/a> entre les s\u00e9ances de l\u2019<a style=\"color: #0070C0\" href=\"https:\/\/kocke-237.de\/les-mekam-tabiegaing\/chapitre-ii-interventions-ou-publications\/#reglementchap2a2.6\">AG<\/a>. Le <a style=\"color: #0070C0\" href=\"https:\/\/kocke-237.de\/les-mekam-tabiegaing\/reglement\/#reglementchap1a1.1\">BPG-MT<\/a> est mat\u00e9rialis\u00e9 par l\u2019espace t\u00e9l\u00e9matique d\u00e9nomm\u00e9 \u00ab\u00a0BPG Les Mekam Tabiegaing\u00a0\u00bb, qui prend en compte chaque d\u00e9tenteur de <a style=\"color: #0070C0\" href=\"https:\/\/kocke-237.de\/les-mekam-tabiegaing\/base-des-repertoires\/#repertoireart4\">matricule<\/a>. En permanence, s\u2019adresser au <a style=\"color: #0070C0\" href=\"https:\/\/kocke-237.de\/les-mekam-tabiegaing\/reglement\/#reglementchap1a1.1\">BPG-MT<\/a> reste libre \u00e0 tous, via l\u2019espace t\u00e9l\u00e9matique intitul\u00e9 \u00ab\u00a0<a style=\"color: #0070C0\" href=\"https:\/\/chat.whatsapp.com\/6sA2wS6mDIDIVMAXKXN53h\">Les Mekam Tabiegaing<\/a>\u00a0\u00bb d\u2019acc\u00e8s libre et sans protocole.\n        <\/p>\n\n        <p id=\"organigramechap2a2.3.1\">\n            <b>Article 2.3.1<\/b> Le d\u00e9tenteur d\u2019un <a style=\"color: #0070C0\" href=\"https:\/\/kocke-237.de\/les-mekam-tabiegaing\/base-des-repertoires\/#repertoireart4\">matricule<\/a> peut, \u00eatre toute personne physique ou morale, int\u00e9ress\u00e9e \u00e0 l\u2019obtenir. Le <a style=\"color: #0070C0\" href=\"https:\/\/kocke-237.de\/les-mekam-tabiegaing\/base-des-repertoires\/#repertoireart4\">matricule<\/a> est demand\u00e9 aupr\u00e8s du <a style=\"color: #0070C0\" href=\"https:\/\/kocke-237.de\/les-mekam-tabiegaing\/reglement\/#reglementchap1a1.1\">BPG-MT<\/a>.\n        <\/p>\n\n        <p id=\"organigramechap2a2.3.2\">\n            <b>Article 2.3.2<\/b> Le comportement des Membres est r\u00e9git par <a style=\"color: #0070C0\" href=\"https:\/\/kocke-237.de\/les-mekam-tabiegaing\/charte\/#charte\">la charte<\/a> de communication en \u00ab\u00a0<a style=\"color: #0070C0\" href=\"https:\/\/kocke-237.de\/les-mekam-tabiegaing\/#lg\">Les Mekam Tabiegaing<\/a>\u00a0\u00bb et par un <a style=\"color: #0070C0\" href=\"https:\/\/kocke-237.de\/les-mekam-tabiegaing\/reglement\/#reglement\">texte<\/a>.\n        <\/p>   \n    <\/div>\n<\/section>\n<div style=\"text-align: center\">\n    <a href=\"https:\/\/kocke-237.de\/les-mekam-tabiegaing\/organigramme-2\/#bouton\"><img decoding=\"async\" src=\"http:\/\/kocke-237.de\/concertation\/wp-content\/uploads\/sites\/6\/2023\/08\/icons-retour.png\" alt=\"\"><\/a>\n<\/div>\n","protected":false},"excerpt":{"rendered":"<p>Chapitre II Fonctionnement L\u2019organigramme ci-dessus, repr\u00e9sente les compartiments d\u2019administration qui fonctionnent, comme ci-dessous : Article 2.1 Une semaine annuelle comprenant l\u2019AG ordinaire, est organis\u00e9e par le BPG-MT pour donner \u00e0 \u00ab\u00a0Les Mekam Tabiegaing\u00ab\u00a0, l\u2019occasion de se conna\u00eetre, de discuter, et de valider. Article 2.2 L\u2019AG de \u00ab\u00a0Les Mekam Tabiegaing\u00ab\u00a0, est sa plus haute instance : ses validations engagent toutes les composantes et constituent force de loi non\u2019 ignor\u00e9e de personne. Article 2.3 Le BPG-MT g\u00e8re la Dynastie KOCKE entre les s\u00e9ances de l\u2019AG. Le BPG-MT est mat\u00e9rialis\u00e9 par l\u2019espace t\u00e9l\u00e9matique d\u00e9nomm\u00e9 \u00ab\u00a0BPG Les Mekam Tabiegaing\u00a0\u00bb, qui prend en compte chaque &hellip; <\/p>\n","protected":false},"author":4,"featured_media":0,"parent":0,"menu_order":0,"comment_status":"closed","ping_status":"closed","template":"","meta":{"_kadence_starter_templates_imported_post":false,"footnotes":""},"_links":{"self":[{"href":"https:\/\/kocke-237.de\/les-mekam-tabiegaing\/wp-json\/wp\/v2\/pages\/880"}],"collection":[{"href":"https:\/\/kocke-237.de\/les-mekam-tabiegaing\/wp-json\/wp\/v2\/pages"}],"about":[{"href":"https:\/\/kocke-237.de\/les-mekam-tabiegaing\/wp-json\/wp\/v2\/types\/page"}],"author":[{"embeddable":true,"href":"https:\/\/kocke-237.de\/les-mekam-tabiegaing\/wp-json\/wp\/v2\/users\/4"}],"replies":[{"embeddable":true,"href":"https:\/\/kocke-237.de\/les-mekam-tabiegaing\/wp-json\/wp\/v2\/comments?post=880"}],"version-history":[{"count":3,"href":"https:\/\/kocke-237.de\/les-mekam-tabiegaing\/wp-json\/wp\/v2\/pages\/880\/revisions"}],"predecessor-version":[{"id":987,"href":"https:\/\/kocke-237.de\/les-mekam-tabiegaing\/wp-json\/wp\/v2\/pages\/880\/revisions\/987"}],"wp:attachment":[{"href":"https:\/\/kocke-237.de\/les-mekam-tabiegaing\/wp-json\/wp\/v2\/media?parent=880"}],"curies":[{"name":"wp","href":"https:\/\/api.w.org\/{rel}","templated":true}]}}