{"id":885,"date":"2023-08-27T09:51:00","date_gmt":"2023-08-27T07:51:00","guid":{"rendered":"https:\/\/kocke-237.de\/les-mekam-tabiegaing\/?page_id=885"},"modified":"2023-09-08T03:42:09","modified_gmt":"2023-09-08T01:42:09","slug":"organigramme-2","status":"publish","type":"page","link":"https:\/\/kocke-237.de\/les-mekam-tabiegaing\/organigramme-2\/","title":{"rendered":"ORGANIGRAMME"},"content":{"rendered":"\n<section>\n        <div style=\"background-color: #FDE9D9;color: #0070C0\" id=\"organigrame\">\n        <h2 style=\"text-align: center;background-color: #0070C0;color: yellow\">ORGANIGRAMME<\/h2><br>\n        <div id=\"bouton\" style=\"text-align: center\">\n            <a href=\"#organigramechap1\"><button style=\"width: 250px;border-radius: 15px;background-color: white;color: #0070C0;font-weight: bold;font-size: 20px\">Structure<\/button><\/a>\n            <a href=\"https:\/\/kocke-237.de\/les-mekam-tabiegaing\/chapitre-ii-fonctionnement\/#organigramechap2\"><button style=\"width: 250px;border-radius: 15px;background-color: #DAEEF3;color: #0070C0;font-weight: bold;font-size: 20px\">Fonctionnement<\/button><\/a>\n        <\/div>\n        <h3 id=\"organigramechap1\" style=\"text-align: center\">Chapitre I Structure<\/h3>\n        <p id=\"organigramechap1a1\">\n            <b>Article 1<\/b> La g\u00e9n\u00e9alogie de la <a style=\"color: #0070C0\" href=\"https:\/\/kocke-237.de\/#lg\">Dynastie KOCKE<\/a> peut \u00eatre simplifi\u00e9e en organigramme ci-dessous, qui met chaque Membre ou Adh\u00e9rent face \u00e0 l\u2019<a style=\"color: #0070C0\" href=\"https:\/\/kocke-237.de\/les-mekam-tabiegaing\/chapitre-iii-objectif\/#id-chap3-a3\">Article 3 ci-dessus<\/a>.\n        <\/p>\n\n        <p id=\"organigramechap1a1-img\" style=\"text-align: center\">\n            <img decoding=\"async\" src=\"http:\/\/kocke-237.de\/les-mekam-tabiegaing\/wp-content\/uploads\/sites\/5\/2022\/07\/Organigramme.png\" alt=\"\">\n        <\/p>\n        <p style=\"text-align: center\">\n            L\u00e9gende : \n        <a href=\"https:\/\/kocke-237.de\/les-mekam-tabiegaing\/charte\/#charte\"><button style=\"width: 50px;border-radius: 15px;background-color: #F2DBDB;color: #0070C0;font-weight: bold\">1<\/button><\/a>\n        <a href=\"https:\/\/kocke-237.de\/les-mekam-tabiegaing\/reglement\/#reglement\"><button style=\"width: 50px;border-radius: 15px;background-color: #DAEEF3;color: #0070C0;font-weight: bold\">2<\/button><\/a>\n        <a href=\"https:\/\/kocke-237.de\/les-mekam-tabiegaing\/idees-directrices\/#ideesdirectrices\"><button style=\"width: 50px;border-radius: 15px;background-color: #F2DBDB;color: #0070C0;font-weight: bold\">3<\/button><\/a>\n        <a href=\"https:\/\/kocke-237.de\/les-mekam-tabiegaing\/base-des-repertoires\/#repertoire\"><button style=\"width: 50px;border-radius: 15px;background-color: #DAEEF3;color: #0070C0;font-weight: bold\">4<\/button><\/a>\n        <\/p>\n    <\/div>\n<\/section>\n<div style=\"text-align: center\">\n    <a href=\"https:\/\/kocke-237.de\/les-mekam-tabiegaing\/nos-textes\/#sommaire\"><img decoding=\"async\" src=\"http:\/\/kocke-237.de\/concertation\/wp-content\/uploads\/sites\/6\/2023\/08\/icons-retour.png\" alt=\"\"><\/a>\n<\/div>\n","protected":false},"excerpt":{"rendered":"<p>ORGANIGRAMME Structure Fonctionnement Chapitre I Structure Article 1 La g\u00e9n\u00e9alogie de la Dynastie KOCKE peut \u00eatre simplifi\u00e9e en organigramme ci-dessous, qui met chaque Membre ou Adh\u00e9rent face \u00e0 l\u2019Article 3 ci-dessus. L\u00e9gende : 1 2 3 4<\/p>\n","protected":false},"author":4,"featured_media":0,"parent":0,"menu_order":0,"comment_status":"closed","ping_status":"closed","template":"","meta":{"_kadence_starter_templates_imported_post":false,"footnotes":""},"_links":{"self":[{"href":"https:\/\/kocke-237.de\/les-mekam-tabiegaing\/wp-json\/wp\/v2\/pages\/885"}],"collection":[{"href":"https:\/\/kocke-237.de\/les-mekam-tabiegaing\/wp-json\/wp\/v2\/pages"}],"about":[{"href":"https:\/\/kocke-237.de\/les-mekam-tabiegaing\/wp-json\/wp\/v2\/types\/page"}],"author":[{"embeddable":true,"href":"https:\/\/kocke-237.de\/les-mekam-tabiegaing\/wp-json\/wp\/v2\/users\/4"}],"replies":[{"embeddable":true,"href":"https:\/\/kocke-237.de\/les-mekam-tabiegaing\/wp-json\/wp\/v2\/comments?post=885"}],"version-history":[{"count":3,"href":"https:\/\/kocke-237.de\/les-mekam-tabiegaing\/wp-json\/wp\/v2\/pages\/885\/revisions"}],"predecessor-version":[{"id":986,"href":"https:\/\/kocke-237.de\/les-mekam-tabiegaing\/wp-json\/wp\/v2\/pages\/885\/revisions\/986"}],"wp:attachment":[{"href":"https:\/\/kocke-237.de\/les-mekam-tabiegaing\/wp-json\/wp\/v2\/media?parent=885"}],"curies":[{"name":"wp","href":"https:\/\/api.w.org\/{rel}","templated":true}]}}