{"id":893,"date":"2023-08-27T10:30:27","date_gmt":"2023-08-27T08:30:27","guid":{"rendered":"https:\/\/kocke-237.de\/les-mekam-tabiegaing\/?page_id=893"},"modified":"2023-09-08T04:09:32","modified_gmt":"2023-09-08T02:09:32","slug":"chapitre-iii-objectif-2","status":"publish","type":"page","link":"https:\/\/kocke-237.de\/les-mekam-tabiegaing\/chapitre-iii-objectif-2\/","title":{"rendered":"Chapitre III Objectif"},"content":{"rendered":"\n<section>\n    <div style=\"background-color: #FDE9D9\" id=\"slmtchap3\">\n        <h3 style=\"text-align: center\">Chapitre III Objectif<\/h3>\n        <p id=\"art3slmt\">\n            <b>Article 3<\/b> L\u2019objectif de <a style=\"color: #0070C0\" href=\"https:\/\/kocke-237.de\/les-mekam-tabiegaing\/smt\/#art1slmt\">SMT<\/a>, est de g\u00e9rer au mieux \u00ab\u00a0<a style=\"color: #0070C0\" href=\"https:\/\/kocke-237.de\/les-mekam-tabiegaing\/#lg\">Les Mekam Tabiegaing<\/a>\u00a0\u00bb en lien permanent gr\u00e2ce au <a style=\"color: #0070C0\" href=\"https:\/\/chat.whatsapp.com\/6sA2wS6mDIDIVMAXKXN53h\">forum t\u00e9l\u00e9matique d\u2019acc\u00e8s sans protocole<\/a>, en tenant compte des aspirations de chaque \u00e9l\u00e9ment de ses <a style=\"color: #0070C0\" href=\"https:\/\/kocke-237.de\/les-mekam-tabiegaing\/leitmotiv\/#membre\">composantes<\/a>, et respect des validations en vigueur<\/a> \n        <\/p>\n    <\/div>\n<\/section>\n<div style=\"text-align: center\">\n    <a href=\"https:\/\/kocke-237.de\/les-mekam-tabiegaing\/smt\/#bouton\"><img decoding=\"async\" src=\"http:\/\/kocke-237.de\/concertation\/wp-content\/uploads\/sites\/6\/2023\/08\/icons-retour.png\" alt=\"\"><\/a>\n<\/div>\n","protected":false},"excerpt":{"rendered":"<p>Chapitre III Objectif Article 3 L\u2019objectif de SMT, est de g\u00e9rer au mieux \u00ab\u00a0Les Mekam Tabiegaing\u00a0\u00bb en lien permanent gr\u00e2ce au forum t\u00e9l\u00e9matique d\u2019acc\u00e8s sans protocole, en tenant compte des aspirations de chaque \u00e9l\u00e9ment de ses composantes, et respect des validations en vigueur<\/p>\n","protected":false},"author":4,"featured_media":0,"parent":0,"menu_order":0,"comment_status":"closed","ping_status":"closed","template":"","meta":{"_kadence_starter_templates_imported_post":false,"footnotes":""},"_links":{"self":[{"href":"https:\/\/kocke-237.de\/les-mekam-tabiegaing\/wp-json\/wp\/v2\/pages\/893"}],"collection":[{"href":"https:\/\/kocke-237.de\/les-mekam-tabiegaing\/wp-json\/wp\/v2\/pages"}],"about":[{"href":"https:\/\/kocke-237.de\/les-mekam-tabiegaing\/wp-json\/wp\/v2\/types\/page"}],"author":[{"embeddable":true,"href":"https:\/\/kocke-237.de\/les-mekam-tabiegaing\/wp-json\/wp\/v2\/users\/4"}],"replies":[{"embeddable":true,"href":"https:\/\/kocke-237.de\/les-mekam-tabiegaing\/wp-json\/wp\/v2\/comments?post=893"}],"version-history":[{"count":3,"href":"https:\/\/kocke-237.de\/les-mekam-tabiegaing\/wp-json\/wp\/v2\/pages\/893\/revisions"}],"predecessor-version":[{"id":990,"href":"https:\/\/kocke-237.de\/les-mekam-tabiegaing\/wp-json\/wp\/v2\/pages\/893\/revisions\/990"}],"wp:attachment":[{"href":"https:\/\/kocke-237.de\/les-mekam-tabiegaing\/wp-json\/wp\/v2\/media?parent=893"}],"curies":[{"name":"wp","href":"https:\/\/api.w.org\/{rel}","templated":true}]}}