{"id":897,"date":"2023-08-27T10:32:38","date_gmt":"2023-08-27T08:32:38","guid":{"rendered":"https:\/\/kocke-237.de\/les-mekam-tabiegaing\/?page_id=897"},"modified":"2023-09-08T04:12:36","modified_gmt":"2023-09-08T02:12:36","slug":"chapitre-iv-accueil","status":"publish","type":"page","link":"https:\/\/kocke-237.de\/les-mekam-tabiegaing\/chapitre-iv-accueil\/","title":{"rendered":"Chapitre IV Accueil"},"content":{"rendered":"\n<section>\n    <div style=\"background-color: #DAEEF3\" id=\"slmtchap4\">\n        <h3 style=\"text-align: center\">Chapitre IV Accueil<\/h3>\n        <p id=\"art4.1slmt\">\n            <b>Article 4.1<\/b> Pour \u00e9viter toute surprise d\u00e9sagr\u00e9able, d\u2019accueil (voyages, h\u00e9bergement, restauration, etc.) il est prudent, de faire des r\u00e9servations aupr\u00e8s des <a style=\"color: #0070C0\" href=\"https:\/\/kocke-237.de\/les-mekam-tabiegaing\/chapitre-iv-accueil\/#art4.2slmt\">services sp\u00e9cialis\u00e9s<\/a> de <a style=\"color: #0070C0\" href=\"https:\/\/kocke-237.de\/les-mekam-tabiegaing\/smt\/#art1slmt\">SMT<\/a>.\n        <\/p>\n        <p id=\"art4.2slmt\">\n            <b>Article 4.2<\/b> \u00c0 travers les <a style=\"color: #0070C0\" href=\"https:\/\/kocke-237.de\/les-mekam-tabiegaing\/chapitre-iv-accueil\/#art4.1slmt\">services sp\u00e9cialis\u00e9s<\/a>, les volets de l\u2019accueil sont des march\u00e9s, qui comme tous les autres en \u00ab\u00a0<a style=\"color: #0070C0\" href=\"https:\/\/kocke-237.de\/les-mekam-tabiegaing\/#lg\">Les Mekam Tabiegaing<\/a>\u00ab\u00a0, restent libres : la concurrence est autoris\u00e9e, aux fins d\u2019une part de chances \u00e9gales \u00e0 tous et d\u2019autre part, d\u2019ad\u00e9quation prix-qualit\u00e9.\n        <\/p>\n        <p id=\"art4.3slmt\">\n            <b>Article 4.3<\/b> D\u2019un march\u00e9 en son sein et pour sa personne morale, \u00ab\u00a0<a style=\"color: #0070C0\" href=\"https:\/\/kocke-237.de\/les-mekam-tabiegaing\/#lg\">Les Mekam Tabiegaing<\/a>\u00a0\u00bb per\u00e7oit une part sur le b\u00e9n\u00e9fice. La part est fonction march\u00e9 ; d\u00e9finie auparavant et <a style=\"color: #0070C0\" href=\"https:\/\/kocke-237.de\/les-mekam-tabiegaing\/chapitre-ii-interventions-ou-publications\/#reglementchap2a2.1\">publi\u00e9e<\/a>.\n        <\/p>\n    <\/div>\n<\/section>\n<div style=\"text-align: center\">\n    <a href=\"https:\/\/kocke-237.de\/les-mekam-tabiegaing\/smt\/#bouton\"><img decoding=\"async\" src=\"http:\/\/kocke-237.de\/concertation\/wp-content\/uploads\/sites\/6\/2023\/08\/icons-retour.png\" alt=\"\"><\/a>\n<\/div>\n","protected":false},"excerpt":{"rendered":"<p>Chapitre IV Accueil Article 4.1 Pour \u00e9viter toute surprise d\u00e9sagr\u00e9able, d\u2019accueil (voyages, h\u00e9bergement, restauration, etc.) il est prudent, de faire des r\u00e9servations aupr\u00e8s des services sp\u00e9cialis\u00e9s de SMT. Article 4.2 \u00c0 travers les services sp\u00e9cialis\u00e9s, les volets de l\u2019accueil sont des march\u00e9s, qui comme tous les autres en \u00ab\u00a0Les Mekam Tabiegaing\u00ab\u00a0, restent libres : la concurrence est autoris\u00e9e, aux fins d\u2019une part de chances \u00e9gales \u00e0 tous et d\u2019autre part, d\u2019ad\u00e9quation prix-qualit\u00e9. Article 4.3 D\u2019un march\u00e9 en son sein et pour sa personne morale, \u00ab\u00a0Les Mekam Tabiegaing\u00a0\u00bb per\u00e7oit une part sur le b\u00e9n\u00e9fice. La part est fonction march\u00e9 ; d\u00e9finie &hellip; <\/p>\n","protected":false},"author":4,"featured_media":0,"parent":0,"menu_order":0,"comment_status":"closed","ping_status":"closed","template":"","meta":{"_kadence_starter_templates_imported_post":false,"footnotes":""},"_links":{"self":[{"href":"https:\/\/kocke-237.de\/les-mekam-tabiegaing\/wp-json\/wp\/v2\/pages\/897"}],"collection":[{"href":"https:\/\/kocke-237.de\/les-mekam-tabiegaing\/wp-json\/wp\/v2\/pages"}],"about":[{"href":"https:\/\/kocke-237.de\/les-mekam-tabiegaing\/wp-json\/wp\/v2\/types\/page"}],"author":[{"embeddable":true,"href":"https:\/\/kocke-237.de\/les-mekam-tabiegaing\/wp-json\/wp\/v2\/users\/4"}],"replies":[{"embeddable":true,"href":"https:\/\/kocke-237.de\/les-mekam-tabiegaing\/wp-json\/wp\/v2\/comments?post=897"}],"version-history":[{"count":3,"href":"https:\/\/kocke-237.de\/les-mekam-tabiegaing\/wp-json\/wp\/v2\/pages\/897\/revisions"}],"predecessor-version":[{"id":991,"href":"https:\/\/kocke-237.de\/les-mekam-tabiegaing\/wp-json\/wp\/v2\/pages\/897\/revisions\/991"}],"wp:attachment":[{"href":"https:\/\/kocke-237.de\/les-mekam-tabiegaing\/wp-json\/wp\/v2\/media?parent=897"}],"curies":[{"name":"wp","href":"https:\/\/api.w.org\/{rel}","templated":true}]}}