{"id":901,"date":"2023-08-27T10:34:23","date_gmt":"2023-08-27T08:34:23","guid":{"rendered":"https:\/\/kocke-237.de\/les-mekam-tabiegaing\/?page_id=901"},"modified":"2023-09-08T04:34:45","modified_gmt":"2023-09-08T02:34:45","slug":"chapitre-v-programme","status":"publish","type":"page","link":"https:\/\/kocke-237.de\/les-mekam-tabiegaing\/chapitre-v-programme\/","title":{"rendered":"Chapitre V Programme"},"content":{"rendered":"\n<section>\n    <div style=\"background-color: #FDE9D9\" id=\"slmtchap5\">\n        <h3 style=\"text-align: center\">Chapitre V Programme<\/h3>\n        <p id=\"art5.1slmt\">\n            <b>Article 5.1<\/b> Sous-tendu par la responsabilit\u00e9 individuelle de l\u2019\u00e9l\u00e9ment des <a style=\"color: #0070C0\" href=\"https:\/\/kocke-237.de\/les-mekam-tabiegaing\/leitmotiv\/#membre\">composantes<\/a>, et de tous ses droits d\u2019agir ou pas, <a style=\"color: #0070C0\" href=\"https:\/\/kocke-237.de\/les-mekam-tabiegaing\/chapitre-v-programme\/#art5.2slmt\">le programme de la SMT<\/a> est dans l\u2019esprit d\u2019appel \u00e0 tous, pour que d\u2019aucune mani\u00e8re, personne ne soit l\u00e9s\u00e9e : observation de la libert\u00e9 et de la transparence de son esquisse \u00e0 sa mouture finale.\n        <\/p>\n        <p id=\"art5.2slmt\">\n            <b>Article 5.2<\/b> <a style=\"color: #0070C0\" href=\"#art5.1slmt\">Les points du programme<\/a> sont pour l\u2019inscription, du ressort des \u00e9l\u00e9ments des <a style=\"color: #0070C0\" href=\"https:\/\/kocke-237.de\/les-mekam-tabiegaing\/leitmotiv\/#membre\">composantes<\/a> qui individuellement ou en groupe, via l\u2019espace t\u00e9l\u00e9matique d\u00e9nomm\u00e9 \u00ab\u00a0<a style=\"color: #0070C0\" href=\"https:\/\/chat.whatsapp.com\/6sA2wS6mDIDIVMAXKXN53h\">Les Mekam Tabiegaing<\/a>\u00ab\u00a0, les transmettent \u00e0 l\u2019appr\u00e9ciation de tous. Le <a style=\"color: #0070C0\" href=\"https:\/\/kocke-237.de\/les-mekam-tabiegaing\/reglement\/#reglementchap1a1.1\">BPG-MT<\/a> au fur et \u00e0 mesure de r\u00e9ceptions des points, esquisse le programme et, via le m\u00eame espace t\u00e9l\u00e9matique, situe r\u00e9guli\u00e8rement de son \u00e9volution jusqu\u2019\u00e0 sa mouture finale.\n        <\/p>\n        <p id=\"art5.3slmt\">\n            <b>Article 5.3<\/b> Les points permanents de <a style=\"color: #0070C0\" href=\"https:\/\/kocke-237.de\/les-mekam-tabiegaing\/smt\/#art1slmt\">SMT<\/a> restent : <a style=\"color: #0070C0\" href=\"https:\/\/kocke-237.de\/les-mekam-tabiegaing\/chapitre-v-programme\/#art5.3.1slmt\">ouverture<\/a> ; <a style=\"color: #0070C0\" href=\"https:\/\/kocke-237.de\/les-mekam-tabiegaing\/chapitre-v-programme\/#art5.3.2slmt\">m\u00e9dias<\/a> ; <a style=\"color: #0070C0\" href=\"https:\/\/kocke-237.de\/les-mekam-tabiegaing\/chapitre-v-programme\/#art5.3.3slmt\">conf\u00e9rences<\/a> ; <a style=\"color: #0070C0\" href=\"https:\/\/kocke-237.de\/les-mekam-tabiegaing\/chapitre-v-programme\/#art5.3.4slmt\">comm\u00e9moration des morts<\/a> ; <a style=\"color: #0070C0\" href=\"https:\/\/kocke-237.de\/les-mekam-tabiegaing\/chapitre-v-programme\/#art5.3.5slmt\">AG<\/a> ; <a style=\"color: #0070C0\" href=\"https:\/\/kocke-237.de\/les-mekam-tabiegaing\/chapitre-v-programme\/#art5.3.7slmt\">joie d\u2019exister<\/a> ; <a style=\"color: #0070C0\" href=\"https:\/\/kocke-237.de\/les-mekam-tabiegaing\/chapitre-v-programme\/#art5.3.7slmt\">b\u00e9n\u00e9diction<\/a> ; et <a style=\"color: #0070C0\" href=\"https:\/\/kocke-237.de\/les-mekam-tabiegaing\/chapitre-v-programme\/#art5.3.8slmt\">cl\u00f4ture<\/a>.\n        <\/p>\n        <p id=\"art5.3.1slmt\">\n            <b>Article 5.3.1<\/b> D\u00e8s le d\u00e9clic de la premi\u00e8re journ\u00e9e de <a style=\"color: #0070C0\" href=\"https:\/\/kocke-237.de\/les-mekam-tabiegaing\/smt\/#art1slmt\">SMT<\/a>, les formes l\u00e9gales de manifestation, sont utilis\u00e9es pour marquer son ouverture. Au m\u00eame moment, <a style=\"color: #0070C0\" href=\"https:\/\/kocke-237.de\/les-mekam-tabiegaing\/chapitre-v-programme\/#art5.3.2slmt\">les m\u00e9dias de couverture<\/a>, commencent \u00e0 fonctionner. De 6 \u00e0 8h30\u2019, petit d\u00e9jeuner offert aux \u00e9l\u00e9ments des composantes par <a style=\"color: #0070C0\" href=\"https:\/\/kocke-237.de\/les-mekam-tabiegaing\/#lg\">la personne morale<\/a>. De 9 \u00e0 12h00, discours d\u2019ouverture.\n        <\/p>\n        <p id=\"art5.3.2slmt\">\n            <b>Article 5.3.2<\/b> <a style=\"color: #0070C0\" href=\"https:\/\/kocke-237.de\/les-mekam-tabiegaing\/chapitre-v-programme\/#art5.3.1slmt\">Toutes les formes l\u00e9gales de m\u00e9dias<\/a>, sont souhait\u00e9es. Elles constituent dans l\u2019observation du <a style=\"color: #0070C0\" href=\"https:\/\/kocke-237.de\/les-mekam-tabiegaing\/chapitre-iv-accueil\/#art4.2slmt\">4.2 ci-dessus<\/a> des march\u00e9s. Le <a style=\"color: #0070C0\" href=\"https:\/\/kocke-237.de\/les-mekam-tabiegaing\/reglement\/#reglementchap1a1.1\">BPG-MT<\/a> en son \u00e9tat reste seul, le m\u00e9dia officiel de la personne morale \u00ab\u00a0<a style=\"color: #0070C0\" href=\"https:\/\/kocke-237.de\/les-mekam-tabiegaing\/#lg\">Les Mekam Tabiegaing<\/a>\u00ab\u00a0.\n        <\/p>\n        <p id=\"art5.3.3slmt\">\n            <b>Article 5.3.3<\/b> Aucun sujet n\u2019est tabou ni obligatoire ; chaque auteur est face \u00e0 sa conscience et la censure est du droit, de la population cible ainsi que de curieux. La conf\u00e9rence, est un cadre id\u00e9al pour discuter des sujets : tout \u00e9l\u00e9ment des composantes ; groupe d\u2019\u00e9l\u00e9ments ; ou la personne morale \u00ab\u00a0<a style=\"color: #0070C0\" href=\"https:\/\/kocke-237.de\/les-mekam-tabiegaing\/#lg\">Les Mekam Tabiegaing<\/a>\u00ab\u00a0, est libre d\u2019en organiser outre \u00e0 tout moment et \u00e0 sa convenance, du 1er jour 14h00\u2019 au 5\u00e8me jour compris, de la <a style=\"color: #0070C0\" href=\"https:\/\/kocke-237.de\/les-mekam-tabiegaing\/smt\/#art1slmt\">SMT<\/a>.\n        <\/p>\n        <p id=\"art5.3.4slmt\">\n            <b>Article 5.3.4<\/b> La comm\u00e9moration des morts, se fait librement sous trois aspects : par un \u00e9l\u00e9ment des composantes ; par un groupe d\u2019\u00e9l\u00e9ments ; ou par la personne morale \u00ab\u00a0<a style=\"color: #0070C0\" href=\"https:\/\/kocke-237.de\/les-mekam-tabiegaing\/#lg\">Les Mekam Tabiegaing<\/a>\u00ab\u00a0. Des \u00e9trangers, peuvent y \u00eatre invit\u00e9s. La comm\u00e9moration des morts, est le 6\u00e8me jour de 0h00\u2019 \u00e0 minuit, de la <a style=\"color: #0070C0\" href=\"https:\/\/kocke-237.de\/les-mekam-tabiegaing\/smt\/#art1slmt\">SMT<\/a> ; sans exclusion d\u2019autres initiatives.\n        <\/p>\n        <p id=\"art5.3.5slmt\">\n            <b>Article 5.3.5<\/b> En la <a style=\"color: #0070C0\" href=\"https:\/\/kocke-237.de\/les-mekam-tabiegaing\/smt\/#art1slmt\">SMT<\/a>, <a style=\"color: #0070C0\" href=\"https:\/\/kocke-237.de\/les-mekam-tabiegaing\/chapitre-ii-interventions-ou-publications\/#reglementchap2a2.6\">AGO<\/a> ou encore les 12 heures collectives, de la dynastie \u00ab\u00a0<a style=\"color: #0070C0\" href=\"https:\/\/kocke-237.de\/les-mekam-tabiegaing\/#lg\">Les Mekam Tabiegaing<\/a>\u00a0\u00bb va de 6 \u00e0 18h00\u2019 du 7\u00e8me jour, et comporte quatre grands temps :\n        <\/p>\n        <p id=\"art5.3.5aslmt\">\n            <b>a)<\/b>\tC\u00e9r\u00e9monies de pi\u00e9t\u00e9 ;\n        <\/p>\n        <p style=\"font-size: 15px\" id=\"religions\">\n            Au d\u00e9part animiste, \u00ab\u00a0<a style=\"color: #0070C0\" href=\"https:\/\/kocke-237.de\/les-mekam-tabiegaing\/#lg\">Les Mekam Tabiegaing<\/a>\u00a0\u00bb a au fil du temps, <a style=\"color: #0070C0\" href=\"https:\/\/kocke-237.de\/les-mekam-tabiegaing\/leitmotiv\/#membre\">des \u00e9l\u00e9ments de ses composantes<\/a> qui pratiquent d\u2019autres croyances religieuses. Tenant compte de cela, dans l\u2019esprit de <a style=\"color: #0070C0\" href=\"https:\/\/kocke-237.de\/les-mekam-tabiegaing\/jkmt6-202109160654\/#texte.p6\">Mekam Tabiegaing 6<\/a>, l\u2019objet \u00ab\u00a0C\u00e9r\u00e9monies de pi\u00e9t\u00e9 divine aux lieux sacr\u00e9s, aux d\u00e9funts, et aux vivants\u00a0\u00bb est anim\u00e9 de <a style=\"color: #0070C0\" href=\"https:\/\/www.google.com\/search?q=laicit\u00e9&amp;oq=laici&amp;aqs=chrome.1.69i57j0l4.15227j0j4&amp;client=ms-android-transsion-tecno-rev1&amp;sourceid=chrome-mobile&amp;ie=UTF-8\">la\u00efcit\u00e9 en le respect de plusieurs croyances religieuses<\/a>. Les trois heures comprises entre 06 et 09h du jour de l\u2019<a style=\"color: #0070C0\" href=\"https:\/\/kocke-237.de\/les-mekam-tabiegaing\/chapitre-v-programme\/#art5.3.5slmt\">assembl\u00e9e g\u00e9n\u00e9rale ordinaire<\/a>, sont consacr\u00e9es \u00e0 la <a style=\"color: #0070C0\" href=\"https:\/\/www.google.com\/search?q=pi\u00e9t\u00e9&amp;oq=piete&amp;aqs=chrome.1.69i57j0j46j0l2.9302j1j4&amp;client=ms-android-transsion-tecno-rev1&amp;sourceid=chrome-mobile&amp;ie=UTF-8\">pi\u00e9t\u00e9 divine sous diverses formes<\/a>.\n            <br>Pour lever toute \u00e9quivoque en mati\u00e8re de croyance religieuse des \u00e9l\u00e9ments des <a style=\"color: #0070C0\" href=\"https:\/\/kocke-237.de\/les-mekam-tabiegaing\/leitmotiv\/#membre\">composantes<\/a> de \u00ab\u00a0<a style=\"color: #0070C0\" href=\"https:\/\/kocke-237.de\/les-mekam-tabiegaing\/#lg\">Les Mekam Tabiegaing<\/a>\u00ab\u00a0, chacun est libre de choisir sa croyance religieuse sauf <a style=\"color: #0070C0\" href=\"https:\/\/kocke-237.de\/les-mekam-tabiegaing\/idees-directrices\/#id-chap1-a1.1\">Mekam Tabiegaing<\/a> de son \u00e9tat de gardien de traditions ancestrales, qui doit \u00eatre animiste. En conclusion, de la force de l\u2019\u00e9volution, <a style=\"color: #0070C0\" href=\"https:\/\/kocke-237.de\/les-mekam-tabiegaing\/jkmt6-202109160654\/#texte.p6\">Mekam Tabiegaing 6<\/a> voit et accepte \u00ab\u00a0<a style=\"color: #0070C0\" href=\"https:\/\/kocke-237.de\/les-mekam-tabiegaing\/#lg\">Les Mekam Tabiegaing<\/a>\u00a0\u00bb <a style=\"color: #0070C0\" href=\"https:\/\/www.google.com\/search?q=laicit\u00e9&amp;oq=laici&amp;aqs=chrome.1.69i57j0l4.15227j0j4&amp;client=ms-android-transsion-tecno-rev1&amp;sourceid=chrome-mobile&amp;ie=UTF-8\">la\u00efque avec \u00e0 sa t\u00eate un(e) animiste<\/a>.\n        <\/p>\n        <p style=\"font-size: 15px\">\n            Si une <a style=\"color: #0070C0\" href=\"https:\/\/www.google.com\/search?q=pi\u00e9t\u00e9&amp;oq=piete&amp;aqs=chrome.1.69i57j0j46j0l2.9302j1j4&amp;client=ms-android-transsion-tecno-rev1&amp;sourceid=chrome-mobile&amp;ie=UTF-8\">c\u00e9r\u00e9monie de pi\u00e9t\u00e9 divine<\/a> peut attendre cette p\u00e9riode de l\u2019ann\u00e9e, il y a les avantages ci-dessous : <br>\n            <\/p><ul>\n                <li>Profiter du m\u00eame jour de l\u2019<a style=\"color: #0070C0\" href=\"#art5.3.5slmt\">assembl\u00e9e g\u00e9n\u00e9rale ordinaire<\/a> pour la faire ;<\/li>\n                <li>La faire parmi un maximum de siens et en attention du maximum d\u2019absents.<\/li>\n            <\/ul>\n        <p><\/p>\n        <p style=\"font-size: 15px\">\n            Transversalement de tout ce qui vient de se dire pour les croyances religieuses, tous les efforts favorisant la cohabitation pacifique sont \u00e0 faire.\n        <\/p>\n        <p>\n            <b id=\"art5.3.5bslmt\">b)<\/b>\tDe 09 \u00e0 13h00\u2019 discussion sur les points inscrits \u00e0 l\u2019ordre du jour ; <br>\n            <b id=\"art5.3.5cslmt\">c)<\/b>\tDe 13 \u00e0 14h00\u2019 d\u00e9jeuner offert aux \u00e9l\u00e9ments des <a style=\"color: #0070C0\" href=\"https:\/\/kocke-237.de\/les-mekam-tabiegaing\/leitmotiv\/#membre\">composantes<\/a>, par la personne morale \u00ab\u00a0<a style=\"color: #0070C0\" href=\"https:\/\/kocke-237.de\/les-mekam-tabiegaing\/#lg\">les Mekam Tabiegaing<\/a>\u00a0\u00bb ; <br>\n            <b id=\"art5.3.5dslmt\">d)<\/b>\tDe 14 \u00e0 18h00\u2019 validations. Toute validation de l\u2019<a style=\"color: #0070C0\" href=\"https:\/\/kocke-237.de\/les-mekam-tabiegaing\/chapitre-ii-interventions-ou-publications\/#reglementchap2a2.6\">AG<\/a> engage tous les \u00e9l\u00e9ments des <a style=\"color: #0070C0\" href=\"https:\/\/kocke-237.de\/les-mekam-tabiegaing\/leitmotiv\/#membre\">composantes<\/a> de \u00ab\u00a0<a style=\"color: #0070C0\" href=\"https:\/\/kocke-237.de\/les-mekam-tabiegaing\/#lg\">Les Mekam Tabiegaing<\/a>\u00a0\u00bb et constitue force de loi non\u2019 ignor\u00e9e de personne.\n        <\/p>\n        <p id=\"art5.3.6slmt\">\n        <b>Article 5.3.6<\/b> La joie d\u2019exister, l\u00e9gitime aux vivants, se mat\u00e9rialise par des activit\u00e9s ludiques : distractions et loisirs, organis\u00e9s en <a style=\"color: #0070C0\" href=\"https:\/\/kocke-237.de\/les-mekam-tabiegaing\/smt\/#art1slmt\">SMT<\/a>, par la personne morale \u00ab\u00a0<a style=\"color: #0070C0\" href=\"https:\/\/kocke-237.de\/les-mekam-tabiegaing\/#lg\">Les Mekam Tabiegaing<\/a>\u00a0\u00bb de 20h00\u2019 du 7\u00e8me jour au 8\u00e8me jour \u00e0 08h00\u2019.\n        <\/p>\n        <p id=\"art5.3.7slmt\">\n            <b>Article 5.3.7<\/b> en <a style=\"color: #0070C0\" href=\"https:\/\/kocke-237.de\/les-mekam-tabiegaing\/smt\/#art1slmt\">SMT<\/a>, une s\u00e9ance de b\u00e9n\u00e9diction des \u00e9l\u00e9ments des <a style=\"color: #0070C0\" href=\"https:\/\/kocke-237.de\/les-mekam-tabiegaing\/leitmotiv\/#membre\">composantes<\/a> de \u00ab\u00a0<a style=\"color: #0070C0\" href=\"https:\/\/kocke-237.de\/les-mekam-tabiegaing\/#lg\">Les Mekam Tabiegaing<\/a>\u00a0\u00bb est tenue de 08 \u00e0 12h00\u2019 du 8\u00e8me jour.\n        <\/p>\n        <p id=\"art5.3.8slmt\">\n            <b>Article 5.3.8<\/b> De 12h00\u2019 \u00e0 la fin du 8\u00e8me jour de la <a style=\"color: #0070C0\" href=\"https:\/\/kocke-237.de\/les-mekam-tabiegaing\/smt\/#art1slmt\">SMT<\/a>, les manifestations et discours de cl\u00f4ture.\n        <\/p>\n    <\/div>\n<\/section>\n<div style=\"text-align: center\">\n    <a href=\"https:\/\/kocke-237.de\/les-mekam-tabiegaing\/smt\/#bouton\"><img decoding=\"async\" src=\"http:\/\/kocke-237.de\/concertation\/wp-content\/uploads\/sites\/6\/2023\/08\/icons-retour.png\" alt=\"\"><\/a>\n<\/div>\n","protected":false},"excerpt":{"rendered":"<p>Chapitre V Programme Article 5.1 Sous-tendu par la responsabilit\u00e9 individuelle de l\u2019\u00e9l\u00e9ment des composantes, et de tous ses droits d\u2019agir ou pas, le programme de la SMT est dans l\u2019esprit d\u2019appel \u00e0 tous, pour que d\u2019aucune mani\u00e8re, personne ne soit l\u00e9s\u00e9e : observation de la libert\u00e9 et de la transparence de son esquisse \u00e0 sa mouture finale. Article 5.2 Les points du programme sont pour l\u2019inscription, du ressort des \u00e9l\u00e9ments des composantes qui individuellement ou en groupe, via l\u2019espace t\u00e9l\u00e9matique d\u00e9nomm\u00e9 \u00ab\u00a0Les Mekam Tabiegaing\u00ab\u00a0, les transmettent \u00e0 l\u2019appr\u00e9ciation de tous. Le BPG-MT au fur et \u00e0 mesure de r\u00e9ceptions des &hellip; <\/p>\n","protected":false},"author":4,"featured_media":0,"parent":0,"menu_order":0,"comment_status":"closed","ping_status":"closed","template":"","meta":{"_kadence_starter_templates_imported_post":false,"footnotes":""},"_links":{"self":[{"href":"https:\/\/kocke-237.de\/les-mekam-tabiegaing\/wp-json\/wp\/v2\/pages\/901"}],"collection":[{"href":"https:\/\/kocke-237.de\/les-mekam-tabiegaing\/wp-json\/wp\/v2\/pages"}],"about":[{"href":"https:\/\/kocke-237.de\/les-mekam-tabiegaing\/wp-json\/wp\/v2\/types\/page"}],"author":[{"embeddable":true,"href":"https:\/\/kocke-237.de\/les-mekam-tabiegaing\/wp-json\/wp\/v2\/users\/4"}],"replies":[{"embeddable":true,"href":"https:\/\/kocke-237.de\/les-mekam-tabiegaing\/wp-json\/wp\/v2\/comments?post=901"}],"version-history":[{"count":3,"href":"https:\/\/kocke-237.de\/les-mekam-tabiegaing\/wp-json\/wp\/v2\/pages\/901\/revisions"}],"predecessor-version":[{"id":992,"href":"https:\/\/kocke-237.de\/les-mekam-tabiegaing\/wp-json\/wp\/v2\/pages\/901\/revisions\/992"}],"wp:attachment":[{"href":"https:\/\/kocke-237.de\/les-mekam-tabiegaing\/wp-json\/wp\/v2\/media?parent=901"}],"curies":[{"name":"wp","href":"https:\/\/api.w.org\/{rel}","templated":true}]}}