{"id":909,"date":"2023-08-27T10:37:26","date_gmt":"2023-08-27T08:37:26","guid":{"rendered":"https:\/\/kocke-237.de\/les-mekam-tabiegaing\/?page_id=909"},"modified":"2023-09-08T04:45:56","modified_gmt":"2023-09-08T02:45:56","slug":"chapitre-vii-validite","status":"publish","type":"page","link":"https:\/\/kocke-237.de\/les-mekam-tabiegaing\/chapitre-vii-validite\/","title":{"rendered":"Chapitre VII Validit\u00e9"},"content":{"rendered":"\n<section>\n    <div style=\"background-color: #FDE9D9\" id=\"slmtchap7\">\n        <h3 style=\"text-align: center\">Chapitre VII Validit\u00e9<\/h3>\n        <p id=\"art7slmt\">\n            <b>Article 7<\/b> La validation des \u00e9l\u00e9ments soulev\u00e9s pendant la <a style=\"color: #0070C0\" href=\"https:\/\/kocke-237.de\/les-mekam-tabiegaing\/smt\/#art1slmt\">SMT<\/a> est encadr\u00e9e par <a style=\"color: #0070C0\" href=\"https:\/\/kocke-237.de\/les-mekam-tabiegaing\/charte\/#charte\">la charte<\/a> communication en \u00ab\u00a0<a style=\"color: #0070C0\" href=\"https:\/\/kocke-237.de\/les-mekam-tabiegaing\/#lg\">Les Mekam Tabiegaing<\/a>\u00ab\u00a0.\n        <\/p>\n    <\/div>\n<\/section>\n<div style=\"text-align: center\">\n    <a href=\"https:\/\/kocke-237.de\/les-mekam-tabiegaing\/smt\/#bouton\"><img decoding=\"async\" src=\"http:\/\/kocke-237.de\/concertation\/wp-content\/uploads\/sites\/6\/2023\/08\/icons-retour.png\" alt=\"\"><\/a>\n<\/div>\n","protected":false},"excerpt":{"rendered":"<p>Chapitre VII Validit\u00e9 Article 7 La validation des \u00e9l\u00e9ments soulev\u00e9s pendant la SMT est encadr\u00e9e par la charte communication en \u00ab\u00a0Les Mekam Tabiegaing\u00ab\u00a0.<\/p>\n","protected":false},"author":4,"featured_media":0,"parent":0,"menu_order":0,"comment_status":"closed","ping_status":"closed","template":"","meta":{"_kadence_starter_templates_imported_post":false,"footnotes":""},"_links":{"self":[{"href":"https:\/\/kocke-237.de\/les-mekam-tabiegaing\/wp-json\/wp\/v2\/pages\/909"}],"collection":[{"href":"https:\/\/kocke-237.de\/les-mekam-tabiegaing\/wp-json\/wp\/v2\/pages"}],"about":[{"href":"https:\/\/kocke-237.de\/les-mekam-tabiegaing\/wp-json\/wp\/v2\/types\/page"}],"author":[{"embeddable":true,"href":"https:\/\/kocke-237.de\/les-mekam-tabiegaing\/wp-json\/wp\/v2\/users\/4"}],"replies":[{"embeddable":true,"href":"https:\/\/kocke-237.de\/les-mekam-tabiegaing\/wp-json\/wp\/v2\/comments?post=909"}],"version-history":[{"count":4,"href":"https:\/\/kocke-237.de\/les-mekam-tabiegaing\/wp-json\/wp\/v2\/pages\/909\/revisions"}],"predecessor-version":[{"id":997,"href":"https:\/\/kocke-237.de\/les-mekam-tabiegaing\/wp-json\/wp\/v2\/pages\/909\/revisions\/997"}],"wp:attachment":[{"href":"https:\/\/kocke-237.de\/les-mekam-tabiegaing\/wp-json\/wp\/v2\/media?parent=909"}],"curies":[{"name":"wp","href":"https:\/\/api.w.org\/{rel}","templated":true}]}}