{"id":912,"date":"2023-08-27T10:39:43","date_gmt":"2023-08-27T08:39:43","guid":{"rendered":"https:\/\/kocke-237.de\/les-mekam-tabiegaing\/?page_id=912"},"modified":"2023-09-08T04:45:10","modified_gmt":"2023-09-08T02:45:10","slug":"calendriers","status":"publish","type":"page","link":"https:\/\/kocke-237.de\/les-mekam-tabiegaing\/calendriers\/","title":{"rendered":"Calendriers"},"content":{"rendered":"\n<section>\n    <div>\n        <p>\n            <div id=\"calendrier.p\" style=\"text-align: center;font-size: 20px;background-color: #0ef417;font-size: 16px\">\n                <b style=\"color: white\">PLANIFICATION DE<\/b> <b style=\"color: red\">DATES DES <a style=\"color: red\" href=\"https:\/\/kocke-237.de\/les-mekam-tabiegaing\/smt\/#semaine\">SEMAINES<\/a><\/b> <b style=\"color: blue\"><a style=\"color: blue\" href=\"https:\/\/kocke-237.de\/les-mekam-tabiegaing\/#lg\">MEKAM TABIEGAING<\/a><\/b>\n            <\/div>\n            <div id=\"calendrier.i\" style=\"color: yellow;background-color: #0070C0;font-weight: bold;font-size: 12px\">\n                Id\u00e9es de <a style=\"color: yellow\" href=\"https:\/\/kocke-237.de\/les-mekam-tabiegaing\/cv\/#Cv\"> Jean KOUAM, <a style=\"color: yellow\" href=\"https:\/\/kocke-237.de\/les-mekam-tabiegaing\/idees-directrices\/#id-chap1-a1.1\"> Mekam Tabiegaing<\/a> <a style=\"color: yellow\" href=\"https:\/\/kocke-237.de\/les-mekam-tabiegaing\/jkmt6-202109160654\/#texte.p6\">6<\/a>, la <a style=\"color: yellow\" href=\"https:\/\/kocke-237.de\/les-mekam-tabiegaing\/smt\/#semaine\">Semaine Mekam Tabiegaing<\/a> a \u00e9t\u00e9 propos\u00e9e en la s\u00e9ance de l\u2019<a style=\"color: yellow\" href=\"https:\/\/kocke-237.de\/les-mekam-tabiegaing\/chapitre-ii-interventions-ou-publications\/#reglementchap2a2.6\">assembl\u00e9e g\u00e9n\u00e9rale<\/a> ordinaire du 17 ao\u00fbt 1997, et adopt\u00e9e ce m\u00eame jour pour aller du deuxi\u00e8me au troisi\u00e8me dimanche du mois d\u2019ao\u00fbt de chaque ann\u00e9e \u00e0 compter de l\u2019ann\u00e9e 1998.\n            <\/div>\n            <div style=\"text-align: center\" id=\"calendrier\">\n                <img decoding=\"async\" src=\"http:\/\/kocke-237.de\/les-mekam-tabiegaing\/wp-content\/uploads\/sites\/5\/2023\/07\/Calendrier-SMT.png\" alt=\"\">\n            <\/div>\n        <\/p>\n        \n    <\/div>\n<\/section>\n<div style=\"text-align: center\">\n    <a href=\"https:\/\/kocke-237.de\/les-mekam-tabiegaing\/smt\/#bouton\"><img decoding=\"async\" src=\"http:\/\/kocke-237.de\/concertation\/wp-content\/uploads\/sites\/6\/2023\/08\/icons-retour.png\" alt=\"\"><\/a>\n<\/div>\n","protected":false},"excerpt":{"rendered":"<p>PLANIFICATION DE DATES DES SEMAINES MEKAM TABIEGAING Id\u00e9es de Jean KOUAM, Mekam Tabiegaing 6, la Semaine Mekam Tabiegaing a \u00e9t\u00e9 propos\u00e9e en la s\u00e9ance de l\u2019assembl\u00e9e g\u00e9n\u00e9rale ordinaire du 17 ao\u00fbt 1997, et adopt\u00e9e ce m\u00eame jour pour aller du deuxi\u00e8me au troisi\u00e8me dimanche du mois d\u2019ao\u00fbt de chaque ann\u00e9e \u00e0 compter de l\u2019ann\u00e9e 1998.<\/p>\n","protected":false},"author":4,"featured_media":0,"parent":0,"menu_order":0,"comment_status":"closed","ping_status":"closed","template":"","meta":{"_kadence_starter_templates_imported_post":false,"footnotes":""},"_links":{"self":[{"href":"https:\/\/kocke-237.de\/les-mekam-tabiegaing\/wp-json\/wp\/v2\/pages\/912"}],"collection":[{"href":"https:\/\/kocke-237.de\/les-mekam-tabiegaing\/wp-json\/wp\/v2\/pages"}],"about":[{"href":"https:\/\/kocke-237.de\/les-mekam-tabiegaing\/wp-json\/wp\/v2\/types\/page"}],"author":[{"embeddable":true,"href":"https:\/\/kocke-237.de\/les-mekam-tabiegaing\/wp-json\/wp\/v2\/users\/4"}],"replies":[{"embeddable":true,"href":"https:\/\/kocke-237.de\/les-mekam-tabiegaing\/wp-json\/wp\/v2\/comments?post=912"}],"version-history":[{"count":4,"href":"https:\/\/kocke-237.de\/les-mekam-tabiegaing\/wp-json\/wp\/v2\/pages\/912\/revisions"}],"predecessor-version":[{"id":996,"href":"https:\/\/kocke-237.de\/les-mekam-tabiegaing\/wp-json\/wp\/v2\/pages\/912\/revisions\/996"}],"wp:attachment":[{"href":"https:\/\/kocke-237.de\/les-mekam-tabiegaing\/wp-json\/wp\/v2\/media?parent=912"}],"curies":[{"name":"wp","href":"https:\/\/api.w.org\/{rel}","templated":true}]}}