{"id":916,"date":"2023-08-27T10:42:38","date_gmt":"2023-08-27T08:42:38","guid":{"rendered":"https:\/\/kocke-237.de\/les-mekam-tabiegaing\/?page_id=916"},"modified":"2023-09-08T03:59:17","modified_gmt":"2023-09-08T01:59:17","slug":"smt","status":"publish","type":"page","link":"https:\/\/kocke-237.de\/les-mekam-tabiegaing\/smt\/","title":{"rendered":"SMT"},"content":{"rendered":"\n<section>\n    <div id=\"semaine\" style=\"color: #0070C0\">\n        <div style=\"text-align: center;font-size: 16px;background-color: #0070C0;color: white\">\n            <h2 style=\"font-size: 18px\">SEMAINE DE \u00ab\u00a0<a style=\"color: white\" href=\"https:\/\/kocke-237.de\/les-mekam-tabiegaing\/#lg\">LES MEKAM TABIEGAING<\/a>\u00ab\u00a0<\/h2>\n        <\/div><br>\n        <div id=\"bouton\" style=\"text-align: center\">\n            <div>\n                <a href=\"#slmtchap1\"><button style=\"border-radius: 15px;background-color: yellow;color: blue;font-weight: bold;font-size: 17px\">D\u00e9nomination<\/button><\/a>\n                <a href=\"https:\/\/kocke-237.de\/les-mekam-tabiegaing\/chapitre-ii-historique\/#slmtchap2\"><button style=\"border-radius: 15px;background-color: #FDE9D9;color: blue;font-weight: bold;font-size: 17px\">Historique<\/button><\/a>\n                <a href=\"https:\/\/kocke-237.de\/les-mekam-tabiegaing\/chapitre-iii-objectif-2\/#slmtchap3\"><button style=\"border-radius: 15px;background-color: yellow;color: blue;font-weight: bold;font-size: 17px\">Objectif<\/button><\/a>\n            <\/div>\n            <div>\n                <a href=\"https:\/\/kocke-237.de\/les-mekam-tabiegaing\/chapitre-iv-accueil\/#slmtchap4\"><button style=\"border-radius: 15px;background-color: #FDE9D9;color: blue;font-weight: bold;font-size: 17px\">Accueil<\/button><\/a>\n                <a href=\"https:\/\/kocke-237.de\/les-mekam-tabiegaing\/chapitre-v-programme\/#slmtchap5\"><button style=\"border-radius: 15px;background-color: yellow;color: blue;font-weight: bold;font-size: 17px\">Programme<\/button><\/a>\n                <a href=\"https:\/\/kocke-237.de\/les-mekam-tabiegaing\/chapitre-vi-financement\/#slmtchap6\"><button style=\"border-radius: 15px;background-color: #FDE9D9;color: blue;font-weight: bold;font-size: 17px\">Financement<\/button><\/a>\n            <\/div>\n            <div>\n                <a href=\"https:\/\/kocke-237.de\/les-mekam-tabiegaing\/chapitre-vii-validite\/#slmtchap7\"><button style=\"border-radius: 15px;background-color: yellow;color: blue;font-weight: bold;font-size: 17px\">Validit\u00e9<\/button><\/a>\n                <a href=\"https:\/\/kocke-237.de\/les-mekam-tabiegaing\/calendriers\/#calendrier.p\"><button style=\"border-radius: 15px;background-color: #FDE9D9;color: blue;font-weight: bold;font-size: 17px\">Calendriers<\/button><\/a>\n            <\/div>\n        <\/div><br>\n        <div style=\"background-color: #FDE9D9\" id=\"slmtchap1\">\n            <h3 id=\"slmtchap1\" style=\"text-align: center\">Chapitre I D\u00e9nomination<\/h3>\n            <p id=\"art1slmt\">\n                <b>Article 1<\/b> Sous la d\u00e9nomination Semaine Mekam Tabiegaing (SMT), et dans un climat de kermesse, <a style=\"color: #0070C0\" href=\"https:\/\/kocke-237.de\/les-mekam-tabiegaing\/calendriers\/#calendrier.p\">en huit jours cons\u00e9cutifs chaque ann\u00e9e<\/a>, une occasion est donn\u00e9e aux <a style=\"color: #0070C0\" href=\"https:\/\/kocke-237.de\/les-mekam-tabiegaing\/leitmotiv\/#membre\">composantes<\/a> de \u00ab\u00a0<a style=\"color: #0070C0\" href=\"https:\/\/kocke-237.de\/les-mekam-tabiegaing\/#lg\">Les Mekam Tabiegaing<\/a>\u00ab\u00a0, de se conna\u00eetre, de discuter, et de valider.\n            <\/p>\n            <p id=\"art1.1slmt\">\n                <b>Article 1.1<\/b> : Au vu d\u2019une part de la mondialisation qui, essaime les personnes \u00e0 de grandes distances et d\u2019autre part des agendas diff\u00e9rents, <a style=\"color: #0070C0\" href=\"https:\/\/kocke-237.de\/les-mekam-tabiegaing\/smt\/#art1slmt\">SMT<\/a> pilot\u00e9e du si\u00e8ge social de \u00ab\u00a0<a style=\"color: #0070C0\" href=\"https:\/\/kocke-237.de\/les-mekam-tabiegaing\/#lg\">Les Mekam Tabiegaing<\/a>\u00ab\u00a0, prend en compte \u00e0 <a style=\"color: #0070C0\" href=\"https:\/\/www.google.com\/search?q=telecommunication&amp;oq=telecomm&amp;aqs=chrome.3.69i57j0l4.22630j0j4&amp;client=ms-android-transsion-tecno-rev1&amp;sourceid=chrome-mobile&amp;ie=UTF-8\">travers les t\u00e9l\u00e9coms<\/a>, tout intervenant (selon d\u00e9sirs intervenants, en individu ou groupe)  p\u00e9riph\u00e9rique.\n            <\/p>\n        <\/div>\n    <\/div>\n<\/section>\n<div style=\"text-align: center\">\n    <a href=\"https:\/\/kocke-237.de\/les-mekam-tabiegaing\/nos-textes\/#sommaire\"><img decoding=\"async\" src=\"http:\/\/kocke-237.de\/concertation\/wp-content\/uploads\/sites\/6\/2023\/08\/icons-retour.png\" alt=\"\"><\/a>\n<\/div>\n","protected":false},"excerpt":{"rendered":"<p>SEMAINE DE \u00ab\u00a0LES MEKAM TABIEGAING\u00ab\u00a0 D\u00e9nomination Historique Objectif Accueil Programme Financement Validit\u00e9 Calendriers Chapitre I D\u00e9nomination Article 1 Sous la d\u00e9nomination Semaine Mekam Tabiegaing (SMT), et dans un climat de kermesse, en huit jours cons\u00e9cutifs chaque ann\u00e9e, une occasion est donn\u00e9e aux composantes de \u00ab\u00a0Les Mekam Tabiegaing\u00ab\u00a0, de se conna\u00eetre, de discuter, et de valider. Article 1.1 : Au vu d\u2019une part de la mondialisation qui, essaime les personnes \u00e0 de grandes distances et d\u2019autre part des agendas diff\u00e9rents, SMT pilot\u00e9e du si\u00e8ge social de \u00ab\u00a0Les Mekam Tabiegaing\u00ab\u00a0, prend en compte \u00e0 travers les t\u00e9l\u00e9coms, tout intervenant (selon d\u00e9sirs intervenants, &hellip; <\/p>\n","protected":false},"author":4,"featured_media":0,"parent":0,"menu_order":0,"comment_status":"closed","ping_status":"closed","template":"","meta":{"_kadence_starter_templates_imported_post":false,"footnotes":""},"_links":{"self":[{"href":"https:\/\/kocke-237.de\/les-mekam-tabiegaing\/wp-json\/wp\/v2\/pages\/916"}],"collection":[{"href":"https:\/\/kocke-237.de\/les-mekam-tabiegaing\/wp-json\/wp\/v2\/pages"}],"about":[{"href":"https:\/\/kocke-237.de\/les-mekam-tabiegaing\/wp-json\/wp\/v2\/types\/page"}],"author":[{"embeddable":true,"href":"https:\/\/kocke-237.de\/les-mekam-tabiegaing\/wp-json\/wp\/v2\/users\/4"}],"replies":[{"embeddable":true,"href":"https:\/\/kocke-237.de\/les-mekam-tabiegaing\/wp-json\/wp\/v2\/comments?post=916"}],"version-history":[{"count":3,"href":"https:\/\/kocke-237.de\/les-mekam-tabiegaing\/wp-json\/wp\/v2\/pages\/916\/revisions"}],"predecessor-version":[{"id":988,"href":"https:\/\/kocke-237.de\/les-mekam-tabiegaing\/wp-json\/wp\/v2\/pages\/916\/revisions\/988"}],"wp:attachment":[{"href":"https:\/\/kocke-237.de\/les-mekam-tabiegaing\/wp-json\/wp\/v2\/media?parent=916"}],"curies":[{"name":"wp","href":"https:\/\/api.w.org\/{rel}","templated":true}]}}