{"id":924,"date":"2023-08-27T11:00:37","date_gmt":"2023-08-27T09:00:37","guid":{"rendered":"https:\/\/kocke-237.de\/les-mekam-tabiegaing\/?page_id=924"},"modified":"2023-09-08T05:11:14","modified_gmt":"2023-09-08T03:11:14","slug":"chapitre-iii-tmt-et-jomt","status":"publish","type":"page","link":"https:\/\/kocke-237.de\/les-mekam-tabiegaing\/chapitre-iii-tmt-et-jomt\/","title":{"rendered":"Chapitre III : TMT et JOMT"},"content":{"rendered":"\n<section>\n        <h3 id=\"reglementchap3\" style=\"text-align: center\">Chapitre III : TMT et JOMT<\/h3>\n            <p id=\"reglementchap3a3.1\">\n                <b>Article 3.1<\/b> : Par les journaux TMT et JOMT, chaque <a style=\"color: #0070C0\" href=\"https:\/\/kocke-237.de\/les-mekam-tabiegaing\/leitmotiv\/#membre\">Membre<\/a> de \u00ab\u00a0<a style=\"color: #0070C0\" href=\"https:\/\/kocke-237.de\/les-mekam-tabiegaing\/#lg\">Les Mekam Tabiegaing<\/a>\u00ab\u00a0, est interpell\u00e9 pour que l\u2019information en toute aise soit produite ; distribu\u00e9e ; et consomm\u00e9e.\n            <\/p>\n\n            <p id=\"reglementchap3a3.2\">\n                <b>Article 3.2<\/b> : Via les forums t\u00e9l\u00e9matiques, TMT est g\u00e9r\u00e9 par le <a style=\"color: #0070C0\" href=\"https:\/\/kocke-237.de\/les-mekam-tabiegaing\/reglement\/#reglementchap1a1.1\">BPG-MT<\/a>. Les d\u00e9bats pour aboutir aux publications du JOMT, sont faits en l\u2019espace intitul\u00e9 \u00ab\u00a0BPG Les Mekam Tabiegaing\u00a0\u00bb. Les publications du JOMT, partent de l\u2019adresse de <a style=\"color: #0070C0\" href=\"#id-chap1-a1.1\">Mekam Tabiegaing<\/a>. Face \u00e0 une quelconque pr\u00e9occupation, tout \u00e9l\u00e9ment des <a style=\"color: #0070C0\" href=\"https:\/\/kocke-237.de\/les-mekam-tabiegaing\/leitmotiv\/#membre\">composantes<\/a> ou groupe d\u2019\u00e9l\u00e9ments, est libre de s\u2019exprimer sur les espaces TMT.\n            <\/p>\n\n            <p id=\"reglementchap3a3.3\">\n                <b>Article 3.3<\/b> : Tout \u00e9l\u00e9ment ou groupe d\u2019\u00e9l\u00e9ments des <a style=\"color: #0070C0\" href=\"https:\/\/kocke-237.de\/les-mekam-tabiegaing\/leitmotiv\/#membre\">composantes<\/a> de \u00ab\u00a0<a style=\"color: #0070C0\" href=\"https:\/\/kocke-237.de\/les-mekam-tabiegaing\/#lg\">Les Mekam Tabiegaing<\/a>\u00ab\u00a0, est libre de cr\u00e9er, des espaces pour des \u00e9changes sp\u00e9cifiques. Entre autres, ces espaces sont efficaces pour mobiliser, en vue des quotas n\u00e9cessaires aux validations ou remises en cause ; si non, tout au moins pour pr\u00e9parer \u00e0 les obtenir ais\u00e9ment.\n            <\/p>\n\n<\/section>\n<div style=\"text-align: center\">\n    <a href=\"https:\/\/kocke-237.de\/les-mekam-tabiegaing\/reglement\/#bouton\"><img decoding=\"async\" src=\"http:\/\/kocke-237.de\/concertation\/wp-content\/uploads\/sites\/6\/2023\/08\/icons-retour.png\" alt=\"\"><\/a>\n<\/div>\n","protected":false},"excerpt":{"rendered":"<p>Chapitre III : TMT et JOMT Article 3.1 : Par les journaux TMT et JOMT, chaque Membre de \u00ab\u00a0Les Mekam Tabiegaing\u00ab\u00a0, est interpell\u00e9 pour que l\u2019information en toute aise soit produite ; distribu\u00e9e ; et consomm\u00e9e. Article 3.2 : Via les forums t\u00e9l\u00e9matiques, TMT est g\u00e9r\u00e9 par le BPG-MT. Les d\u00e9bats pour aboutir aux publications du JOMT, sont faits en l\u2019espace intitul\u00e9 \u00ab\u00a0BPG Les Mekam Tabiegaing\u00a0\u00bb. Les publications du JOMT, partent de l\u2019adresse de Mekam Tabiegaing. Face \u00e0 une quelconque pr\u00e9occupation, tout \u00e9l\u00e9ment des composantes ou groupe d\u2019\u00e9l\u00e9ments, est libre de s\u2019exprimer sur les espaces TMT. Article 3.3 : Tout &hellip; <\/p>\n","protected":false},"author":4,"featured_media":0,"parent":0,"menu_order":0,"comment_status":"closed","ping_status":"closed","template":"","meta":{"_kadence_starter_templates_imported_post":false,"footnotes":""},"_links":{"self":[{"href":"https:\/\/kocke-237.de\/les-mekam-tabiegaing\/wp-json\/wp\/v2\/pages\/924"}],"collection":[{"href":"https:\/\/kocke-237.de\/les-mekam-tabiegaing\/wp-json\/wp\/v2\/pages"}],"about":[{"href":"https:\/\/kocke-237.de\/les-mekam-tabiegaing\/wp-json\/wp\/v2\/types\/page"}],"author":[{"embeddable":true,"href":"https:\/\/kocke-237.de\/les-mekam-tabiegaing\/wp-json\/wp\/v2\/users\/4"}],"replies":[{"embeddable":true,"href":"https:\/\/kocke-237.de\/les-mekam-tabiegaing\/wp-json\/wp\/v2\/comments?post=924"}],"version-history":[{"count":3,"href":"https:\/\/kocke-237.de\/les-mekam-tabiegaing\/wp-json\/wp\/v2\/pages\/924\/revisions"}],"predecessor-version":[{"id":1000,"href":"https:\/\/kocke-237.de\/les-mekam-tabiegaing\/wp-json\/wp\/v2\/pages\/924\/revisions\/1000"}],"wp:attachment":[{"href":"https:\/\/kocke-237.de\/les-mekam-tabiegaing\/wp-json\/wp\/v2\/media?parent=924"}],"curies":[{"name":"wp","href":"https:\/\/api.w.org\/{rel}","templated":true}]}}