{"id":928,"date":"2023-08-27T11:02:05","date_gmt":"2023-08-27T09:02:05","guid":{"rendered":"https:\/\/kocke-237.de\/les-mekam-tabiegaing\/?page_id=928"},"modified":"2023-09-08T05:19:53","modified_gmt":"2023-09-08T03:19:53","slug":"chapitre-iv-le-numerique-et-la-voie-electronique","status":"publish","type":"page","link":"https:\/\/kocke-237.de\/les-mekam-tabiegaing\/chapitre-iv-le-numerique-et-la-voie-electronique\/","title":{"rendered":"Chapitre IV : Le num\u00e9rique et la voie \u00e9lectronique"},"content":{"rendered":"\n<section>\n        <h3 id=\"reglementchap4\" style=\"text-align: center\">Chapitre IV : Le num\u00e9rique et la voie \u00e9lectronique<\/h3>\n            <p id=\"reglementchap4a4.1\">\n                <b>Article 4.1<\/b> : Aussi bien dans <a style=\"color: #0070C0\" href=\"https:\/\/kocke-237.de\/les-mekam-tabiegaing\/chapitre-ii-interventions-ou-publications\/#reglementchap2a2.1\">la production ; la distribution ; que la consommation des informations<\/a>, le <a style=\"color: #0070C0\" href=\"https:\/\/kocke-237.de\/les-mekam-tabiegaing\/chapitre-iv-le-numerique-et-la-voie-electronique\/#reglementchap4a4.2\">num\u00e9rique et la voie \u00e9lectronique<\/a>, sont \u00e0 nos jours plus indiqu\u00e9s : sans tenir compte de distances et de lieux, ils rendent \u00ab voisins \u00bb, ceux qui le souhaitent. Le <a style=\"color: #0070C0\" href=\"https:\/\/kocke-237.de\/les-mekam-tabiegaing\/reglement\/#reglementchap1a1.1\">BPG-MT<\/a> encourage chaque \u00e9l\u00e9ment des <a style=\"color: #0070C0\" href=\"https:\/\/kocke-237.de\/les-mekam-tabiegaing\/leitmotiv\/#membre\">composantes<\/a> \u00ab\u00a0<a style=\"color: #0070C0\" href=\"https:\/\/kocke-237.de\/les-mekam-tabiegaing\/#lg\">Les Mekam Tabiegaing<\/a>\u00a0\u00bb qui peut, \u00e0 se mettre au num\u00e9rique et forums t\u00e9l\u00e9matiques.\n            <\/p>                \n            \n            <p id=\"reglementchap4a4.2\">\n                <b>Article 4.2<\/b> : Les adresses doivent \u00eatre communiqu\u00e9es au <a style=\"color: #0070C0\" href=\"https:\/\/kocke-237.de\/les-mekam-tabiegaing\/reglement\/#reglementchap1a1.1\">BPG-MT<\/a>, aux fins d\u2019\u00eatre prises en compte, pour d\u2019<a style=\"color: #0070C0\" href=\"https:\/\/kocke-237.de\/les-mekam-tabiegaing\/chapitre-iv-le-numerique-et-la-voie-electronique\/#reglementchap4a4.1\">\u00e9changes en groupes par voie \u00e9lectronique<\/a>. Le <a style=\"color: #0070C0\" href=\"https:\/\/kocke-237.de\/les-mekam-tabiegaing\/reglement\/#reglementchap1a1.1\">BPG-MT<\/a> n\u2019est lui-m\u00eame, que par la voie \u00e9lectronique, via laquelle ses Membres communiquent : sans du tout \u00eatre oblig\u00e9s de se d\u00e9placer, tout en restant \u00ab 7\/7 jours en 24\/24 heures ensemble \u00bb, d\u2019o\u00f9 \u00e9conomie de r\u00e9unions physiques.\n            <\/p>\n\n            <p id=\"reglementchap4a4.3\">\n                <b>Article 4.3<\/b> : <a style=\"color: #0070C0\" href=\"https:\/\/kocke-237.de\/les-mekam-tabiegaing\/chapitre-iv-le-numerique-et-la-voie-electronique\/#reglementchap4a4.2\">La voie \u00e9lectronique<\/a> en effet, permet via <a style=\"color: #0070C0\" href=\"https:\/\/kocke-237.de\/les-mekam-tabiegaing\/tds\/#p1\">supports<\/a> qu\u2019elle v\u00e9hicule, de confondre les <a style=\"color: #0070C0\" href=\"https:\/\/www.google.com\/search?q=obscurantistes+signification&amp;oq=obscurantistes&amp;aqs=chrome.4.69i57j0l4.64089j1j4&amp;client=ms-android-transsion-tecno-rev1&amp;sourceid=chrome-mobile&amp;ie=UTF-8\">obscurantistes<\/a>, de <a style=\"color: #0070C0\" href=\"https:\/\/kocke-237.de\/les-mekam-tabiegaing\/tds\/#p2\">transparence<\/a> et de <a style=\"color: #0070C0\" href=\"https:\/\/kocke-237.de\/les-mekam-tabiegaing\/tds\/#p7c\">d\u00e9mocratie<\/a> :\n            <\/p>\n\n            <p>\n                <\/p><ol>\n                    <li id=\"reglementchap4a4.3.1\"><a style=\"color: #0070C0\" href=\"https:\/\/kocke-237.de\/les-mekam-tabiegaing\/chapitre-iv-le-numerique-et-la-voie-electronique\/#reglementchap4a4.1\">\u00c0 diff\u00e9rents endroits et, en m\u00eame temps<\/a>, l\u2019information est diffus\u00e9e ;<\/li>\n                    <li id=\"reglementchap4a4.3.2\"><a style=\"color: #0070C0\" href=\"https:\/\/kocke-237.de\/les-mekam-tabiegaing\/chapitre-ii-interventions-ou-publications\/#reglementchap2a2.5\">Les paternit\u00e9s des id\u00e9es<\/a>, sont ais\u00e9ment v\u00e9rifiables ;<\/li>\n                    <li id=\"reglementchap4a4.3.3\">Parall\u00e8lement au <a style=\"color: #0070C0\" href=\"https:\/\/kocke-237.de\/les-mekam-tabiegaing\/reglement\/#reglementchap1a1.1\">BPG-MT<\/a>, tout \u00e9l\u00e9ment des <a style=\"color: #0070C0\" href=\"https:\/\/kocke-237.de\/les-mekam-tabiegaing\/leitmotiv\/#membre\">composantes<\/a> ou groupe d\u2019\u00e9l\u00e9ments, a le droit de dire ce qu\u2019il pense. Toutefois, observer la pr\u00e9cision, de ne pas engager la personne morale de \u00ab\u00a0<a style=\"color: #0070C0\" href=\"https:\/\/kocke-237.de\/les-mekam-tabiegaing\/#lg\">Les Mekam Tabiegaing<\/a>\u00a0\u00bb : droit qui revient, exclusivement au <a style=\"color: #0070C0\" href=\"https:\/\/kocke-237.de\/les-mekam-tabiegaing\/reglement\/#reglementchap1a1.1\">BPG-MT<\/a>.<\/li>\n                <\/ol>\n            <p><\/p>\n\n            <p id=\"reglementchap4a4.4\">\n                <b>Article 4.4<\/b> : Les Membres d\u2019une discussion ou d\u2019un partage, ont la responsabilit\u00e9 partag\u00e9e de la conservation par chaque Membre \u00e0 son niveau, d\u2019<a style=\"color: #0070C0\" href=\"https:\/\/www.google.com\/search?q=archives&amp;oq=arc&amp;aqs=chrome.1.69i57j35i39j0l3.4085j0j4&amp;client=ms-android-transsion-tecno-rev1&amp;sourceid=chrome-mobile&amp;ie=UTF-8\">archives<\/a>. Ainsi, toute <a style=\"color: #0070C0\" href=\"https:\/\/www.google.com\/search?q=reference&amp;oq=re&amp;aqs=chrome.0.69i59j69i57j69i60l2j69i61.8086j0j4&amp;client=ms-android-transsion-tecno-rev1&amp;sourceid=chrome-mobile&amp;ie=UTF-8\">r\u00e9f\u00e9rence<\/a> qui a eu \u00e0 \u00eatre <a style=\"color: #0070C0\" href=\"https:\/\/kocke-237.de\/les-mekam-tabiegaing\/chapitre-ii-interventions-ou-publications\/#reglementchap2a2.1\">publi\u00e9e<\/a>, est sens\u00e9e se trouver en <a style=\"color: #0070C0\" href=\"https:\/\/www.google.com\/search?q=archives&amp;oq=arc&amp;aqs=chrome.1.69i57j35i39j0l3.4085j0j4&amp;client=ms-android-transsion-tecno-rev1&amp;sourceid=chrome-mobile&amp;ie=UTF-8\">archives<\/a> de chaque Membre : question de rendre ais\u00e9, tout <a style=\"color: #0070C0\" href=\"https:\/\/www.google.com\/search?q=renvoi&amp;oq=renv&amp;aqs=chrome.2.69i57j0l4.6277j0j4&amp;client=ms-android-transsion-tecno-rev1&amp;sourceid=chrome-mobile&amp;ie=UTF-8https:\/\/www.google.com\/search?q=renvoi&amp;oq=renv&amp;aqs=chrome.2.69i57j0l4.6277j0j4&amp;client=ms-android-transsion-tecno-rev1&amp;sourceid=chrome-mobile&amp;ie=UTF-8\">renvoi<\/a> \u00e0 ladite <a style=\"color: #0070C0\" href=\"https:\/\/www.google.com\/search?q=reference&amp;oq=re&amp;aqs=chrome.0.69i59j69i57j69i60l2j69i61.8086j0j4&amp;client=ms-android-transsion-tecno-rev1&amp;sourceid=chrome-mobile&amp;ie=UTF-8\">r\u00e9f\u00e9rence<\/a>. Pr\u00e9ciser ici, que parlant de <a style=\"color: #0070C0\" href=\"https:\/\/www.google.com\/search?q=reference&amp;oq=re&amp;aqs=chrome.0.69i59j69i57j69i60l2j69i61.8086j0j4&amp;client=ms-android-transsion-tecno-rev1&amp;sourceid=chrome-mobile&amp;ie=UTF-8\">r\u00e9f\u00e9rence<\/a>, il s\u2019agit d\u2019un <a style=\"color: #0070C0\" href=\"https:\/\/www.google.com\/search?q=contenu&amp;oq=contenu&amp;aqs=chrome..69i57j0l4.26807j0j4&amp;client=ms-android-transsion-tecno-rev1&amp;sourceid=chrome-mobile&amp;ie=UTF-8\">contenu<\/a> fix\u00e9 sur <a style=\"color: #0070C0\" href=\"https:\/\/kocke-237.de\/les-mekam-tabiegaing\/tds\/#p1\">support<\/a> et, qu\u2019une <a style=\"color: #0070C0\" href=\"https:\/\/www.google.com\/search?q=reference&amp;oq=re&amp;aqs=chrome.0.69i59j69i57j69i60l2j69i61.8086j0j4&amp;client=ms-android-transsion-tecno-rev1&amp;sourceid=chrome-mobile&amp;ie=UTF-8\">r\u00e9f\u00e9rence<\/a> est caract\u00e9ris\u00e9e par son <a style=\"color: #0070C0\" href=\"https:\/\/www.google.com\/search?q=contexte&amp;oq=conte&amp;aqs=chrome.0.69i59j69i57j0l3.11511j0j4&amp;client=ms-android-transsion-tecno-rev1&amp;sourceid=chrome-mobile&amp;ie=UTF-8#sbfbu=1&amp;pi=contexte\">contexte<\/a> ; son <a style=\"color: #0070C0\" href=\"https:\/\/www.google.com\/search?q=moment&amp;oq=moment&amp;aqs=chrome..69i57j0l4.9426j0j4&amp;client=ms-android-transsion-tecno-rev1&amp;sourceid=chrome-mobile&amp;ie=UTF-8\">moment<\/a> (ann\u00e9e ; mois ; jour ; heure) de <a style=\"color: #0070C0\" href=\"https:\/\/kocke-237.de\/les-mekam-tabiegaing\/chapitre-ii-interventions-ou-publications\/#reglementchap2a2.1\">publication<\/a> ; et, son auteur. Ce dernier qui doit avoir son num\u00e9ro de t\u00e9l\u00e9com indiqu\u00e9, le rendant du coup joignable \u00e0 souhait.\n            <\/p>\n\n            <p id=\"reglementchap4a4.5\">\n                <b>Article 4.5<\/b> La plus r\u00e9cente des moutures de la m\u00eame publication, abroge les pr\u00e9c\u00e9dentes.\n            <\/p>\n    <\/div>\n\n<\/section>\n<div style=\"text-align: center\">\n    <a href=\"https:\/\/kocke-237.de\/les-mekam-tabiegaing\/reglement\/#bouton\"><img decoding=\"async\" src=\"http:\/\/kocke-237.de\/concertation\/wp-content\/uploads\/sites\/6\/2023\/08\/icons-retour.png\" alt=\"\"><\/a>\n<\/div>\n","protected":false},"excerpt":{"rendered":"<p>Chapitre IV : Le num\u00e9rique et la voie \u00e9lectronique Article 4.1 : Aussi bien dans la production ; la distribution ; que la consommation des informations, le num\u00e9rique et la voie \u00e9lectronique, sont \u00e0 nos jours plus indiqu\u00e9s : sans tenir compte de distances et de lieux, ils rendent \u00ab voisins \u00bb, ceux qui le souhaitent. Le BPG-MT encourage chaque \u00e9l\u00e9ment des composantes \u00ab\u00a0Les Mekam Tabiegaing\u00a0\u00bb qui peut, \u00e0 se mettre au num\u00e9rique et forums t\u00e9l\u00e9matiques. Article 4.2 : Les adresses doivent \u00eatre communiqu\u00e9es au BPG-MT, aux fins d\u2019\u00eatre prises en compte, pour d\u2019\u00e9changes en groupes par voie \u00e9lectronique. Le &hellip; <\/p>\n","protected":false},"author":4,"featured_media":0,"parent":0,"menu_order":0,"comment_status":"closed","ping_status":"closed","template":"","meta":{"_kadence_starter_templates_imported_post":false,"footnotes":""},"_links":{"self":[{"href":"https:\/\/kocke-237.de\/les-mekam-tabiegaing\/wp-json\/wp\/v2\/pages\/928"}],"collection":[{"href":"https:\/\/kocke-237.de\/les-mekam-tabiegaing\/wp-json\/wp\/v2\/pages"}],"about":[{"href":"https:\/\/kocke-237.de\/les-mekam-tabiegaing\/wp-json\/wp\/v2\/types\/page"}],"author":[{"embeddable":true,"href":"https:\/\/kocke-237.de\/les-mekam-tabiegaing\/wp-json\/wp\/v2\/users\/4"}],"replies":[{"embeddable":true,"href":"https:\/\/kocke-237.de\/les-mekam-tabiegaing\/wp-json\/wp\/v2\/comments?post=928"}],"version-history":[{"count":3,"href":"https:\/\/kocke-237.de\/les-mekam-tabiegaing\/wp-json\/wp\/v2\/pages\/928\/revisions"}],"predecessor-version":[{"id":1001,"href":"https:\/\/kocke-237.de\/les-mekam-tabiegaing\/wp-json\/wp\/v2\/pages\/928\/revisions\/1001"}],"wp:attachment":[{"href":"https:\/\/kocke-237.de\/les-mekam-tabiegaing\/wp-json\/wp\/v2\/media?parent=928"}],"curies":[{"name":"wp","href":"https:\/\/api.w.org\/{rel}","templated":true}]}}