{"id":932,"date":"2023-08-27T11:04:02","date_gmt":"2023-08-27T09:04:02","guid":{"rendered":"https:\/\/kocke-237.de\/les-mekam-tabiegaing\/?page_id=932"},"modified":"2023-09-08T04:54:05","modified_gmt":"2023-09-08T02:54:05","slug":"reglement","status":"publish","type":"page","link":"https:\/\/kocke-237.de\/les-mekam-tabiegaing\/reglement\/","title":{"rendered":"R\u00e8glement"},"content":{"rendered":"\n<section>\n    <div style=\"background-color: #DAEEF3;color: #0070C0\" id=\"reglement\">\n        <h2 style=\"text-align: center;background-color: #0070C0;color: yellow\">R\u00e8glement g\u00e9n\u00e9ral en \u00ab\u00a0<a style=\"color: yellow\" href=\"https:\/\/kocke-237.de\/les-mekam-tabiegaing\/#lg\">Les Mekam Tabiegaing<\/a>\u00ab\u00a0<\/h2>\n        \n        <div id=\"bouton\" style=\"text-align: center\">\n            <div>\n                <a href=\"#reglementchap1\"><button style=\"width: 150px;border-radius: 15px;background-color: white;color: blue;font-weight: bold;font-size: 17px\">Historique<\/button><\/a>\n                <a href=\"https:\/\/kocke-237.de\/les-mekam-tabiegaing\/chapitre-ii-interventions-ou-publications\/#reglementchap2\"><button style=\"width: 150px;border-radius: 15px;background-color: #FDE9D9;color: blue;font-weight: bold;font-size: 17px\">Intervention<\/button><\/a>\n            <\/div>\n            <div>\n                <a href=\"https:\/\/kocke-237.de\/les-mekam-tabiegaing\/chapitre-iii-tmt-et-jomt\/#reglementchap3\"><button style=\"width: 150px;border-radius: 15px;background-color: white;color: blue;font-weight: bold;font-size: 17px\">Journaux<\/button><\/a>\n                <a href=\"https:\/\/kocke-237.de\/les-mekam-tabiegaing\/chapitre-iv-le-numerique-et-la-voie-electronique\/#reglementchap4\"><button style=\"width: 300px;border-radius: 15px;background-color: #FDE9D9;color: blue;font-weight: bold;font-size: 17px\">Num\u00e9rique et \u00e9lectronique<\/button><\/a>\n            <\/div>\n        <\/div>\n        \n        <h3 id=\"reglementchap1\" style=\"text-align: center\">Chapitre I : Historique<\/h3>\n\n        <p id=\"reglementchap1a1.1\">\n           <b>Article 1.1<\/b> : L\u2019<a style=\"color: #0070C0\" href=\"https:\/\/kocke-237.de\/les-mekam-tabiegaing\/chapitre-ii-interventions-ou-publications\/#reglementchap2a2.6\">Assembl\u00e9e G\u00e9n\u00e9rale<\/a> (AG) <a style=\"color: #0070C0\" href=\"https:\/\/kocke-237.de\/les-mekam-tabiegaing\/chapitre-v-programme\/#art5.3.5slmt\">ordinaire<\/a> <a style=\"color: #0070C0\" href=\"https:\/\/kocke-237.de\/les-mekam-tabiegaing\/calendriers\/#calendrier.p\">2009<\/a> de \u00ab\u00a0<a style=\"color: #0070C0\" href=\"https:\/\/kocke-237.de\/les-mekam-tabiegaing\/#lg\">Les Mekam Tabiegaing<\/a>\u00ab\u00a0, en instaurant le <a style=\"color: #0070C0\" href=\"https:\/\/kocke-237.de\/les-mekam-tabiegaing\/chapitre-ii-interventions-ou-publications\/#reglementchap2a2.3\">Bureau Permanent de Gestion (BPG-MT)<\/a> a fait de ce bureau, la <a style=\"color: #0070C0\" href=\"https:\/\/www.google.com\/search?q=voix&amp;oq=voix&amp;aqs=chrome..69i57j0l4.22227j0j4&amp;client=ms-android-transsion-tecno-rev1&amp;sourceid=chrome-mobile&amp;ie=UTF-8#ip=1\">voix<\/a> de la <a style=\"color: #0070C0\" href=\"https:\/\/kocke-237.de\/#lg\">Dynastie<\/a>.\n        <\/p>\n\n        <p id=\"reglementchap1a1.2\">\n            <b>Article 1.2<\/b> : Au vu d\u2019une part de la mondialisation, qui essaime les personnes \u00e0 de grandes distances, et d\u2019autre part des agendas diff\u00e9rents, le <a style=\"color: #0070C0\" href=\"https:\/\/kocke-237.de\/les-mekam-tabiegaing\/reglement\/#reglementchap1a1.1\">BPG-MT<\/a> \u00e0 travers les t\u00e9l\u00e9coms, est virtuel : il fonctionne via son forum t\u00e9l\u00e9matique. Tel responsabilis\u00e9 en l\u2019<a style=\"color: #0070C0\" href=\"https:\/\/kocke-237.de\/les-mekam-tabiegaing\/chapitre-ii-interventions-ou-publications\/#reglementchap2a2.2\">Article 2.2<\/a> ainsi qu\u2019aux Chapitres <a style=\"color: #0070C0\" href=\"https:\/\/kocke-237.de\/les-mekam-tabiegaing\/chapitre-iv-membre\/#id-chap4\">IV<\/a> et <a style=\"color: #0070C0\" href=\"https:\/\/kocke-237.de\/les-mekam-tabiegaing\/chapitre-iv-membre\/#id-chap5\">V<\/a> de la <a style=\"color: #0070C0\" href=\"https:\/\/kocke-237.de\/les-mekam-tabiegaing\/smt\/#art1slmt\">SMT<\/a>, le <a style=\"color: #0070C0\" href=\"https:\/\/kocke-237.de\/les-mekam-tabiegaing\/reglement\/#reglementchap1a1.1\">BPG-MT<\/a> est le m\u00e9dia officiel, de \u00ab\u00a0<a style=\"color: #0070C0\" href=\"https:\/\/kocke-237.de\/les-mekam-tabiegaing\/#lg\">Les Mekam Tabiegaing<\/a>\u00ab\u00a0.\n        <\/p>\n\n<\/section>\n<div style=\"text-align: center\">\n    <a href=\"https:\/\/kocke-237.de\/les-mekam-tabiegaing\/nos-textes\/#sommaire\"><img decoding=\"async\" src=\"http:\/\/kocke-237.de\/concertation\/wp-content\/uploads\/sites\/6\/2023\/08\/icons-retour.png\" alt=\"\"><\/a>\n<\/div>\n","protected":false},"excerpt":{"rendered":"<p>R\u00e8glement g\u00e9n\u00e9ral en \u00ab\u00a0Les Mekam Tabiegaing\u00ab\u00a0 Historique Intervention Journaux Num\u00e9rique et \u00e9lectronique Chapitre I : Historique Article 1.1 : L\u2019Assembl\u00e9e G\u00e9n\u00e9rale (AG) ordinaire 2009 de \u00ab\u00a0Les Mekam Tabiegaing\u00ab\u00a0, en instaurant le Bureau Permanent de Gestion (BPG-MT) a fait de ce bureau, la voix de la Dynastie. Article 1.2 : Au vu d\u2019une part de la mondialisation, qui essaime les personnes \u00e0 de grandes distances, et d\u2019autre part des agendas diff\u00e9rents, le BPG-MT \u00e0 travers les t\u00e9l\u00e9coms, est virtuel : il fonctionne via son forum t\u00e9l\u00e9matique. Tel responsabilis\u00e9 en l\u2019Article 2.2 ainsi qu\u2019aux Chapitres IV et V de la SMT, le &hellip; <\/p>\n","protected":false},"author":4,"featured_media":0,"parent":0,"menu_order":0,"comment_status":"closed","ping_status":"closed","template":"","meta":{"_kadence_starter_templates_imported_post":false,"footnotes":""},"_links":{"self":[{"href":"https:\/\/kocke-237.de\/les-mekam-tabiegaing\/wp-json\/wp\/v2\/pages\/932"}],"collection":[{"href":"https:\/\/kocke-237.de\/les-mekam-tabiegaing\/wp-json\/wp\/v2\/pages"}],"about":[{"href":"https:\/\/kocke-237.de\/les-mekam-tabiegaing\/wp-json\/wp\/v2\/types\/page"}],"author":[{"embeddable":true,"href":"https:\/\/kocke-237.de\/les-mekam-tabiegaing\/wp-json\/wp\/v2\/users\/4"}],"replies":[{"embeddable":true,"href":"https:\/\/kocke-237.de\/les-mekam-tabiegaing\/wp-json\/wp\/v2\/comments?post=932"}],"version-history":[{"count":3,"href":"https:\/\/kocke-237.de\/les-mekam-tabiegaing\/wp-json\/wp\/v2\/pages\/932\/revisions"}],"predecessor-version":[{"id":998,"href":"https:\/\/kocke-237.de\/les-mekam-tabiegaing\/wp-json\/wp\/v2\/pages\/932\/revisions\/998"}],"wp:attachment":[{"href":"https:\/\/kocke-237.de\/les-mekam-tabiegaing\/wp-json\/wp\/v2\/media?parent=932"}],"curies":[{"name":"wp","href":"https:\/\/api.w.org\/{rel}","templated":true}]}}