{"id":936,"date":"2023-08-28T05:43:00","date_gmt":"2023-08-28T03:43:00","guid":{"rendered":"https:\/\/kocke-237.de\/les-mekam-tabiegaing\/?page_id=936"},"modified":"2023-08-28T05:43:55","modified_gmt":"2023-08-28T03:43:55","slug":"cv","status":"publish","type":"page","link":"https:\/\/kocke-237.de\/les-mekam-tabiegaing\/cv\/","title":{"rendered":"CV"},"content":{"rendered":"\n<section>\n    <div style=\"background-color: #948A54;color: white\" id=\"Cv\">\n        <p style=\"font-size: 25px;text-align: center\">Curriculum vitae<\/p>\n    <\/div>\n\n    <div style=\"background-color: #948A54;color: white\">\n        <p style=\"font-weight: bold\">Filiation<\/p>\n        <p>\n           <b>Nom :<\/b> Jean KOUAM ; <b>Date de naissance :<\/b> 07 juillet 1953 ; <b>Nationalit\u00e9 :<\/b> Camerounais\n           <b>T\u00e9l\u00e9coms :<\/b> +237 6 7757 7994 ; +237 6 9608 9819 ; temekamt6@yahoo.fr ; http:\/\/www.kocke-237.de\/\n\n        <\/p>\n    <\/div>\n\n    <div style=\"background-color: #948A54;color: white\">\n        <p id=\"scolarite\" style=\"font-weight: bold\">Scolarit\u00e9<\/p>\n        <p>\n            <b>Etude :<\/b> CEPE en 1969 ; CAP Monteur \u00e9lectricien en 1974 ; BP Electrotechnicien option \u00e9quipement en 1979 : Permis de conduite \n            A et B en 1979 ; Anglais en 1979 ; Informatique sur le tas.\n        <\/p>\n    <\/div>\n\n    <div id=\"exp-prof\" style=\"background-color: #948A54;color: white\">\n        <p style=\"font-weight: bold\">Exp\u00e9rience professionnelle<\/p>\n        <p id=\"exp-prof1\">\n            <b>Stages :<\/b> Electricit\u00e9 Du Cameroun (EDC) Douala ; Formation des formateurs au Bureau International du Travail (BIT) en Italie Turin ; \n            Perfectionnement aux centres de l\u2019Association pour la Formation des Personnes Adultes (AFPA) en France Paris Lyon Grenoble.\n        <\/p>\n        <p id=\"exp-prof2\">\n            <b>Activit\u00e9s :<\/b> Electricien \u00e0 la Soci\u00e9t\u00e9 de Laminage de Douala (SOLADO) 1974-1975 ; Electricien auto \u00e0 la SOCOMI MATFORCE RW King de Douala 1975-1981 ; \n            Instructeur technique au Centre National de Formation Professionnelle (CENAFOP) de Douala 1981-1992 ; Cadre du d\u00e9veloppement social et local 1992-\u2026.\n        <\/p>\n    <\/div>\n\n    <div style=\"background-color: #948A54;color: white\">\n        <p id=\"exp-sociale\" style=\"font-weight: bold\">Exp\u00e9rience sociale<\/p>\n        <p>\n            <b>Mari\u00e9 :<\/b> P\u00e8re de plusieurs enfants ; Grand-p\u00e8re de plusieurs petits enfants. <br>\n            <b>Patriarche :<\/b> Cinqui\u00e8me pl\u00e9nipotentiaire 14 juillet 1981 au \u2026, d\u2019une Dynastie fond\u00e9e en 1781 de titre de notabilit\u00e9 Mekam dans le Royaume Baham ; \n            Membre de plusieurs Organisations de Hia Hom et, de plusieurs confr\u00e9ries du Royaume Baham. <br>\n            <b>Autres :<\/b> Adjoint au Chef du village Bahiala Baham ; Responsable du quartier Dem Hiala ; Promoteur de plusieurs Organisations de la Soci\u00e9t\u00e9 Civile (OSC) ; \n            Pair-\u00e9ducateur dans le D\u00e9partement des Hauts Plateaux pour IST\/SIDA et PF ; Sociologie en autodidacte ; Secr\u00e9taire d\u2019\u00e9tat civil du Centre OU1502 de Bahiala Baham ; R\u00e9gent de Bahiala Baham 2016-\u2026.\n        <\/p>\n    <\/div>\n    \n    <div>\n        <p id=\"photo\" style=\"text-align: center\">\n            <img decoding=\"async\" src=\"http:\/\/kocke-237.de\/les-mekam-tabiegaing\/wp-content\/uploads\/sites\/5\/2021\/09\/JKMT6.png\" alt=\"\">\n        <\/p>\n    <\/div>\n\n<\/section>\n","protected":false},"excerpt":{"rendered":"<p>Curriculum vitae Filiation Nom : Jean KOUAM ; Date de naissance : 07 juillet 1953 ; Nationalit\u00e9 : Camerounais T\u00e9l\u00e9coms : +237 6 7757 7994 ; +237 6 9608 9819 ; temekamt6@yahoo.fr ; http:\/\/www.kocke-237.de\/ Scolarit\u00e9 Etude : CEPE en 1969 ; CAP Monteur \u00e9lectricien en 1974 ; BP Electrotechnicien option \u00e9quipement en 1979 : Permis de conduite A et B en 1979 ; Anglais en 1979 ; Informatique sur le tas. Exp\u00e9rience professionnelle Stages : Electricit\u00e9 Du Cameroun (EDC) Douala ; Formation des formateurs au Bureau International du Travail (BIT) en Italie Turin ; Perfectionnement aux centres de l\u2019Association pour &hellip; <\/p>\n","protected":false},"author":4,"featured_media":0,"parent":0,"menu_order":0,"comment_status":"closed","ping_status":"closed","template":"","meta":{"_kadence_starter_templates_imported_post":false,"footnotes":""},"_links":{"self":[{"href":"https:\/\/kocke-237.de\/les-mekam-tabiegaing\/wp-json\/wp\/v2\/pages\/936"}],"collection":[{"href":"https:\/\/kocke-237.de\/les-mekam-tabiegaing\/wp-json\/wp\/v2\/pages"}],"about":[{"href":"https:\/\/kocke-237.de\/les-mekam-tabiegaing\/wp-json\/wp\/v2\/types\/page"}],"author":[{"embeddable":true,"href":"https:\/\/kocke-237.de\/les-mekam-tabiegaing\/wp-json\/wp\/v2\/users\/4"}],"replies":[{"embeddable":true,"href":"https:\/\/kocke-237.de\/les-mekam-tabiegaing\/wp-json\/wp\/v2\/comments?post=936"}],"version-history":[{"count":2,"href":"https:\/\/kocke-237.de\/les-mekam-tabiegaing\/wp-json\/wp\/v2\/pages\/936\/revisions"}],"predecessor-version":[{"id":938,"href":"https:\/\/kocke-237.de\/les-mekam-tabiegaing\/wp-json\/wp\/v2\/pages\/936\/revisions\/938"}],"wp:attachment":[{"href":"https:\/\/kocke-237.de\/les-mekam-tabiegaing\/wp-json\/wp\/v2\/media?parent=936"}],"curies":[{"name":"wp","href":"https:\/\/api.w.org\/{rel}","templated":true}]}}