{"id":940,"date":"2023-08-28T05:45:22","date_gmt":"2023-08-28T03:45:22","guid":{"rendered":"https:\/\/kocke-237.de\/les-mekam-tabiegaing\/?page_id=940"},"modified":"2023-08-28T05:45:50","modified_gmt":"2023-08-28T03:45:50","slug":"mieux-socialiser","status":"publish","type":"page","link":"https:\/\/kocke-237.de\/les-mekam-tabiegaing\/mieux-socialiser\/","title":{"rendered":"Mieux socialiser"},"content":{"rendered":"\n<section>\n    <div style=\"background-color: #FDE9D9;color: #0070C0\" id=\"socialiser\">\n        <p style=\"font-size: 25px;text-align: center;background-color: red;color: #FFFF00\">Mieux socialiser<\/p>\n        <p id=\"cosmopolitisme\">\n            \u00c0 bien l\u2019explorer, \u00ab\u00a0L\u2019abracadabra de <a style=\"color: #0070C0\" href=\"https:\/\/kocke-237.de\/les-mekam-tabiegaing\/jkmt6-202109160654\/#Cv\">Jean KOUAM<\/a><a style=\"color: #0070C0\" href=\"https:\/\/kocke-237.de\/les-mekam-tabiegaing\/nos-textes\/#id-chap1-a1.1\">Mekam Tabiegaing<\/a><a style=\"color: #0070C0\" href=\"#texte.p6\">6<\/a>\u00ab\u00a0, concerne tous les Hommes. En effet, les scientifiques \u00e9tablissent de mieux en mieux que \n            tous les Hommes \u00e9manent d\u2019une m\u00eame souche, en expliquant les modifications d\u2019au fil du temps. L\u2019attraction des Hommes entre eux, confirme les \n            all\u00e9gations scientifiques, qu\u2019ils appartiennent \u00e0 une m\u00eame souche.\n        <\/p>\n    <\/div>\n\n    <div style=\"background-color: #DAEEF3;color: #0070C0\">\n        <p id=\"socialiserp2\">\n            Les incompatibilit\u00e9s d\u2019humeurs entre les groupes d\u2019Hommes sont nombreuses, constat\u00e9es \u00e7\u00e0 et l\u00e0, elles donnent \u00e0 r\u00e9fl\u00e9chir. On ne saurait dire que cela est, \n            parce que les Hommes seraient de souches diff\u00e9rentes, car les incompatibilit\u00e9s sont endog\u00e8nes en tout groupe d\u2019Hommes.\n        <\/p>\n        <p id=\"socialiserp3\">\n            Tenir que, les m\u00e9canismes ci-dessous, par logique, sont identiques \u00e0 celle de la gen\u00e8se humaine :\n        <\/p>\n    <\/div>\n\n    <div>\n        <p style=\"text-align: center\"><img decoding=\"async\" src=\"http:\/\/kocke-237.de\/les-mekam-tabiegaing\/wp-content\/uploads\/sites\/5\/2021\/09\/G1.png\" alt=\"\"><\/p>\n    <\/div>\n\n    <div style=\"background-color: #FDE9D9;color: #0070C0\">\n        <p id=\"socialiserp4\">\n            Chacune des Entit\u00e9s 1 \u00e0 6 ci-dessus, est une famille compos\u00e9e d\u2019ascendants. De ces derniers, il y a eu des enfants de deux genres repr\u00e9sent\u00e9s lat\u00e9ralement sous la case concern\u00e9e. Devenus grands, les enfants fondent des familles. Entre les g\u00e9n\u00e9rations de familles fond\u00e9es par les enfants, il y a eu des ramifications telles ci-dessous entre A et B o\u00f9 verticalement, les enfants sont repr\u00e9sent\u00e9s. Comme leurs parents, les enfants devenus grands, recommencent le cycle.\n        <\/p>\n    <\/div>\n\n    <div>\n        <p style=\"text-align: center\"><img decoding=\"async\" src=\"http:\/\/kocke-237.de\/les-mekam-tabiegaing\/wp-content\/uploads\/sites\/5\/2021\/09\/G2.png\" alt=\"\"><\/p>\n    <\/div>\n\n    <div style=\"background-color: #DAEEF3;color: #0070C0\">\n        <p id=\"socialiserp5\">\n            Par \u00ab\u00a0N\u0153ud\u00a0\u00bb dans la colonne \u00ab\u00a0Attache\u00a0\u00bb <a style=\"color: #0070C0\" href=\"https:\/\/kocke-237.de\/les-mekam-tabiegaing\/nos-textes\/#repertoire-table\">de la base des r\u00e9pertoires<\/a>, pris en <a style=\"color: #0070C0\" href=\"https:\/\/kocke-237.de\/les-mekam-tabiegaing\/#lg\">exemple r\u00e9el en cette Dynastie<\/a>, voir la repr\u00e9sentation ci-dessous. Entre deux Responsables tels A et B d\u2019une descendance, chaque chaine d\u2019enfants, o\u00f9 verticalement les enfants sont dans le pr\u00e9c\u00e9dent sch\u00e9ma, repr\u00e9sent\u00e9s est un \u00ab\u00a0N\u0153ud\u00a0\u00bb.\n        <\/p>\n    <\/div>\n\n    <div>\n        <p style=\"text-align: center\"><img decoding=\"async\" src=\"http:\/\/kocke-237.de\/les-mekam-tabiegaing\/wp-content\/uploads\/sites\/5\/2021\/09\/G3.png\" alt=\"\"><\/p>\n    <\/div>\n\n    <div style=\"background-color: #FDE9D9;color: #0070C0\">\n        <p id=\"socialiserp6\">\n            L\u2019actuelle intervention, soutient la r\u00e9alisation d\u2019une base (ensemble organis\u00e9 d&rsquo;informations reli\u00e9es entre elles et contr\u00f4l\u00e9es par un syst\u00e8me de gestion informatique permettant d&rsquo;effectuer la recherche, le tri ou la fusion automatiques) des r\u00e9pertoires en l\u2019Entit\u00e9 consid\u00e9r\u00e9e. Il s\u2019agit d\u2019\u00e0 partir d\u2019une ligne dans <a style=\"color: #0070C0\" href=\"https:\/\/kocke-237.de\/les-mekam-tabiegaing\/nos-textes\/#repertoire-table\">un tel tableau<\/a>, sp\u00e9cifier une d\u00e9signation que de cette derni\u00e8re sont indiqu\u00e9s \u00e0 travers qui elle se retrouve dans l\u2019Entit\u00e9 consid\u00e9r\u00e9e ; ses caract\u00e9ristiques d\u2019attache ; son matricule ; l\u2019effet d\u2019int\u00e9gration ; l\u2019expiration d\u2019int\u00e9gration ; les num\u00e9ros de t\u00e9l\u00e9coms ; la localit\u00e9 de r\u00e9sidence ; la statistique ; et, d\u2019\u00e9ventuelles notes.\n        <\/p>\n    <\/div>\n\n<\/section>\n","protected":false},"excerpt":{"rendered":"<p>Mieux socialiser \u00c0 bien l\u2019explorer, \u00ab\u00a0L\u2019abracadabra de Jean KOUAMMekam Tabiegaing6\u00ab\u00a0, concerne tous les Hommes. En effet, les scientifiques \u00e9tablissent de mieux en mieux que tous les Hommes \u00e9manent d\u2019une m\u00eame souche, en expliquant les modifications d\u2019au fil du temps. L\u2019attraction des Hommes entre eux, confirme les all\u00e9gations scientifiques, qu\u2019ils appartiennent \u00e0 une m\u00eame souche. Les incompatibilit\u00e9s d\u2019humeurs entre les groupes d\u2019Hommes sont nombreuses, constat\u00e9es \u00e7\u00e0 et l\u00e0, elles donnent \u00e0 r\u00e9fl\u00e9chir. On ne saurait dire que cela est, parce que les Hommes seraient de souches diff\u00e9rentes, car les incompatibilit\u00e9s sont endog\u00e8nes en tout groupe d\u2019Hommes. Tenir que, les m\u00e9canismes ci-dessous, &hellip; <\/p>\n","protected":false},"author":4,"featured_media":0,"parent":0,"menu_order":0,"comment_status":"closed","ping_status":"closed","template":"","meta":{"_kadence_starter_templates_imported_post":false,"footnotes":""},"_links":{"self":[{"href":"https:\/\/kocke-237.de\/les-mekam-tabiegaing\/wp-json\/wp\/v2\/pages\/940"}],"collection":[{"href":"https:\/\/kocke-237.de\/les-mekam-tabiegaing\/wp-json\/wp\/v2\/pages"}],"about":[{"href":"https:\/\/kocke-237.de\/les-mekam-tabiegaing\/wp-json\/wp\/v2\/types\/page"}],"author":[{"embeddable":true,"href":"https:\/\/kocke-237.de\/les-mekam-tabiegaing\/wp-json\/wp\/v2\/users\/4"}],"replies":[{"embeddable":true,"href":"https:\/\/kocke-237.de\/les-mekam-tabiegaing\/wp-json\/wp\/v2\/comments?post=940"}],"version-history":[{"count":2,"href":"https:\/\/kocke-237.de\/les-mekam-tabiegaing\/wp-json\/wp\/v2\/pages\/940\/revisions"}],"predecessor-version":[{"id":942,"href":"https:\/\/kocke-237.de\/les-mekam-tabiegaing\/wp-json\/wp\/v2\/pages\/940\/revisions\/942"}],"wp:attachment":[{"href":"https:\/\/kocke-237.de\/les-mekam-tabiegaing\/wp-json\/wp\/v2\/media?parent=940"}],"curies":[{"name":"wp","href":"https:\/\/api.w.org\/{rel}","templated":true}]}}