{"id":944,"date":"2023-08-28T05:47:44","date_gmt":"2023-08-28T03:47:44","guid":{"rendered":"https:\/\/kocke-237.de\/les-mekam-tabiegaing\/?page_id=944"},"modified":"2023-08-28T05:48:24","modified_gmt":"2023-08-28T03:48:24","slug":"copropriete","status":"publish","type":"page","link":"https:\/\/kocke-237.de\/les-mekam-tabiegaing\/copropriete\/","title":{"rendered":"Copropri\u00e9t\u00e9"},"content":{"rendered":"\n<section>\n    <div style=\"background-color: #DAEEF3;color: #0070C0\">\n        <h3 style=\"background-color: yellow;text-align: center\" id=\"copropriete\">Copropri\u00e9t\u00e9<\/h3>\n        <p id=\"coproprietep1\">\n            Au vu des avantages de la <a style=\"color: #0070C0\" href=\"https:\/\/www.google.com\/search?q=copropri\u00e9t\u00e9&amp;oq=cooprop&amp;aqs=chrome.1.69i57j35i39j0l3.29024j0j4&amp;client=ms-android-transsion-tecno-rev1&amp;sourceid=chrome-mobile&amp;ie=UTF-8#bsht=CgVic2hocBIECAMwAg\">copropri\u00e9t\u00e9<\/a>, par <a style=\"color: #0070C0\" href=\"https:\/\/www.google.com\/search?q=baux+emphyt\u00e9otiques&amp;oq=baux+&amp;aqs=chrome.2.69i57j0l3j46.20434j0j4&amp;client=ms-android-transsion-tecno-rev1&amp;sourceid=chrome-mobile&amp;ie=UTF-8#bsht=CgVic2hocBIECAMwAg\">baux emphyt\u00e9otiques<\/a> <a style=\"color: #0070C0\" href=\"https:\/\/kocke-237.de\/les-mekam-tabiegaing\/nos-textes\/#id-chap1-a1.1\">Mekam Tabiegaing<\/a> <a style=\"color: #0070C0\" href=\"#texte.p6\">6<\/a> <a style=\"color: #0070C0\" href=\"https:\/\/kocke-237.de\/les-mekam-tabiegaing\/jkmt6-202109160654\/#offre\">lance l\u2019offre de sa pratique<\/a> avec toutes les \n            personnes int\u00e9ress\u00e9es.\n        <\/p>\n        <p id=\"interesees\">\n            Par <b>\u00ab\u00a0toutes les personnes int\u00e9ress\u00e9es\u00a0\u00bb<\/b>, d\u2019un, il s\u2019agit aussi bien des personnes physiques que morales \n            et, de deux, on n\u2019est pas oblig\u00e9 d\u2019\u00eatre d\u2019une des composantes de <a style=\"color: #0070C0\" href=\"https:\/\/kocke-237.de\/les-mekam-tabiegaing\/#lg\">\u00ab\u00a0Les Mekam Tabiegaing\u00a0\u00bb<\/a> pour se saisir de cette offre. Bien \n            noter aussi qu\u2019avoir d\u00e9j\u00e0 un domaine foncier au si\u00e8ge social ou ailleurs ne constitue nullement une entrave pour <a style=\"color: #0070C0\" href=\"https:\/\/kocke-237.de\/les-mekam-tabiegaing\/jkmt6-202109160654\/#offre\">se saisir de \n            cette offre<\/a>. Le processus de l\u2019offre se d\u00e9roule en quatre phases :\n        <\/p>\n        <p>\n            <\/p><ol style=\"background-color: yellow\">\n                <li id=\"interesees1\">Manifestations ;<\/li>\n                <li id=\"interesees2\">Classification de types de manifestations ;<\/li>\n                <li id=\"interesees3\">Accords entre m\u00eames types de manifestations ;<\/li>\n                <li id=\"interesees4\">Pratiques des accords.<\/li>\n            <\/ol>\n        <p><\/p>\n        <p id=\"coproprietep3\">\n            Pour chaque accord, le processus ci-dessus est \u00e0 exploiter au fil du temps, aux fins  que :\n        <\/p>\n        <p>\n            <\/p><ul style=\"background-color: yellow\">\n                <li id=\"coproprietep3.1\">Tout le monde participe d\u00e9mocratiquement \u00e0 la prise de d\u00e9cision ;<\/li>\n                <li id=\"coproprietep3.2\">Une d\u00e9cision soit librement remise en cause ;<\/li>\n                <li id=\"coproprietep3.3\">L\u2019adage \u00ab\u00a0Qui ne dit rien consent\u00a0\u00bb, pr\u00e9vale.<\/li>\n            <\/ul>\n        <p><\/p>\n        <p id=\"morcellements\">\n            C\u2019est depuis plus d\u2019un si\u00e8cle qu\u2019il est de plus en plus difficile d\u2019acqu\u00e9rir un domaine foncier. \n            <a style=\"color: #0070C0\" href=\"https:\/\/www.google.com\/search?q=morcellement+de+terrain&amp;oq=morce&amp;aqs=chrome.2.69i57j0l4.19286j0j7&amp;client=ms-android-transsion-tecno-rev1&amp;sourceid=chrome-mobile&amp;ie=UTF-8\">De morc\u00e8lements en morc\u00e8lements au profit d\u2019individus<\/a>, en tr\u00e8s peu de temps il n\u2019y aura plus quoi <a style=\"color: #0070C0\" href=\"https:\/\/www.google.com\/search?q=morcellement+de+terrain&amp;oq=morce&amp;aqs=chrome.2.69i57j0l4.19286j0j7&amp;client=ms-android-transsion-tecno-rev1&amp;sourceid=chrome-mobile&amp;ie=UTF-8\">morceler<\/a>. C\u2019est de ces \n            r\u00e9alit\u00e9s qu\u2019entre autres convictions, d\u00e8s son arriv\u00e9e \u00e0 la t\u00eate de <a style=\"color: #0070C0\" href=\"https:\/\/kocke-237.de\/les-mekam-tabiegaing\/#lg\">\u00ab\u00a0Les Mekam Tabiegaing\u00a0\u00bb<\/a>, <a style=\"color: #0070C0\" href=\"https:\/\/kocke-237.de\/les-mekam-tabiegaing\/nos-textes\/#id-chap1-a1.1\">Mekam Tabiegaing<\/a> <a style=\"color: #0070C0\" href=\"#texte.p6\">6<\/a> milite en mati\u00e8re \n            du foncier, pour la <a style=\"color: #0070C0\" href=\"https:\/\/kocke-237.de\/les-mekam-tabiegaing\/jkmt6-202109160654\/#copropriete\">copropri\u00e9t\u00e9<\/a> sur <a style=\"color: #0070C0\" href=\"https:\/\/www.google.com\/search?q=baux+emphyt\u00e9otiques&amp;oq=baux+&amp;aqs=chrome.2.69i57j0l3j46.20434j0j4&amp;client=ms-android-transsion-tecno-rev1&amp;sourceid=chrome-mobile&amp;ie=UTF-8#bsht=CgVic2hocBIECAMwAg\">baux fonciers emphyt\u00e9otiques<\/a>.\n        <\/p>\n        <p id=\"avantages\">\n            <a style=\"color: #0070C0\" href=\"https:\/\/kocke-237.de\/les-mekam-tabiegaing\/nos-textes\/#id-chap1-a1.1\">Mekam Tabiegaing<\/a> <a style=\"color: #0070C0\" href=\"#texte.p6\">6<\/a> croit que la pratique de la <a style=\"color: #0070C0\" href=\"https:\/\/kocke-237.de\/les-mekam-tabiegaing\/jkmt6-202109160654\/#copropriete\">copropri\u00e9t\u00e9<\/a> est indiqu\u00e9e. Les appartements \u00e0 la place des maisons individuelles au si\u00e8ge social \n            rentabiliseraient celui-ci des solutions de r\u00e9solutions des besoins communs. En se regroupant \u00e0 plusieurs pour un m\u00eame immeuble, \n            on gagne \u00e0 la fois en <a style=\"color: #0070C0\" href=\"#culture\">culture<\/a>, en <a style=\"color: #0070C0\" href=\"#espace\">espace<\/a> ; en <a style=\"color: #0070C0\" href=\"#exploitation\">exploitation<\/a> ; et en <a style=\"color: #0070C0\" href=\"#confort\">confort<\/a>.\n        <\/p>\n        <p id=\"culture\">\n           <b>Culture :<\/b> Le respect de l\u2019autre qui manque tant est du fait de l\u2019\u00e9go\u00efsme. Ce d\u00e9faut de l\u2019Homme est plus typique chez ceux qui ne \n            partagent rien ou tr\u00e8s peu de choses. En domaine foncier par exemple, chacun du sien joue \u00e0 la politique de l\u2019autruche ; en \n            appartements, il y a des r\u00e8gles \u00e0 respecter ou \u00e0 cogiter pour leurs am\u00e9liorations. Ce sont les r\u00e8gles qui diff\u00e9rencient de leurs \n            qualit\u00e9s et r\u00e9sultats, les niveaux de cultures. Il sera question de dresser de <a style=\"color: #0070C0\" href=\"https:\/\/www.google.com\/search?q=baux+emphyt\u00e9otiques&amp;oq=baux+&amp;aqs=chrome.2.69i57j0l3j46.20434j0j4&amp;client=ms-android-transsion-tecno-rev1&amp;sourceid=chrome-mobile&amp;ie=UTF-8#bsht=CgVic2hocBIECAMwAg\">baux emphyt\u00e9otiques<\/a> pour des projets rentables, \n            et en celui de logements, d\u2019ajouter des clauses de <a style=\"color: #0070C0\" href=\"https:\/\/www.google.com\/search?q=copropri\u00e9t\u00e9&amp;oq=cooprop&amp;aqs=chrome.1.69i57j35i39j0l3.29024j0j4&amp;client=ms-android-transsion-tecno-rev1&amp;sourceid=chrome-mobile&amp;ie=UTF-8#bsht=CgVic2hocBIECAMwAg\">copropri\u00e9t\u00e9s<\/a>.\n        <\/p>\n        <p id=\"espace\">\n           <b>Espace :<\/b> Avec le choix des appartements, on a plus d\u2019espace pour des activit\u00e9s \u00e9conomiques, sportives, et ludiques. Le nombre de personnes que \n            l\u2019on peut accueillir est de plusieurs fois plus grand qu\u2019en syst\u00e8me de domaines fonciers individuels.\n        <\/p>\n        <p id=\"exploitation\">\n            <b>Exploitation :<\/b> Dans le sens de la rentabilit\u00e9, les conceptions pour de maisons individuelles n\u2019apportent rien, alors qu\u2019en celles \n            d\u2019appartements, diverses activit\u00e9s \u00e9conomiques peuvent se d\u00e9velopper.\n        <\/p>\n        <p id=\"confort\">\n           <b>Confort :<\/b> L\u2019immeuble \u00e0 plusieurs, en lui-m\u00eame est plus confortable que des maisons individuelles, aussi bien dans les installations de salubrit\u00e9 \n            que de s\u00e9curit\u00e9. L\u2019espace restant est plus grand qu\u2019en cas de maisons individuelles et, permet de vivre plus \u00e9cologique : avec des arbres ; fleurs ; \n            pelouses ; jardins ; pistes de sant\u00e9 ; aires de jeux ; \u2026.\n        <\/p>\n        <p style=\"background-color: yellow;font-weight: bold\" id=\"offre\">\n            Convaincu que l\u2019application de la <a style=\"color: #0070C0\" href=\"https:\/\/kocke-237.de\/les-mekam-tabiegaing\/jkmt6-202109160654\/#copropriete\">copropri\u00e9t\u00e9<\/a> est bonne, <a style=\"color: #0070C0\" href=\"https:\/\/kocke-237.de\/les-mekam-tabiegaing\/nos-textes\/#id-chap1-a1.1\">Mekam Tabiegaing<\/a> <a style=\"color: #0070C0\" href=\"#texte.p6\">6<\/a> lance l\u2019offre de la pratiquer avec toutes les personnes int\u00e9ress\u00e9es sans \n            distinction de nationalit\u00e9 ; de race ; de religion. Il escompte autour, mobiliser les Hommes <a style=\"color: #0070C0\" href=\"https:\/\/kocke-237.de\/concertation\/#lg\">pour la promotion d\u2019une nouvelle forme de famille<\/a>, \n            sous-tendue par le <a style=\"color: #0070C0\" href=\"https:\/\/kocke-237.de\/les-mekam-tabiegaing\/jkmt6-202109160654\/#cosmopolitisme\">respect des diff\u00e9rences<\/a> \u00e0 la fin du vivre ensemble, dans les meilleures conditions possibles. En bref, <a style=\"color: #0070C0\" href=\"https:\/\/kocke-237.de\/les-mekam-tabiegaing\/jkmt6-202109160654\/#politique\">mieux socialiser<\/a>.\n        <\/p>\n        <p id=\"coproprietep11\">\n            Terrain de vue panoramique agr\u00e9able, espace en jeu de plus d\u2019un hectare dans les Hauts-Plateaux de l\u2019Ouest du Cameroun. Sis \u00e0 Bahiala Baham, \n            en face du c\u00f4t\u00e9 nord de la Chefferie sup\u00e9rieure de Baham.\n        <\/p>\n    <\/div>\n<\/section>\n","protected":false},"excerpt":{"rendered":"<p>Copropri\u00e9t\u00e9 Au vu des avantages de la copropri\u00e9t\u00e9, par baux emphyt\u00e9otiques Mekam Tabiegaing 6 lance l\u2019offre de sa pratique avec toutes les personnes int\u00e9ress\u00e9es. Par \u00ab\u00a0toutes les personnes int\u00e9ress\u00e9es\u00a0\u00bb, d\u2019un, il s\u2019agit aussi bien des personnes physiques que morales et, de deux, on n\u2019est pas oblig\u00e9 d\u2019\u00eatre d\u2019une des composantes de \u00ab\u00a0Les Mekam Tabiegaing\u00a0\u00bb pour se saisir de cette offre. Bien noter aussi qu\u2019avoir d\u00e9j\u00e0 un domaine foncier au si\u00e8ge social ou ailleurs ne constitue nullement une entrave pour se saisir de cette offre. Le processus de l\u2019offre se d\u00e9roule en quatre phases : Manifestations ; Classification de types de &hellip; <\/p>\n","protected":false},"author":4,"featured_media":0,"parent":0,"menu_order":0,"comment_status":"closed","ping_status":"closed","template":"","meta":{"_kadence_starter_templates_imported_post":false,"footnotes":""},"_links":{"self":[{"href":"https:\/\/kocke-237.de\/les-mekam-tabiegaing\/wp-json\/wp\/v2\/pages\/944"}],"collection":[{"href":"https:\/\/kocke-237.de\/les-mekam-tabiegaing\/wp-json\/wp\/v2\/pages"}],"about":[{"href":"https:\/\/kocke-237.de\/les-mekam-tabiegaing\/wp-json\/wp\/v2\/types\/page"}],"author":[{"embeddable":true,"href":"https:\/\/kocke-237.de\/les-mekam-tabiegaing\/wp-json\/wp\/v2\/users\/4"}],"replies":[{"embeddable":true,"href":"https:\/\/kocke-237.de\/les-mekam-tabiegaing\/wp-json\/wp\/v2\/comments?post=944"}],"version-history":[{"count":2,"href":"https:\/\/kocke-237.de\/les-mekam-tabiegaing\/wp-json\/wp\/v2\/pages\/944\/revisions"}],"predecessor-version":[{"id":946,"href":"https:\/\/kocke-237.de\/les-mekam-tabiegaing\/wp-json\/wp\/v2\/pages\/944\/revisions\/946"}],"wp:attachment":[{"href":"https:\/\/kocke-237.de\/les-mekam-tabiegaing\/wp-json\/wp\/v2\/media?parent=944"}],"curies":[{"name":"wp","href":"https:\/\/api.w.org\/{rel}","templated":true}]}}