{"id":948,"date":"2023-08-28T05:50:56","date_gmt":"2023-08-28T03:50:56","guid":{"rendered":"https:\/\/kocke-237.de\/les-mekam-tabiegaing\/?page_id=948"},"modified":"2023-08-30T15:35:07","modified_gmt":"2023-08-30T13:35:07","slug":"leitmotiv","status":"publish","type":"page","link":"https:\/\/kocke-237.de\/les-mekam-tabiegaing\/leitmotiv\/","title":{"rendered":"Leitmotiv"},"content":{"rendered":"\n<section>\n    <div style=\"background-color: #FDE9D9;color: #0070C0\" id=\"leitmotiv\">\n        <p style=\"text-align: center;background-color: yellow;font-size: 25px;font-weight: bold\">Leitmotiv de <a style=\"color: #0070C0\" href=\"#Cv\">Jean KOUAM<\/a> <a style=\"color: #0070C0\" href=\"https:\/\/kocke-237.de\/les-mekam-tabiegaing\/nos-textes\/#id-chap1-a1.1\">Mekam Tabiegaing 6<\/a>.<\/p>\n        <p id=\"leitmotivp1\">\n            Mieux socialiser, a toujours \u00e9t\u00e9 le r\u00eave de \u00ab\u00a0<a style=\"color: #0070C0\" href=\"#Cv\">Jean KOUAM<\/a> <a style=\"color: #0070C0\" href=\"https:\/\/kocke-237.de\/les-mekam-tabiegaing\/nos-textes\/#id-chap1-a1.1\">Mekam Tabiegaing<\/a> <a style=\"color: #0070C0\" href=\"#texte.p6\">6<\/a>\u00ab\u00a0. Son plus grand souhait, \n            est que tous les Hommes travaillent ensemble, pour leur \u00e9panouissement : sans distinction de langues ; d\u2019origines \n            g\u00e9ographiques ; de croyances religieuses ; de filiations.\n        <\/p>\n        <p id=\"leitmotivp2\">\n            Pour \u00e9tablir le pr\u00e9c\u00e9dent paragraphe, il faut dire non \u00e0 l\u2019<a style=\"color: #0070C0\" href=\"https:\/\/www.google.com\/search?q=obscurantisme+def&amp;oq=obscu&amp;aqs=chrome.4.69i57j0l4.25844j0j4&amp;client=ms-android-transsion-tecno-rev1&amp;sourceid=chrome-mobile&amp;ie=UTF-8\">obscurantisme<\/a> et, respecter les id\u00e9es <a style=\"color: #0070C0\" href=\"https:\/\/www.google.com\/search?q=pertinent+def&amp;oq=pertinent&amp;aqs=chrome.2.69i57j0l4.83119j1j4&amp;client=ms-android-transsion-tecno-rev1&amp;sourceid=chrome-mobile&amp;ie=UTF-8\">pertinentes<\/a> : instaurer le <a style=\"color: #0070C0\" href=\"https:\/\/kocke-237.de\/les-mekam-tabiegaing\/nos-textes\/#reglementchap2\">fonctionnement \n            par r\u00e9f\u00e9rences<\/a> et encourager au fil du temps, de successives <a style=\"color: #0070C0\" href=\"https:\/\/kocke-237.de\/les-mekam-tabiegaing\/nos-textes\/#chartet4a11\">mises \u00e0 jour<\/a>, d\u00e8s lors qu\u2019aucune \u0153uvre humaine n\u2019est parfaite.\n        <\/p>\n    <\/div>\n    <div style=\"background-color: #DAEEF3;color: #0070C0\">\n         <p id=\"membre\">\n            Jusqu\u2019\u00e0 la fin du r\u00e8gne de <a style=\"color: #0070C0\" href=\"https:\/\/kocke-237.de\/les-mekam-tabiegaing\/nos-textes\/#id-chap1-a1.1\">Mekam Tabiegaing<\/a> 5 et par la tradition orale, la qualit\u00e9 de Membre de \u00ab\u00a0<a style=\"color: #0070C0\" href=\"https:\/\/kocke-237.de\/les-mekam-tabiegaing\/#lg\">Les Mekam Tabiegaing<\/a>\u00a0\u00bb est rest\u00e9e floue. \n            On sait pertinemment que \u00ab\u00a0<a style=\"color: #0070C0\" href=\"https:\/\/kocke-237.de\/les-mekam-tabiegaing\/nos-textes\/#id-chap1-a1.2\">Les Mekam Tabiegaing<\/a>\u00a0\u00bb est une personne morale constitu\u00e9e de <a style=\"color: #0070C0\" href=\"https:\/\/kocke-237.de\/les-mekam-tabiegaing\/nos-textes\/#id-chap2-a2.1\">KOCKE<\/a> et toute sa descendance : ensemble compos\u00e9 de \n            plusieurs cha\u00eenes de familles \u00e9l\u00e9mentaires qui s\u2019allongent et se ramifient par descendances. Les pratiques en \u00ab\u00a0<a style=\"color: #0070C0\" href=\"https:\/\/kocke-237.de\/les-mekam-tabiegaing\/#lg\">Les Mekam Tabiegaing<\/a>\u00a0\u00bb d\u00e9notent \n            la pr\u00e9valence du patriarcat. Filiation qui s\u2019y concilie selon les cas soci\u00e9taux avec son oppos\u00e9 le matriarcat que, pour certains Membres de \n            \u00ab\u00a0<a style=\"color: #0070C0\" href=\"https:\/\/kocke-237.de\/les-mekam-tabiegaing\/#lg\">Les Mekam Tabiegaing<\/a>\u00a0\u00bb l&rsquo;intellection de filiations (patrilin\u00e9aire et matrilin\u00e9aire) reste penaude. <a style=\"color: #0070C0\" href=\"https:\/\/kocke-237.de\/les-mekam-tabiegaing\/nos-textes\/#id-chap1-a1.1\">Mekam Tabiegaing<\/a> <a style=\"color: #0070C0\" href=\"#texte.p6\">6<\/a> instaure la <a style=\"color: #0070C0\" href=\"https:\/\/kocke-237.de\/les-mekam-tabiegaing\/tds\/#tds\">tradition \n            de supports<\/a> et le <a style=\"color: #0070C0\" href=\"#cosmopolitisme\">cosmopolitisme<\/a>.\n        <\/p>\n        <p id=\"leitmotivp4\">\n            Il est important de comprendre dans le syst\u00e8me unilin\u00e9aire, les terminologies des deux filiations matriarcale et patriarcale qui la \n            composent : les Organisations ax\u00e9es sur la descendance sont complexes. Tout le monde y na\u00eet et y vit mais, d\u2019une Organisation \u00e0 \n            l\u2019autre (mouvements familiers \u00e0 tous) il est imp\u00e9ratif de ma\u00eetriser et d\u2019observer de conditions sp\u00e9cifiques. Discernant leurs \n            terminologies, il faut concilier les syst\u00e8mes de filiations et travailler pour leurs \u00e9rections optimales. <a style=\"color: #0070C0\" href=\"#social\">\u00c9pris du social<\/a>, \n            <a style=\"color: #0070C0\" href=\"https:\/\/kocke-237.de\/les-mekam-tabiegaing\/nos-textes\/#id-chap1-a1.1\">Mekam Tabiegaing<\/a> <a style=\"color: #0070C0\" href=\"#texte.p6\">6<\/a> en a fait son cheval de bataille dit \u00ab <a style=\"color: #0070C0\" href=\"#socialiser\">Mieux socialiser<\/a> \u00bb. \n        <\/p>\n        <p id=\"leitmotivp5\">\n            Estimant que la personne \u00ab\u00a0<a style=\"color: #0070C0\" href=\"https:\/\/kocke-237.de\/les-mekam-tabiegaing\/#lg\">Les Mekam Tabiegaing<\/a>\u00a0\u00bb sera tronqu\u00e9e en syst\u00e8me unilin\u00e9aire, <a style=\"color: #0070C0\" href=\"https:\/\/kocke-237.de\/les-mekam-tabiegaing\/nos-textes\/#id-chap1-a1.1\">Mekam Tabiegaing<\/a> <a style=\"color: #0070C0\" href=\"#texte.p6\">6<\/a> trouve \n            judicieux celui <a style=\"color: #0070C0\" href=\"#cosmopolitisme\">cosmopolitisme<\/a> qui affermi de conditions telles :\n        <\/p>\n        <p>\n            <\/p><ul style=\"background-color: yellow\">\n                <li id=\"leitmotivp5a\">Les \u00e9l\u00e9ments de sa composante se doivent assistance sociale ;<\/li>\n                <li id=\"leitmotivp5b\">Des biens, discernement \u00e0 chaque fois, de ses sortes : commune ou priv\u00e9e ;<\/li>\n                <li id=\"leitmotivp5c\">Des droits et devoirs, d\u00e9finir \u00e0 chaque fois, le champ : \u00e0 l\u2019individu, \u00e0 un groupe, \u00e0 toute la personne \u00ab\u00a0Les Mekam Tabiegaing\u00a0\u00bb.<\/li>\n            <\/ul>\n        <p><\/p>\n        <p id=\"histoire\">\n            Fond\u00e9e en 1781, la personne \u00ab\u00a0<a style=\"color: #0070C0\" href=\"https:\/\/kocke-237.de\/les-mekam-tabiegaing\/#lg\">Les Mekam Tabiegaing<\/a>\u00a0\u00bb au fil du temps engendre plusieurs cha\u00eenes de familles \u00e9l\u00e9mentaires, qui \n            s\u2019allongent et se ramifient. Essaim\u00e9es \u00e0 divers sites, ces familles s\u2019autonomisent. Avec le temps, ce ph\u00e9nom\u00e8ne d\u2019autonomie \n            s\u2019\u00e9tend aux familles g\u00e9ographiquement mitoyennes. \u00c0 l\u2019oral qui rendait d\u00e9j\u00e0 difficile l\u2019<a style=\"color: #0070C0\" href=\"https:\/\/www.google.com\/search?q=histoire&amp;oq=histoire&amp;aqs=chrome..69i57j0l4.17547j0j7&amp;client=ms-android-transsion-tecno-rev1&amp;sourceid=chrome-mobile&amp;ie=UTF-8\">histoire<\/a>, alors s\u2019ajoute l\u2019\u00e9go\u00efsme qui \n            risque de couper \u00e0 jamais les uns des autres. Nonobstant l\u2019oralit\u00e9 est ces autonomies qui menacent l\u2019union, diff\u00e9rentes \n            personnes aussi bien de son sein qu\u2019\u00e9trang\u00e8re \u00e0 elle, pour la propension de \u00ab\u00a0<a style=\"color: #0070C0\" href=\"https:\/\/kocke-237.de\/les-mekam-tabiegaing\/#lg\">Les Mekam Tabiegaing<\/a>\u00a0\u00bb se mettent ensemble : \n            tison \u00e0 entretenir pour rassembler le maximum de personnes aux fins du d\u00e9veloppement, aspiration de l\u2019Homme. Mission difficile \n            mais, il suffira qu\u2019en \u00ab\u00a0<a style=\"color: #0070C0\" href=\"https:\/\/kocke-237.de\/les-mekam-tabiegaing\/#lg\">Les Mekam Tabiegaing<\/a>\u00a0\u00bb les \u00e9l\u00e9ments de sa composante soient unis. L\u2019information doit \u00eatre disponible. \n            La formation doit pr\u00e9occuper. Les technologies doivent \u00eatre exploit\u00e9es.\n        <\/p>\n        <p id=\"leitmotivp7\">\n            Parlant du si\u00e8ge social de \u00ab\u00a0<a style=\"color: #0070C0\" href=\"https:\/\/kocke-237.de\/les-mekam-tabiegaing\/#lg\">Les Mekam Tabiegaing<\/a>\u00a0\u00bb en mati\u00e8re du domaine foncier, il faut dire qu\u2019aux \u00e9poques de \n            <a style=\"color: #0070C0\" href=\"https:\/\/kocke-237.de\/les-mekam-tabiegaing\/nos-textes\/#id-chap1-a1.1\">Mekam Tabiegaing<\/a> 1 et 2, tous les enfants majeurs quittaient la concession : la fille rejoignait son mari et, le gar\u00e7on s\u2019\u00e9tablissait \n            ailleurs sur son domaine foncier. Depuis <a style=\"color: #0070C0\" href=\"https:\/\/kocke-237.de\/les-mekam-tabiegaing\/nos-textes\/#id-chap1-a1.1\">Mekam Tabiegaing<\/a> 3, de plus en plus les enfants ont \u00e9t\u00e9 install\u00e9s dans la concession \n            de leurs parents. Mine de rien, le domaine foncier invite \u00e0 mettre en examen tout le social : impossible de s\u2019en d\u00e9rober. Tenir \n            qu\u2019il touche entre autres, syst\u00e8me de filiation ; d\u00e9but de la g\u00e9n\u00e9alogie ; succession ; gestion des biens et des Hommes ; \n            statut matrimonial ; taille de famille. Dans le contexte ci-dessus, la gestion des biens et des Hommes devient tout aussi \n            compliqu\u00e9e \u00e0 <a style=\"color: #0070C0\" href=\"https:\/\/kocke-237.de\/les-mekam-tabiegaing\/nos-textes\/#id-chap1-a1.1\">Mekam Tabiegaing<\/a> en poste qu\u2019\u00e0 chacun des enfants ou de leurs garants. C\u2019est ainsi que, \n            <a style=\"color: #0070C0\" href=\"https:\/\/kocke-237.de\/les-mekam-tabiegaing\/nos-textes\/#id-chap1-a1.1\">Mekam Tabiegaing<\/a> <a style=\"color: #0070C0\" href=\"#texte.p6\">6<\/a> croit que pour \u00e9viter de s\u2019engluer, courageusement, il faut :\n        <\/p>\n        <p>\n            <\/p><ul style=\"background-color: yellow\">\n                <li id=\"leitmotivp7a\">Collecter les id\u00e9es ;<\/li>\n                <li id=\"leitmotivp7b\">Rendre disponibles les id\u00e9es collect\u00e9es ;<\/li>\n                <li id=\"leitmotivp7c\">\u00c9laborer les textes ;<\/li>\n                <li id=\"leitmotivp7d\">Appliquer les textes.<\/li>\n            <\/ul>\n        <p><\/p>\n        <p id=\"pf-mt\">\n            D\u2019une part, <a style=\"color: #0070C0\" href=\"https:\/\/kocke-237.de\/les-mekam-tabiegaing\/nos-textes\/#id-chap1-a1.1\">Mekam Tabiegaing<\/a> <a style=\"color: #0070C0\" href=\"#texte.p6\">6<\/a> en domaine foncier ne tient compte que des parties sous son pouvoir au si\u00e8ge social de \n            \u00ab\u00a0<a style=\"color: #0070C0\" href=\"https:\/\/kocke-237.de\/les-mekam-tabiegaing\/#lg\">Les Mekam Tabiegaing<\/a>\u00ab\u00a0. Il envisage de commencer les choses par <a style=\"color: #0070C0\" href=\"#recensement\">recenser<\/a> les adh\u00e9rents \u00e0 sa <a style=\"color: #0070C0\" href=\"#politique\">politique<\/a> et \n            par <a style=\"color: #0070C0\" href=\"https:\/\/kocke-237.de\/les-mekam-tabiegaing\/nos-textes\/#reglementchap2\">baliser l\u2019expression<\/a> de l\u2019adh\u00e9rent. Le reste sera au fil du temps fait de participations d\u2019adh\u00e9rents que <a style=\"color: #0070C0\" href=\"https:\/\/kocke-237.de\/les-mekam-tabiegaing\/nos-textes\/#id-chap1-a1.1\">Mekam Tabiegaing<\/a> en poste en \n            est un.\n        <\/p> \n        <p id=\"leitmotivp9\">\n            D\u2019autre part, au terme Membre en \u00ab\u00a0<a style=\"color: #0070C0\" href=\"https:\/\/kocke-237.de\/les-mekam-tabiegaing\/#lg\">Les Mekam Tabiegaing<\/a>\u00ab\u00a0, son Patriarche num\u00e9ro <a style=\"color: #0070C0\" href=\"#texte.p6\">6<\/a> apporte les vocables \u00ab\u00a0Composantes\u00a0\u00bb et \u00ab\u00a0Adh\u00e9rent\u00a0\u00bb. \n            Caract\u00e9ris\u00e9 par un matricule, l\u2019adh\u00e9rent est le reflet de ses <a style=\"color: #0070C0\" href=\"https:\/\/kocke-237.de\/les-mekam-tabiegaing\/nos-textes\/#reglementchap2a2.1\">publications<\/a>. L\u2019adh\u00e9rent peut \u00eatre une personne physique ou morale \n            et, peut ne pas \u00eatre Membre de \u00ab\u00a0<a style=\"color: #0070C0\" href=\"https:\/\/kocke-237.de\/les-mekam-tabiegaing\/#lg\">Les Mekam Tabiegaing<\/a>\u00ab\u00a0. Membres et adh\u00e9rents constituent les composantes de \n            \u00ab\u00a0<a style=\"color: #0070C0\" href=\"https:\/\/kocke-237.de\/les-mekam-tabiegaing\/#lg\">Les Mekam Tabiegaing<\/a>\u00ab\u00a0, cat\u00e9goris\u00e9s en deux classes d\u00e9nomm\u00e9es \u00ab\u00a0Principale\u00a0\u00bb et \u00ab\u00a0\u00c0 charge\u00a0\u00bb, telles ci-dessous :\n        <\/p>\n        <p>\n            <\/p><ul style=\"background-color: yellow\">\n                <li id=\"leitmotivp9a\"><b>Principale<\/b> comprenant deux typologies : individu majeur et personne morale ;<\/li>\n                <li id=\"leitmotivp9b\"><b>\u00c0 charge<\/b> ou typologie de mineurs.<\/li>\n            <\/ul>\n        <p><\/p>\n        <p id=\"recensement\">\n            Une personne morale ne peut se d\u00e9rober de la <a style=\"color: #0070C0\" href=\"https:\/\/www.google.com\/search?q=conjoncture&amp;oq=clnj&amp;aqs=chrome.4.69i57j0l4.13069j0j4&amp;client=ms-android-transsion-tecno-rev1&amp;sourceid=chrome-mobile&amp;ie=UTF-8\">conjoncture<\/a> : \u00e9tude de l\u2019\u00e9volution prochaine des \n            \u00e9v\u00e8nements (<a style=\"color: #0070C0\" href=\"https:\/\/www.google.com\/search?q=economie&amp;oq=econo&amp;aqs=chrome.0.0j69i57j0l3.26469j0j4&amp;client=ms-android-transsion-tecno-rev1&amp;sourceid=chrome-mobile&amp;ie=UTF-8\">\u00e9conomie<\/a>, <a style=\"color: #0070C0\" href=\"https:\/\/www.google.com\/search?q=soci%C3%A9t%C3%A9&amp;oq=soci&amp;aqs=chrome.3.69i57j0l4.6884j0j4&amp;client=ms-android-transsion-tecno-rev1&amp;sourceid=chrome-mobile&amp;ie=UTF-8\">soci\u00e9t\u00e9<\/a>, <a style=\"color: #0070C0\" href=\"https:\/\/www.google.com\/search?q=politique&amp;oq=poli&amp;aqs=chrome.1.69i57j0l3j69i60.3998j0j4&amp;client=ms-android-transsion-tecno-rev1&amp;sourceid=chrome-mobile&amp;ie=UTF-8\">politique<\/a>, et <a style=\"color: #0070C0\" href=\"https:\/\/www.google.com\/search?q=d%C3%A9mographie&amp;oq=demogr&amp;aqs=chrome.1.69i57j0l4.10081j1j4&amp;client=ms-android-transsion-tecno-rev1&amp;sourceid=chrome-mobile&amp;ie=UTF-8\">d\u00e9mographie<\/a>). Pour mieux s\u2019\u00e9panouir, chaque personne morale doit tenir \u00e0 jour des \n            donn\u00e9es sur sa <a style=\"color: #0070C0\" href=\"https:\/\/www.google.com\/search?q=conjoncture&amp;oq=clnj&amp;aqs=chrome.4.69i57j0l4.13069j0j4&amp;client=ms-android-transsion-tecno-rev1&amp;sourceid=chrome-mobile&amp;ie=UTF-8\">conjoncture<\/a> et disposer d\u2019un syst\u00e8me d\u2019analyse de ses \u00e9l\u00e9ments. Il faut faire avec l\u2019\u00e9volution de la science et \n            des cultures. R\u00e9solument, au vu de ce qui vient de se dire, d\u00e9coulent les sept \u00e9vidences ci-dessous :\n        <\/p>\n        <p>\n            <\/p><ol style=\"background-color: yellow\">\n                <li id=\"recensement1\">\n                    Se faire recenser comme adh\u00e9rent(e) concerne les typologies de la classe principale. \u00c0 travers elles, les mineurs \u00e0 charge sont \u00e0 chaque fois recens\u00e9s ;\n                <\/li>\n                <li id=\"recensement2\">\n                    Impossible de r\u00e9aliser un recensement syst\u00e9matique puisque librement, chaque adh\u00e9rent de la classe principale doit se manifester pour \u00eatre recens\u00e9 ;\n                <\/li>\n                <li id=\"recensement3\">\n                    \u00c0 l\u2019\u00e2ge majeur l\u2019ex mineur(e) [peu importe si pris(e) ou pas en compte dans le recensement] reste qualifi\u00e9(e) pour acc\u00e9der \u00e0 la classe principale : est libre de se faire recenser ou pas ;\n                <\/li>\n                <li id=\"recensement4\">\n                    L\u2019adh\u00e9rent recens\u00e9 de la classe principale, peut \u00e0 tout moment d\u00e9missionner, ce automatiquement avec les mineurs \u00e0 sa charge ;\n                <\/li>\n                <li id=\"recensement5\">\n                    L\u2019adh\u00e9rent recens\u00e9 de la classe principale, peut \u00e0 tout moment \u00eatre \u00e9lagu\u00e9, ce automatiquement avec les mineurs \u00e0 sa charge ;\n                <\/li>\n                <li id=\"recensement6\">\n                    L\u2019adh\u00e9rent de la classe principale qui a d\u00e9missionn\u00e9, ou qui a \u00e9t\u00e9 \u00e9lagu\u00e9, peut toujours en cas de conditions requises, \u00eatre encore recens\u00e9, ce automatiquement avec les mineurs \u00e0 sa charge ;\n                <\/li>\n                <li id=\"recensement7\">\n                    \u00c0 chaque modification de donn\u00e9es de recensement, une mise \u00e0 jour doit \u00eatre faite, et rendue disponible.\n                <\/li>\n            <\/ol>\n        <p><\/p>\n        <p id=\"rejet\">\n            Pour un Membre Mekam Tabiegaing, refuser de se faire recenser en \u00ab\u00a0<a style=\"color: #0070C0\" href=\"https:\/\/kocke-237.de\/les-mekam-tabiegaing\/#lg\">Les Mekam Tabiegaing<\/a>\u00ab\u00a0, c\u2019est implicitement \n            se constituer comme d\u00e9but d\u2019une g\u00e9n\u00e9alogie. Pri\u00e8re \u00e0 tout Membre ou groupe de Membres qui refuse de se faire recenser, \n            d\u2019instruire sur sa voie : communiquer aux fins des r\u00e8gles qui diff\u00e9rentient de leurs qualit\u00e9s et r\u00e9sultats, les niveaux de \n            cultures.\n        <\/p>\n        <p id=\"leitmotivp12\">\n            En la voie de <a style=\"color: #0070C0\" href=\"https:\/\/kocke-237.de\/les-mekam-tabiegaing\/nos-textes\/#id-chap1-a1.1\">Mekam Tabiegaing<\/a> <a style=\"color: #0070C0\" href=\"#texte.p6\">6<\/a>, pour poser des probl\u00e8mes ; \u00e9changer les points de vues ; et \u00e9noncer les arrangements, les cadres suivants sont pr\u00e9conis\u00e9s : \n            Intervention en <a style=\"color: #0070C0\" href=\"https:\/\/kocke-237.de\/les-mekam-tabiegaing\/nos-textes\/#reglementchap2\">TMT ; JOMT ; SMT ; et, AG extraordinaire<\/a>.\n        <\/p>\n    <\/div>\n<\/section>\n","protected":false},"excerpt":{"rendered":"<p>Leitmotiv de Jean KOUAM Mekam Tabiegaing 6. Mieux socialiser, a toujours \u00e9t\u00e9 le r\u00eave de \u00ab\u00a0Jean KOUAM Mekam Tabiegaing 6\u00ab\u00a0. Son plus grand souhait, est que tous les Hommes travaillent ensemble, pour leur \u00e9panouissement : sans distinction de langues ; d\u2019origines g\u00e9ographiques ; de croyances religieuses ; de filiations. Pour \u00e9tablir le pr\u00e9c\u00e9dent paragraphe, il faut dire non \u00e0 l\u2019obscurantisme et, respecter les id\u00e9es pertinentes : instaurer le fonctionnement par r\u00e9f\u00e9rences et encourager au fil du temps, de successives mises \u00e0 jour, d\u00e8s lors qu\u2019aucune \u0153uvre humaine n\u2019est parfaite. Jusqu\u2019\u00e0 la fin du r\u00e8gne de Mekam Tabiegaing 5 et par &hellip; <\/p>\n","protected":false},"author":4,"featured_media":0,"parent":0,"menu_order":0,"comment_status":"closed","ping_status":"closed","template":"","meta":{"_kadence_starter_templates_imported_post":false,"footnotes":""},"_links":{"self":[{"href":"https:\/\/kocke-237.de\/les-mekam-tabiegaing\/wp-json\/wp\/v2\/pages\/948"}],"collection":[{"href":"https:\/\/kocke-237.de\/les-mekam-tabiegaing\/wp-json\/wp\/v2\/pages"}],"about":[{"href":"https:\/\/kocke-237.de\/les-mekam-tabiegaing\/wp-json\/wp\/v2\/types\/page"}],"author":[{"embeddable":true,"href":"https:\/\/kocke-237.de\/les-mekam-tabiegaing\/wp-json\/wp\/v2\/users\/4"}],"replies":[{"embeddable":true,"href":"https:\/\/kocke-237.de\/les-mekam-tabiegaing\/wp-json\/wp\/v2\/comments?post=948"}],"version-history":[{"count":3,"href":"https:\/\/kocke-237.de\/les-mekam-tabiegaing\/wp-json\/wp\/v2\/pages\/948\/revisions"}],"predecessor-version":[{"id":960,"href":"https:\/\/kocke-237.de\/les-mekam-tabiegaing\/wp-json\/wp\/v2\/pages\/948\/revisions\/960"}],"wp:attachment":[{"href":"https:\/\/kocke-237.de\/les-mekam-tabiegaing\/wp-json\/wp\/v2\/media?parent=948"}],"curies":[{"name":"wp","href":"https:\/\/api.w.org\/{rel}","templated":true}]}}