{"id":178,"date":"2023-07-25T05:32:38","date_gmt":"2023-07-25T03:32:38","guid":{"rendered":"https:\/\/kocke-237.de\/udb\/?page_id=178"},"modified":"2023-07-25T05:32:58","modified_gmt":"2023-07-25T03:32:58","slug":"loi-90-053","status":"publish","type":"page","link":"https:\/\/kocke-237.de\/udb\/loi-90-053\/","title":{"rendered":"Loi 90\/053"},"content":{"rendered":"\n<section style=\"margin: 15 auto;width: 95%\">\n    <div id=\"titre\">\n        <h3 style=\"text-align: center\">LIBERTE D\u02bcASSOCIATION  <br> LOI N\u00b0 90\/053 DU 19 DECEMBRE 1990<\/h3>\n    <\/div>\n    <div id=\"titre1\">\n        <h3 style=\"text-align: center\"><u>TITRE I  <br> DISPOSITIONS GENERALES<\/u><\/h3>\n    <\/div>\n    <div>\n        <p id=\"a1\">\n            <b><u>Article 1er<\/u><\/b> &#8211; La libert\u00e9 d\u02bcassociation proclam\u00e9e par le pr\u00e9ambule de la Constitution est r\u00e9gie par les dispositions de la pr\u00e9sente loi. <br>\n            <b>(2)<\/b> Elle est la facult\u00e9 de cr\u00e9er une association, d\u02bcy adh\u00e9rer ou de ne pas y adh\u00e9rer. <br>\n            <b>(3)<\/b> Elle est reconnue \u00e0 toute personne physique ou morale sur l\u02bcensemble du territoire national.\n        <\/p>\n        <p id=\"a2\">\n            <b><u>Art 2<\/u><\/b> &#8211; L\u02bcassociation est la convention par laquelle des personnes mettent en commun leurs connaissances ou leurs activit\u00e9s dans un but autre que de partager des b\u00e9n\u00e9fices.\n        <\/p>\n        <p id=\"a3\">\n            <b><u>Art 3<\/u><\/b> &#8211; Tout membre d\u02bcune association peut s\u02bcen retirer \u00e0 tout moment apr\u00e8s paiement des cotisations \u00e9chues de l\u02bcann\u00e9e en cours. \n        <\/p>\n        <p id=\"a4\">\n            <b><u>Art 4<\/u><\/b> &#8211;  Les associations fond\u00e9es sur  une cause ou en vue d\u02bcun objet contraires \u00e0 la Constitution, aux lois et aux bonnes m\u0153urs, ainsi que celles qui auraient pour but de porter atteinte notamment \u00e0 la s\u00e9curit\u00e9, \u00e0 l\u02bcint\u00e9grit\u00e9 territoriale, \u00e0 l\u02bcunit\u00e9 nationale, \u00e0 l\u02bcint\u00e9gration nationale et \u00e0 la forme r\u00e9publicaine de l\u02bcEtat sont nulles et de nul effet.\n        <\/p>\n        <p id=\"a5\">\n            <b><u>Art 5<\/u><\/b> &#8211;  (1) Les associations ob\u00e9issent \u00e0 deux r\u00e9gimes : <br> &#8211; le r\u00e9gime de la d\u00e9claration ; <br> &#8211; le r\u00e9gime de l\u02bcautorisation. <br><br>\n            <b>(2)<\/b> Rel\u00e8vent du r\u00e9gime de l\u02bcautorisation, les associations \u00e9trang\u00e8res et les associations religieuses. <br><br>\n            <b>(3)<\/b> Toutes les autres formes d\u02bcassociations sont soumises au r\u00e9gime de la d\u00e9claration. Toutefois, les r\u00e9gimes pr\u00e9vus \u00e0 l\u02bcalin\u00e9a premier ci-dessus ne s\u02bcapplique pas aux associations de fait d\u02bcint\u00e9r\u00eat \u00e9conomique ou socio culturel. <br><br>\n            <b>(4)<\/b> Les parties politiques et les syndicats sont r\u00e9gis par des textes particuliers.\n        <\/p>\n    <\/div>\n    <div id=\"titre2\">\n        <h3 style=\"text-align: center\"><u>TITRE II  <br> DU REGIME DES ASSOCIATIONS DECLAREES<\/u><\/h3>\n    <\/div>\n    <div id=\"titre2-chap1\">\n        <h3 style=\"text-align: center\"><u>CHAPITRE I   <br> DE LA CREATION<\/u><\/h3>\n    <\/div>\n    <div>\n        <p id=\"a6\">\n            <b><u>Art 6<\/u><\/b> &#8211; sous r\u00e9serve des cas de nullit\u00e9 pr\u00e9vus \u00e0 l\u02bcarticle 4 ci-dessus, les associations se cr\u00e9ent librement. Toutefois, elles n\u02bcacqui\u00e8rent de personnalit\u00e9s juridiques que si elles ont fait l\u02bcobjet dune d\u00e9claration accompagn\u00e9e de deux exemplaires de leur statut.\n        <\/p>\n        <p id=\"a7\">\n            <b><u>Art 7<\/u><\/b> &#8211;  <b>(1)<\/b>&#8211; La d\u00e9claration pr\u00e9vue \u00e0 l\u02bcarticle pr\u00e9c\u00e9dent est faite par les fondateurs de l\u02bcassociation \u00e0 la pr\u00e9fecture du d\u00e9partement o\u00f9 celle-ci a son si\u00e8ge. Un r\u00e9c\u00e9piss\u00e9 leur est d\u00e9livr\u00e9 des que le dossier est complet si l\u02bcassociation n\u02bcest pas frapp\u00e9e de nullit\u00e9. <br><br>\n            <b>(2)<\/b>&#8211; La d\u00e9claration indique le titre, l\u02bcobjet, le si\u00e8ge de l\u02bcassociation ainsi que les noms, professions et domiciles de ceux qui, \u00e0 un titre quelconque, sont charg\u00e9s e son administration ou de sa <br>\n            Toute modification ou changement dans ces \u00e9l\u00e9ment doit \u00eatre port\u00e9 dans les deux mois \u00e0 la connaissance du pr\u00e9fet. <br><br>\n            <b>(3)<\/b>&#8211; Le silence du pr\u00e9fet gard\u00e9 pendant deux mois apr\u00e8s le d\u00e9p\u00f4t du dossier de d\u00e9claration vaut acceptation et emporte acquisition de la personnalit\u00e9 juridique.\n        <\/p>\n        <p id=\"a8\">\n            <b><u>Art 8<\/u><\/b> &#8211; Toute personne a le droit de prendre connaissance sur place \u00e0 la pr\u00e9fecture, des d\u00e9clarations et statuts ainsi que des changement intervenus dans l\u02bcadministration d\u02bcune association. Elle peut s\u02bcen faire d\u00e9livrer, \u00e0 ses frais, copies et extraits.\n        <\/p>\n    <\/div>\n    <div id=\"titre2-chap2\">\n        <h3 style=\"text-align: center\"><u>CHAPITRE II   <br> DU FONCTIONNEMENT<\/u><\/h3>\n    <\/div>\n    <div>\n        <p id=\"a9\">\n            <b><u>Art 9<\/u><\/b> &#8211; Les associations s\u02bcadministrent librement dans le respect de leurs statuts et de la l\u00e9gislation en vigueur.\n        <\/p>\n        <p id=\"a10\">\n            <b><u>Art 10<\/u><\/b> &#8211; <b>(1)<\/b> Toute association d\u00e9clar\u00e9e dans les conditions pr\u00e9vues par la pr\u00e9sente loi peut librement : <br> <b>&#8211;<\/b> ester en justice ; <br> <b>&#8211;<\/b> g\u00e9rer et disposer des sommes provenant des cotisations ; <br> <b>&#8211;<\/b> acqu\u00e9rir \u00e0 titre on\u00e9reux et poss\u00e9der : <br> <b>a)<\/b> le local destin\u00e9 \u00e0 son administration et aux r\u00e9unions de ses membres ; <br> <b>b)<\/b> les immeubles n\u00e9cessaires \u00e0 l\u02bcaccomplissement du but qu\u02bcelle poursuit. <br><br>\n            (2) Les valeurs mobili\u00e8res de toute association doivent \u00eatre plac\u00e9es en titres nominatifs.\n        <\/p>\n        <p id=\"a11\">\n            <b><u>Art 11<\/u><\/b> &#8211; Hormis les associations reconnues d\u02bcutilit\u00e9 publique, aucune association d\u00e9clar\u00e9e ne peut recevoir ni subventions des personnes publiques, ni dons et legs des personnes priv\u00e9es.\n        <\/p>\n    <\/div>\n    <div id=\"titre2-chap3\">\n        <h3 style=\"text-align: center\"><u>CHAPITRE III   <br>  DE LA DISSOLUTION<\/u><\/h3>\n    <\/div>\n    <div>\n        <p id=\"a12\">\n            <b><u>Art 12<\/u><\/b> &#8211; Les associations peuvent \u00eatre dissoutes : <br>\n            &#8211; par la volont\u00e9 de leurs membres conform\u00e9ment aux statuts, <br>\n            &#8211; par d\u00e9cision judiciaire \u00e0 la diligence du minist\u00e8re Public ou \u00e0 la requ\u00eate de tout int\u00e9ress\u00e9 en cas de nullit\u00e9 pr\u00e9vue \u00e0 l\u02bcarticle 4 ci-dessus. Le jugement ordonnant la fermeture des locaux et\/ou l\u02bcinterdiction de toute r\u00e9union des membres de l\u02bcassociation est ex\u00e9cutoire nonobstant toute voie de recours.\n        <\/p>\n        <p id=\"a13\">\n            <b><u>Art 13<\/u><\/b> &#8211; <b>(1)<\/b> Le ministre charg\u00e9 de l\u02bcAdministration territoriale peut, sur proposition motiv\u00e9e du pr\u00e9fet, suspendre par arr\u00eat\u00e9, pour un d\u00e9lai maximum de trois (3) mois, l\u02bcactivit\u00e9 de toute association pour troubles \u00e0 l\u02bcordre public. <br><br>\n            <b>(2)<\/b> Le ministre charg\u00e9 de l\u02bcAdministration territoriale peut \u00e9galement, par arr\u00eat\u00e9, dissoudre toute association qui s\u02bc\u00e9carte de son objet et dont les activit\u00e9s porte gravement atteinte \u00e0 l\u02bcordre public et \u00e0 la s\u00e9curit\u00e9 de l\u02bcEtat. <br><br>\n            <b>(3)<\/b> Par d\u00e9rogation \u00e0 l\u02bcarticle 12 de l\u02bcordonnance n\u00b072\/6 du 26 ao\u00fbt 1972 fixant l\u02bcorganisation de la Cour supr\u00eame, les actes pr\u00e9vus aux alin\u00e9as 1 et 2 ci-dessus sont susceptible de recours, sur simple requ\u00eate, devant le pr\u00e9sident de la juridiction administrative. <br>\n            Ce recours doit intervenir dans un d\u00e9lai de (10) jours \u00e0 compter de la date de notification \u00e0 personne ou \u00e0 domicile. <br>\n            Le pr\u00e9sent statue par ordonnance dans un d\u00e9lai de dix (10) jours. <br><br>\n            <b>(4)<\/b> L\u02bcexercice des voies de recours n\u02bca pas d\u02bceffet suspensif.\n        <\/p>\n        <p id=\"a14\">\n            <b><u>Art 14<\/u><\/b> &#8211; La dissolution d\u02bcune association ne fait pas obstacle aux poursuites judiciaires qui peuvent \u00e9ventuellement \u00eatre engag\u00e9es contre les responsables de cette association.\n        <\/p>\n    <\/div>\n    <div id=\"titre3\">\n        <h3 style=\"text-align: center\"><u>TITRE III   <br>  DU REGIME DES ASSOCIATIONS  AUTORISEES<\/u><\/h3>\n    <\/div>\n    <div id=\"titre3-chap4\">\n        <h3 style=\"text-align: center\"><u>CHAPITRE IV   <br>  DES ASSIATIONS ETRANGERES<\/u><\/h3>\n    <\/div>\n    <div>\n        <p id=\"a15\">\n            <b><u>Art 15<\/u><\/b> &#8211; Sont r\u00e9put\u00e9s associations \u00e9trang\u00e8res, quelle que soit la forme sous laquelle ils peuvent se pr\u00e9senter, les groupements poss\u00e9dant les caract\u00e9ristiques d\u02bcune association, qui ont leur si\u00e8ge \u00e0 l\u02bc\u00e9tranger ou qui, ayant leur si\u00e8ge au Cameroun, sont dirig\u00e9s en fait par des \u00e9trangers ou dont plus de la moiti\u00e9 des membres sont des \u00e9trangers.\n            <br> <b>(2)<\/b> Les valeurs mobili\u00e8res de toute association doivent \u00eatre plac\u00e9es en titres nominatifs.\n        <\/p>\n        <p id=\"a16\">\n            <b><u>Art 16<\/u><\/b> &#8211;  <b>(1)<\/b> Les associations \u00e9trang\u00e8res ne peuvent exercer aucune activit\u00e9 sur le territoire sans autorisation pr\u00e9alable du ministre charg\u00e9 de l\u02bcAdministration territoriale apr\u00e8s avis conforme du ministre charg\u00e9 des Relations ext\u00e9rieures. <br><br>\n            <b>(2)<\/b> La demande d\u02bcautorisation d\u02bcexercer qui est introduite au minist\u00e8re charg\u00e9 des Relations ext\u00e9rieures par les fondateurs ou les mandataires d\u02bcune association \u00e9trang\u00e8re doit sp\u00e9cifier les activit\u00e9s \u00e0 mener, les lieux d\u02bcimplication au Cameroun, les noms, profession et domicile de ceux qui, \u00e0 un titre quelconque, sont charg\u00e9s de la direction de ces activit\u00e9s. <br><br>\n            <b>(3)<\/b> (3) Les associations \u00e9trang\u00e8res ne peuvent avoir des \u00e9tablissements au Cameroun qu\u02bcen vertu d\u02bcune autorisation distincte pour chacun de ces \u00e9tablissements. <br><br>\n            La demande d\u02bcautorisation pour tout nouvel \u00e9tablissement est adress\u00e9e au ministre charg\u00e9 des Relations ext\u00e9rieures qui, apr\u00e8s avis, la transmet au ministre charg\u00e9 de l\u02bcAdministration territoriale.\n        <\/p>\n        <p id=\"a17\">\n            <b><u>Art 17<\/u><\/b> &#8211;  <b>(1)<\/b> L\u02bcautorisation peut \u00eatre accord\u00e9e \u00e0 titre temporaire ou soumise \u00e0 un renouvellement p\u00e9riodique. <br><br>\n            <b>(2)<\/b> Elle peut \u00eatre subordonn\u00e9e \u00e0 certaines conditions  <br><br>\n            <b>(3)<\/b> Elle peut \u00eatre retir\u00e9e \u00e0 tout moment. <br> <br>\n            <b>(4)<\/b> Les associations \u00e9trang\u00e8res auxquelles l\u02bcautorisation est refus\u00e9e ou retir\u00e9e doivent cesser imm\u00e9diatement leurs activit\u00e9s et proc\u00e9der \u00e0 la liquidation de leurs biens dans le d\u00e9lai de trois (3) mois \u00e0 compter de la date de notification de la d\u00e9cision.\n            <b>(5)<\/b>En aucun cas, le retrait d\u02bcune autorisation ne peut donner lieu \u00e0 dommages int\u00e9r\u00eats. \n        <\/p>\n        <p id=\"a18\">\n            <b><u>Art 18<\/u><\/b> &#8211; Les pr\u00e9fets peuvent, \u00e0 tout moment, inviter les dirigeants de tout groupement ou de tout \u00e9tablissement fonctionnant dans leur d\u00e9partement \u00e0 fournir par \u00e9crit, dans le d\u00e9lai de quinze jours, tous  renseignements de nature \u00e0 d\u00e9terminer le si\u00e8ge auquel ils se rattachent, leur objet, la nationalit\u00e9 de leurs membres, de leurs administrateurs ou de leurs dirigeants effectifs.\n        <\/p>\n        <p id=\"a19\">\n            <b><u>Art 19<\/u><\/b> &#8211; Les associations \u00e9trang\u00e8res, quelle que soit la forme sous laquelle elles se pr\u00e9sentent, qui ne demandent pas l\u02bcautorisation dans les conditions fix\u00e9es cidessus, sont nulles de plein droit.\n        <\/p>\n        <p id=\"a20\">\n            <b><u>Art 20<\/u><\/b> &#8211; <b>(1)<\/b> sont punis d\u02bcun emprisonnement de quinze jours \u00e0 six mois et d\u02bcune amende de 100.000 \u00e0 1.000.000 de F ou de l\u02bcune de ces deux peines seulement ceux qui, \u00e0 un titre quelconque, assument ou continent d\u02bcassumer l\u02bcadministration d\u02bcassociations \u00e9trang\u00e8res ou d\u02bc\u00e9tablissements fonctionnant sans autorisation. <br><br>\n            <b>(2)<\/b> Sont punis d\u02bcun emprisonnement de dix jours \u00e0 trois mois et d\u02bcune amende de 50.000 \u00e0 500.000 F ou de l\u02bcune de ces deux peines seulement les autres personnes qui participent au fonctionnement de ces associations ou de leurs \u00e9tablissements. <br><br>\n            <b>(3)<\/b> Les peines de l\u02bcalin\u00e9a 2 ci-dessus sont applicables aux dirigeants, administrateurs et participants \u00e0 l\u02bcactivit\u00e9 d\u02bcassociations ou d\u02bc\u00e9tablissements qui fonctionnent sans observer les conditions impos\u00e9es par l\u02bcarr\u00eat\u00e9 d\u02bcautorisation au \u2013del\u00e0 de la dur\u00e9e fix\u00e9e par ce dernier.\n        <\/p>\n        <p id=\"a21\">\n            <b><u>Art 21<\/u><\/b> &#8211;  Les associations \u00e9trang\u00e8res peuvent \u00eatre reconnues d\u02bcutilit\u00e9 publique.\n        <\/p>\n    <\/div>\n    <div id=\"titre3-chap5\">\n        <h3 style=\"text-align: center\"><u>CHAPITRE V   <br>  DES ASSOCIATIONS RELIGIEUSES<\/u><\/h3>\n    <\/div>\n    <div>\n        <p id=\"a22\">\n            <b><u>Art 22<\/u><\/b> &#8211; Est consid\u00e9r\u00e9e comme association religieuse : <br><br>\n            &#8211; tout groupement de personnes physique ou morales ayant pour vocation de rendre hommage \u00e0 une divinit\u00e9 : <br>\n            &#8211; tout groupement de personnes vivant en communaut\u00e9 conform\u00e9ment \u00e0 une doctrine religieuse. \n        <\/p>\n        <p id=\"a23\">\n            <b><u>Art 23<\/u><\/b> &#8211;  Toute association religieuse doit \u00eatre autoris\u00e9e. Il en est de m\u00eame de tout \u00e9tablissement congr\u00e9ganiste. \n        <\/p>\n        <p id=\"a24\">\n            <b><u>Art 24<\/u><\/b> &#8211; L\u02bcautorisation d\u02bcune association religieuse ou d\u02bcun \u00e9tablissement congr\u00e9ganiste est prononc\u00e9e par d\u00e9cret du pr\u00e9sident de la R\u00e9publique, apr\u00e8s avis motiv\u00e9 du ministre charg\u00e9 de l\u02bcAdministration territoriale.\n        <\/p>\n        <p id=\"a25\">\n            <b><u>Art 25<\/u><\/b> &#8211;  <b>(1)<\/b> Les associations religieuses ne peuvent recevoir de subventions publiques ou de dons et legs immobiliers. <br><br>\n            <b>(2)<\/b> Toutefois, elles peuvent recevoir les dons et legs immobiliers n\u00e9cessaires \u00e0 l\u02bcexercice de leurs activit\u00e9s.\n        <\/p>\n        <p id=\"a26\">\n            <b><u>Art 26<\/u><\/b> &#8211;  Les associations religieuses tiennent un \u00e9tat de leurs recettes et d\u00e9penses et dressent chaque ann\u00e9e, le compte financier de l\u02bcann\u00e9e \u00e9coul\u00e9e et l\u02bc\u00e9tat d\u02bcinventaire de leurs biens meubles et immeubles.\n        <\/p>\n        <p id=\"a27\">\n            <b><u>Art 27<\/u><\/b> &#8211;  Les responsables des associations religieuses sont tenus de pr\u00e9senter sur r\u00e9quisition du ministre charg\u00e9 de l\u02bcAdministration territoriale ou de son d\u00e9l\u00e9gu\u00e9, les comptes et \u00e9tats vis\u00e9s \u00e0 l\u02bcarticle pr\u00e9c\u00e9dent ainsi que les listes compl\u00e8tes de leurs membres dirigeants.\n        <\/p>\n        <p id=\"a28\">\n            <b><u>Art 28<\/u><\/b> &#8211;  <b>(1)<\/b> Sont nuls tous actes de donations entre vifs ou testamentaires, \u00e0 titre on\u00e9reux ou gratuit, accomplis soit directement, soit par personne interpos\u00e9e ou par toute voie indirecte ayant pour objet de permettre aux associations religieuses l\u00e9galement ou ill\u00e9galement fond\u00e9es de se soustraire aux obligations de l\u02bcarticle 27 ci-dessus. <br><br>\n            <b>(2)<\/b> Cette nullit\u00e9 sera constat\u00e9e soit \u00e0 la diligence du minist\u00e8re public sur d\u00e9nonciation du ministre charg\u00e9 de l\u02bcAdministration territoriale ou de son d\u00e9l\u00e9gu\u00e9, soit \u00e0 la requ\u00eate de tout int\u00e9ress\u00e9.\n        <\/p>\n        <p id=\"a29\">\n            <b><u>Art 29<\/u><\/b> &#8211;  Sont punis des peines pr\u00e9vues aux articles 314 et 129 du Code p\u00e9nal les repr\u00e9sentants ou directeurs d\u02bcune association religieuse qui ont fait des fausses communications ou refus\u00e9 d\u02bcobtemp\u00e9rer aux r\u00e9quisitions du ministre charg\u00e9 de l\u02bcAdministration territoriale ou de son d\u00e9l\u00e9gu\u00e9 dans le cadre des dispositions de l\u02bcarticle 27 ci-dessus.\n        <\/p>\n        <p id=\"a30\">\n            <b><u>Art 30<\/u><\/b> &#8211;  Toute association religieuse peut \u00eatre suspendue par arr\u00eat\u00e9 du ministre charg\u00e9 de l\u02bcAdministration territoriale pour troubles \u00e0 l\u02bcordre public. Code suspension ob\u00e9it aux dispositions de l\u02bcarticle 13 ci-dessus.\n        <\/p>\n        <p id=\"a31\">\n            <b><u>Art 31<\/u><\/b> &#8211;  Toute association religieuse d\u00fbment autoris\u00e9e dont l\u02bcobjet initial est par la suite d\u00e9vi\u00e9 peut \u00eatre dissoute apr\u00e8s pr\u00e9avis de deux mois rest\u00e9 sans effet par d\u00e9cret du pr\u00e9sident de la R\u00e9publique.\n        <\/p>\n    <\/div>\n    <div id=\"titre4\">\n        <h3 style=\"text-align: center\"><u>TITRE IV    <br>  DISPOSITIONS DIVERSES TRANSITOIRES ET FINALES<\/u><\/h3>\n    <\/div>\n    <div>\n        <p id=\"a32\">\n            <b><u>Art 32<\/u><\/b> &#8211; <b>(1)<\/b> Toute association dont la contribution effective est d\u00e9terminante dans la r\u00e9alisation des objectifs prioritaires du gouvernement  peut, sur demande, \u00eatre reconnue d\u02bcutilit\u00e9 publique par d\u00e9cret du Pr\u00e9sident de la R\u00e9publique, apr\u00e8s avis motiv\u00e9 du ministre charg\u00e9 de l\u02bcAdministration territoriale. <br><br>\n            <b>(2)<\/b> Elle peut dans ces conditions : <br><br>\n            &#8211; accomplir tous les actes de la vie civile non interdits par ses statuts, sans pouvoir poss\u00e9der ou acqu\u00e9rir d\u02bcautres immeubles que ceux n\u00e9cessaires au but qu\u02bcelle poursuit ; <br>\n            &#8211; recevoir des dons et legs de toute nature sous r\u00e9serve de l\u02bcautorisation du ministre charg\u00e9 de l\u02bcAdministration territoriale pour les dons et les legs immobiliers ; <br>\n            &#8211; recevoir des subventions de l\u02bcEtat  et des collectivit\u00e9s d\u00e9centralis\u00e9es ; dans ce cas, l\u02bcEtat doit s\u02bcassurer de la bonne utilisation de ces subventions.\n        <\/p>\n        <p id=\"a33\">\n            <b><u>Art 33<\/u><\/b> &#8211; <b>(1)<\/b> Sont punis d\u02bcune amende de 100.000 \u00e0 1000.000 de F, d\u02bcun emprisonnement de trois mois \u00e0 un an, ou de l\u02bcune de ces deux peines seulement, les fondateurs ou administrateurs de l\u02bcassociation qui serait maintenue ou reconstitu\u00e9e ill\u00e9galement apr\u00e8s jugement ou d\u00e9cision de dissolution. <br><br>\n            <b>(2)<\/b> Lorsque la d\u00e9cision de dissolution a \u00e9t\u00e9 motiv\u00e9e par des manifestations arm\u00e9es, une atteinte \u00e0 la s\u00fbret\u00e9 int\u00e9rieure ou ext\u00e9rieure de l\u02bcEtat, le maximum des peines pr\u00e9vues \u00e0 l\u02bcalin\u00e9a pr\u00e9c\u00e9dent est doubl\u00e9. <br><br>\n            <b>(3)<\/b> Sont punies des m\u00eames peines, les personnes qui ont favoris\u00e9 la r\u00e9union des membres de l\u02bcassociation dissoute en leur conservant l\u02bcusage d\u02bcun local dont elles disposent.\n        <\/p>\n        <p id=\"a34\">\n            <b><u>Art 34<\/u><\/b> &#8211; Les associations qui justifient de la possession d\u02bcactes de d\u00e9claration, de reconnaissance ou d\u02bcautorisation d\u00e9livr\u00e9s conform\u00e9ment \u00e0 la l\u00e9gislation en vigueur lors de la pr\u00e9sente loi sont tenues d\u02bcen faire la preuve dans le d\u00e9lai de douze mois par la production d\u02bcune copie au ministre charg\u00e9 de l\u02bcAdministration territoriale.\n        <\/p>\n        <p id=\"a35\">\n            <b><u>Art 35<\/u><\/b> &#8211; La loi n\u00b067\/LF\/19 du 12 juin 1967 sur la libert\u00e9 d\u02bcassociation est abrog\u00e9e et remplac\u00e9e par les dispositions de la pr\u00e9sente loi.\n        <\/p>\n        <p id=\"a36\">\n            <b><u>Art 36<\/u><\/b> &#8211; La pr\u00e9sente loi sera enregistr\u00e9e, publi\u00e9e selon la proc\u00e9dure d\u02bcurgence, puis ins\u00e9r\u00e9e au Journal officiel en fran\u00e7ais et en anglais.\n        <\/p><br>\n    <\/div>\n    <div style=\"text-align: right\">\n        <h5>Yaound\u00e9, le 19 d\u00e9cembre 1990<\/h5>\n        <h4>Le Pr\u00e9sident de la R\u00e9publique <br> Paul  BIYA<\/h4>\n    <\/div>\n\n<\/section>\n<div style=\"margin-bottom: 500px\"><\/div>\n","protected":false},"excerpt":{"rendered":"<p>LIBERTE D\u02bcASSOCIATION LOI N\u00b0 90\/053 DU 19 DECEMBRE 1990 TITRE I DISPOSITIONS GENERALES Article 1er &#8211; La libert\u00e9 d\u02bcassociation proclam\u00e9e par le pr\u00e9ambule de la Constitution est r\u00e9gie par les dispositions de la pr\u00e9sente loi. (2) Elle est la facult\u00e9 de cr\u00e9er une association, d\u02bcy adh\u00e9rer ou de ne pas y adh\u00e9rer. (3) Elle est reconnue \u00e0 toute personne physique ou morale sur l\u02bcensemble du territoire national. Art 2 &#8211; L\u02bcassociation est la convention par laquelle des personnes mettent en commun leurs connaissances ou leurs activit\u00e9s dans un but autre que de partager des b\u00e9n\u00e9fices. Art 3 &#8211; Tout membre &hellip; <\/p>\n","protected":false},"author":4,"featured_media":0,"parent":0,"menu_order":0,"comment_status":"closed","ping_status":"closed","template":"","meta":{"_kadence_starter_templates_imported_post":false,"footnotes":""},"_links":{"self":[{"href":"https:\/\/kocke-237.de\/udb\/wp-json\/wp\/v2\/pages\/178"}],"collection":[{"href":"https:\/\/kocke-237.de\/udb\/wp-json\/wp\/v2\/pages"}],"about":[{"href":"https:\/\/kocke-237.de\/udb\/wp-json\/wp\/v2\/types\/page"}],"author":[{"embeddable":true,"href":"https:\/\/kocke-237.de\/udb\/wp-json\/wp\/v2\/users\/4"}],"replies":[{"embeddable":true,"href":"https:\/\/kocke-237.de\/udb\/wp-json\/wp\/v2\/comments?post=178"}],"version-history":[{"count":2,"href":"https:\/\/kocke-237.de\/udb\/wp-json\/wp\/v2\/pages\/178\/revisions"}],"predecessor-version":[{"id":180,"href":"https:\/\/kocke-237.de\/udb\/wp-json\/wp\/v2\/pages\/178\/revisions\/180"}],"wp:attachment":[{"href":"https:\/\/kocke-237.de\/udb\/wp-json\/wp\/v2\/media?parent=178"}],"curies":[{"name":"wp","href":"https:\/\/api.w.org\/{rel}","templated":true}]}}